{"id":142332,"date":"2024-04-09T14:32:34","date_gmt":"2024-04-09T12:32:34","guid":{"rendered":"https:\/\/cloodmanager.net\/?post_type=product&#038;p=142332"},"modified":"2024-08-08T21:25:21","modified_gmt":"2024-08-08T19:25:21","slug":"huile-capillaire-20ml-gisou","status":"publish","type":"product","link":"https:\/\/prixgro.com\/ar\/product\/huile-capillaire-20ml-gisou\/","title":{"rendered":"Huile capillaire 20ml Gisou"},"content":{"rendered":"<h2><strong>DESCRIPTION :<\/strong><\/h2>\n<p>L&#8217;huile capillaire infus\u00e9e au miel, prim\u00e9e et la plus vendue au monde, est l&#8217;une des pr\u00e9f\u00e9r\u00e9es de Gisou depuis pr\u00e8s d&#8217;une d\u00e9cennie.<\/p>\n<p>Enrichie en miel Mirsalehi et en m\u00e9lange d&#8217;huiles Mirsalehi Bee Garden, cette formulation cliniquement prouv\u00e9e hydrate instantan\u00e9ment, stimule la brillance et contr\u00f4le les frisottis.\u00a0L&#8217;huile capillaire a maintenant \u00e9t\u00e9 transmise \u00e0 trois g\u00e9n\u00e9rations de femmes Mirsalehi et fi\u00e8rement partag\u00e9e avec notre communaut\u00e9 Gisou.<\/p>\n<p><strong>POURQUOI C&#8217;EST MULTIT\u00c2CHE<\/strong><br \/>Notre huile capillaire polyvalente peut \u00eatre utilis\u00e9e comme produit de pr\u00e9-coiffage et de finition, en compl\u00e9ment d&#8217;un masque capillaire et comme traitement de nuit.<\/p>\n<h3><strong>Bienfaits :\u00a0<\/strong><\/h3>\n<ul class=\"check-list custom-scrollbar\">\n<li>Maintient les cheveux hydrat\u00e9s pour r\u00e9parer les m\u00e8ches s\u00e8ches et ab\u00eem\u00e9es.<\/li>\n<li><i class=\"icon icon--md icon--checkbox-checked\" aria-hidden=\"true\"><\/i>Riche en vitamines, min\u00e9raux, acides amin\u00e9s et antioxydants pour prot\u00e9ger.<\/li>\n<li><i class=\"icon icon--md icon--checkbox-checked\" aria-hidden=\"true\"><\/i>Nourrit en profondeur pour des cheveux forts, sains et brillants<\/li>\n<\/ul>\n<h2><strong>CONSEIL D&#8217;UTILISATION :<\/strong><\/h2>\n<ul class=\"check-list custom-scrollbar\">\n<li><strong>Traitement de nuit\u00a0:\u00a0<\/strong>\u00a0Commencez par diviser les cheveux en 2 sections, puis prenez 1 seringue pleine d&#8217;huile capillaire infus\u00e9e au miel pour chaque section et enduisez compl\u00e8tement les cheveux.\u00a0Tressez les cheveux et laissez-les absorber pendant quelques heures ou toute la nuit.\u00a0Si le produit n\u2019est pas compl\u00e8tement absorb\u00e9, rincez ou nettoyez l\u00e9g\u00e8rement les cheveux.<\/li>\n<li><i class=\"icon icon--md icon--checkbox-checked\" aria-hidden=\"true\"><\/i><strong>Conseil de pro\u00a0:\u00a0<\/strong>\u00a0Enveloppez les cheveux dans une serviette ou un t-shirt apr\u00e8s avoir appliqu\u00e9 l&#8217;huile capillaire infus\u00e9e au miel pour cr\u00e9er de la chaleur et permettre au produit d&#8217;absorber plus profond\u00e9ment.<\/li>\n<\/ul>\n<h2><strong>COMPOSITION :<\/strong><\/h2>\n<p><span data-ingredient=\"dimethicone\">Dimethicone<\/span>,\u00a0<span data-ingredient=\"dimethiconol\">Dimethiconol<\/span>,\u00a0<span data-ingredient=\"trisiloxane\">Trisiloxane<\/span>,\u00a0<span data-ingredient=\"mel (honey \/ miel)\">Mel (Honey \/ Miel)*<\/span>,\u00a0<span data-ingredient=\"prunus amygdalus dulcis (sweet almond) oil\">Prunus Amygdalus Dulcis (Sweet Almond) Oil<\/span>,\u00a0<span data-ingredient=\"cocos nucifera (coconut) oil\">Cocos Nucifera (Coconut) Oil<\/span>,\u00a0<span data-ingredient=\"argania spinosa kernel oil\">Argania Spinosa Kernel Oil<\/span>,\u00a0<span data-ingredient=\"passiflora incarnata seed oil\">Passiflora Incarnata Seed Oil<\/span>,\u00a0<span data-ingredient=\"tocopheryl acetate\">Tocopheryl Acetate<\/span>,\u00a0<span data-ingredient=\"parfum (fragrance)\">Parfum (Fragrance)<\/span>,\u00a0<span data-ingredient=\"gardenia taitensis flower extract\">Gardenia Taitensis Flower Extract<\/span>,\u00a0<span data-ingredient=\"ci 47000 (yellow 11)\">Ci 47000 (Yellow 11)<\/span>,\u00a0<span data-ingredient=\"tocopherol\">Tocopherol<\/span>,\u00a0<span data-ingredient=\"ci 26100 (red 17)\">Ci 26100 (Red 17)<\/span>,\u00a0<span data-ingredient=\"coumarin\">Coumarin**<\/span>,\u00a0<span data-ingredient=\"hexyl cinnamal\">Hexyl Cinnamal**<\/span>,\u00a0<span data-ingredient=\"limonene\">Limonene**<\/span>,\u00a0<span data-ingredient=\"linalool\">Linalool**<\/span><\/p>","protected":false},"excerpt":{"rendered":"<p><br data-mce-bogus=\"1\"><\/p>","protected":false},"featured_media":4268,"comment_status":"open","ping_status":"closed","template":"","meta":[],"product_cat":[126,17],"product_tag":[],"berocket_brand":[],"class_list":{"0":"post-142332","1":"product","2":"type-product","3":"status-publish","4":"has-post-thumbnail","6":"product_cat-cheveux","7":"product_cat-soin-et-bien-etre","9":"first","10":"outofstock","11":"shipping-taxable","12":"purchasable","13":"product-type-simple"},"yoast_head":"<!-- This site is optimized with the Yoast SEO plugin v24.8 - https:\/\/yoast.com\/wordpress\/plugins\/seo\/ -->\n<title>Huile capillaire 20ml Gisou - Prixgro<\/title>\n<meta name=\"robots\" content=\"index, follow, max-snippet:-1, max-image-preview:large, max-video-preview:-1\" \/>\n<link rel=\"canonical\" href=\"https:\/\/prixgro.com\/ar\/product\/huile-capillaire-20ml-gisou\/\" \/>\n<meta property=\"og:locale\" content=\"ar_AR\" \/>\n<meta property=\"og:type\" content=\"article\" \/>\n<meta property=\"og:title\" content=\"Huile capillaire 20ml Gisou - Prixgro\" \/>\n<meta property=\"og:url\" content=\"https:\/\/prixgro.com\/ar\/product\/huile-capillaire-20ml-gisou\/\" \/>\n<meta property=\"og:site_name\" content=\"Prixgro\" \/>\n<meta property=\"article:publisher\" content=\"https:\/\/www.facebook.com\/Pharmacima\" \/>\n<meta property=\"article:modified_time\" content=\"2024-08-08T19:25:21+00:00\" \/>\n<meta property=\"og:image\" content=\"https:\/\/prixgro.com\/wp-content\/uploads\/2023\/09\/gisou-huile-honey-.png\" \/>\n\t<meta property=\"og:image:width\" content=\"540\" \/>\n\t<meta property=\"og:image:height\" content=\"540\" \/>\n\t<meta property=\"og:image:type\" content=\"image\/png\" \/>\n<meta name=\"twitter:card\" content=\"summary_large_image\" \/>\n<meta name=\"twitter:label1\" content=\"\u0648\u0642\u062a \u0627\u0644\u0642\u0631\u0627\u0621\u0629 \u0627\u0644\u0645\u064f\u0642\u062f\u0651\u0631\" \/>\n\t<meta name=\"twitter:data1\" content=\"\u062f\u0642\u064a\u0642\u0629 \u0648\u0627\u062d\u062f\u0629\" \/>\n<script type=\"application\/ld+json\" class=\"yoast-schema-graph\">{\"@context\":\"https:\/\/schema.org\",\"@graph\":[{\"@type\":\"WebPage\",\"@id\":\"https:\/\/prixgro.com\/product\/huile-capillaire-20ml-gisou\/\",\"url\":\"https:\/\/prixgro.com\/product\/huile-capillaire-20ml-gisou\/\",\"name\":\"Huile capillaire 20ml Gisou - Prixgro\",\"isPartOf\":{\"@id\":\"https:\/\/prixgro.com\/#website\"},\"primaryImageOfPage\":{\"@id\":\"https:\/\/prixgro.com\/product\/huile-capillaire-20ml-gisou\/#primaryimage\"},\"image\":{\"@id\":\"https:\/\/prixgro.com\/product\/huile-capillaire-20ml-gisou\/#primaryimage\"},\"thumbnailUrl\":\"https:\/\/prixgro.com\/wp-content\/uploads\/2023\/09\/gisou-huile-honey-.png\",\"datePublished\":\"2024-04-09T12:32:34+00:00\",\"dateModified\":\"2024-08-08T19:25:21+00:00\",\"breadcrumb\":{\"@id\":\"https:\/\/prixgro.com\/product\/huile-capillaire-20ml-gisou\/#breadcrumb\"},\"inLanguage\":\"ar\",\"potentialAction\":[{\"@type\":\"ReadAction\",\"target\":[\"https:\/\/prixgro.com\/product\/huile-capillaire-20ml-gisou\/\"]}]},{\"@type\":\"ImageObject\",\"inLanguage\":\"ar\",\"@id\":\"https:\/\/prixgro.com\/product\/huile-capillaire-20ml-gisou\/#primaryimage\",\"url\":\"https:\/\/prixgro.com\/wp-content\/uploads\/2023\/09\/gisou-huile-honey-.png\",\"contentUrl\":\"https:\/\/prixgro.com\/wp-content\/uploads\/2023\/09\/gisou-huile-honey-.png\",\"width\":540,\"height\":540},{\"@type\":\"BreadcrumbList\",\"@id\":\"https:\/\/prixgro.com\/product\/huile-capillaire-20ml-gisou\/#breadcrumb\",\"itemListElement\":[{\"@type\":\"ListItem\",\"position\":1,\"name\":\"Accueil\",\"item\":\"https:\/\/prixgro.com\/\"},{\"@type\":\"ListItem\",\"position\":2,\"name\":\"Boutique en ligne\",\"item\":\"https:\/\/prixgro.com\/shop\/\"},{\"@type\":\"ListItem\",\"position\":3,\"name\":\"Huile capillaire 20ml Gisou\"}]},{\"@type\":\"WebSite\",\"@id\":\"https:\/\/prixgro.com\/#website\",\"url\":\"https:\/\/prixgro.com\/\",\"name\":\"Prixgro.com\",\"description\":\"Para Pharmaceutique et Cosm\u00e9tique\",\"publisher\":{\"@id\":\"https:\/\/prixgro.com\/#organization\"},\"potentialAction\":[{\"@type\":\"SearchAction\",\"target\":{\"@type\":\"EntryPoint\",\"urlTemplate\":\"https:\/\/prixgro.com\/?s={search_term_string}\"},\"query-input\":{\"@type\":\"PropertyValueSpecification\",\"valueRequired\":true,\"valueName\":\"search_term_string\"}}],\"inLanguage\":\"ar\"},{\"@type\":\"Organization\",\"@id\":\"https:\/\/prixgro.com\/#organization\",\"name\":\"Prixgro\",\"url\":\"https:\/\/prixgro.com\/\",\"logo\":{\"@type\":\"ImageObject\",\"inLanguage\":\"ar\",\"@id\":\"https:\/\/prixgro.com\/#\/schema\/logo\/image\/\",\"url\":\"https:\/\/prixgro.com\/wp-content\/uploads\/2024\/08\/cropped-Nouveau-projet-2.png\",\"contentUrl\":\"https:\/\/prixgro.com\/wp-content\/uploads\/2024\/08\/cropped-Nouveau-projet-2.png\",\"width\":265,\"height\":62,\"caption\":\"Prixgro\"},\"image\":{\"@id\":\"https:\/\/prixgro.com\/#\/schema\/logo\/image\/\"},\"sameAs\":[\"https:\/\/www.facebook.com\/Pharmacima\"]}]}<\/script>\n<!-- \/ Yoast SEO plugin. -->","yoast_head_json":{"title":"Huile capillaire 20ml Gisou - Prixgro","robots":{"index":"index","follow":"follow","max-snippet":"max-snippet:-1","max-image-preview":"max-image-preview:large","max-video-preview":"max-video-preview:-1"},"canonical":"https:\/\/prixgro.com\/ar\/product\/huile-capillaire-20ml-gisou\/","og_locale":"ar_AR","og_type":"article","og_title":"Huile capillaire 20ml Gisou - Prixgro","og_url":"https:\/\/prixgro.com\/ar\/product\/huile-capillaire-20ml-gisou\/","og_site_name":"Prixgro","article_publisher":"https:\/\/www.facebook.com\/Pharmacima","article_modified_time":"2024-08-08T19:25:21+00:00","og_image":[{"width":540,"height":540,"url":"https:\/\/prixgro.com\/wp-content\/uploads\/2023\/09\/gisou-huile-honey-.png","type":"image\/png"}],"twitter_card":"summary_large_image","twitter_misc":{"\u0648\u0642\u062a \u0627\u0644\u0642\u0631\u0627\u0621\u0629 \u0627\u0644\u0645\u064f\u0642\u062f\u0651\u0631":"\u062f\u0642\u064a\u0642\u0629 \u0648\u0627\u062d\u062f\u0629"},"schema":{"@context":"https:\/\/schema.org","@graph":[{"@type":"WebPage","@id":"https:\/\/prixgro.com\/product\/huile-capillaire-20ml-gisou\/","url":"https:\/\/prixgro.com\/product\/huile-capillaire-20ml-gisou\/","name":"Huile capillaire 20ml Gisou - Prixgro","isPartOf":{"@id":"https:\/\/prixgro.com\/#website"},"primaryImageOfPage":{"@id":"https:\/\/prixgro.com\/product\/huile-capillaire-20ml-gisou\/#primaryimage"},"image":{"@id":"https:\/\/prixgro.com\/product\/huile-capillaire-20ml-gisou\/#primaryimage"},"thumbnailUrl":"https:\/\/prixgro.com\/wp-content\/uploads\/2023\/09\/gisou-huile-honey-.png","datePublished":"2024-04-09T12:32:34+00:00","dateModified":"2024-08-08T19:25:21+00:00","breadcrumb":{"@id":"https:\/\/prixgro.com\/product\/huile-capillaire-20ml-gisou\/#breadcrumb"},"inLanguage":"ar","potentialAction":[{"@type":"ReadAction","target":["https:\/\/prixgro.com\/product\/huile-capillaire-20ml-gisou\/"]}]},{"@type":"ImageObject","inLanguage":"ar","@id":"https:\/\/prixgro.com\/product\/huile-capillaire-20ml-gisou\/#primaryimage","url":"https:\/\/prixgro.com\/wp-content\/uploads\/2023\/09\/gisou-huile-honey-.png","contentUrl":"https:\/\/prixgro.com\/wp-content\/uploads\/2023\/09\/gisou-huile-honey-.png","width":540,"height":540},{"@type":"BreadcrumbList","@id":"https:\/\/prixgro.com\/product\/huile-capillaire-20ml-gisou\/#breadcrumb","itemListElement":[{"@type":"ListItem","position":1,"name":"Accueil","item":"https:\/\/prixgro.com\/"},{"@type":"ListItem","position":2,"name":"Boutique en ligne","item":"https:\/\/prixgro.com\/shop\/"},{"@type":"ListItem","position":3,"name":"Huile capillaire 20ml Gisou"}]},{"@type":"WebSite","@id":"https:\/\/prixgro.com\/#website","url":"https:\/\/prixgro.com\/","name":"Prixgro.com","description":"Para Pharmaceutique et Cosm\u00e9tique","publisher":{"@id":"https:\/\/prixgro.com\/#organization"},"potentialAction":[{"@type":"SearchAction","target":{"@type":"EntryPoint","urlTemplate":"https:\/\/prixgro.com\/?s={search_term_string}"},"query-input":{"@type":"PropertyValueSpecification","valueRequired":true,"valueName":"search_term_string"}}],"inLanguage":"ar"},{"@type":"Organization","@id":"https:\/\/prixgro.com\/#organization","name":"Prixgro","url":"https:\/\/prixgro.com\/","logo":{"@type":"ImageObject","inLanguage":"ar","@id":"https:\/\/prixgro.com\/#\/schema\/logo\/image\/","url":"https:\/\/prixgro.com\/wp-content\/uploads\/2024\/08\/cropped-Nouveau-projet-2.png","contentUrl":"https:\/\/prixgro.com\/wp-content\/uploads\/2024\/08\/cropped-Nouveau-projet-2.png","width":265,"height":62,"caption":"Prixgro"},"image":{"@id":"https:\/\/prixgro.com\/#\/schema\/logo\/image\/"},"sameAs":["https:\/\/www.facebook.com\/Pharmacima"]}]}},"_links":{"self":[{"href":"https:\/\/prixgro.com\/ar\/wp-json\/wp\/v2\/product\/142332","targetHints":{"allow":["GET"]}}],"collection":[{"href":"https:\/\/prixgro.com\/ar\/wp-json\/wp\/v2\/product"}],"about":[{"href":"https:\/\/prixgro.com\/ar\/wp-json\/wp\/v2\/types\/product"}],"replies":[{"embeddable":true,"href":"https:\/\/prixgro.com\/ar\/wp-json\/wp\/v2\/comments?post=142332"}],"wp:featuredmedia":[{"embeddable":true,"href":"https:\/\/prixgro.com\/ar\/wp-json\/wp\/v2\/media\/4268"}],"wp:attachment":[{"href":"https:\/\/prixgro.com\/ar\/wp-json\/wp\/v2\/media?parent=142332"}],"wp:term":[{"taxonomy":"product_cat","embeddable":true,"href":"https:\/\/prixgro.com\/ar\/wp-json\/wp\/v2\/product_cat?post=142332"},{"taxonomy":"product_tag","embeddable":true,"href":"https:\/\/prixgro.com\/ar\/wp-json\/wp\/v2\/product_tag?post=142332"},{"taxonomy":"berocket_brand","embeddable":true,"href":"https:\/\/prixgro.com\/ar\/wp-json\/wp\/v2\/berocket_brand?post=142332"}],"curies":[{"name":"wp","href":"https:\/\/api.w.org\/{rel}","templated":true}]}}