{"id":142333,"date":"2024-04-09T14:32:34","date_gmt":"2024-04-09T12:32:34","guid":{"rendered":"https:\/\/cloodmanager.net\/?post_type=product&#038;p=142333"},"modified":"2024-08-08T13:45:11","modified_gmt":"2024-08-08T11:45:11","slug":"gloss-a-levres-unbothered-115-sephora","status":"publish","type":"product","link":"https:\/\/prixgro.com\/ar\/product\/gloss-a-levres-unbothered-115-sephora\/","title":{"rendered":"Gloss \u00c0 L\u00e8vres Unbothered 115 Sephora"},"content":{"rendered":"<h2><strong>DESCRIPTION :\u00a0<\/strong><\/h2>\n<p>Glossed r\u00e9invente les codes de la brillance \u00e0 travers une multitude d\u2019effets et de couvrances pour porter le gloss avec attitude.<\/p>\n<p>Une texture gloss SEPHORA COLLECTION unique et longue tenue pour une bouche pulpeuse, gorg\u00e9e de brillance, de couleur et d\u2019hydratation.<\/p>\n<p>Glossed fait vibrer les teintes et varier les couvrances autour de 4 effets irr\u00e9sistibles :<\/p>\n<p>Pur\u00a0: une teinte cristalline ou des couleurs plus dos\u00e9es en pigments pour enluminer et r\u00e9hausser les l\u00e8vres.<br \/>Nacr\u00e9\u00a0: une couleur infus\u00e9e de nacres tr\u00e8s fines pour des l\u00e8vres subtilement iris\u00e9es.<\/p>\n<p>Paillet\u00e9\u00a0: des teintes \u00e9blouissantes aux nacres oversize<sup>(1)<\/sup>\u00a0pour toujours plus de style.<br \/>Duochrome\u00a0: un fond couleur l\u00e9ger concentr\u00e9 en nacres aux reflets changeants.<\/p>\n<p>Et pour toujours plus de confort, la formule est enrichie en huile de p\u00e9pins de past\u00e8que connue pour ses propri\u00e9t\u00e9s hydratantes.<br \/>Les l\u00e8vres sont par\u00e9es d\u2019une brillance pouss\u00e9e \u00e0 l\u2019extr\u00eame et d\u00e9clin\u00e9e dans une palettes de teintes des plus nudes<sup>(2)<\/sup>\u00a0aux plus audacieuses.<\/p>\n<h2><strong>CONSEIL D\u2019UTILISATION :<\/strong><\/h2>\n<div id=\"product-info\" class=\"product-info product-accordion product-info-tabs\">\n<div class=\"tabs-content\" data-tabs-content=\"jyo1pd-responsiveaccordiontabs\">\n<div id=\"lgv78v-accordion\" class=\"tabs-panel is-active\" role=\"tabpanel\" data-tab-content=\"\" aria-labelledby=\"lgv78v-accordion-label\">\n<div>Partir du c\u0153ur des l\u00e8vres et lissez de gauche \u00e0 droite vers les commissures pour un galbe parfait.<\/div>\n<\/div>\n<\/div>\n<\/div>\n<div class=\"routine-wrapper\" data-pid=\"479737\"><\/div>\n<div id=\"T2sRecommendations-section_541\" class=\"recommendations-section\" data-pagename=\"PDP\">\n<div class=\"product-carousel-wrapper\">\n<h2 class=\"product-carousel-title\"><strong>COMPOSITION :<\/strong><\/h2>\n<p>POLYBUTENE , OCTYLDODECANOL , TOCOPHERYL ACETATE , PARFUM (FRAGRANCE) , CITRULLUS VULGARIS (WATERMELON) SEED OIL , LIMONENE , CITRAL.<\/p>\n<\/div>\n<\/div>","protected":false},"excerpt":{"rendered":"<h3><span style=\"color: #782505\" data-mce-style=\"color: #782505;\"><em><strong>\u00a0Pour une bouche pulpeuse, gorg\u00e9e de brillance, de couleur et d\u2019hydratation.<\/strong><\/em><\/span><\/h3>\n<div class=\"woocommerce-product-details__short-description\">\n<p><strong>Contenance : 5ml\u00a0<\/strong><\/p>\n<\/div>\n<div class=\"woocommerce-add-to-cart-group\">\n<div class=\"quantity buttons_added is-not-empty\"><\/div>\n<\/div>","protected":false},"featured_media":4270,"comment_status":"open","ping_status":"closed","template":"","meta":[],"product_cat":[432,429],"product_tag":[],"berocket_brand":[],"class_list":{"0":"post-142333","1":"product","2":"type-product","3":"status-publish","4":"has-post-thumbnail","6":"product_cat-levres-maquillage","7":"product_cat-maquillage","9":"first","10":"outofstock","11":"shipping-taxable","12":"purchasable","13":"product-type-simple"},"yoast_head":"<!-- This site is optimized with the Yoast SEO plugin v24.8 - https:\/\/yoast.com\/wordpress\/plugins\/seo\/ -->\n<title>Gloss \u00c0 L\u00e8vres Unbothered 115 Sephora - Prixgro<\/title>\n<meta name=\"robots\" content=\"index, follow, max-snippet:-1, max-image-preview:large, max-video-preview:-1\" \/>\n<link rel=\"canonical\" href=\"https:\/\/prixgro.com\/ar\/product\/gloss-a-levres-unbothered-115-sephora\/\" \/>\n<meta property=\"og:locale\" content=\"ar_AR\" \/>\n<meta property=\"og:type\" content=\"article\" \/>\n<meta property=\"og:title\" content=\"Gloss \u00c0 L\u00e8vres Unbothered 115 Sephora - Prixgro\" \/>\n<meta property=\"og:description\" content=\"\u00a0Pour une bouche pulpeuse, gorg\u00e9e de brillance, de couleur et d\u2019hydratation.Contenance : 5ml\u00a0\" \/>\n<meta property=\"og:url\" content=\"https:\/\/prixgro.com\/ar\/product\/gloss-a-levres-unbothered-115-sephora\/\" \/>\n<meta property=\"og:site_name\" content=\"Prixgro\" \/>\n<meta property=\"article:publisher\" content=\"https:\/\/www.facebook.com\/Pharmacima\" \/>\n<meta property=\"article:modified_time\" content=\"2024-08-08T11:45:11+00:00\" \/>\n<meta property=\"og:image\" content=\"https:\/\/prixgro.com\/wp-content\/uploads\/2023\/09\/gloss-sephora-115-e1693751596430.jpg\" \/>\n\t<meta property=\"og:image:width\" content=\"450\" \/>\n\t<meta property=\"og:image:height\" content=\"450\" \/>\n\t<meta property=\"og:image:type\" content=\"image\/jpeg\" \/>\n<meta name=\"twitter:card\" content=\"summary_large_image\" \/>\n<meta name=\"twitter:label1\" content=\"\u0648\u0642\u062a \u0627\u0644\u0642\u0631\u0627\u0621\u0629 \u0627\u0644\u0645\u064f\u0642\u062f\u0651\u0631\" \/>\n\t<meta name=\"twitter:data1\" content=\"\u062f\u0642\u064a\u0642\u0629 \u0648\u0627\u062d\u062f\u0629\" \/>\n<script type=\"application\/ld+json\" class=\"yoast-schema-graph\">{\"@context\":\"https:\/\/schema.org\",\"@graph\":[{\"@type\":\"WebPage\",\"@id\":\"https:\/\/prixgro.com\/product\/gloss-a-levres-unbothered-115-sephora\/\",\"url\":\"https:\/\/prixgro.com\/product\/gloss-a-levres-unbothered-115-sephora\/\",\"name\":\"Gloss \u00c0 L\u00e8vres Unbothered 115 Sephora - Prixgro\",\"isPartOf\":{\"@id\":\"https:\/\/prixgro.com\/#website\"},\"primaryImageOfPage\":{\"@id\":\"https:\/\/prixgro.com\/product\/gloss-a-levres-unbothered-115-sephora\/#primaryimage\"},\"image\":{\"@id\":\"https:\/\/prixgro.com\/product\/gloss-a-levres-unbothered-115-sephora\/#primaryimage\"},\"thumbnailUrl\":\"https:\/\/prixgro.com\/wp-content\/uploads\/2023\/09\/gloss-sephora-115-e1693751596430.jpg\",\"datePublished\":\"2024-04-09T12:32:34+00:00\",\"dateModified\":\"2024-08-08T11:45:11+00:00\",\"breadcrumb\":{\"@id\":\"https:\/\/prixgro.com\/product\/gloss-a-levres-unbothered-115-sephora\/#breadcrumb\"},\"inLanguage\":\"ar\",\"potentialAction\":[{\"@type\":\"ReadAction\",\"target\":[\"https:\/\/prixgro.com\/product\/gloss-a-levres-unbothered-115-sephora\/\"]}]},{\"@type\":\"ImageObject\",\"inLanguage\":\"ar\",\"@id\":\"https:\/\/prixgro.com\/product\/gloss-a-levres-unbothered-115-sephora\/#primaryimage\",\"url\":\"https:\/\/prixgro.com\/wp-content\/uploads\/2023\/09\/gloss-sephora-115-e1693751596430.jpg\",\"contentUrl\":\"https:\/\/prixgro.com\/wp-content\/uploads\/2023\/09\/gloss-sephora-115-e1693751596430.jpg\",\"width\":450,\"height\":450},{\"@type\":\"BreadcrumbList\",\"@id\":\"https:\/\/prixgro.com\/product\/gloss-a-levres-unbothered-115-sephora\/#breadcrumb\",\"itemListElement\":[{\"@type\":\"ListItem\",\"position\":1,\"name\":\"Accueil\",\"item\":\"https:\/\/prixgro.com\/\"},{\"@type\":\"ListItem\",\"position\":2,\"name\":\"Boutique en ligne\",\"item\":\"https:\/\/prixgro.com\/shop\/\"},{\"@type\":\"ListItem\",\"position\":3,\"name\":\"Gloss \u00c0 L\u00e8vres Unbothered 115 Sephora\"}]},{\"@type\":\"WebSite\",\"@id\":\"https:\/\/prixgro.com\/#website\",\"url\":\"https:\/\/prixgro.com\/\",\"name\":\"Prixgro.com\",\"description\":\"Para Pharmaceutique et Cosm\u00e9tique\",\"publisher\":{\"@id\":\"https:\/\/prixgro.com\/#organization\"},\"potentialAction\":[{\"@type\":\"SearchAction\",\"target\":{\"@type\":\"EntryPoint\",\"urlTemplate\":\"https:\/\/prixgro.com\/?s={search_term_string}\"},\"query-input\":{\"@type\":\"PropertyValueSpecification\",\"valueRequired\":true,\"valueName\":\"search_term_string\"}}],\"inLanguage\":\"ar\"},{\"@type\":\"Organization\",\"@id\":\"https:\/\/prixgro.com\/#organization\",\"name\":\"Prixgro\",\"url\":\"https:\/\/prixgro.com\/\",\"logo\":{\"@type\":\"ImageObject\",\"inLanguage\":\"ar\",\"@id\":\"https:\/\/prixgro.com\/#\/schema\/logo\/image\/\",\"url\":\"https:\/\/prixgro.com\/wp-content\/uploads\/2024\/08\/cropped-Nouveau-projet-2.png\",\"contentUrl\":\"https:\/\/prixgro.com\/wp-content\/uploads\/2024\/08\/cropped-Nouveau-projet-2.png\",\"width\":265,\"height\":62,\"caption\":\"Prixgro\"},\"image\":{\"@id\":\"https:\/\/prixgro.com\/#\/schema\/logo\/image\/\"},\"sameAs\":[\"https:\/\/www.facebook.com\/Pharmacima\"]}]}<\/script>\n<!-- \/ Yoast SEO plugin. -->","yoast_head_json":{"title":"Gloss \u00c0 L\u00e8vres Unbothered 115 Sephora - Prixgro","robots":{"index":"index","follow":"follow","max-snippet":"max-snippet:-1","max-image-preview":"max-image-preview:large","max-video-preview":"max-video-preview:-1"},"canonical":"https:\/\/prixgro.com\/ar\/product\/gloss-a-levres-unbothered-115-sephora\/","og_locale":"ar_AR","og_type":"article","og_title":"Gloss \u00c0 L\u00e8vres Unbothered 115 Sephora - Prixgro","og_description":"\u00a0Pour une bouche pulpeuse, gorg\u00e9e de brillance, de couleur et d\u2019hydratation.Contenance : 5ml\u00a0","og_url":"https:\/\/prixgro.com\/ar\/product\/gloss-a-levres-unbothered-115-sephora\/","og_site_name":"Prixgro","article_publisher":"https:\/\/www.facebook.com\/Pharmacima","article_modified_time":"2024-08-08T11:45:11+00:00","og_image":[{"width":450,"height":450,"url":"https:\/\/prixgro.com\/wp-content\/uploads\/2023\/09\/gloss-sephora-115-e1693751596430.jpg","type":"image\/jpeg"}],"twitter_card":"summary_large_image","twitter_misc":{"\u0648\u0642\u062a \u0627\u0644\u0642\u0631\u0627\u0621\u0629 \u0627\u0644\u0645\u064f\u0642\u062f\u0651\u0631":"\u062f\u0642\u064a\u0642\u0629 \u0648\u0627\u062d\u062f\u0629"},"schema":{"@context":"https:\/\/schema.org","@graph":[{"@type":"WebPage","@id":"https:\/\/prixgro.com\/product\/gloss-a-levres-unbothered-115-sephora\/","url":"https:\/\/prixgro.com\/product\/gloss-a-levres-unbothered-115-sephora\/","name":"Gloss \u00c0 L\u00e8vres Unbothered 115 Sephora - Prixgro","isPartOf":{"@id":"https:\/\/prixgro.com\/#website"},"primaryImageOfPage":{"@id":"https:\/\/prixgro.com\/product\/gloss-a-levres-unbothered-115-sephora\/#primaryimage"},"image":{"@id":"https:\/\/prixgro.com\/product\/gloss-a-levres-unbothered-115-sephora\/#primaryimage"},"thumbnailUrl":"https:\/\/prixgro.com\/wp-content\/uploads\/2023\/09\/gloss-sephora-115-e1693751596430.jpg","datePublished":"2024-04-09T12:32:34+00:00","dateModified":"2024-08-08T11:45:11+00:00","breadcrumb":{"@id":"https:\/\/prixgro.com\/product\/gloss-a-levres-unbothered-115-sephora\/#breadcrumb"},"inLanguage":"ar","potentialAction":[{"@type":"ReadAction","target":["https:\/\/prixgro.com\/product\/gloss-a-levres-unbothered-115-sephora\/"]}]},{"@type":"ImageObject","inLanguage":"ar","@id":"https:\/\/prixgro.com\/product\/gloss-a-levres-unbothered-115-sephora\/#primaryimage","url":"https:\/\/prixgro.com\/wp-content\/uploads\/2023\/09\/gloss-sephora-115-e1693751596430.jpg","contentUrl":"https:\/\/prixgro.com\/wp-content\/uploads\/2023\/09\/gloss-sephora-115-e1693751596430.jpg","width":450,"height":450},{"@type":"BreadcrumbList","@id":"https:\/\/prixgro.com\/product\/gloss-a-levres-unbothered-115-sephora\/#breadcrumb","itemListElement":[{"@type":"ListItem","position":1,"name":"Accueil","item":"https:\/\/prixgro.com\/"},{"@type":"ListItem","position":2,"name":"Boutique en ligne","item":"https:\/\/prixgro.com\/shop\/"},{"@type":"ListItem","position":3,"name":"Gloss \u00c0 L\u00e8vres Unbothered 115 Sephora"}]},{"@type":"WebSite","@id":"https:\/\/prixgro.com\/#website","url":"https:\/\/prixgro.com\/","name":"Prixgro.com","description":"Para Pharmaceutique et Cosm\u00e9tique","publisher":{"@id":"https:\/\/prixgro.com\/#organization"},"potentialAction":[{"@type":"SearchAction","target":{"@type":"EntryPoint","urlTemplate":"https:\/\/prixgro.com\/?s={search_term_string}"},"query-input":{"@type":"PropertyValueSpecification","valueRequired":true,"valueName":"search_term_string"}}],"inLanguage":"ar"},{"@type":"Organization","@id":"https:\/\/prixgro.com\/#organization","name":"Prixgro","url":"https:\/\/prixgro.com\/","logo":{"@type":"ImageObject","inLanguage":"ar","@id":"https:\/\/prixgro.com\/#\/schema\/logo\/image\/","url":"https:\/\/prixgro.com\/wp-content\/uploads\/2024\/08\/cropped-Nouveau-projet-2.png","contentUrl":"https:\/\/prixgro.com\/wp-content\/uploads\/2024\/08\/cropped-Nouveau-projet-2.png","width":265,"height":62,"caption":"Prixgro"},"image":{"@id":"https:\/\/prixgro.com\/#\/schema\/logo\/image\/"},"sameAs":["https:\/\/www.facebook.com\/Pharmacima"]}]}},"_links":{"self":[{"href":"https:\/\/prixgro.com\/ar\/wp-json\/wp\/v2\/product\/142333","targetHints":{"allow":["GET"]}}],"collection":[{"href":"https:\/\/prixgro.com\/ar\/wp-json\/wp\/v2\/product"}],"about":[{"href":"https:\/\/prixgro.com\/ar\/wp-json\/wp\/v2\/types\/product"}],"replies":[{"embeddable":true,"href":"https:\/\/prixgro.com\/ar\/wp-json\/wp\/v2\/comments?post=142333"}],"wp:featuredmedia":[{"embeddable":true,"href":"https:\/\/prixgro.com\/ar\/wp-json\/wp\/v2\/media\/4270"}],"wp:attachment":[{"href":"https:\/\/prixgro.com\/ar\/wp-json\/wp\/v2\/media?parent=142333"}],"wp:term":[{"taxonomy":"product_cat","embeddable":true,"href":"https:\/\/prixgro.com\/ar\/wp-json\/wp\/v2\/product_cat?post=142333"},{"taxonomy":"product_tag","embeddable":true,"href":"https:\/\/prixgro.com\/ar\/wp-json\/wp\/v2\/product_tag?post=142333"},{"taxonomy":"berocket_brand","embeddable":true,"href":"https:\/\/prixgro.com\/ar\/wp-json\/wp\/v2\/berocket_brand?post=142333"}],"curies":[{"name":"wp","href":"https:\/\/api.w.org\/{rel}","templated":true}]}}