{"id":142341,"date":"2024-04-09T14:32:35","date_gmt":"2024-04-09T12:32:35","guid":{"rendered":"https:\/\/cloodmanager.net\/?post_type=product&#038;p=142341"},"modified":"2024-04-09T14:32:40","modified_gmt":"2024-04-09T12:32:40","slug":"fard-a-joues-colorful-mat-n45-sephora","status":"publish","type":"product","link":"https:\/\/prixgro.com\/ar\/product\/fard-a-joues-colorful-mat-n45-sephora\/","title":{"rendered":"Fard \u00e0 joues Colorful mat N45 Sephora"},"content":{"rendered":"<h2><strong>DESCRIPTION :<\/strong><\/h2>\n<p><strong>Pour quel type de maquillage ?\u00a0<\/strong><\/p>\n<p>Colorful Blush r\u00e9invente le mat, gr\u00e2ce \u00e0 une nouvelle technologie Sephora Collection.<\/p>\n<p>Chaque blush est r\u00e9hauss\u00e9 de 3 nuances d&#8217;inclusions, en parfaite harmonie avec la teinte de base, pour cr\u00e9er un effet mat frais et naturel.<\/p>\n<p>Gr\u00e2ce \u00e0 cette technologie, les nouveaux Colorful Blush mats fusionnent avec la peau et r\u00e9veillent l&#8217;\u00e9clat du teint en un coup de pinceau.<br \/>R\u00e9sultat\u00a0:\u00a0une mine fra\u00eeche comme apr\u00e8s une balade au grand air\u00a0!<\/p>\n<p>Les +<br \/>&#8211; Intensit\u00e9 couleur modulable.<br \/>&#8211;\u00a0Longue tenue.<br \/>&#8211; Design unique sur chaque blush.<br \/>&#8211;\u00a0Formule non com\u00e9dog\u00e8ne.<\/p>\n<h2><strong>CONSEIL D&#8217;UTILISATION :<\/strong><\/h2>\n<p>S&#8217;applique avec un pinceau blush.<\/p>\n<h2><strong>COMPOSITION :<\/strong><\/h2>\n<p>TEINTE DE FOND\/BACK SHADE : TALC , MICA , NYLON-12 , DIMETHICONE , DIISOSTEARYL MALATE , OCTYLDODECYL STEAROYL STEARATE , CI 77007 (ULTRAMARINES) , CAPRYLYL GLYCOL , PENTYLENE GLYCOL , CI 19140 (YELLOW 5 LAKE) , SODIUM DEHYDROACETATE , CI 77491 (IRON OXIDES) , ZINC STEARATE , CI 73360 (RED 30 LAKE) , LAUROYL LYSINE , CI 15850 (RED 7 LAKE) , CI 77499 (IRON OXIDES) , SORBITAN SESQUIOLEATE , TOCOPHERYL ACETATE , SYNTHETIC FLUORPHLOGOPITE.<br \/>FONC\u00c9\/DARK, CLAIR\/LIGHT, NEUTRE\/NUDE : TALC , ZINC STEARATE , KAOLIN , DIMETHICONE , CAPRYLYL GLYCOL , PENTYLENE GLYCOL , DIISOSTEARYL MALATE , OCTYLDODECYL STEAROYL STEARATE , SODIUM DEHYDROACETATE , TOCOPHERYL ACETATE , SORBITAN SESQUIOLEATE , SYNTHETIC FLUORPHLOGOPITE. (+\/-) : CI 77491\/CI 77492\/CI 77499 (IRON OXIDES) , CI 15850 (RED 7 LAKE) , CI 19140 (YELLOW 5 LAKE) , CI 77007 (ULTRAMARINES) , CI 73360 (RED 30 LAKE).<\/p>","protected":false},"excerpt":{"rendered":"<h3><span style=\"color: #ed9880\" data-mce-style=\"color: #ed9880;\"><em><strong>Couleurs N45\u00a0 : Chill in The Air\u00a0<\/strong><\/em><\/span><\/h3>\n<p><strong>Contenance : 3.5g<\/strong><\/p>","protected":false},"featured_media":4280,"comment_status":"open","ping_status":"closed","template":"","meta":[],"product_cat":[429,436],"product_tag":[20],"berocket_brand":[],"class_list":{"0":"post-142341","1":"product","2":"type-product","3":"status-publish","4":"has-post-thumbnail","6":"product_cat-maquillage","7":"product_cat-visage-maquillage","8":"product_tag-sephora","10":"first","11":"outofstock","12":"shipping-taxable","13":"purchasable","14":"product-type-simple"},"yoast_head":"<!-- This site is optimized with the Yoast SEO plugin v24.8 - https:\/\/yoast.com\/wordpress\/plugins\/seo\/ -->\n<title>Fard \u00e0 joues Colorful mat N45 Sephora - Prixgro<\/title>\n<meta name=\"robots\" content=\"index, follow, max-snippet:-1, max-image-preview:large, max-video-preview:-1\" \/>\n<link rel=\"canonical\" href=\"https:\/\/prixgro.com\/ar\/product\/fard-a-joues-colorful-mat-n45-sephora\/\" \/>\n<meta property=\"og:locale\" content=\"ar_AR\" \/>\n<meta property=\"og:type\" content=\"article\" \/>\n<meta property=\"og:title\" content=\"Fard \u00e0 joues Colorful mat N45 Sephora - Prixgro\" \/>\n<meta property=\"og:description\" content=\"Couleurs N45\u00a0 : Chill in The Air\u00a0Contenance : 3.5g\" \/>\n<meta property=\"og:url\" content=\"https:\/\/prixgro.com\/ar\/product\/fard-a-joues-colorful-mat-n45-sephora\/\" \/>\n<meta property=\"og:site_name\" content=\"Prixgro\" \/>\n<meta property=\"article:publisher\" content=\"https:\/\/www.facebook.com\/Pharmacima\" \/>\n<meta property=\"article:modified_time\" content=\"2024-04-09T12:32:40+00:00\" \/>\n<meta property=\"og:image\" content=\"https:\/\/prixgro.com\/wp-content\/uploads\/2023\/09\/chill-in-the-air-45.jpg\" \/>\n\t<meta property=\"og:image:width\" content=\"585\" \/>\n\t<meta property=\"og:image:height\" content=\"585\" \/>\n\t<meta property=\"og:image:type\" content=\"image\/jpeg\" \/>\n<meta name=\"twitter:card\" content=\"summary_large_image\" \/>\n<meta name=\"twitter:label1\" content=\"\u0648\u0642\u062a \u0627\u0644\u0642\u0631\u0627\u0621\u0629 \u0627\u0644\u0645\u064f\u0642\u062f\u0651\u0631\" \/>\n\t<meta name=\"twitter:data1\" content=\"\u062f\u0642\u064a\u0642\u0629 \u0648\u0627\u062d\u062f\u0629\" \/>\n<script type=\"application\/ld+json\" class=\"yoast-schema-graph\">{\"@context\":\"https:\/\/schema.org\",\"@graph\":[{\"@type\":\"WebPage\",\"@id\":\"https:\/\/prixgro.com\/product\/fard-a-joues-colorful-mat-n45-sephora\/\",\"url\":\"https:\/\/prixgro.com\/product\/fard-a-joues-colorful-mat-n45-sephora\/\",\"name\":\"Fard \u00e0 joues Colorful mat N45 Sephora - Prixgro\",\"isPartOf\":{\"@id\":\"https:\/\/prixgro.com\/#website\"},\"primaryImageOfPage\":{\"@id\":\"https:\/\/prixgro.com\/product\/fard-a-joues-colorful-mat-n45-sephora\/#primaryimage\"},\"image\":{\"@id\":\"https:\/\/prixgro.com\/product\/fard-a-joues-colorful-mat-n45-sephora\/#primaryimage\"},\"thumbnailUrl\":\"https:\/\/prixgro.com\/wp-content\/uploads\/2023\/09\/chill-in-the-air-45.jpg\",\"datePublished\":\"2024-04-09T12:32:35+00:00\",\"dateModified\":\"2024-04-09T12:32:40+00:00\",\"breadcrumb\":{\"@id\":\"https:\/\/prixgro.com\/product\/fard-a-joues-colorful-mat-n45-sephora\/#breadcrumb\"},\"inLanguage\":\"ar\",\"potentialAction\":[{\"@type\":\"ReadAction\",\"target\":[\"https:\/\/prixgro.com\/product\/fard-a-joues-colorful-mat-n45-sephora\/\"]}]},{\"@type\":\"ImageObject\",\"inLanguage\":\"ar\",\"@id\":\"https:\/\/prixgro.com\/product\/fard-a-joues-colorful-mat-n45-sephora\/#primaryimage\",\"url\":\"https:\/\/prixgro.com\/wp-content\/uploads\/2023\/09\/chill-in-the-air-45.jpg\",\"contentUrl\":\"https:\/\/prixgro.com\/wp-content\/uploads\/2023\/09\/chill-in-the-air-45.jpg\",\"width\":585,\"height\":585},{\"@type\":\"BreadcrumbList\",\"@id\":\"https:\/\/prixgro.com\/product\/fard-a-joues-colorful-mat-n45-sephora\/#breadcrumb\",\"itemListElement\":[{\"@type\":\"ListItem\",\"position\":1,\"name\":\"Accueil\",\"item\":\"https:\/\/prixgro.com\/\"},{\"@type\":\"ListItem\",\"position\":2,\"name\":\"Boutique en ligne\",\"item\":\"https:\/\/prixgro.com\/shop\/\"},{\"@type\":\"ListItem\",\"position\":3,\"name\":\"Fard \u00e0 joues Colorful mat N45 Sephora\"}]},{\"@type\":\"WebSite\",\"@id\":\"https:\/\/prixgro.com\/#website\",\"url\":\"https:\/\/prixgro.com\/\",\"name\":\"Prixgro.com\",\"description\":\"Para Pharmaceutique et Cosm\u00e9tique\",\"publisher\":{\"@id\":\"https:\/\/prixgro.com\/#organization\"},\"potentialAction\":[{\"@type\":\"SearchAction\",\"target\":{\"@type\":\"EntryPoint\",\"urlTemplate\":\"https:\/\/prixgro.com\/?s={search_term_string}\"},\"query-input\":{\"@type\":\"PropertyValueSpecification\",\"valueRequired\":true,\"valueName\":\"search_term_string\"}}],\"inLanguage\":\"ar\"},{\"@type\":\"Organization\",\"@id\":\"https:\/\/prixgro.com\/#organization\",\"name\":\"Prixgro\",\"url\":\"https:\/\/prixgro.com\/\",\"logo\":{\"@type\":\"ImageObject\",\"inLanguage\":\"ar\",\"@id\":\"https:\/\/prixgro.com\/#\/schema\/logo\/image\/\",\"url\":\"https:\/\/prixgro.com\/wp-content\/uploads\/2024\/08\/cropped-Nouveau-projet-2.png\",\"contentUrl\":\"https:\/\/prixgro.com\/wp-content\/uploads\/2024\/08\/cropped-Nouveau-projet-2.png\",\"width\":265,\"height\":62,\"caption\":\"Prixgro\"},\"image\":{\"@id\":\"https:\/\/prixgro.com\/#\/schema\/logo\/image\/\"},\"sameAs\":[\"https:\/\/www.facebook.com\/Pharmacima\"]}]}<\/script>\n<!-- \/ Yoast SEO plugin. -->","yoast_head_json":{"title":"Fard \u00e0 joues Colorful mat N45 Sephora - Prixgro","robots":{"index":"index","follow":"follow","max-snippet":"max-snippet:-1","max-image-preview":"max-image-preview:large","max-video-preview":"max-video-preview:-1"},"canonical":"https:\/\/prixgro.com\/ar\/product\/fard-a-joues-colorful-mat-n45-sephora\/","og_locale":"ar_AR","og_type":"article","og_title":"Fard \u00e0 joues Colorful mat N45 Sephora - Prixgro","og_description":"Couleurs N45\u00a0 : Chill in The Air\u00a0Contenance : 3.5g","og_url":"https:\/\/prixgro.com\/ar\/product\/fard-a-joues-colorful-mat-n45-sephora\/","og_site_name":"Prixgro","article_publisher":"https:\/\/www.facebook.com\/Pharmacima","article_modified_time":"2024-04-09T12:32:40+00:00","og_image":[{"width":585,"height":585,"url":"https:\/\/prixgro.com\/wp-content\/uploads\/2023\/09\/chill-in-the-air-45.jpg","type":"image\/jpeg"}],"twitter_card":"summary_large_image","twitter_misc":{"\u0648\u0642\u062a \u0627\u0644\u0642\u0631\u0627\u0621\u0629 \u0627\u0644\u0645\u064f\u0642\u062f\u0651\u0631":"\u062f\u0642\u064a\u0642\u0629 \u0648\u0627\u062d\u062f\u0629"},"schema":{"@context":"https:\/\/schema.org","@graph":[{"@type":"WebPage","@id":"https:\/\/prixgro.com\/product\/fard-a-joues-colorful-mat-n45-sephora\/","url":"https:\/\/prixgro.com\/product\/fard-a-joues-colorful-mat-n45-sephora\/","name":"Fard \u00e0 joues Colorful mat N45 Sephora - Prixgro","isPartOf":{"@id":"https:\/\/prixgro.com\/#website"},"primaryImageOfPage":{"@id":"https:\/\/prixgro.com\/product\/fard-a-joues-colorful-mat-n45-sephora\/#primaryimage"},"image":{"@id":"https:\/\/prixgro.com\/product\/fard-a-joues-colorful-mat-n45-sephora\/#primaryimage"},"thumbnailUrl":"https:\/\/prixgro.com\/wp-content\/uploads\/2023\/09\/chill-in-the-air-45.jpg","datePublished":"2024-04-09T12:32:35+00:00","dateModified":"2024-04-09T12:32:40+00:00","breadcrumb":{"@id":"https:\/\/prixgro.com\/product\/fard-a-joues-colorful-mat-n45-sephora\/#breadcrumb"},"inLanguage":"ar","potentialAction":[{"@type":"ReadAction","target":["https:\/\/prixgro.com\/product\/fard-a-joues-colorful-mat-n45-sephora\/"]}]},{"@type":"ImageObject","inLanguage":"ar","@id":"https:\/\/prixgro.com\/product\/fard-a-joues-colorful-mat-n45-sephora\/#primaryimage","url":"https:\/\/prixgro.com\/wp-content\/uploads\/2023\/09\/chill-in-the-air-45.jpg","contentUrl":"https:\/\/prixgro.com\/wp-content\/uploads\/2023\/09\/chill-in-the-air-45.jpg","width":585,"height":585},{"@type":"BreadcrumbList","@id":"https:\/\/prixgro.com\/product\/fard-a-joues-colorful-mat-n45-sephora\/#breadcrumb","itemListElement":[{"@type":"ListItem","position":1,"name":"Accueil","item":"https:\/\/prixgro.com\/"},{"@type":"ListItem","position":2,"name":"Boutique en ligne","item":"https:\/\/prixgro.com\/shop\/"},{"@type":"ListItem","position":3,"name":"Fard \u00e0 joues Colorful mat N45 Sephora"}]},{"@type":"WebSite","@id":"https:\/\/prixgro.com\/#website","url":"https:\/\/prixgro.com\/","name":"Prixgro.com","description":"Para Pharmaceutique et Cosm\u00e9tique","publisher":{"@id":"https:\/\/prixgro.com\/#organization"},"potentialAction":[{"@type":"SearchAction","target":{"@type":"EntryPoint","urlTemplate":"https:\/\/prixgro.com\/?s={search_term_string}"},"query-input":{"@type":"PropertyValueSpecification","valueRequired":true,"valueName":"search_term_string"}}],"inLanguage":"ar"},{"@type":"Organization","@id":"https:\/\/prixgro.com\/#organization","name":"Prixgro","url":"https:\/\/prixgro.com\/","logo":{"@type":"ImageObject","inLanguage":"ar","@id":"https:\/\/prixgro.com\/#\/schema\/logo\/image\/","url":"https:\/\/prixgro.com\/wp-content\/uploads\/2024\/08\/cropped-Nouveau-projet-2.png","contentUrl":"https:\/\/prixgro.com\/wp-content\/uploads\/2024\/08\/cropped-Nouveau-projet-2.png","width":265,"height":62,"caption":"Prixgro"},"image":{"@id":"https:\/\/prixgro.com\/#\/schema\/logo\/image\/"},"sameAs":["https:\/\/www.facebook.com\/Pharmacima"]}]}},"_links":{"self":[{"href":"https:\/\/prixgro.com\/ar\/wp-json\/wp\/v2\/product\/142341","targetHints":{"allow":["GET"]}}],"collection":[{"href":"https:\/\/prixgro.com\/ar\/wp-json\/wp\/v2\/product"}],"about":[{"href":"https:\/\/prixgro.com\/ar\/wp-json\/wp\/v2\/types\/product"}],"replies":[{"embeddable":true,"href":"https:\/\/prixgro.com\/ar\/wp-json\/wp\/v2\/comments?post=142341"}],"wp:featuredmedia":[{"embeddable":true,"href":"https:\/\/prixgro.com\/ar\/wp-json\/wp\/v2\/media\/4280"}],"wp:attachment":[{"href":"https:\/\/prixgro.com\/ar\/wp-json\/wp\/v2\/media?parent=142341"}],"wp:term":[{"taxonomy":"product_cat","embeddable":true,"href":"https:\/\/prixgro.com\/ar\/wp-json\/wp\/v2\/product_cat?post=142341"},{"taxonomy":"product_tag","embeddable":true,"href":"https:\/\/prixgro.com\/ar\/wp-json\/wp\/v2\/product_tag?post=142341"},{"taxonomy":"berocket_brand","embeddable":true,"href":"https:\/\/prixgro.com\/ar\/wp-json\/wp\/v2\/berocket_brand?post=142341"}],"curies":[{"name":"wp","href":"https:\/\/api.w.org\/{rel}","templated":true}]}}