{"id":142354,"date":"2024-04-09T14:32:36","date_gmt":"2024-04-09T12:32:36","guid":{"rendered":"https:\/\/cloodmanager.net\/?post_type=product&#038;p=142354"},"modified":"2024-08-08T21:14:00","modified_gmt":"2024-08-08T19:14:00","slug":"gel-nettoyant-detoxifiant-150ml-garnier","status":"publish","type":"product","link":"https:\/\/prixgro.com\/ar\/product\/gel-nettoyant-detoxifiant-150ml-garnier\/","title":{"rendered":"Gel Nettoyant Detoxifiant 150ml Garnier"},"content":{"rendered":"<h2><strong>DESCRIPTION :\u00a0<\/strong><\/h2>\n<p>Garnier Bio a s\u00e9lectionn\u00e9 l\u2019huile essentielle de Citronnelle Bio reconnue pour ses propri\u00e9t\u00e9s purifiantes et l\u2019a associ\u00e9e \u00e0 l\u2019Eau florale de Bleuet et \u00e0 la Glyc\u00e9rine V\u00e9g\u00e9tale pour un nettoyage en douceur.<\/p>\n<p>Le Gel Nettoyant D\u00e9toxifiant \u00e9limine efficacement l\u2019exc\u00e8s de s\u00e9bum, les impuret\u00e9s et les particules de pollution pour une peau parfaitement propre et fra\u00eeche.<br \/>\nParfum frais herbac\u00e9 100% d\u2019origine naturelle.<\/p>\n<p>Garnier s\u2019engage \u00e0 am\u00e9liorer en continu l\u2019impact de ses produits, tout au long de leur cycle de vie, y compris les phases de production et d\u2019utilisation, et vous donne acc\u00e8s \u00e0 ces donn\u00e9es en toute transparence.<\/p>\n<p>M\u00e9thode approuv\u00e9e par des experts scientifiques ind\u00e9pendants et donn\u00e9es v\u00e9rifi\u00e9es par Bureau Veritas, auditeur ind\u00e9pendant.<\/p>\n<h2><strong>CONSEIL D&#8217;UTILISATION :<\/strong><\/h2>\n<p>Pour un nettoyage plus intense, utilisez-le avec l\u2019\u00e9ponge Konjac V\u00e9g\u00e9tale Garnier Bio.<\/p>\n<h2><strong>COMPOSITION :<\/strong><\/h2>\n<p><span data-iopelement=\"AQUA \/ WATER\">AQUA \/ WATER<\/span>\u00a0\u25cf\u00a0<span data-iopelement=\"SUCROSE\">SUCROSE<\/span>\u00a0\u25cf\u00a0<span data-iopelement=\"COCO-BETAINE\">COCO-BETAINE<\/span>\u00a0\u25cf\u00a0<span data-iopelement=\"GLYCERIN\">GLYCERIN<\/span>\u00a0\u25cf\u00a0<span data-iopelement=\"COCO-GLUCOSIDE\">COCO-GLUCOSIDE<\/span>\u00a0\u25cf DISODIUM COCOYL GLUTAMATE \u25cf\u00a0<span data-iopelement=\"XANTHAN GUM\">XANTHAN GUM<\/span>\u00a0\u25cf CYMBOPOGON SCHOENANTHUS OIL \u25cf CENTAUREA CYANUS FLOWER WATER \u25cf\u00a0<span data-iopelement=\"SODIUM CHLORIDE\">SODIUM CHLORIDE<\/span>\u00a0\u25cf\u00a0<span data-iopelement=\"SODIUM COCOYL GLUTAMATE\">SODIUM COCOYL GLUTAMATE<\/span>\u00a0\u25cf\u00a0<span data-iopelement=\"ARGININE\">ARGININE<\/span>\u00a0\u25cf\u00a0<span data-iopelement=\"PROPANEDIOL\">PROPANEDIOL<\/span>\u00a0\u25cf\u00a0<span data-iopelement=\"CITRIC ACID\">CITRIC ACID<\/span>\u00a0\u25cf\u00a0<span data-iopelement=\"SODIUM BENZOATE\">SODIUM BENZOATE<\/span>\u00a0\u25cf\u00a0<span data-iopelement=\"SALICYLIC ACID\">SALICYLIC ACID<\/span>\u00a0\u25cf\u00a0<span data-iopelement=\"LINALOOL\">LINALOOL<\/span>\u00a0\u25cf\u00a0<span data-iopelement=\"EUGENOL\">EUGENOL<\/span>\u00a0\u25cf\u00a0<span data-iopelement=\"LIMONENE\">LIMONENE<\/span>\u00a0\u25cf\u00a0<span data-iopelement=\"CITRAL\">CITRAL<\/span>\u00a0\u25cf\u00a0<span data-iopelement=\"PARFUM \/ FRAGRANCE\">PARFUM \/ FRAGRANCE<\/span><\/p>\n<p>&nbsp;<\/p>","protected":false},"excerpt":{"rendered":"<h3 class=\"product-detail__description\"><em><strong>Gel Nettoyant D\u00e9toxifiant &#8211; Citronnelle rafra\u00eechissante.<\/strong><\/em><\/h3>\n<div class=\"product-detail__variant-radiobutton radiosizes\"><\/div>","protected":false},"featured_media":4297,"comment_status":"open","ping_status":"closed","template":"","meta":[],"product_cat":[17,36],"product_tag":[],"berocket_brand":[],"class_list":{"0":"post-142354","1":"product","2":"type-product","3":"status-publish","4":"has-post-thumbnail","6":"product_cat-soin-et-bien-etre","7":"product_cat-visage-soin-et-bien-etre","9":"first","10":"outofstock","11":"shipping-taxable","12":"purchasable","13":"product-type-simple"},"yoast_head":"<!-- This site is optimized with the Yoast SEO plugin v24.8 - https:\/\/yoast.com\/wordpress\/plugins\/seo\/ -->\n<title>Gel Nettoyant Detoxifiant 150ml Garnier - Prixgro<\/title>\n<meta name=\"robots\" content=\"index, follow, max-snippet:-1, max-image-preview:large, max-video-preview:-1\" \/>\n<link rel=\"canonical\" href=\"https:\/\/prixgro.com\/ar\/product\/gel-nettoyant-detoxifiant-150ml-garnier\/\" \/>\n<meta property=\"og:locale\" content=\"ar_AR\" \/>\n<meta property=\"og:type\" content=\"article\" \/>\n<meta property=\"og:title\" content=\"Gel Nettoyant Detoxifiant 150ml Garnier - Prixgro\" \/>\n<meta property=\"og:description\" content=\"Gel Nettoyant D\u00e9toxifiant - Citronnelle rafra\u00eechissante.\" \/>\n<meta property=\"og:url\" content=\"https:\/\/prixgro.com\/ar\/product\/gel-nettoyant-detoxifiant-150ml-garnier\/\" \/>\n<meta property=\"og:site_name\" content=\"Prixgro\" \/>\n<meta property=\"article:publisher\" content=\"https:\/\/www.facebook.com\/Pharmacima\" \/>\n<meta property=\"article:modified_time\" content=\"2024-08-08T19:14:00+00:00\" \/>\n<meta property=\"og:image\" content=\"https:\/\/prixgro.com\/wp-content\/uploads\/2023\/09\/Design-sans-titre-63.png\" \/>\n\t<meta property=\"og:image:width\" content=\"540\" \/>\n\t<meta property=\"og:image:height\" content=\"540\" \/>\n\t<meta property=\"og:image:type\" content=\"image\/png\" \/>\n<meta name=\"twitter:card\" content=\"summary_large_image\" \/>\n<meta name=\"twitter:label1\" content=\"\u0648\u0642\u062a \u0627\u0644\u0642\u0631\u0627\u0621\u0629 \u0627\u0644\u0645\u064f\u0642\u062f\u0651\u0631\" \/>\n\t<meta name=\"twitter:data1\" content=\"\u062f\u0642\u064a\u0642\u0629 \u0648\u0627\u062d\u062f\u0629\" \/>\n<script type=\"application\/ld+json\" class=\"yoast-schema-graph\">{\"@context\":\"https:\/\/schema.org\",\"@graph\":[{\"@type\":\"WebPage\",\"@id\":\"https:\/\/prixgro.com\/product\/gel-nettoyant-detoxifiant-150ml-garnier\/\",\"url\":\"https:\/\/prixgro.com\/product\/gel-nettoyant-detoxifiant-150ml-garnier\/\",\"name\":\"Gel Nettoyant Detoxifiant 150ml Garnier - Prixgro\",\"isPartOf\":{\"@id\":\"https:\/\/prixgro.com\/#website\"},\"primaryImageOfPage\":{\"@id\":\"https:\/\/prixgro.com\/product\/gel-nettoyant-detoxifiant-150ml-garnier\/#primaryimage\"},\"image\":{\"@id\":\"https:\/\/prixgro.com\/product\/gel-nettoyant-detoxifiant-150ml-garnier\/#primaryimage\"},\"thumbnailUrl\":\"https:\/\/prixgro.com\/wp-content\/uploads\/2023\/09\/Design-sans-titre-63.png\",\"datePublished\":\"2024-04-09T12:32:36+00:00\",\"dateModified\":\"2024-08-08T19:14:00+00:00\",\"breadcrumb\":{\"@id\":\"https:\/\/prixgro.com\/product\/gel-nettoyant-detoxifiant-150ml-garnier\/#breadcrumb\"},\"inLanguage\":\"ar\",\"potentialAction\":[{\"@type\":\"ReadAction\",\"target\":[\"https:\/\/prixgro.com\/product\/gel-nettoyant-detoxifiant-150ml-garnier\/\"]}]},{\"@type\":\"ImageObject\",\"inLanguage\":\"ar\",\"@id\":\"https:\/\/prixgro.com\/product\/gel-nettoyant-detoxifiant-150ml-garnier\/#primaryimage\",\"url\":\"https:\/\/prixgro.com\/wp-content\/uploads\/2023\/09\/Design-sans-titre-63.png\",\"contentUrl\":\"https:\/\/prixgro.com\/wp-content\/uploads\/2023\/09\/Design-sans-titre-63.png\",\"width\":540,\"height\":540},{\"@type\":\"BreadcrumbList\",\"@id\":\"https:\/\/prixgro.com\/product\/gel-nettoyant-detoxifiant-150ml-garnier\/#breadcrumb\",\"itemListElement\":[{\"@type\":\"ListItem\",\"position\":1,\"name\":\"Accueil\",\"item\":\"https:\/\/prixgro.com\/\"},{\"@type\":\"ListItem\",\"position\":2,\"name\":\"Boutique en ligne\",\"item\":\"https:\/\/prixgro.com\/shop\/\"},{\"@type\":\"ListItem\",\"position\":3,\"name\":\"Gel Nettoyant Detoxifiant 150ml Garnier\"}]},{\"@type\":\"WebSite\",\"@id\":\"https:\/\/prixgro.com\/#website\",\"url\":\"https:\/\/prixgro.com\/\",\"name\":\"Prixgro.com\",\"description\":\"Para Pharmaceutique et Cosm\u00e9tique\",\"publisher\":{\"@id\":\"https:\/\/prixgro.com\/#organization\"},\"potentialAction\":[{\"@type\":\"SearchAction\",\"target\":{\"@type\":\"EntryPoint\",\"urlTemplate\":\"https:\/\/prixgro.com\/?s={search_term_string}\"},\"query-input\":{\"@type\":\"PropertyValueSpecification\",\"valueRequired\":true,\"valueName\":\"search_term_string\"}}],\"inLanguage\":\"ar\"},{\"@type\":\"Organization\",\"@id\":\"https:\/\/prixgro.com\/#organization\",\"name\":\"Prixgro\",\"url\":\"https:\/\/prixgro.com\/\",\"logo\":{\"@type\":\"ImageObject\",\"inLanguage\":\"ar\",\"@id\":\"https:\/\/prixgro.com\/#\/schema\/logo\/image\/\",\"url\":\"https:\/\/prixgro.com\/wp-content\/uploads\/2024\/08\/cropped-Nouveau-projet-2.png\",\"contentUrl\":\"https:\/\/prixgro.com\/wp-content\/uploads\/2024\/08\/cropped-Nouveau-projet-2.png\",\"width\":265,\"height\":62,\"caption\":\"Prixgro\"},\"image\":{\"@id\":\"https:\/\/prixgro.com\/#\/schema\/logo\/image\/\"},\"sameAs\":[\"https:\/\/www.facebook.com\/Pharmacima\"]}]}<\/script>\n<!-- \/ Yoast SEO plugin. -->","yoast_head_json":{"title":"Gel Nettoyant Detoxifiant 150ml Garnier - Prixgro","robots":{"index":"index","follow":"follow","max-snippet":"max-snippet:-1","max-image-preview":"max-image-preview:large","max-video-preview":"max-video-preview:-1"},"canonical":"https:\/\/prixgro.com\/ar\/product\/gel-nettoyant-detoxifiant-150ml-garnier\/","og_locale":"ar_AR","og_type":"article","og_title":"Gel Nettoyant Detoxifiant 150ml Garnier - Prixgro","og_description":"Gel Nettoyant D\u00e9toxifiant - Citronnelle rafra\u00eechissante.","og_url":"https:\/\/prixgro.com\/ar\/product\/gel-nettoyant-detoxifiant-150ml-garnier\/","og_site_name":"Prixgro","article_publisher":"https:\/\/www.facebook.com\/Pharmacima","article_modified_time":"2024-08-08T19:14:00+00:00","og_image":[{"width":540,"height":540,"url":"https:\/\/prixgro.com\/wp-content\/uploads\/2023\/09\/Design-sans-titre-63.png","type":"image\/png"}],"twitter_card":"summary_large_image","twitter_misc":{"\u0648\u0642\u062a \u0627\u0644\u0642\u0631\u0627\u0621\u0629 \u0627\u0644\u0645\u064f\u0642\u062f\u0651\u0631":"\u062f\u0642\u064a\u0642\u0629 \u0648\u0627\u062d\u062f\u0629"},"schema":{"@context":"https:\/\/schema.org","@graph":[{"@type":"WebPage","@id":"https:\/\/prixgro.com\/product\/gel-nettoyant-detoxifiant-150ml-garnier\/","url":"https:\/\/prixgro.com\/product\/gel-nettoyant-detoxifiant-150ml-garnier\/","name":"Gel Nettoyant Detoxifiant 150ml Garnier - Prixgro","isPartOf":{"@id":"https:\/\/prixgro.com\/#website"},"primaryImageOfPage":{"@id":"https:\/\/prixgro.com\/product\/gel-nettoyant-detoxifiant-150ml-garnier\/#primaryimage"},"image":{"@id":"https:\/\/prixgro.com\/product\/gel-nettoyant-detoxifiant-150ml-garnier\/#primaryimage"},"thumbnailUrl":"https:\/\/prixgro.com\/wp-content\/uploads\/2023\/09\/Design-sans-titre-63.png","datePublished":"2024-04-09T12:32:36+00:00","dateModified":"2024-08-08T19:14:00+00:00","breadcrumb":{"@id":"https:\/\/prixgro.com\/product\/gel-nettoyant-detoxifiant-150ml-garnier\/#breadcrumb"},"inLanguage":"ar","potentialAction":[{"@type":"ReadAction","target":["https:\/\/prixgro.com\/product\/gel-nettoyant-detoxifiant-150ml-garnier\/"]}]},{"@type":"ImageObject","inLanguage":"ar","@id":"https:\/\/prixgro.com\/product\/gel-nettoyant-detoxifiant-150ml-garnier\/#primaryimage","url":"https:\/\/prixgro.com\/wp-content\/uploads\/2023\/09\/Design-sans-titre-63.png","contentUrl":"https:\/\/prixgro.com\/wp-content\/uploads\/2023\/09\/Design-sans-titre-63.png","width":540,"height":540},{"@type":"BreadcrumbList","@id":"https:\/\/prixgro.com\/product\/gel-nettoyant-detoxifiant-150ml-garnier\/#breadcrumb","itemListElement":[{"@type":"ListItem","position":1,"name":"Accueil","item":"https:\/\/prixgro.com\/"},{"@type":"ListItem","position":2,"name":"Boutique en ligne","item":"https:\/\/prixgro.com\/shop\/"},{"@type":"ListItem","position":3,"name":"Gel Nettoyant Detoxifiant 150ml Garnier"}]},{"@type":"WebSite","@id":"https:\/\/prixgro.com\/#website","url":"https:\/\/prixgro.com\/","name":"Prixgro.com","description":"Para Pharmaceutique et Cosm\u00e9tique","publisher":{"@id":"https:\/\/prixgro.com\/#organization"},"potentialAction":[{"@type":"SearchAction","target":{"@type":"EntryPoint","urlTemplate":"https:\/\/prixgro.com\/?s={search_term_string}"},"query-input":{"@type":"PropertyValueSpecification","valueRequired":true,"valueName":"search_term_string"}}],"inLanguage":"ar"},{"@type":"Organization","@id":"https:\/\/prixgro.com\/#organization","name":"Prixgro","url":"https:\/\/prixgro.com\/","logo":{"@type":"ImageObject","inLanguage":"ar","@id":"https:\/\/prixgro.com\/#\/schema\/logo\/image\/","url":"https:\/\/prixgro.com\/wp-content\/uploads\/2024\/08\/cropped-Nouveau-projet-2.png","contentUrl":"https:\/\/prixgro.com\/wp-content\/uploads\/2024\/08\/cropped-Nouveau-projet-2.png","width":265,"height":62,"caption":"Prixgro"},"image":{"@id":"https:\/\/prixgro.com\/#\/schema\/logo\/image\/"},"sameAs":["https:\/\/www.facebook.com\/Pharmacima"]}]}},"_links":{"self":[{"href":"https:\/\/prixgro.com\/ar\/wp-json\/wp\/v2\/product\/142354","targetHints":{"allow":["GET"]}}],"collection":[{"href":"https:\/\/prixgro.com\/ar\/wp-json\/wp\/v2\/product"}],"about":[{"href":"https:\/\/prixgro.com\/ar\/wp-json\/wp\/v2\/types\/product"}],"replies":[{"embeddable":true,"href":"https:\/\/prixgro.com\/ar\/wp-json\/wp\/v2\/comments?post=142354"}],"wp:featuredmedia":[{"embeddable":true,"href":"https:\/\/prixgro.com\/ar\/wp-json\/wp\/v2\/media\/4297"}],"wp:attachment":[{"href":"https:\/\/prixgro.com\/ar\/wp-json\/wp\/v2\/media?parent=142354"}],"wp:term":[{"taxonomy":"product_cat","embeddable":true,"href":"https:\/\/prixgro.com\/ar\/wp-json\/wp\/v2\/product_cat?post=142354"},{"taxonomy":"product_tag","embeddable":true,"href":"https:\/\/prixgro.com\/ar\/wp-json\/wp\/v2\/product_tag?post=142354"},{"taxonomy":"berocket_brand","embeddable":true,"href":"https:\/\/prixgro.com\/ar\/wp-json\/wp\/v2\/berocket_brand?post=142354"}],"curies":[{"name":"wp","href":"https:\/\/api.w.org\/{rel}","templated":true}]}}