{"id":142358,"date":"2024-04-09T14:32:36","date_gmt":"2024-04-09T12:32:36","guid":{"rendered":"https:\/\/cloodmanager.net\/?post_type=product&#038;p=142358"},"modified":"2024-08-08T21:08:58","modified_gmt":"2024-08-08T19:08:58","slug":"palette-eclatante-pour-joues-revolution-beauty","status":"publish","type":"product","link":"https:\/\/prixgro.com\/ar\/product\/palette-eclatante-pour-joues-revolution-beauty\/","title":{"rendered":"Palette \u00c9clatante pour Joues Revolution Beauty"},"content":{"rendered":"<h2><strong>DESCRIPTION :\u00a0<\/strong><\/h2>\n<p><span>Faites une d\u00e9claration cette saison des f\u00eates avec l&#8217;\u00e9blouissante collection Ultimate Lights.\u00a0Cr\u00e9ez un look ultra glamour et festif avec des ombres chatoyantes, des kits pour les l\u00e8vres succulents et un parfum irr\u00e9sistible en \u00e9dition limit\u00e9e.\u00a0Laissez-le briller cette saison scintillante\u00a0!<\/span><\/p>\n<p><span>Amenez votre \u00e9clat \u00e0 un tout nouveau niveau avec la palette Revolution Ultimate Lights Cheek Glow.\u00a0Cette palette de joues lumineuses est compos\u00e9e de 4 nuances parfaites de rose glac\u00e9 pour un reflet et un fard \u00e0 joues ultra-radieux<\/span><\/p>\n<h2><strong>COMPOSITION :<\/strong><\/h2>\n<p><span>Teinte 1\u00a0: Mica, Talc, polyisobut\u00e8ne hydrog\u00e9n\u00e9, dim\u00e9thicone, st\u00e9arate de magn\u00e9sium, t\u00e9traisost\u00e9arate de penta\u00e9rythrityle, poly\u00e9thyl\u00e8ne, ph\u00e9noxy\u00e9thanol, Ptfe, fluorphlogopite synth\u00e9tique, caprylylglycol, syringylid\u00e8nemalonate de di\u00e9thylhexyle, triglyc\u00e9ride caprylique\/caprique, oxyde d&#8217;\u00e9tain, Ci 77491 (oxydes de fer), Ci 77891 (Dioxyde de titane), Ci 15850 (Laque Rouge 6).<\/span><\/p>\n<p><span>Teinte 2\u00a0: Mica, Talc, Polyisobut\u00e8ne hydrog\u00e9n\u00e9, Dim\u00e9thicone, Polym\u00e8re crois\u00e9 Dim\u00e9thicone\/Vinyl Dim\u00e9thicone, Silice, Nitrure de bore, T\u00e9traisost\u00e9arate de penta\u00e9rythrityle, Ph\u00e9noxy\u00e9thanol, Huile de graines d&#8217;Helianthus Annuus (Tournesol), Huile de graines de Carthamus Tinctorius ( Carthame), Copolym\u00e8re de styr\u00e8ne\/butadi\u00e8ne, Caprylyl. Glycol, Tri\u00e9thoxycaprylylsilane, Ci 77491 (oxydes de fer), Ci 77891 (dioxyde de titane).<\/span><\/p>\n<p><span>Teinte 3\u00a0: Mica, Talc, st\u00e9arate de magn\u00e9sium, polyisobut\u00e8ne hydrog\u00e9n\u00e9, dim\u00e9thicone, t\u00e9traisost\u00e9arate de penta\u00e9rythrityle, ph\u00e9noxy\u00e9thanol, caprylylglycol, poly\u00e9thyl\u00e8ne, syringylid\u00e8nemalonate de di\u00e9thylhexyle, triglyc\u00e9ride caprylique\/caprique, Ci 77891 (dioxyde de titane).<\/span><\/p>\n<p><span>Teinte 4\u00a0: Mica, Talc, polyisobut\u00e8ne hydrog\u00e9n\u00e9, dim\u00e9thicone, st\u00e9arate de magn\u00e9sium, t\u00e9traisost\u00e9arate de penta\u00e9rythrityle, poly\u00e9thyl\u00e8ne, ph\u00e9noxy\u00e9thanol, Ptfe, caprylylglycol, syringylid\u00e8nemalonate de di\u00e9thylhexyle, triglyc\u00e9ride caprylique\/caprique, Ci 77491 (oxydes de fer), Ci 77492 (oxydes de fer), Ci 77499 (oxydes de fer), Ci 77891 (dioxyde de titane), Ci 16035 (lac rouge 40).<\/span><\/p>\n<p>&nbsp;<\/p>","protected":false},"excerpt":{"rendered":"<p>DESCRIPTION :\u00a0 Faites une d\u00e9claration cette saison des f\u00eates avec l&#8217;\u00e9blouissante collection Ultimate Lights.\u00a0Cr\u00e9ez un look ultra glamour et festif&#8230;<\/p>","protected":false},"featured_media":11752,"comment_status":"open","ping_status":"closed","template":"","meta":[],"product_cat":[429,436],"product_tag":[],"berocket_brand":[],"class_list":{"0":"post-142358","1":"product","2":"type-product","3":"status-publish","4":"has-post-thumbnail","6":"product_cat-maquillage","7":"product_cat-visage-maquillage","9":"first","10":"outofstock","11":"shipping-taxable","12":"purchasable","13":"product-type-simple"},"yoast_head":"<!-- This site is optimized with the Yoast SEO plugin v24.8 - https:\/\/yoast.com\/wordpress\/plugins\/seo\/ -->\n<title>Palette \u00c9clatante pour Joues Revolution Beauty - Prixgro<\/title>\n<meta name=\"robots\" content=\"index, follow, max-snippet:-1, max-image-preview:large, max-video-preview:-1\" \/>\n<link rel=\"canonical\" href=\"https:\/\/prixgro.com\/ar\/product\/palette-eclatante-pour-joues-revolution-beauty\/\" \/>\n<meta property=\"og:locale\" content=\"ar_AR\" \/>\n<meta property=\"og:type\" content=\"article\" \/>\n<meta property=\"og:title\" content=\"Palette \u00c9clatante pour Joues Revolution Beauty - Prixgro\" \/>\n<meta property=\"og:description\" content=\"DESCRIPTION :\u00a0 Faites une d\u00e9claration cette saison des f\u00eates avec l&#8217;\u00e9blouissante collection Ultimate Lights.\u00a0Cr\u00e9ez un look ultra glamour et festif...\" \/>\n<meta property=\"og:url\" content=\"https:\/\/prixgro.com\/ar\/product\/palette-eclatante-pour-joues-revolution-beauty\/\" \/>\n<meta property=\"og:site_name\" content=\"Prixgro\" \/>\n<meta property=\"article:publisher\" content=\"https:\/\/www.facebook.com\/Pharmacima\" \/>\n<meta property=\"article:modified_time\" content=\"2024-08-08T19:08:58+00:00\" \/>\n<meta property=\"og:image\" content=\"https:\/\/prixgro.com\/wp-content\/uploads\/2024\/01\/palette-2.png\" \/>\n\t<meta property=\"og:image:width\" content=\"540\" \/>\n\t<meta property=\"og:image:height\" content=\"540\" \/>\n\t<meta property=\"og:image:type\" content=\"image\/png\" \/>\n<meta name=\"twitter:card\" content=\"summary_large_image\" \/>\n<meta name=\"twitter:label1\" content=\"\u0648\u0642\u062a \u0627\u0644\u0642\u0631\u0627\u0621\u0629 \u0627\u0644\u0645\u064f\u0642\u062f\u0651\u0631\" \/>\n\t<meta name=\"twitter:data1\" content=\"\u062f\u0642\u064a\u0642\u062a\u0627\u0646\" \/>\n<script type=\"application\/ld+json\" class=\"yoast-schema-graph\">{\"@context\":\"https:\/\/schema.org\",\"@graph\":[{\"@type\":\"WebPage\",\"@id\":\"https:\/\/prixgro.com\/product\/palette-eclatante-pour-joues-revolution-beauty\/\",\"url\":\"https:\/\/prixgro.com\/product\/palette-eclatante-pour-joues-revolution-beauty\/\",\"name\":\"Palette \u00c9clatante pour Joues Revolution Beauty - Prixgro\",\"isPartOf\":{\"@id\":\"https:\/\/prixgro.com\/#website\"},\"primaryImageOfPage\":{\"@id\":\"https:\/\/prixgro.com\/product\/palette-eclatante-pour-joues-revolution-beauty\/#primaryimage\"},\"image\":{\"@id\":\"https:\/\/prixgro.com\/product\/palette-eclatante-pour-joues-revolution-beauty\/#primaryimage\"},\"thumbnailUrl\":\"https:\/\/prixgro.com\/wp-content\/uploads\/2024\/01\/palette-2.png\",\"datePublished\":\"2024-04-09T12:32:36+00:00\",\"dateModified\":\"2024-08-08T19:08:58+00:00\",\"breadcrumb\":{\"@id\":\"https:\/\/prixgro.com\/product\/palette-eclatante-pour-joues-revolution-beauty\/#breadcrumb\"},\"inLanguage\":\"ar\",\"potentialAction\":[{\"@type\":\"ReadAction\",\"target\":[\"https:\/\/prixgro.com\/product\/palette-eclatante-pour-joues-revolution-beauty\/\"]}]},{\"@type\":\"ImageObject\",\"inLanguage\":\"ar\",\"@id\":\"https:\/\/prixgro.com\/product\/palette-eclatante-pour-joues-revolution-beauty\/#primaryimage\",\"url\":\"https:\/\/prixgro.com\/wp-content\/uploads\/2024\/01\/palette-2.png\",\"contentUrl\":\"https:\/\/prixgro.com\/wp-content\/uploads\/2024\/01\/palette-2.png\",\"width\":540,\"height\":540},{\"@type\":\"BreadcrumbList\",\"@id\":\"https:\/\/prixgro.com\/product\/palette-eclatante-pour-joues-revolution-beauty\/#breadcrumb\",\"itemListElement\":[{\"@type\":\"ListItem\",\"position\":1,\"name\":\"Accueil\",\"item\":\"https:\/\/prixgro.com\/\"},{\"@type\":\"ListItem\",\"position\":2,\"name\":\"Boutique en ligne\",\"item\":\"https:\/\/prixgro.com\/shop\/\"},{\"@type\":\"ListItem\",\"position\":3,\"name\":\"Palette \u00c9clatante pour Joues Revolution Beauty\"}]},{\"@type\":\"WebSite\",\"@id\":\"https:\/\/prixgro.com\/#website\",\"url\":\"https:\/\/prixgro.com\/\",\"name\":\"Prixgro.com\",\"description\":\"Para Pharmaceutique et Cosm\u00e9tique\",\"publisher\":{\"@id\":\"https:\/\/prixgro.com\/#organization\"},\"potentialAction\":[{\"@type\":\"SearchAction\",\"target\":{\"@type\":\"EntryPoint\",\"urlTemplate\":\"https:\/\/prixgro.com\/?s={search_term_string}\"},\"query-input\":{\"@type\":\"PropertyValueSpecification\",\"valueRequired\":true,\"valueName\":\"search_term_string\"}}],\"inLanguage\":\"ar\"},{\"@type\":\"Organization\",\"@id\":\"https:\/\/prixgro.com\/#organization\",\"name\":\"Prixgro\",\"url\":\"https:\/\/prixgro.com\/\",\"logo\":{\"@type\":\"ImageObject\",\"inLanguage\":\"ar\",\"@id\":\"https:\/\/prixgro.com\/#\/schema\/logo\/image\/\",\"url\":\"https:\/\/prixgro.com\/wp-content\/uploads\/2024\/08\/cropped-Nouveau-projet-2.png\",\"contentUrl\":\"https:\/\/prixgro.com\/wp-content\/uploads\/2024\/08\/cropped-Nouveau-projet-2.png\",\"width\":265,\"height\":62,\"caption\":\"Prixgro\"},\"image\":{\"@id\":\"https:\/\/prixgro.com\/#\/schema\/logo\/image\/\"},\"sameAs\":[\"https:\/\/www.facebook.com\/Pharmacima\"]}]}<\/script>\n<!-- \/ Yoast SEO plugin. -->","yoast_head_json":{"title":"Palette \u00c9clatante pour Joues Revolution Beauty - Prixgro","robots":{"index":"index","follow":"follow","max-snippet":"max-snippet:-1","max-image-preview":"max-image-preview:large","max-video-preview":"max-video-preview:-1"},"canonical":"https:\/\/prixgro.com\/ar\/product\/palette-eclatante-pour-joues-revolution-beauty\/","og_locale":"ar_AR","og_type":"article","og_title":"Palette \u00c9clatante pour Joues Revolution Beauty - Prixgro","og_description":"DESCRIPTION :\u00a0 Faites une d\u00e9claration cette saison des f\u00eates avec l&#8217;\u00e9blouissante collection Ultimate Lights.\u00a0Cr\u00e9ez un look ultra glamour et festif...","og_url":"https:\/\/prixgro.com\/ar\/product\/palette-eclatante-pour-joues-revolution-beauty\/","og_site_name":"Prixgro","article_publisher":"https:\/\/www.facebook.com\/Pharmacima","article_modified_time":"2024-08-08T19:08:58+00:00","og_image":[{"width":540,"height":540,"url":"https:\/\/prixgro.com\/wp-content\/uploads\/2024\/01\/palette-2.png","type":"image\/png"}],"twitter_card":"summary_large_image","twitter_misc":{"\u0648\u0642\u062a \u0627\u0644\u0642\u0631\u0627\u0621\u0629 \u0627\u0644\u0645\u064f\u0642\u062f\u0651\u0631":"\u062f\u0642\u064a\u0642\u062a\u0627\u0646"},"schema":{"@context":"https:\/\/schema.org","@graph":[{"@type":"WebPage","@id":"https:\/\/prixgro.com\/product\/palette-eclatante-pour-joues-revolution-beauty\/","url":"https:\/\/prixgro.com\/product\/palette-eclatante-pour-joues-revolution-beauty\/","name":"Palette \u00c9clatante pour Joues Revolution Beauty - Prixgro","isPartOf":{"@id":"https:\/\/prixgro.com\/#website"},"primaryImageOfPage":{"@id":"https:\/\/prixgro.com\/product\/palette-eclatante-pour-joues-revolution-beauty\/#primaryimage"},"image":{"@id":"https:\/\/prixgro.com\/product\/palette-eclatante-pour-joues-revolution-beauty\/#primaryimage"},"thumbnailUrl":"https:\/\/prixgro.com\/wp-content\/uploads\/2024\/01\/palette-2.png","datePublished":"2024-04-09T12:32:36+00:00","dateModified":"2024-08-08T19:08:58+00:00","breadcrumb":{"@id":"https:\/\/prixgro.com\/product\/palette-eclatante-pour-joues-revolution-beauty\/#breadcrumb"},"inLanguage":"ar","potentialAction":[{"@type":"ReadAction","target":["https:\/\/prixgro.com\/product\/palette-eclatante-pour-joues-revolution-beauty\/"]}]},{"@type":"ImageObject","inLanguage":"ar","@id":"https:\/\/prixgro.com\/product\/palette-eclatante-pour-joues-revolution-beauty\/#primaryimage","url":"https:\/\/prixgro.com\/wp-content\/uploads\/2024\/01\/palette-2.png","contentUrl":"https:\/\/prixgro.com\/wp-content\/uploads\/2024\/01\/palette-2.png","width":540,"height":540},{"@type":"BreadcrumbList","@id":"https:\/\/prixgro.com\/product\/palette-eclatante-pour-joues-revolution-beauty\/#breadcrumb","itemListElement":[{"@type":"ListItem","position":1,"name":"Accueil","item":"https:\/\/prixgro.com\/"},{"@type":"ListItem","position":2,"name":"Boutique en ligne","item":"https:\/\/prixgro.com\/shop\/"},{"@type":"ListItem","position":3,"name":"Palette \u00c9clatante pour Joues Revolution Beauty"}]},{"@type":"WebSite","@id":"https:\/\/prixgro.com\/#website","url":"https:\/\/prixgro.com\/","name":"Prixgro.com","description":"Para Pharmaceutique et Cosm\u00e9tique","publisher":{"@id":"https:\/\/prixgro.com\/#organization"},"potentialAction":[{"@type":"SearchAction","target":{"@type":"EntryPoint","urlTemplate":"https:\/\/prixgro.com\/?s={search_term_string}"},"query-input":{"@type":"PropertyValueSpecification","valueRequired":true,"valueName":"search_term_string"}}],"inLanguage":"ar"},{"@type":"Organization","@id":"https:\/\/prixgro.com\/#organization","name":"Prixgro","url":"https:\/\/prixgro.com\/","logo":{"@type":"ImageObject","inLanguage":"ar","@id":"https:\/\/prixgro.com\/#\/schema\/logo\/image\/","url":"https:\/\/prixgro.com\/wp-content\/uploads\/2024\/08\/cropped-Nouveau-projet-2.png","contentUrl":"https:\/\/prixgro.com\/wp-content\/uploads\/2024\/08\/cropped-Nouveau-projet-2.png","width":265,"height":62,"caption":"Prixgro"},"image":{"@id":"https:\/\/prixgro.com\/#\/schema\/logo\/image\/"},"sameAs":["https:\/\/www.facebook.com\/Pharmacima"]}]}},"_links":{"self":[{"href":"https:\/\/prixgro.com\/ar\/wp-json\/wp\/v2\/product\/142358","targetHints":{"allow":["GET"]}}],"collection":[{"href":"https:\/\/prixgro.com\/ar\/wp-json\/wp\/v2\/product"}],"about":[{"href":"https:\/\/prixgro.com\/ar\/wp-json\/wp\/v2\/types\/product"}],"replies":[{"embeddable":true,"href":"https:\/\/prixgro.com\/ar\/wp-json\/wp\/v2\/comments?post=142358"}],"wp:featuredmedia":[{"embeddable":true,"href":"https:\/\/prixgro.com\/ar\/wp-json\/wp\/v2\/media\/11752"}],"wp:attachment":[{"href":"https:\/\/prixgro.com\/ar\/wp-json\/wp\/v2\/media?parent=142358"}],"wp:term":[{"taxonomy":"product_cat","embeddable":true,"href":"https:\/\/prixgro.com\/ar\/wp-json\/wp\/v2\/product_cat?post=142358"},{"taxonomy":"product_tag","embeddable":true,"href":"https:\/\/prixgro.com\/ar\/wp-json\/wp\/v2\/product_tag?post=142358"},{"taxonomy":"berocket_brand","embeddable":true,"href":"https:\/\/prixgro.com\/ar\/wp-json\/wp\/v2\/berocket_brand?post=142358"}],"curies":[{"name":"wp","href":"https:\/\/api.w.org\/{rel}","templated":true}]}}