{"id":142365,"date":"2024-04-09T14:32:47","date_gmt":"2024-04-09T12:32:47","guid":{"rendered":"https:\/\/cloodmanager.net\/?post_type=product&#038;p=142365"},"modified":"2024-04-09T14:32:50","modified_gmt":"2024-04-09T12:32:50","slug":"mascara-get-big-lashes-essence-cosmetics","status":"publish","type":"product","link":"https:\/\/prixgro.com\/ar\/product\/mascara-get-big-lashes-essence-cosmetics\/","title":{"rendered":"Mascara Get Big Lashes Essence Cosmetics"},"content":{"rendered":"<h2><strong>DESCRIPTION :<\/strong><\/h2>\n<p>Films romantiques tristes, larmes de joie, activit\u00e9s sportives en sueur ou saut dans l&#8217;eau froide, devenez GRAND\u00a0!<\/p>\n<p>Le mascara waterproof volume boost Lashes est un compagnon id\u00e9al, quelle que soit l&#8217;occasion !<\/p>\n<p>Il offre des cils parfaits sans bavures et cr\u00e9e un m\u00e9ga volume de luxe m\u00eame lorsque vous plongez !\u00a0Un partenaire de coiffage absolument fiable !\u00a0Test\u00e9 ophtalmologiquement.<\/p>\n<p>-Densit\u00e9, remplissage et m\u00e9ga volume \u00e0 chaque application<br \/>-Imperm\u00e9able et test\u00e9 ophtalmologiquement<br \/>-Couvre m\u00eame les cils les plus fins sans les alourdir ni les alourdir<\/p>\n<h2><strong>CONSEIL D&#8217;UTILISATION :\u00a0<\/strong><\/h2>\n<p>tourne l\u00e9g\u00e8rement la brosse pour donner du volume gr\u00e2ce \u00e0 la partie plus arrondie. R\u00e9p\u00e8te l\u2019op\u00e9ration pour obtenir des cils denses et volumineux, couche apr\u00e8s couche.<\/p>\n<h2><strong>COMPOSITION :<\/strong><\/h2>\n<div id=\"importantInformation_feature_div\" class=\"celwidget\" data-feature-name=\"importantInformation\" data-csa-c-type=\"widget\" data-csa-c-content-id=\"importantInformation\" data-csa-c-slot-id=\"importantInformation_feature_div\" data-csa-c-asin=\"\" data-csa-c-is-in-initial-active-row=\"false\" data-csa-c-id=\"1xxxtz-wmdrnn-au7t5i-g7dzqn\" data-cel-widget=\"importantInformation_feature_div\">\n<div id=\"important-information\" class=\"a-section a-spacing-extra-large bucket\">\n<div class=\"a-section content\">\n<p>ISODODECANE, CERA MICROCRISTALLINA (MICROCRYSTALLINE WAX), AQUA (WATER), EUPHORBIA CERIFERA (CANDELILLA) WAX, KAOLIN, TRIMETHYLSILOXYSILICATE, DISTEARDIMONIUM HECTORITE, PROPYLENE GLYCOL, VP\/EICOSENE COPOLYMER, COPERNICIA CERIFERA (CARNAUBA) WAX, SORBITAN ISOSTEARATE, TOCOPHEROL, RICINUS COMMUNIS (CASTOR) SEED OIL, SILICA, PROPYLENE CARBONATE, TRIMETHYL PENTANYL DIISOBUTYRATE, ETHYLHEXYLGLYCERIN, PHENOXYETHANOL, POTASSIUM SORBATE, CI 77499 (IRON OXIDES).<\/p>\n<\/div>\n<\/div>\n<\/div>","protected":false},"excerpt":{"rendered":"<h3><span style=\"color: #000000\" data-mce-style=\"color: #000000;\"><em><strong>Volume <span style=\"color: #f046d0\" data-mce-style=\"color: #f046d0;\">Boost\u00a0<\/span><\/strong><\/em><\/span><\/h3>\n<p><strong>Contenance : 12ml\u00a0<\/strong><\/p>","protected":false},"featured_media":11767,"comment_status":"open","ping_status":"closed","template":"","meta":[],"product_cat":[429,433],"product_tag":[],"berocket_brand":[],"class_list":{"0":"post-142365","1":"product","2":"type-product","3":"status-publish","4":"has-post-thumbnail","6":"product_cat-maquillage","7":"product_cat-yeux-maquillage","9":"first","10":"outofstock","11":"shipping-taxable","12":"purchasable","13":"product-type-simple"},"yoast_head":"<!-- This site is optimized with the Yoast SEO plugin v24.8 - https:\/\/yoast.com\/wordpress\/plugins\/seo\/ -->\n<title>Mascara Get Big Lashes Essence Cosmetics - Prixgro<\/title>\n<meta name=\"robots\" content=\"index, follow, max-snippet:-1, max-image-preview:large, max-video-preview:-1\" \/>\n<link rel=\"canonical\" href=\"https:\/\/prixgro.com\/ar\/product\/mascara-get-big-lashes-essence-cosmetics\/\" \/>\n<meta property=\"og:locale\" content=\"ar_AR\" \/>\n<meta property=\"og:type\" content=\"article\" \/>\n<meta property=\"og:title\" content=\"Mascara Get Big Lashes Essence Cosmetics - Prixgro\" \/>\n<meta property=\"og:description\" content=\"Volume Boost\u00a0Contenance : 12ml\u00a0\" \/>\n<meta property=\"og:url\" content=\"https:\/\/prixgro.com\/ar\/product\/mascara-get-big-lashes-essence-cosmetics\/\" \/>\n<meta property=\"og:site_name\" content=\"Prixgro\" \/>\n<meta property=\"article:publisher\" content=\"https:\/\/www.facebook.com\/Pharmacima\" \/>\n<meta property=\"article:modified_time\" content=\"2024-04-09T12:32:50+00:00\" \/>\n<meta property=\"og:image\" content=\"https:\/\/prixgro.com\/wp-content\/uploads\/2024\/01\/4250338494415_2_2_-e1695727044827.jpg\" \/>\n\t<meta property=\"og:image:width\" content=\"500\" \/>\n\t<meta property=\"og:image:height\" content=\"500\" \/>\n\t<meta property=\"og:image:type\" content=\"image\/jpeg\" \/>\n<meta name=\"twitter:card\" content=\"summary_large_image\" \/>\n<meta name=\"twitter:label1\" content=\"\u0648\u0642\u062a \u0627\u0644\u0642\u0631\u0627\u0621\u0629 \u0627\u0644\u0645\u064f\u0642\u062f\u0651\u0631\" \/>\n\t<meta name=\"twitter:data1\" content=\"\u062f\u0642\u064a\u0642\u0629 \u0648\u0627\u062d\u062f\u0629\" \/>\n<script type=\"application\/ld+json\" class=\"yoast-schema-graph\">{\"@context\":\"https:\/\/schema.org\",\"@graph\":[{\"@type\":\"WebPage\",\"@id\":\"https:\/\/prixgro.com\/product\/mascara-get-big-lashes-essence-cosmetics\/\",\"url\":\"https:\/\/prixgro.com\/product\/mascara-get-big-lashes-essence-cosmetics\/\",\"name\":\"Mascara Get Big Lashes Essence Cosmetics - Prixgro\",\"isPartOf\":{\"@id\":\"https:\/\/prixgro.com\/#website\"},\"primaryImageOfPage\":{\"@id\":\"https:\/\/prixgro.com\/product\/mascara-get-big-lashes-essence-cosmetics\/#primaryimage\"},\"image\":{\"@id\":\"https:\/\/prixgro.com\/product\/mascara-get-big-lashes-essence-cosmetics\/#primaryimage\"},\"thumbnailUrl\":\"https:\/\/prixgro.com\/wp-content\/uploads\/2024\/01\/4250338494415_2_2_-e1695727044827.jpg\",\"datePublished\":\"2024-04-09T12:32:47+00:00\",\"dateModified\":\"2024-04-09T12:32:50+00:00\",\"breadcrumb\":{\"@id\":\"https:\/\/prixgro.com\/product\/mascara-get-big-lashes-essence-cosmetics\/#breadcrumb\"},\"inLanguage\":\"ar\",\"potentialAction\":[{\"@type\":\"ReadAction\",\"target\":[\"https:\/\/prixgro.com\/product\/mascara-get-big-lashes-essence-cosmetics\/\"]}]},{\"@type\":\"ImageObject\",\"inLanguage\":\"ar\",\"@id\":\"https:\/\/prixgro.com\/product\/mascara-get-big-lashes-essence-cosmetics\/#primaryimage\",\"url\":\"https:\/\/prixgro.com\/wp-content\/uploads\/2024\/01\/4250338494415_2_2_-e1695727044827.jpg\",\"contentUrl\":\"https:\/\/prixgro.com\/wp-content\/uploads\/2024\/01\/4250338494415_2_2_-e1695727044827.jpg\",\"width\":500,\"height\":500},{\"@type\":\"BreadcrumbList\",\"@id\":\"https:\/\/prixgro.com\/product\/mascara-get-big-lashes-essence-cosmetics\/#breadcrumb\",\"itemListElement\":[{\"@type\":\"ListItem\",\"position\":1,\"name\":\"Accueil\",\"item\":\"https:\/\/prixgro.com\/\"},{\"@type\":\"ListItem\",\"position\":2,\"name\":\"Boutique en ligne\",\"item\":\"https:\/\/prixgro.com\/shop\/\"},{\"@type\":\"ListItem\",\"position\":3,\"name\":\"Mascara Get Big Lashes Essence Cosmetics\"}]},{\"@type\":\"WebSite\",\"@id\":\"https:\/\/prixgro.com\/#website\",\"url\":\"https:\/\/prixgro.com\/\",\"name\":\"Prixgro.com\",\"description\":\"Para Pharmaceutique et Cosm\u00e9tique\",\"publisher\":{\"@id\":\"https:\/\/prixgro.com\/#organization\"},\"potentialAction\":[{\"@type\":\"SearchAction\",\"target\":{\"@type\":\"EntryPoint\",\"urlTemplate\":\"https:\/\/prixgro.com\/?s={search_term_string}\"},\"query-input\":{\"@type\":\"PropertyValueSpecification\",\"valueRequired\":true,\"valueName\":\"search_term_string\"}}],\"inLanguage\":\"ar\"},{\"@type\":\"Organization\",\"@id\":\"https:\/\/prixgro.com\/#organization\",\"name\":\"Prixgro\",\"url\":\"https:\/\/prixgro.com\/\",\"logo\":{\"@type\":\"ImageObject\",\"inLanguage\":\"ar\",\"@id\":\"https:\/\/prixgro.com\/#\/schema\/logo\/image\/\",\"url\":\"https:\/\/prixgro.com\/wp-content\/uploads\/2024\/08\/cropped-Nouveau-projet-2.png\",\"contentUrl\":\"https:\/\/prixgro.com\/wp-content\/uploads\/2024\/08\/cropped-Nouveau-projet-2.png\",\"width\":265,\"height\":62,\"caption\":\"Prixgro\"},\"image\":{\"@id\":\"https:\/\/prixgro.com\/#\/schema\/logo\/image\/\"},\"sameAs\":[\"https:\/\/www.facebook.com\/Pharmacima\"]}]}<\/script>\n<!-- \/ Yoast SEO plugin. -->","yoast_head_json":{"title":"Mascara Get Big Lashes Essence Cosmetics - Prixgro","robots":{"index":"index","follow":"follow","max-snippet":"max-snippet:-1","max-image-preview":"max-image-preview:large","max-video-preview":"max-video-preview:-1"},"canonical":"https:\/\/prixgro.com\/ar\/product\/mascara-get-big-lashes-essence-cosmetics\/","og_locale":"ar_AR","og_type":"article","og_title":"Mascara Get Big Lashes Essence Cosmetics - Prixgro","og_description":"Volume Boost\u00a0Contenance : 12ml\u00a0","og_url":"https:\/\/prixgro.com\/ar\/product\/mascara-get-big-lashes-essence-cosmetics\/","og_site_name":"Prixgro","article_publisher":"https:\/\/www.facebook.com\/Pharmacima","article_modified_time":"2024-04-09T12:32:50+00:00","og_image":[{"width":500,"height":500,"url":"https:\/\/prixgro.com\/wp-content\/uploads\/2024\/01\/4250338494415_2_2_-e1695727044827.jpg","type":"image\/jpeg"}],"twitter_card":"summary_large_image","twitter_misc":{"\u0648\u0642\u062a \u0627\u0644\u0642\u0631\u0627\u0621\u0629 \u0627\u0644\u0645\u064f\u0642\u062f\u0651\u0631":"\u062f\u0642\u064a\u0642\u0629 \u0648\u0627\u062d\u062f\u0629"},"schema":{"@context":"https:\/\/schema.org","@graph":[{"@type":"WebPage","@id":"https:\/\/prixgro.com\/product\/mascara-get-big-lashes-essence-cosmetics\/","url":"https:\/\/prixgro.com\/product\/mascara-get-big-lashes-essence-cosmetics\/","name":"Mascara Get Big Lashes Essence Cosmetics - Prixgro","isPartOf":{"@id":"https:\/\/prixgro.com\/#website"},"primaryImageOfPage":{"@id":"https:\/\/prixgro.com\/product\/mascara-get-big-lashes-essence-cosmetics\/#primaryimage"},"image":{"@id":"https:\/\/prixgro.com\/product\/mascara-get-big-lashes-essence-cosmetics\/#primaryimage"},"thumbnailUrl":"https:\/\/prixgro.com\/wp-content\/uploads\/2024\/01\/4250338494415_2_2_-e1695727044827.jpg","datePublished":"2024-04-09T12:32:47+00:00","dateModified":"2024-04-09T12:32:50+00:00","breadcrumb":{"@id":"https:\/\/prixgro.com\/product\/mascara-get-big-lashes-essence-cosmetics\/#breadcrumb"},"inLanguage":"ar","potentialAction":[{"@type":"ReadAction","target":["https:\/\/prixgro.com\/product\/mascara-get-big-lashes-essence-cosmetics\/"]}]},{"@type":"ImageObject","inLanguage":"ar","@id":"https:\/\/prixgro.com\/product\/mascara-get-big-lashes-essence-cosmetics\/#primaryimage","url":"https:\/\/prixgro.com\/wp-content\/uploads\/2024\/01\/4250338494415_2_2_-e1695727044827.jpg","contentUrl":"https:\/\/prixgro.com\/wp-content\/uploads\/2024\/01\/4250338494415_2_2_-e1695727044827.jpg","width":500,"height":500},{"@type":"BreadcrumbList","@id":"https:\/\/prixgro.com\/product\/mascara-get-big-lashes-essence-cosmetics\/#breadcrumb","itemListElement":[{"@type":"ListItem","position":1,"name":"Accueil","item":"https:\/\/prixgro.com\/"},{"@type":"ListItem","position":2,"name":"Boutique en ligne","item":"https:\/\/prixgro.com\/shop\/"},{"@type":"ListItem","position":3,"name":"Mascara Get Big Lashes Essence Cosmetics"}]},{"@type":"WebSite","@id":"https:\/\/prixgro.com\/#website","url":"https:\/\/prixgro.com\/","name":"Prixgro.com","description":"Para Pharmaceutique et Cosm\u00e9tique","publisher":{"@id":"https:\/\/prixgro.com\/#organization"},"potentialAction":[{"@type":"SearchAction","target":{"@type":"EntryPoint","urlTemplate":"https:\/\/prixgro.com\/?s={search_term_string}"},"query-input":{"@type":"PropertyValueSpecification","valueRequired":true,"valueName":"search_term_string"}}],"inLanguage":"ar"},{"@type":"Organization","@id":"https:\/\/prixgro.com\/#organization","name":"Prixgro","url":"https:\/\/prixgro.com\/","logo":{"@type":"ImageObject","inLanguage":"ar","@id":"https:\/\/prixgro.com\/#\/schema\/logo\/image\/","url":"https:\/\/prixgro.com\/wp-content\/uploads\/2024\/08\/cropped-Nouveau-projet-2.png","contentUrl":"https:\/\/prixgro.com\/wp-content\/uploads\/2024\/08\/cropped-Nouveau-projet-2.png","width":265,"height":62,"caption":"Prixgro"},"image":{"@id":"https:\/\/prixgro.com\/#\/schema\/logo\/image\/"},"sameAs":["https:\/\/www.facebook.com\/Pharmacima"]}]}},"_links":{"self":[{"href":"https:\/\/prixgro.com\/ar\/wp-json\/wp\/v2\/product\/142365","targetHints":{"allow":["GET"]}}],"collection":[{"href":"https:\/\/prixgro.com\/ar\/wp-json\/wp\/v2\/product"}],"about":[{"href":"https:\/\/prixgro.com\/ar\/wp-json\/wp\/v2\/types\/product"}],"replies":[{"embeddable":true,"href":"https:\/\/prixgro.com\/ar\/wp-json\/wp\/v2\/comments?post=142365"}],"wp:featuredmedia":[{"embeddable":true,"href":"https:\/\/prixgro.com\/ar\/wp-json\/wp\/v2\/media\/11767"}],"wp:attachment":[{"href":"https:\/\/prixgro.com\/ar\/wp-json\/wp\/v2\/media?parent=142365"}],"wp:term":[{"taxonomy":"product_cat","embeddable":true,"href":"https:\/\/prixgro.com\/ar\/wp-json\/wp\/v2\/product_cat?post=142365"},{"taxonomy":"product_tag","embeddable":true,"href":"https:\/\/prixgro.com\/ar\/wp-json\/wp\/v2\/product_tag?post=142365"},{"taxonomy":"berocket_brand","embeddable":true,"href":"https:\/\/prixgro.com\/ar\/wp-json\/wp\/v2\/berocket_brand?post=142365"}],"curies":[{"name":"wp","href":"https:\/\/api.w.org\/{rel}","templated":true}]}}