{"id":142374,"date":"2024-04-09T14:32:48","date_gmt":"2024-04-09T12:32:48","guid":{"rendered":"https:\/\/cloodmanager.net\/?post_type=product&#038;p=142374"},"modified":"2024-08-08T13:39:27","modified_gmt":"2024-08-08T11:39:27","slug":"aloe-2-nag-2-solution-30ml-the-ordinary","status":"publish","type":"product","link":"https:\/\/prixgro.com\/ar\/product\/aloe-2-nag-2-solution-30ml-the-ordinary\/","title":{"rendered":"Aloe 2% + NAG 2% Solution 30ml The Ordinary"},"content":{"rendered":"<h2><strong>DESCRIPTION :<\/strong><\/h2>\n<p>Aloe 2% + NAG 2% Solution est un s\u00e9rum apaisant l\u00e9ger formul\u00e9 pour les peaux sujettes aux imperfections.\u00a0Il r\u00e9duit l&#8217;apparence des marques post-acn\u00e9iques gr\u00e2ce \u00e0 l&#8217;inclusion d&#8217;ingr\u00e9dients qui ciblent l&#8217;apparence et la sensation du teint et de la texture in\u00e9gaux de la peau, tout en aidant \u00e9galement \u00e0 r\u00e9duire l&#8217;apparence des pores et \u00e0 renforcer la barri\u00e8re cutan\u00e9e.<\/p>\n<p>Cette formulation contient de la poudre de jus de feuilles d&#8217;aloe barbadensis pour l&#8217;hydratation.\u00a0Il contient \u00e9galement de la N-ac\u00e9tylglucosamine (NAG), un ingr\u00e9dient d\u00e9riv\u00e9 de la biotechnologie qui s&#8217;est av\u00e9r\u00e9 efficace pour cibler l&#8217;apparence d&#8217;un teint irr\u00e9gulier.<\/p>\n<p>Il est en outre soutenu par la technologie peptidique palmitoyl pentapeptide-4 qui cible la sensation des irr\u00e9gularit\u00e9s de texture, tout en offrant un soutien de barri\u00e8re<\/p>\n<h2><strong>CONSEIL D&#8217;UTILISATION :<\/strong><\/h2>\n<p>Appliquez quelques gouttes sur le visage matin et soir. En cas d&#8217;irritation, rincer, cesser l&#8217;utilisation et consulter un m\u00e9decin.<br \/>\nIl est conseill\u00e9 d&#8217;effectuer un test \u00e9picutan\u00e9 avant utilisation. Tenir hors de port\u00e9e des enfants. Utiliser uniquement selon les instructions sur une peau saine.<\/p>\n<h2><strong>COMPOSITION :<\/strong><\/h2>\n<div class=\"prdct__content go-back\">\n<div id=\"prdct-details\" class=\"prdct__details\">\n<div class=\"prdct__details-wrap\">\n<div id=\"ingredients\" class=\"prdct__details-content\">\n<p>La Solution \u00e0 l&#8217;Aloe 2\u00a0% + NAG 2\u00a0% est un s\u00e9rum apaisant et l\u00e9ger formul\u00e9 pour les peaux \u00e0 imperfections. Elle r\u00e9duit l&#8217;apparence des marques post-acn\u00e9 gr\u00e2ce \u00e0 l&#8217;inclusion d&#8217;ingr\u00e9dients qui ciblent l&#8217;aspect et la sensation d&#8217;un teint et d&#8217;un grain de peau irr\u00e9guliers, tout en aidant \u00e0 r\u00e9duire l&#8217;apparence des pores et \u00e0 renforcer la barri\u00e8re cutan\u00e9e. Cette formule contient de la poudre de jus de feuilles d\u2019Aloe barbadensis pour l\u2019hydratation. Elle contient \u00e9galement de la N-ac\u00e9tylglucosamine (NAG), un ingr\u00e9dient issu de la biotechnologie qui s&#8217;est av\u00e9r\u00e9 efficace pour cibler l&#8217;apparence d&#8217;un teint irr\u00e9gulier. Elle est \u00e9galement enrichie par la technologie peptidique \u00e0 base de palmitoyl pentapeptide-4 qui cible la sensation des irr\u00e9gularit\u00e9s de grain, tout en assurant une barri\u00e8re efficace.<\/p>\n<\/div>\n<\/div>\n<\/div>\n<\/div>\n<div class=\"prdct__curalate\" data-crl8-container-id=\"product\" data-crl8-filter=\"productId:312100\">\n<div id=\"crl8-product-carousel\">\n<div>\n<div>\n<div class=\"sc-16tt03d-0 bwjkag\" aria-hidden=\"false\">\n<div class=\"sc-2ky50q-0 eCzXLU\">\n<div><\/div>\n<\/div>\n<\/div>\n<\/div>\n<\/div>\n<\/div>\n<\/div>","protected":false},"excerpt":{"rendered":"<p><span style=\"color: #339966;\"><strong><em>Une solution apaisante pour les marques post-acn\u00e9iques.<\/em><\/strong><\/span><\/p>\n<p><strong>Contenace : 30ml<\/strong><\/p>","protected":false},"featured_media":11784,"comment_status":"open","ping_status":"closed","template":"","meta":[],"product_cat":[17,36],"product_tag":[38,43,256,251,63,112,138],"berocket_brand":[460],"class_list":{"0":"post-142374","1":"product","2":"type-product","3":"status-publish","4":"has-post-thumbnail","6":"product_cat-soin-et-bien-etre","7":"product_cat-visage-soin-et-bien-etre","8":"product_tag-aloe-verra","9":"product_tag-hydratant","10":"product_tag-resserre-les-pores","11":"product_tag-serum-2","12":"product_tag-soin-apaisant","13":"product_tag-tous-types-de-peaux","14":"product_tag-unifie-le-teint","15":"berocket_brand-theordinary","17":"first","18":"outofstock","19":"shipping-taxable","20":"purchasable","21":"product-type-simple"},"yoast_head":"<!-- This site is optimized with the Yoast SEO plugin v24.8 - https:\/\/yoast.com\/wordpress\/plugins\/seo\/ -->\n<title>Aloe 2% + NAG 2% Solution 30ml The Ordinary - Prixgro<\/title>\n<meta name=\"robots\" content=\"index, follow, max-snippet:-1, max-image-preview:large, max-video-preview:-1\" \/>\n<link rel=\"canonical\" href=\"https:\/\/prixgro.com\/ar\/product\/aloe-2-nag-2-solution-30ml-the-ordinary\/\" \/>\n<meta property=\"og:locale\" content=\"ar_AR\" \/>\n<meta property=\"og:type\" content=\"article\" \/>\n<meta property=\"og:title\" content=\"Aloe 2% + NAG 2% Solution 30ml The Ordinary - Prixgro\" \/>\n<meta property=\"og:description\" content=\"Une solution apaisante pour les marques post-acn\u00e9iques.  Contenace : 30ml\" \/>\n<meta property=\"og:url\" content=\"https:\/\/prixgro.com\/ar\/product\/aloe-2-nag-2-solution-30ml-the-ordinary\/\" \/>\n<meta property=\"og:site_name\" content=\"Prixgro\" \/>\n<meta property=\"article:publisher\" content=\"https:\/\/www.facebook.com\/Pharmacima\" \/>\n<meta property=\"article:modified_time\" content=\"2024-08-08T11:39:27+00:00\" \/>\n<meta property=\"og:image\" content=\"https:\/\/prixgro.com\/wp-content\/uploads\/2024\/01\/aloe-2-.png\" \/>\n\t<meta property=\"og:image:width\" content=\"540\" \/>\n\t<meta property=\"og:image:height\" content=\"540\" \/>\n\t<meta property=\"og:image:type\" content=\"image\/png\" \/>\n<meta name=\"twitter:card\" content=\"summary_large_image\" \/>\n<meta name=\"twitter:label1\" content=\"\u0648\u0642\u062a \u0627\u0644\u0642\u0631\u0627\u0621\u0629 \u0627\u0644\u0645\u064f\u0642\u062f\u0651\u0631\" \/>\n\t<meta name=\"twitter:data1\" content=\"\u062f\u0642\u064a\u0642\u062a\u0627\u0646\" \/>\n<script type=\"application\/ld+json\" class=\"yoast-schema-graph\">{\"@context\":\"https:\/\/schema.org\",\"@graph\":[{\"@type\":\"WebPage\",\"@id\":\"https:\/\/prixgro.com\/product\/aloe-2-nag-2-solution-30ml-the-ordinary\/\",\"url\":\"https:\/\/prixgro.com\/product\/aloe-2-nag-2-solution-30ml-the-ordinary\/\",\"name\":\"Aloe 2% + NAG 2% Solution 30ml The Ordinary - Prixgro\",\"isPartOf\":{\"@id\":\"https:\/\/prixgro.com\/#website\"},\"primaryImageOfPage\":{\"@id\":\"https:\/\/prixgro.com\/product\/aloe-2-nag-2-solution-30ml-the-ordinary\/#primaryimage\"},\"image\":{\"@id\":\"https:\/\/prixgro.com\/product\/aloe-2-nag-2-solution-30ml-the-ordinary\/#primaryimage\"},\"thumbnailUrl\":\"https:\/\/prixgro.com\/wp-content\/uploads\/2024\/01\/aloe-2-.png\",\"datePublished\":\"2024-04-09T12:32:48+00:00\",\"dateModified\":\"2024-08-08T11:39:27+00:00\",\"breadcrumb\":{\"@id\":\"https:\/\/prixgro.com\/product\/aloe-2-nag-2-solution-30ml-the-ordinary\/#breadcrumb\"},\"inLanguage\":\"ar\",\"potentialAction\":[{\"@type\":\"ReadAction\",\"target\":[\"https:\/\/prixgro.com\/product\/aloe-2-nag-2-solution-30ml-the-ordinary\/\"]}]},{\"@type\":\"ImageObject\",\"inLanguage\":\"ar\",\"@id\":\"https:\/\/prixgro.com\/product\/aloe-2-nag-2-solution-30ml-the-ordinary\/#primaryimage\",\"url\":\"https:\/\/prixgro.com\/wp-content\/uploads\/2024\/01\/aloe-2-.png\",\"contentUrl\":\"https:\/\/prixgro.com\/wp-content\/uploads\/2024\/01\/aloe-2-.png\",\"width\":540,\"height\":540},{\"@type\":\"BreadcrumbList\",\"@id\":\"https:\/\/prixgro.com\/product\/aloe-2-nag-2-solution-30ml-the-ordinary\/#breadcrumb\",\"itemListElement\":[{\"@type\":\"ListItem\",\"position\":1,\"name\":\"Accueil\",\"item\":\"https:\/\/prixgro.com\/\"},{\"@type\":\"ListItem\",\"position\":2,\"name\":\"Boutique en ligne\",\"item\":\"https:\/\/prixgro.com\/shop\/\"},{\"@type\":\"ListItem\",\"position\":3,\"name\":\"Aloe 2% + NAG 2% Solution 30ml The Ordinary\"}]},{\"@type\":\"WebSite\",\"@id\":\"https:\/\/prixgro.com\/#website\",\"url\":\"https:\/\/prixgro.com\/\",\"name\":\"Prixgro.com\",\"description\":\"Para Pharmaceutique et Cosm\u00e9tique\",\"publisher\":{\"@id\":\"https:\/\/prixgro.com\/#organization\"},\"potentialAction\":[{\"@type\":\"SearchAction\",\"target\":{\"@type\":\"EntryPoint\",\"urlTemplate\":\"https:\/\/prixgro.com\/?s={search_term_string}\"},\"query-input\":{\"@type\":\"PropertyValueSpecification\",\"valueRequired\":true,\"valueName\":\"search_term_string\"}}],\"inLanguage\":\"ar\"},{\"@type\":\"Organization\",\"@id\":\"https:\/\/prixgro.com\/#organization\",\"name\":\"Prixgro\",\"url\":\"https:\/\/prixgro.com\/\",\"logo\":{\"@type\":\"ImageObject\",\"inLanguage\":\"ar\",\"@id\":\"https:\/\/prixgro.com\/#\/schema\/logo\/image\/\",\"url\":\"https:\/\/prixgro.com\/wp-content\/uploads\/2024\/08\/cropped-Nouveau-projet-2.png\",\"contentUrl\":\"https:\/\/prixgro.com\/wp-content\/uploads\/2024\/08\/cropped-Nouveau-projet-2.png\",\"width\":265,\"height\":62,\"caption\":\"Prixgro\"},\"image\":{\"@id\":\"https:\/\/prixgro.com\/#\/schema\/logo\/image\/\"},\"sameAs\":[\"https:\/\/www.facebook.com\/Pharmacima\"]}]}<\/script>\n<!-- \/ Yoast SEO plugin. -->","yoast_head_json":{"title":"Aloe 2% + NAG 2% Solution 30ml The Ordinary - Prixgro","robots":{"index":"index","follow":"follow","max-snippet":"max-snippet:-1","max-image-preview":"max-image-preview:large","max-video-preview":"max-video-preview:-1"},"canonical":"https:\/\/prixgro.com\/ar\/product\/aloe-2-nag-2-solution-30ml-the-ordinary\/","og_locale":"ar_AR","og_type":"article","og_title":"Aloe 2% + NAG 2% Solution 30ml The Ordinary - Prixgro","og_description":"Une solution apaisante pour les marques post-acn\u00e9iques.  Contenace : 30ml","og_url":"https:\/\/prixgro.com\/ar\/product\/aloe-2-nag-2-solution-30ml-the-ordinary\/","og_site_name":"Prixgro","article_publisher":"https:\/\/www.facebook.com\/Pharmacima","article_modified_time":"2024-08-08T11:39:27+00:00","og_image":[{"width":540,"height":540,"url":"https:\/\/prixgro.com\/wp-content\/uploads\/2024\/01\/aloe-2-.png","type":"image\/png"}],"twitter_card":"summary_large_image","twitter_misc":{"\u0648\u0642\u062a \u0627\u0644\u0642\u0631\u0627\u0621\u0629 \u0627\u0644\u0645\u064f\u0642\u062f\u0651\u0631":"\u062f\u0642\u064a\u0642\u062a\u0627\u0646"},"schema":{"@context":"https:\/\/schema.org","@graph":[{"@type":"WebPage","@id":"https:\/\/prixgro.com\/product\/aloe-2-nag-2-solution-30ml-the-ordinary\/","url":"https:\/\/prixgro.com\/product\/aloe-2-nag-2-solution-30ml-the-ordinary\/","name":"Aloe 2% + NAG 2% Solution 30ml The Ordinary - Prixgro","isPartOf":{"@id":"https:\/\/prixgro.com\/#website"},"primaryImageOfPage":{"@id":"https:\/\/prixgro.com\/product\/aloe-2-nag-2-solution-30ml-the-ordinary\/#primaryimage"},"image":{"@id":"https:\/\/prixgro.com\/product\/aloe-2-nag-2-solution-30ml-the-ordinary\/#primaryimage"},"thumbnailUrl":"https:\/\/prixgro.com\/wp-content\/uploads\/2024\/01\/aloe-2-.png","datePublished":"2024-04-09T12:32:48+00:00","dateModified":"2024-08-08T11:39:27+00:00","breadcrumb":{"@id":"https:\/\/prixgro.com\/product\/aloe-2-nag-2-solution-30ml-the-ordinary\/#breadcrumb"},"inLanguage":"ar","potentialAction":[{"@type":"ReadAction","target":["https:\/\/prixgro.com\/product\/aloe-2-nag-2-solution-30ml-the-ordinary\/"]}]},{"@type":"ImageObject","inLanguage":"ar","@id":"https:\/\/prixgro.com\/product\/aloe-2-nag-2-solution-30ml-the-ordinary\/#primaryimage","url":"https:\/\/prixgro.com\/wp-content\/uploads\/2024\/01\/aloe-2-.png","contentUrl":"https:\/\/prixgro.com\/wp-content\/uploads\/2024\/01\/aloe-2-.png","width":540,"height":540},{"@type":"BreadcrumbList","@id":"https:\/\/prixgro.com\/product\/aloe-2-nag-2-solution-30ml-the-ordinary\/#breadcrumb","itemListElement":[{"@type":"ListItem","position":1,"name":"Accueil","item":"https:\/\/prixgro.com\/"},{"@type":"ListItem","position":2,"name":"Boutique en ligne","item":"https:\/\/prixgro.com\/shop\/"},{"@type":"ListItem","position":3,"name":"Aloe 2% + NAG 2% Solution 30ml The Ordinary"}]},{"@type":"WebSite","@id":"https:\/\/prixgro.com\/#website","url":"https:\/\/prixgro.com\/","name":"Prixgro.com","description":"Para Pharmaceutique et Cosm\u00e9tique","publisher":{"@id":"https:\/\/prixgro.com\/#organization"},"potentialAction":[{"@type":"SearchAction","target":{"@type":"EntryPoint","urlTemplate":"https:\/\/prixgro.com\/?s={search_term_string}"},"query-input":{"@type":"PropertyValueSpecification","valueRequired":true,"valueName":"search_term_string"}}],"inLanguage":"ar"},{"@type":"Organization","@id":"https:\/\/prixgro.com\/#organization","name":"Prixgro","url":"https:\/\/prixgro.com\/","logo":{"@type":"ImageObject","inLanguage":"ar","@id":"https:\/\/prixgro.com\/#\/schema\/logo\/image\/","url":"https:\/\/prixgro.com\/wp-content\/uploads\/2024\/08\/cropped-Nouveau-projet-2.png","contentUrl":"https:\/\/prixgro.com\/wp-content\/uploads\/2024\/08\/cropped-Nouveau-projet-2.png","width":265,"height":62,"caption":"Prixgro"},"image":{"@id":"https:\/\/prixgro.com\/#\/schema\/logo\/image\/"},"sameAs":["https:\/\/www.facebook.com\/Pharmacima"]}]}},"_links":{"self":[{"href":"https:\/\/prixgro.com\/ar\/wp-json\/wp\/v2\/product\/142374","targetHints":{"allow":["GET"]}}],"collection":[{"href":"https:\/\/prixgro.com\/ar\/wp-json\/wp\/v2\/product"}],"about":[{"href":"https:\/\/prixgro.com\/ar\/wp-json\/wp\/v2\/types\/product"}],"replies":[{"embeddable":true,"href":"https:\/\/prixgro.com\/ar\/wp-json\/wp\/v2\/comments?post=142374"}],"wp:featuredmedia":[{"embeddable":true,"href":"https:\/\/prixgro.com\/ar\/wp-json\/wp\/v2\/media\/11784"}],"wp:attachment":[{"href":"https:\/\/prixgro.com\/ar\/wp-json\/wp\/v2\/media?parent=142374"}],"wp:term":[{"taxonomy":"product_cat","embeddable":true,"href":"https:\/\/prixgro.com\/ar\/wp-json\/wp\/v2\/product_cat?post=142374"},{"taxonomy":"product_tag","embeddable":true,"href":"https:\/\/prixgro.com\/ar\/wp-json\/wp\/v2\/product_tag?post=142374"},{"taxonomy":"berocket_brand","embeddable":true,"href":"https:\/\/prixgro.com\/ar\/wp-json\/wp\/v2\/berocket_brand?post=142374"}],"curies":[{"name":"wp","href":"https:\/\/api.w.org\/{rel}","templated":true}]}}