{"id":142380,"date":"2024-04-09T14:32:48","date_gmt":"2024-04-09T12:32:48","guid":{"rendered":"https:\/\/cloodmanager.net\/?post_type=product&#038;p=142380"},"modified":"2024-08-08T13:40:54","modified_gmt":"2024-08-08T11:40:54","slug":"preservatifs-sexy-fraise-12-pieces-standard-durex","status":"publish","type":"product","link":"https:\/\/prixgro.com\/ar\/product\/preservatifs-sexy-fraise-12-pieces-standard-durex\/","title":{"rendered":"Pr\u00e9servatifs Sexy Fraise 12 pi\u00e8ces Standard Durex"},"content":{"rendered":"<h2><strong>DESCRIPTION :<\/strong><\/h2>\n<h4><strong>POURQUOI VOUS ALLEZ LES AIMER<\/strong><\/h4>\n<ul>\n<li>Saveur fraise pour un peu de douceur<\/li>\n<li>Odeur de fraise pour ravir vos sens<\/li>\n<li>Sans sucre<\/li>\n<\/ul>\n<p>Avec les pr\u00e9servatifs Durex \u00e0 la fraise, les rapports sexuels sont encore plus fun. La saveur et l\u2019odeur de ces pr\u00e9servatifs aromatis\u00e9s \u00e0 la fraise vous donneront encore plus de plaisir en ravissant tous vos sens.<\/p>\n<ul>\n<li>Extra lubrifi\u00e9s avec un lubrifiant \u00e0 base de silicone \u00e0 l\u2019ar\u00f4me de fraise<\/li>\n<li>Qualit\u00e9 Durex : Test\u00e9 \u00e9lectroniquement \u00e0 100 %, cinq tests de qualit\u00e9 suppl\u00e9mentaires sont r\u00e9alis\u00e9s sur chaque lot.<\/li>\n<\/ul>","protected":false},"excerpt":{"rendered":"<p>DESCRIPTION : POURQUOI VOUS ALLEZ LES AIMER Saveur fraise pour un peu de douceur Odeur de fraise pour ravir vos&#8230;<\/p>","protected":false},"featured_media":11798,"comment_status":"open","ping_status":"closed","template":"","meta":[],"product_cat":[28],"product_tag":[34,324],"berocket_brand":[657],"class_list":{"0":"post-142380","1":"product","2":"type-product","3":"status-publish","4":"has-post-thumbnail","6":"product_cat-hygiene-et-protection","7":"product_tag-gel","8":"product_tag-silicone","9":"berocket_brand-durex","11":"first","12":"outofstock","13":"shipping-taxable","14":"purchasable","15":"product-type-simple"},"yoast_head":"<!-- This site is optimized with the Yoast SEO plugin v24.8 - https:\/\/yoast.com\/wordpress\/plugins\/seo\/ -->\n<title>Pr\u00e9servatifs Sexy Fraise 12 pi\u00e8ces Standard Durex - Prixgro<\/title>\n<meta name=\"robots\" content=\"index, follow, max-snippet:-1, max-image-preview:large, max-video-preview:-1\" \/>\n<link rel=\"canonical\" href=\"https:\/\/prixgro.com\/ar\/product\/preservatifs-sexy-fraise-12-pieces-standard-durex\/\" \/>\n<meta property=\"og:locale\" content=\"ar_AR\" \/>\n<meta property=\"og:type\" content=\"article\" \/>\n<meta property=\"og:title\" content=\"Pr\u00e9servatifs Sexy Fraise 12 pi\u00e8ces Standard Durex - Prixgro\" \/>\n<meta property=\"og:description\" content=\"DESCRIPTION : POURQUOI VOUS ALLEZ LES AIMER Saveur fraise pour un peu de douceur Odeur de fraise pour ravir vos...\" \/>\n<meta property=\"og:url\" content=\"https:\/\/prixgro.com\/ar\/product\/preservatifs-sexy-fraise-12-pieces-standard-durex\/\" \/>\n<meta property=\"og:site_name\" content=\"Prixgro\" \/>\n<meta property=\"article:publisher\" content=\"https:\/\/www.facebook.com\/Pharmacima\" \/>\n<meta property=\"article:modified_time\" content=\"2024-08-08T11:40:54+00:00\" \/>\n<meta property=\"og:image\" content=\"https:\/\/prixgro.com\/wp-content\/uploads\/2024\/01\/4800711-7-3059948007111-durex-preservatifs-sexy-fraise-12-preservatifs-parfumesnum2-e1696854722876.jpg\" \/>\n\t<meta property=\"og:image:width\" content=\"450\" \/>\n\t<meta property=\"og:image:height\" content=\"450\" \/>\n\t<meta property=\"og:image:type\" content=\"image\/jpeg\" \/>\n<meta name=\"twitter:card\" content=\"summary_large_image\" \/>\n<script type=\"application\/ld+json\" class=\"yoast-schema-graph\">{\"@context\":\"https:\/\/schema.org\",\"@graph\":[{\"@type\":\"WebPage\",\"@id\":\"https:\/\/prixgro.com\/product\/preservatifs-sexy-fraise-12-pieces-standard-durex\/\",\"url\":\"https:\/\/prixgro.com\/product\/preservatifs-sexy-fraise-12-pieces-standard-durex\/\",\"name\":\"Pr\u00e9servatifs Sexy Fraise 12 pi\u00e8ces Standard Durex - Prixgro\",\"isPartOf\":{\"@id\":\"https:\/\/prixgro.com\/#website\"},\"primaryImageOfPage\":{\"@id\":\"https:\/\/prixgro.com\/product\/preservatifs-sexy-fraise-12-pieces-standard-durex\/#primaryimage\"},\"image\":{\"@id\":\"https:\/\/prixgro.com\/product\/preservatifs-sexy-fraise-12-pieces-standard-durex\/#primaryimage\"},\"thumbnailUrl\":\"https:\/\/prixgro.com\/wp-content\/uploads\/2024\/01\/4800711-7-3059948007111-durex-preservatifs-sexy-fraise-12-preservatifs-parfumesnum2-e1696854722876.jpg\",\"datePublished\":\"2024-04-09T12:32:48+00:00\",\"dateModified\":\"2024-08-08T11:40:54+00:00\",\"breadcrumb\":{\"@id\":\"https:\/\/prixgro.com\/product\/preservatifs-sexy-fraise-12-pieces-standard-durex\/#breadcrumb\"},\"inLanguage\":\"ar\",\"potentialAction\":[{\"@type\":\"ReadAction\",\"target\":[\"https:\/\/prixgro.com\/product\/preservatifs-sexy-fraise-12-pieces-standard-durex\/\"]}]},{\"@type\":\"ImageObject\",\"inLanguage\":\"ar\",\"@id\":\"https:\/\/prixgro.com\/product\/preservatifs-sexy-fraise-12-pieces-standard-durex\/#primaryimage\",\"url\":\"https:\/\/prixgro.com\/wp-content\/uploads\/2024\/01\/4800711-7-3059948007111-durex-preservatifs-sexy-fraise-12-preservatifs-parfumesnum2-e1696854722876.jpg\",\"contentUrl\":\"https:\/\/prixgro.com\/wp-content\/uploads\/2024\/01\/4800711-7-3059948007111-durex-preservatifs-sexy-fraise-12-preservatifs-parfumesnum2-e1696854722876.jpg\",\"width\":450,\"height\":450},{\"@type\":\"BreadcrumbList\",\"@id\":\"https:\/\/prixgro.com\/product\/preservatifs-sexy-fraise-12-pieces-standard-durex\/#breadcrumb\",\"itemListElement\":[{\"@type\":\"ListItem\",\"position\":1,\"name\":\"Accueil\",\"item\":\"https:\/\/prixgro.com\/\"},{\"@type\":\"ListItem\",\"position\":2,\"name\":\"Boutique en ligne\",\"item\":\"https:\/\/prixgro.com\/shop\/\"},{\"@type\":\"ListItem\",\"position\":3,\"name\":\"Pr\u00e9servatifs Sexy Fraise 12 pi\u00e8ces Standard Durex\"}]},{\"@type\":\"WebSite\",\"@id\":\"https:\/\/prixgro.com\/#website\",\"url\":\"https:\/\/prixgro.com\/\",\"name\":\"Prixgro.com\",\"description\":\"Para Pharmaceutique et Cosm\u00e9tique\",\"publisher\":{\"@id\":\"https:\/\/prixgro.com\/#organization\"},\"potentialAction\":[{\"@type\":\"SearchAction\",\"target\":{\"@type\":\"EntryPoint\",\"urlTemplate\":\"https:\/\/prixgro.com\/?s={search_term_string}\"},\"query-input\":{\"@type\":\"PropertyValueSpecification\",\"valueRequired\":true,\"valueName\":\"search_term_string\"}}],\"inLanguage\":\"ar\"},{\"@type\":\"Organization\",\"@id\":\"https:\/\/prixgro.com\/#organization\",\"name\":\"Prixgro\",\"url\":\"https:\/\/prixgro.com\/\",\"logo\":{\"@type\":\"ImageObject\",\"inLanguage\":\"ar\",\"@id\":\"https:\/\/prixgro.com\/#\/schema\/logo\/image\/\",\"url\":\"https:\/\/prixgro.com\/wp-content\/uploads\/2024\/08\/cropped-Nouveau-projet-2.png\",\"contentUrl\":\"https:\/\/prixgro.com\/wp-content\/uploads\/2024\/08\/cropped-Nouveau-projet-2.png\",\"width\":265,\"height\":62,\"caption\":\"Prixgro\"},\"image\":{\"@id\":\"https:\/\/prixgro.com\/#\/schema\/logo\/image\/\"},\"sameAs\":[\"https:\/\/www.facebook.com\/Pharmacima\"]}]}<\/script>\n<!-- \/ Yoast SEO plugin. -->","yoast_head_json":{"title":"Pr\u00e9servatifs Sexy Fraise 12 pi\u00e8ces Standard Durex - Prixgro","robots":{"index":"index","follow":"follow","max-snippet":"max-snippet:-1","max-image-preview":"max-image-preview:large","max-video-preview":"max-video-preview:-1"},"canonical":"https:\/\/prixgro.com\/ar\/product\/preservatifs-sexy-fraise-12-pieces-standard-durex\/","og_locale":"ar_AR","og_type":"article","og_title":"Pr\u00e9servatifs Sexy Fraise 12 pi\u00e8ces Standard Durex - Prixgro","og_description":"DESCRIPTION : POURQUOI VOUS ALLEZ LES AIMER Saveur fraise pour un peu de douceur Odeur de fraise pour ravir vos...","og_url":"https:\/\/prixgro.com\/ar\/product\/preservatifs-sexy-fraise-12-pieces-standard-durex\/","og_site_name":"Prixgro","article_publisher":"https:\/\/www.facebook.com\/Pharmacima","article_modified_time":"2024-08-08T11:40:54+00:00","og_image":[{"width":450,"height":450,"url":"https:\/\/prixgro.com\/wp-content\/uploads\/2024\/01\/4800711-7-3059948007111-durex-preservatifs-sexy-fraise-12-preservatifs-parfumesnum2-e1696854722876.jpg","type":"image\/jpeg"}],"twitter_card":"summary_large_image","schema":{"@context":"https:\/\/schema.org","@graph":[{"@type":"WebPage","@id":"https:\/\/prixgro.com\/product\/preservatifs-sexy-fraise-12-pieces-standard-durex\/","url":"https:\/\/prixgro.com\/product\/preservatifs-sexy-fraise-12-pieces-standard-durex\/","name":"Pr\u00e9servatifs Sexy Fraise 12 pi\u00e8ces Standard Durex - Prixgro","isPartOf":{"@id":"https:\/\/prixgro.com\/#website"},"primaryImageOfPage":{"@id":"https:\/\/prixgro.com\/product\/preservatifs-sexy-fraise-12-pieces-standard-durex\/#primaryimage"},"image":{"@id":"https:\/\/prixgro.com\/product\/preservatifs-sexy-fraise-12-pieces-standard-durex\/#primaryimage"},"thumbnailUrl":"https:\/\/prixgro.com\/wp-content\/uploads\/2024\/01\/4800711-7-3059948007111-durex-preservatifs-sexy-fraise-12-preservatifs-parfumesnum2-e1696854722876.jpg","datePublished":"2024-04-09T12:32:48+00:00","dateModified":"2024-08-08T11:40:54+00:00","breadcrumb":{"@id":"https:\/\/prixgro.com\/product\/preservatifs-sexy-fraise-12-pieces-standard-durex\/#breadcrumb"},"inLanguage":"ar","potentialAction":[{"@type":"ReadAction","target":["https:\/\/prixgro.com\/product\/preservatifs-sexy-fraise-12-pieces-standard-durex\/"]}]},{"@type":"ImageObject","inLanguage":"ar","@id":"https:\/\/prixgro.com\/product\/preservatifs-sexy-fraise-12-pieces-standard-durex\/#primaryimage","url":"https:\/\/prixgro.com\/wp-content\/uploads\/2024\/01\/4800711-7-3059948007111-durex-preservatifs-sexy-fraise-12-preservatifs-parfumesnum2-e1696854722876.jpg","contentUrl":"https:\/\/prixgro.com\/wp-content\/uploads\/2024\/01\/4800711-7-3059948007111-durex-preservatifs-sexy-fraise-12-preservatifs-parfumesnum2-e1696854722876.jpg","width":450,"height":450},{"@type":"BreadcrumbList","@id":"https:\/\/prixgro.com\/product\/preservatifs-sexy-fraise-12-pieces-standard-durex\/#breadcrumb","itemListElement":[{"@type":"ListItem","position":1,"name":"Accueil","item":"https:\/\/prixgro.com\/"},{"@type":"ListItem","position":2,"name":"Boutique en ligne","item":"https:\/\/prixgro.com\/shop\/"},{"@type":"ListItem","position":3,"name":"Pr\u00e9servatifs Sexy Fraise 12 pi\u00e8ces Standard Durex"}]},{"@type":"WebSite","@id":"https:\/\/prixgro.com\/#website","url":"https:\/\/prixgro.com\/","name":"Prixgro.com","description":"Para Pharmaceutique et Cosm\u00e9tique","publisher":{"@id":"https:\/\/prixgro.com\/#organization"},"potentialAction":[{"@type":"SearchAction","target":{"@type":"EntryPoint","urlTemplate":"https:\/\/prixgro.com\/?s={search_term_string}"},"query-input":{"@type":"PropertyValueSpecification","valueRequired":true,"valueName":"search_term_string"}}],"inLanguage":"ar"},{"@type":"Organization","@id":"https:\/\/prixgro.com\/#organization","name":"Prixgro","url":"https:\/\/prixgro.com\/","logo":{"@type":"ImageObject","inLanguage":"ar","@id":"https:\/\/prixgro.com\/#\/schema\/logo\/image\/","url":"https:\/\/prixgro.com\/wp-content\/uploads\/2024\/08\/cropped-Nouveau-projet-2.png","contentUrl":"https:\/\/prixgro.com\/wp-content\/uploads\/2024\/08\/cropped-Nouveau-projet-2.png","width":265,"height":62,"caption":"Prixgro"},"image":{"@id":"https:\/\/prixgro.com\/#\/schema\/logo\/image\/"},"sameAs":["https:\/\/www.facebook.com\/Pharmacima"]}]}},"_links":{"self":[{"href":"https:\/\/prixgro.com\/ar\/wp-json\/wp\/v2\/product\/142380","targetHints":{"allow":["GET"]}}],"collection":[{"href":"https:\/\/prixgro.com\/ar\/wp-json\/wp\/v2\/product"}],"about":[{"href":"https:\/\/prixgro.com\/ar\/wp-json\/wp\/v2\/types\/product"}],"replies":[{"embeddable":true,"href":"https:\/\/prixgro.com\/ar\/wp-json\/wp\/v2\/comments?post=142380"}],"wp:featuredmedia":[{"embeddable":true,"href":"https:\/\/prixgro.com\/ar\/wp-json\/wp\/v2\/media\/11798"}],"wp:attachment":[{"href":"https:\/\/prixgro.com\/ar\/wp-json\/wp\/v2\/media?parent=142380"}],"wp:term":[{"taxonomy":"product_cat","embeddable":true,"href":"https:\/\/prixgro.com\/ar\/wp-json\/wp\/v2\/product_cat?post=142380"},{"taxonomy":"product_tag","embeddable":true,"href":"https:\/\/prixgro.com\/ar\/wp-json\/wp\/v2\/product_tag?post=142380"},{"taxonomy":"berocket_brand","embeddable":true,"href":"https:\/\/prixgro.com\/ar\/wp-json\/wp\/v2\/berocket_brand?post=142380"}],"curies":[{"name":"wp","href":"https:\/\/api.w.org\/{rel}","templated":true}]}}