{"id":142384,"date":"2024-04-09T14:32:49","date_gmt":"2024-04-09T12:32:49","guid":{"rendered":"https:\/\/cloodmanager.net\/?post_type=product&#038;p=142384"},"modified":"2024-08-14T12:42:31","modified_gmt":"2024-08-14T10:42:31","slug":"resist-anti-aging-hydratant-10ml-paulas-choice","status":"publish","type":"product","link":"https:\/\/prixgro.com\/ar\/product\/resist-anti-aging-hydratant-10ml-paulas-choice\/","title":{"rendered":"Resist Anti-Aging Hydratant 10ml Paula\u2019s choice"},"content":{"rendered":"<h2><strong>DESCRIPTION :\u00a0<\/strong><\/h2>\n<p>La cr\u00e8me hydratante anti-\u00e2ge avanc\u00e9e pour les peaux grasses lisse les ridules et r\u00e9duit les points noirs.<\/p>\n<p>Ce gel-lotion anti-\u00e2ge unique contient de puissants antioxydants et des ingr\u00e9dients de communication cellulaire qui aident \u00e0 att\u00e9nuer les marques post-acn\u00e9iques et \u00e0 favoriser une peau d&#8217;apparence plus jeune.\u00a0La texture l\u00e9g\u00e8re hydrate et nourrit la peau sans la laisser grasse ni provoquer d&#8217;\u00e9ruptions cutan\u00e9es.<\/p>\n<section class=\"features\">\n<h3 class=\"js-accordeon-trigger accordeon-trigger\">Principales caract\u00e9ristiques<\/h3>\n<div class=\"js-accordeon-body accordeon-body\">\n<div class=\"feature-1\">\n<div class=\"content-asset\">\n<ul>\n<li>Combat les signes du vieillissement<\/li>\n<\/ul>\n<\/div>\n<\/div>\n<div class=\"feature-2\">\n<div class=\"content-asset\">\n<ul>\n<li>Convient aux peaux sujettes aux \u00e9ruptions cutan\u00e9es<\/li>\n<\/ul>\n<\/div>\n<\/div>\n<div class=\"feature-3\">\n<div class=\"content-asset\">\n<ul>\n<li>R\u00e9duit la d\u00e9coloration due aux \u00e9ruptions cutan\u00e9es<\/li>\n<\/ul>\n<h2><strong>CONSEIL D&#8217;UTILISATION :<\/strong><\/h2>\n<p>Une cr\u00e8me hydratante de nuit est la derni\u00e8re \u00e9tape de votre routine du soir.<br \/>Appliquez g\u00e9n\u00e9reusement la cr\u00e8me hydratante sur votre visage apr\u00e8s l&#8217;avoir nettoy\u00e9, tonifi\u00e9, exfoli\u00e9 et appliqu\u00e9 un s\u00e9rum antioxydant ou un soin cibl\u00e9.<\/p>\n<h2><strong>COMPOSITION :<\/strong><\/h2>\n<p>Aqua, Cyclopentasiloxane (exhausteur de texture\/hydratation), Neopentanoate d&#8217;octyldod\u00e9cyle (exhausteur de texture), Vinyl Dimethicone\/Methicone Silsesquioxane Crosspolymer (exhausteur de texture\/agent filmog\u00e8ne), Glyc\u00e9rine (reconstituant la peau), Phosphate d&#8217;ascorbyle de sodium (vitamine C\/antioxydant) , Alcool c\u00e9tylique (\u00e9mollient), Niacinamide (r\u00e9parateur de peau), Dim\u00e9thicone (hydratation), Alcool c\u00e9t\u00e9arylique (\u00e9mollient), Butyl\u00e8ne Glycol (agent glissant\/hydratation), St\u00e9arate de glyc\u00e9ryle (exhausteur de texture), St\u00e9arate PEG-100 (exhausteur de texture),\u00a0enisonedA(restauration de la peau), gallate d&#8217;\u00e9pigallocat\u00e9chine (antioxydant d\u00e9riv\u00e9 du th\u00e9 vert), glucose oxydase (hydratation), lactoperoxydase (hydratation\/apaisant), extrait de racine de Boerhavia Diffusa (apaisant pour la peau), extrait de fruit de Cocos Nucifera (noix de coco) (antioxydant), Lactobacillus (hydratation\/apaisement de la peau), Polysilicone-11 (exhausteur de texture), chlorure de sodium (exhausteur de texture), thiocyanate de potassium (hydratation), glucose (hydratation), gomme de xanthane (\u00e9paississant), Ceteareth-20 (agent solubilisant), d\u00e9cyl Glucoside (tensioactif), acide citrique (ajusteur de pH), ph\u00e9noxy\u00e9thanol (conservateur).<\/p>\n<\/div>\n<\/div>\n<\/div>\n<\/section>","protected":false},"excerpt":{"rendered":"<p><\/p>","protected":false},"featured_media":11809,"comment_status":"open","ping_status":"closed","template":"","meta":[],"product_cat":[17,36],"product_tag":[],"berocket_brand":[463],"class_list":{"0":"post-142384","1":"product","2":"type-product","3":"status-publish","4":"has-post-thumbnail","6":"product_cat-soin-et-bien-etre","7":"product_cat-visage-soin-et-bien-etre","8":"berocket_brand-paulaschoice","10":"first","11":"instock","12":"shipping-taxable","13":"purchasable","14":"product-type-simple"},"yoast_head":"<!-- This site is optimized with the Yoast SEO plugin v24.8 - https:\/\/yoast.com\/wordpress\/plugins\/seo\/ -->\n<title>Resist Anti-Aging Hydratant 10ml Paula\u2019s choice - Prixgro<\/title>\n<meta name=\"robots\" content=\"index, follow, max-snippet:-1, max-image-preview:large, max-video-preview:-1\" \/>\n<link rel=\"canonical\" href=\"https:\/\/prixgro.com\/ar\/product\/resist-anti-aging-hydratant-10ml-paulas-choice\/\" \/>\n<meta property=\"og:locale\" content=\"ar_AR\" \/>\n<meta property=\"og:type\" content=\"article\" \/>\n<meta property=\"og:title\" content=\"Resist Anti-Aging Hydratant 10ml Paula\u2019s choice - Prixgro\" \/>\n<meta property=\"og:url\" content=\"https:\/\/prixgro.com\/ar\/product\/resist-anti-aging-hydratant-10ml-paulas-choice\/\" \/>\n<meta property=\"og:site_name\" content=\"Prixgro\" \/>\n<meta property=\"article:publisher\" content=\"https:\/\/www.facebook.com\/Pharmacima\" \/>\n<meta property=\"article:modified_time\" content=\"2024-08-14T10:42:31+00:00\" \/>\n<meta property=\"og:image\" content=\"https:\/\/prixgro.com\/wp-content\/uploads\/2024\/01\/paulas-choice-1.png\" \/>\n\t<meta property=\"og:image:width\" content=\"540\" \/>\n\t<meta property=\"og:image:height\" content=\"540\" \/>\n\t<meta property=\"og:image:type\" content=\"image\/png\" \/>\n<meta name=\"twitter:card\" content=\"summary_large_image\" \/>\n<meta name=\"twitter:label1\" content=\"\u0648\u0642\u062a \u0627\u0644\u0642\u0631\u0627\u0621\u0629 \u0627\u0644\u0645\u064f\u0642\u062f\u0651\u0631\" \/>\n\t<meta name=\"twitter:data1\" content=\"\u062f\u0642\u064a\u0642\u0629 \u0648\u0627\u062d\u062f\u0629\" \/>\n<script type=\"application\/ld+json\" class=\"yoast-schema-graph\">{\"@context\":\"https:\/\/schema.org\",\"@graph\":[{\"@type\":\"WebPage\",\"@id\":\"https:\/\/prixgro.com\/product\/resist-anti-aging-hydratant-10ml-paulas-choice\/\",\"url\":\"https:\/\/prixgro.com\/product\/resist-anti-aging-hydratant-10ml-paulas-choice\/\",\"name\":\"Resist Anti-Aging Hydratant 10ml Paula\u2019s choice - Prixgro\",\"isPartOf\":{\"@id\":\"https:\/\/prixgro.com\/#website\"},\"primaryImageOfPage\":{\"@id\":\"https:\/\/prixgro.com\/product\/resist-anti-aging-hydratant-10ml-paulas-choice\/#primaryimage\"},\"image\":{\"@id\":\"https:\/\/prixgro.com\/product\/resist-anti-aging-hydratant-10ml-paulas-choice\/#primaryimage\"},\"thumbnailUrl\":\"https:\/\/prixgro.com\/wp-content\/uploads\/2024\/01\/paulas-choice-1.png\",\"datePublished\":\"2024-04-09T12:32:49+00:00\",\"dateModified\":\"2024-08-14T10:42:31+00:00\",\"breadcrumb\":{\"@id\":\"https:\/\/prixgro.com\/product\/resist-anti-aging-hydratant-10ml-paulas-choice\/#breadcrumb\"},\"inLanguage\":\"ar\",\"potentialAction\":[{\"@type\":\"ReadAction\",\"target\":[\"https:\/\/prixgro.com\/product\/resist-anti-aging-hydratant-10ml-paulas-choice\/\"]}]},{\"@type\":\"ImageObject\",\"inLanguage\":\"ar\",\"@id\":\"https:\/\/prixgro.com\/product\/resist-anti-aging-hydratant-10ml-paulas-choice\/#primaryimage\",\"url\":\"https:\/\/prixgro.com\/wp-content\/uploads\/2024\/01\/paulas-choice-1.png\",\"contentUrl\":\"https:\/\/prixgro.com\/wp-content\/uploads\/2024\/01\/paulas-choice-1.png\",\"width\":540,\"height\":540},{\"@type\":\"BreadcrumbList\",\"@id\":\"https:\/\/prixgro.com\/product\/resist-anti-aging-hydratant-10ml-paulas-choice\/#breadcrumb\",\"itemListElement\":[{\"@type\":\"ListItem\",\"position\":1,\"name\":\"Accueil\",\"item\":\"https:\/\/prixgro.com\/\"},{\"@type\":\"ListItem\",\"position\":2,\"name\":\"Boutique en ligne\",\"item\":\"https:\/\/prixgro.com\/shop\/\"},{\"@type\":\"ListItem\",\"position\":3,\"name\":\"Resist Anti-Aging Hydratant 10ml Paula\u2019s choice\"}]},{\"@type\":\"WebSite\",\"@id\":\"https:\/\/prixgro.com\/#website\",\"url\":\"https:\/\/prixgro.com\/\",\"name\":\"Prixgro.com\",\"description\":\"Para Pharmaceutique et Cosm\u00e9tique\",\"publisher\":{\"@id\":\"https:\/\/prixgro.com\/#organization\"},\"potentialAction\":[{\"@type\":\"SearchAction\",\"target\":{\"@type\":\"EntryPoint\",\"urlTemplate\":\"https:\/\/prixgro.com\/?s={search_term_string}\"},\"query-input\":{\"@type\":\"PropertyValueSpecification\",\"valueRequired\":true,\"valueName\":\"search_term_string\"}}],\"inLanguage\":\"ar\"},{\"@type\":\"Organization\",\"@id\":\"https:\/\/prixgro.com\/#organization\",\"name\":\"Prixgro\",\"url\":\"https:\/\/prixgro.com\/\",\"logo\":{\"@type\":\"ImageObject\",\"inLanguage\":\"ar\",\"@id\":\"https:\/\/prixgro.com\/#\/schema\/logo\/image\/\",\"url\":\"https:\/\/prixgro.com\/wp-content\/uploads\/2024\/08\/cropped-Nouveau-projet-2.png\",\"contentUrl\":\"https:\/\/prixgro.com\/wp-content\/uploads\/2024\/08\/cropped-Nouveau-projet-2.png\",\"width\":265,\"height\":62,\"caption\":\"Prixgro\"},\"image\":{\"@id\":\"https:\/\/prixgro.com\/#\/schema\/logo\/image\/\"},\"sameAs\":[\"https:\/\/www.facebook.com\/Pharmacima\"]}]}<\/script>\n<!-- \/ Yoast SEO plugin. -->","yoast_head_json":{"title":"Resist Anti-Aging Hydratant 10ml Paula\u2019s choice - Prixgro","robots":{"index":"index","follow":"follow","max-snippet":"max-snippet:-1","max-image-preview":"max-image-preview:large","max-video-preview":"max-video-preview:-1"},"canonical":"https:\/\/prixgro.com\/ar\/product\/resist-anti-aging-hydratant-10ml-paulas-choice\/","og_locale":"ar_AR","og_type":"article","og_title":"Resist Anti-Aging Hydratant 10ml Paula\u2019s choice - Prixgro","og_url":"https:\/\/prixgro.com\/ar\/product\/resist-anti-aging-hydratant-10ml-paulas-choice\/","og_site_name":"Prixgro","article_publisher":"https:\/\/www.facebook.com\/Pharmacima","article_modified_time":"2024-08-14T10:42:31+00:00","og_image":[{"width":540,"height":540,"url":"https:\/\/prixgro.com\/wp-content\/uploads\/2024\/01\/paulas-choice-1.png","type":"image\/png"}],"twitter_card":"summary_large_image","twitter_misc":{"\u0648\u0642\u062a \u0627\u0644\u0642\u0631\u0627\u0621\u0629 \u0627\u0644\u0645\u064f\u0642\u062f\u0651\u0631":"\u062f\u0642\u064a\u0642\u0629 \u0648\u0627\u062d\u062f\u0629"},"schema":{"@context":"https:\/\/schema.org","@graph":[{"@type":"WebPage","@id":"https:\/\/prixgro.com\/product\/resist-anti-aging-hydratant-10ml-paulas-choice\/","url":"https:\/\/prixgro.com\/product\/resist-anti-aging-hydratant-10ml-paulas-choice\/","name":"Resist Anti-Aging Hydratant 10ml Paula\u2019s choice - Prixgro","isPartOf":{"@id":"https:\/\/prixgro.com\/#website"},"primaryImageOfPage":{"@id":"https:\/\/prixgro.com\/product\/resist-anti-aging-hydratant-10ml-paulas-choice\/#primaryimage"},"image":{"@id":"https:\/\/prixgro.com\/product\/resist-anti-aging-hydratant-10ml-paulas-choice\/#primaryimage"},"thumbnailUrl":"https:\/\/prixgro.com\/wp-content\/uploads\/2024\/01\/paulas-choice-1.png","datePublished":"2024-04-09T12:32:49+00:00","dateModified":"2024-08-14T10:42:31+00:00","breadcrumb":{"@id":"https:\/\/prixgro.com\/product\/resist-anti-aging-hydratant-10ml-paulas-choice\/#breadcrumb"},"inLanguage":"ar","potentialAction":[{"@type":"ReadAction","target":["https:\/\/prixgro.com\/product\/resist-anti-aging-hydratant-10ml-paulas-choice\/"]}]},{"@type":"ImageObject","inLanguage":"ar","@id":"https:\/\/prixgro.com\/product\/resist-anti-aging-hydratant-10ml-paulas-choice\/#primaryimage","url":"https:\/\/prixgro.com\/wp-content\/uploads\/2024\/01\/paulas-choice-1.png","contentUrl":"https:\/\/prixgro.com\/wp-content\/uploads\/2024\/01\/paulas-choice-1.png","width":540,"height":540},{"@type":"BreadcrumbList","@id":"https:\/\/prixgro.com\/product\/resist-anti-aging-hydratant-10ml-paulas-choice\/#breadcrumb","itemListElement":[{"@type":"ListItem","position":1,"name":"Accueil","item":"https:\/\/prixgro.com\/"},{"@type":"ListItem","position":2,"name":"Boutique en ligne","item":"https:\/\/prixgro.com\/shop\/"},{"@type":"ListItem","position":3,"name":"Resist Anti-Aging Hydratant 10ml Paula\u2019s choice"}]},{"@type":"WebSite","@id":"https:\/\/prixgro.com\/#website","url":"https:\/\/prixgro.com\/","name":"Prixgro.com","description":"Para Pharmaceutique et Cosm\u00e9tique","publisher":{"@id":"https:\/\/prixgro.com\/#organization"},"potentialAction":[{"@type":"SearchAction","target":{"@type":"EntryPoint","urlTemplate":"https:\/\/prixgro.com\/?s={search_term_string}"},"query-input":{"@type":"PropertyValueSpecification","valueRequired":true,"valueName":"search_term_string"}}],"inLanguage":"ar"},{"@type":"Organization","@id":"https:\/\/prixgro.com\/#organization","name":"Prixgro","url":"https:\/\/prixgro.com\/","logo":{"@type":"ImageObject","inLanguage":"ar","@id":"https:\/\/prixgro.com\/#\/schema\/logo\/image\/","url":"https:\/\/prixgro.com\/wp-content\/uploads\/2024\/08\/cropped-Nouveau-projet-2.png","contentUrl":"https:\/\/prixgro.com\/wp-content\/uploads\/2024\/08\/cropped-Nouveau-projet-2.png","width":265,"height":62,"caption":"Prixgro"},"image":{"@id":"https:\/\/prixgro.com\/#\/schema\/logo\/image\/"},"sameAs":["https:\/\/www.facebook.com\/Pharmacima"]}]}},"_links":{"self":[{"href":"https:\/\/prixgro.com\/ar\/wp-json\/wp\/v2\/product\/142384","targetHints":{"allow":["GET"]}}],"collection":[{"href":"https:\/\/prixgro.com\/ar\/wp-json\/wp\/v2\/product"}],"about":[{"href":"https:\/\/prixgro.com\/ar\/wp-json\/wp\/v2\/types\/product"}],"replies":[{"embeddable":true,"href":"https:\/\/prixgro.com\/ar\/wp-json\/wp\/v2\/comments?post=142384"}],"wp:featuredmedia":[{"embeddable":true,"href":"https:\/\/prixgro.com\/ar\/wp-json\/wp\/v2\/media\/11809"}],"wp:attachment":[{"href":"https:\/\/prixgro.com\/ar\/wp-json\/wp\/v2\/media?parent=142384"}],"wp:term":[{"taxonomy":"product_cat","embeddable":true,"href":"https:\/\/prixgro.com\/ar\/wp-json\/wp\/v2\/product_cat?post=142384"},{"taxonomy":"product_tag","embeddable":true,"href":"https:\/\/prixgro.com\/ar\/wp-json\/wp\/v2\/product_tag?post=142384"},{"taxonomy":"berocket_brand","embeddable":true,"href":"https:\/\/prixgro.com\/ar\/wp-json\/wp\/v2\/berocket_brand?post=142384"}],"curies":[{"name":"wp","href":"https:\/\/api.w.org\/{rel}","templated":true}]}}