{"id":142386,"date":"2024-04-09T14:32:49","date_gmt":"2024-04-09T12:32:49","guid":{"rendered":"https:\/\/cloodmanager.net\/?post_type=product&#038;p=142386"},"modified":"2024-09-07T14:34:01","modified_gmt":"2024-09-07T12:34:01","slug":"serum-anti-ox-30ml-siberica","status":"publish","type":"product","link":"https:\/\/prixgro.com\/ar\/product\/serum-anti-ox-30ml-siberica\/","title":{"rendered":"Serum Anti Ox 30ml Siberica"},"content":{"rendered":"<h2><strong>DESCRIPTION :<\/strong><\/h2>\n<ul>\n<li>Les myrtilles sont naturellement riches en b\u00eata-carot\u00e8ne et en vitamines B, qui ajoutent de l&#8217;\u00e9clat, laissant la peau hydrat\u00e9e et lisse.<\/li>\n<li>S\u00e9rum visage r\u00e9g\u00e9n\u00e9rant 30ml Siberica<\/li>\n<li style=\"text-align: left;\"><span>Ce s\u00e9rum visage r\u00e9g\u00e9n\u00e9rant est un v\u00e9ritable salut pour les peaux fatigu\u00e9es.\u00a0Il prolonge la jeunesse de la peau, la dynamise, lui redonne tonus et \u00e9clat naturel.\u00a0<\/span><\/li>\n<li style=\"text-align: left;\"><span>La vitamine C aide \u00e0 renforcer le syst\u00e8me de d\u00e9fense naturel de votre peau, acc\u00e9l\u00e9rant ainsi le processus de r\u00e9paration.\u00a0Coenzyme Q10 &#8211; un puissant antioxydant qui stimule la production d&#8217;\u00e9lastine, restaure la fermet\u00e9 et l&#8217;\u00e9lasticit\u00e9 de la peau.<\/span><\/li>\n<\/ul>\n<h2 style=\"text-align: left;\"><strong>CONSEIL D&#8217;UTILISATION :<\/strong><\/h2>\n<div class=\"description\">\n<ul class=\"tabs-content\">\n<li id=\"tab1\" class=\"active\">\n<div>\n<p><span>\u00a0bien agiter le flacon pour m\u00e9langer les deux s\u00e9rums et utiliser la pipette pour en extraire une petite quantit\u00e9.\u00a0Les s\u00e9rums peuvent se s\u00e9parer dans le tube, mais ce n&#8217;est pas grave.\u00a0Appliquez simplement comme vous le feriez avec un autre s\u00e9rum, avec de l\u00e9gers mouvements circulaires.<\/span><\/p>\n<\/div>\n<\/li>\n<\/ul>\n<\/div>\n<h2 class=\"tags\"><strong>INGR\u00c9DIENTS :<\/strong><\/h2>\n<div>\n<div class=\"description\">\n<ul class=\"tabs-content\">\n<li id=\"tab2\" class=\"active\">\n<div>\n<p><span>Aqua, huile de Prunus Amygdalus Dulcis, huile de noyau de Prunus Armenica, triglyc\u00e9ride caprylique\/caprique, coco-caprylate\/caprate, glyc\u00e9rine, huile de fruit d&#8217;Hippophae Rhamnoides*, panth\u00e9nol, extrait de fruit de Vaccinium Myrtillus*, extrait de fruit de Vaccinium VulcanorumWH, extrait de fruit de Rubus Arcticus*, Extrait de feuille de Salvia Officinalis*, extrait de fleur de Sambucus Nigra*, extrait de feuille\/tige d&#8217;Aralia Mandshurica*, extrait de fruit d&#8217;Hippophae RhamnoidesWH, extrait de feuille\/tige de Rhododendron AdamsiiWH, allanto\u00efne, tocoph\u00e9rol, phosphate d&#8217;ascorbyle de sodium, ubiquinone, hydroxy\u00e9thylcellulose, acide citrique, alcool benzylique, Benzoate de sodium, sorbate de potassium, parfum, CI 28440, CI 16035.<\/span><\/p>\n<\/div>\n<\/li>\n<\/ul>\n<\/div>\n<\/div>","protected":false},"excerpt":{"rendered":"<h3 class=\"product_name\"><span style=\"color: #bf79e8;\"><em><strong>Myrtille Sauvage Anti-OX.<\/strong><\/em><\/span><\/h3>\n<p><strong>Contenance : 30ml<\/strong><\/p>","protected":false},"featured_media":11811,"comment_status":"open","ping_status":"closed","template":"","meta":[],"product_cat":[17,36],"product_tag":[92,43,251,112,299,218],"berocket_brand":[],"class_list":{"0":"post-142386","1":"product","2":"type-product","3":"status-publish","4":"has-post-thumbnail","6":"product_cat-soin-et-bien-etre","7":"product_cat-visage-soin-et-bien-etre","8":"product_tag-anti-oxydant","9":"product_tag-hydratant","10":"product_tag-serum-2","11":"product_tag-tous-types-de-peaux","12":"product_tag-vitamine-b-2","13":"product_tag-vitamine-c","15":"first","16":"instock","17":"shipping-taxable","18":"purchasable","19":"product-type-simple"},"yoast_head":"<!-- This site is optimized with the Yoast SEO plugin v24.8 - https:\/\/yoast.com\/wordpress\/plugins\/seo\/ -->\n<title>Serum Anti Ox 30ml Siberica - Prixgro<\/title>\n<meta name=\"robots\" content=\"index, follow, max-snippet:-1, max-image-preview:large, max-video-preview:-1\" \/>\n<link rel=\"canonical\" href=\"https:\/\/prixgro.com\/ar\/product\/serum-anti-ox-30ml-siberica\/\" \/>\n<meta property=\"og:locale\" content=\"ar_AR\" \/>\n<meta property=\"og:type\" content=\"article\" \/>\n<meta property=\"og:title\" content=\"Serum Anti Ox 30ml Siberica - Prixgro\" \/>\n<meta property=\"og:description\" content=\"Myrtille Sauvage Anti-OX. Contenance : 30ml\" \/>\n<meta property=\"og:url\" content=\"https:\/\/prixgro.com\/ar\/product\/serum-anti-ox-30ml-siberica\/\" \/>\n<meta property=\"og:site_name\" content=\"Prixgro\" \/>\n<meta property=\"article:publisher\" content=\"https:\/\/www.facebook.com\/Pharmacima\" \/>\n<meta property=\"article:modified_time\" content=\"2024-09-07T12:34:01+00:00\" \/>\n<meta property=\"og:image\" content=\"https:\/\/prixgro.com\/wp-content\/uploads\/2024\/01\/seberica-e1696947342522.png\" \/>\n\t<meta property=\"og:image:width\" content=\"450\" \/>\n\t<meta property=\"og:image:height\" content=\"450\" \/>\n\t<meta property=\"og:image:type\" content=\"image\/png\" \/>\n<meta name=\"twitter:card\" content=\"summary_large_image\" \/>\n<meta name=\"twitter:label1\" content=\"\u0648\u0642\u062a \u0627\u0644\u0642\u0631\u0627\u0621\u0629 \u0627\u0644\u0645\u064f\u0642\u062f\u0651\u0631\" \/>\n\t<meta name=\"twitter:data1\" content=\"\u062f\u0642\u064a\u0642\u0629 \u0648\u0627\u062d\u062f\u0629\" \/>\n<script type=\"application\/ld+json\" class=\"yoast-schema-graph\">{\"@context\":\"https:\/\/schema.org\",\"@graph\":[{\"@type\":\"WebPage\",\"@id\":\"https:\/\/prixgro.com\/product\/serum-anti-ox-30ml-siberica\/\",\"url\":\"https:\/\/prixgro.com\/product\/serum-anti-ox-30ml-siberica\/\",\"name\":\"Serum Anti Ox 30ml Siberica - Prixgro\",\"isPartOf\":{\"@id\":\"https:\/\/prixgro.com\/#website\"},\"primaryImageOfPage\":{\"@id\":\"https:\/\/prixgro.com\/product\/serum-anti-ox-30ml-siberica\/#primaryimage\"},\"image\":{\"@id\":\"https:\/\/prixgro.com\/product\/serum-anti-ox-30ml-siberica\/#primaryimage\"},\"thumbnailUrl\":\"https:\/\/prixgro.com\/wp-content\/uploads\/2024\/01\/seberica-e1696947342522.png\",\"datePublished\":\"2024-04-09T12:32:49+00:00\",\"dateModified\":\"2024-09-07T12:34:01+00:00\",\"breadcrumb\":{\"@id\":\"https:\/\/prixgro.com\/product\/serum-anti-ox-30ml-siberica\/#breadcrumb\"},\"inLanguage\":\"ar\",\"potentialAction\":[{\"@type\":\"ReadAction\",\"target\":[\"https:\/\/prixgro.com\/product\/serum-anti-ox-30ml-siberica\/\"]}]},{\"@type\":\"ImageObject\",\"inLanguage\":\"ar\",\"@id\":\"https:\/\/prixgro.com\/product\/serum-anti-ox-30ml-siberica\/#primaryimage\",\"url\":\"https:\/\/prixgro.com\/wp-content\/uploads\/2024\/01\/seberica-e1696947342522.png\",\"contentUrl\":\"https:\/\/prixgro.com\/wp-content\/uploads\/2024\/01\/seberica-e1696947342522.png\",\"width\":450,\"height\":450},{\"@type\":\"BreadcrumbList\",\"@id\":\"https:\/\/prixgro.com\/product\/serum-anti-ox-30ml-siberica\/#breadcrumb\",\"itemListElement\":[{\"@type\":\"ListItem\",\"position\":1,\"name\":\"Accueil\",\"item\":\"https:\/\/prixgro.com\/\"},{\"@type\":\"ListItem\",\"position\":2,\"name\":\"Boutique en ligne\",\"item\":\"https:\/\/prixgro.com\/shop\/\"},{\"@type\":\"ListItem\",\"position\":3,\"name\":\"Serum Anti Ox 30ml Siberica\"}]},{\"@type\":\"WebSite\",\"@id\":\"https:\/\/prixgro.com\/#website\",\"url\":\"https:\/\/prixgro.com\/\",\"name\":\"Prixgro.com\",\"description\":\"Para Pharmaceutique et Cosm\u00e9tique\",\"publisher\":{\"@id\":\"https:\/\/prixgro.com\/#organization\"},\"potentialAction\":[{\"@type\":\"SearchAction\",\"target\":{\"@type\":\"EntryPoint\",\"urlTemplate\":\"https:\/\/prixgro.com\/?s={search_term_string}\"},\"query-input\":{\"@type\":\"PropertyValueSpecification\",\"valueRequired\":true,\"valueName\":\"search_term_string\"}}],\"inLanguage\":\"ar\"},{\"@type\":\"Organization\",\"@id\":\"https:\/\/prixgro.com\/#organization\",\"name\":\"Prixgro\",\"url\":\"https:\/\/prixgro.com\/\",\"logo\":{\"@type\":\"ImageObject\",\"inLanguage\":\"ar\",\"@id\":\"https:\/\/prixgro.com\/#\/schema\/logo\/image\/\",\"url\":\"https:\/\/prixgro.com\/wp-content\/uploads\/2024\/08\/cropped-Nouveau-projet-2.png\",\"contentUrl\":\"https:\/\/prixgro.com\/wp-content\/uploads\/2024\/08\/cropped-Nouveau-projet-2.png\",\"width\":265,\"height\":62,\"caption\":\"Prixgro\"},\"image\":{\"@id\":\"https:\/\/prixgro.com\/#\/schema\/logo\/image\/\"},\"sameAs\":[\"https:\/\/www.facebook.com\/Pharmacima\"]}]}<\/script>\n<!-- \/ Yoast SEO plugin. -->","yoast_head_json":{"title":"Serum Anti Ox 30ml Siberica - Prixgro","robots":{"index":"index","follow":"follow","max-snippet":"max-snippet:-1","max-image-preview":"max-image-preview:large","max-video-preview":"max-video-preview:-1"},"canonical":"https:\/\/prixgro.com\/ar\/product\/serum-anti-ox-30ml-siberica\/","og_locale":"ar_AR","og_type":"article","og_title":"Serum Anti Ox 30ml Siberica - Prixgro","og_description":"Myrtille Sauvage Anti-OX. Contenance : 30ml","og_url":"https:\/\/prixgro.com\/ar\/product\/serum-anti-ox-30ml-siberica\/","og_site_name":"Prixgro","article_publisher":"https:\/\/www.facebook.com\/Pharmacima","article_modified_time":"2024-09-07T12:34:01+00:00","og_image":[{"width":450,"height":450,"url":"https:\/\/prixgro.com\/wp-content\/uploads\/2024\/01\/seberica-e1696947342522.png","type":"image\/png"}],"twitter_card":"summary_large_image","twitter_misc":{"\u0648\u0642\u062a \u0627\u0644\u0642\u0631\u0627\u0621\u0629 \u0627\u0644\u0645\u064f\u0642\u062f\u0651\u0631":"\u062f\u0642\u064a\u0642\u0629 \u0648\u0627\u062d\u062f\u0629"},"schema":{"@context":"https:\/\/schema.org","@graph":[{"@type":"WebPage","@id":"https:\/\/prixgro.com\/product\/serum-anti-ox-30ml-siberica\/","url":"https:\/\/prixgro.com\/product\/serum-anti-ox-30ml-siberica\/","name":"Serum Anti Ox 30ml Siberica - Prixgro","isPartOf":{"@id":"https:\/\/prixgro.com\/#website"},"primaryImageOfPage":{"@id":"https:\/\/prixgro.com\/product\/serum-anti-ox-30ml-siberica\/#primaryimage"},"image":{"@id":"https:\/\/prixgro.com\/product\/serum-anti-ox-30ml-siberica\/#primaryimage"},"thumbnailUrl":"https:\/\/prixgro.com\/wp-content\/uploads\/2024\/01\/seberica-e1696947342522.png","datePublished":"2024-04-09T12:32:49+00:00","dateModified":"2024-09-07T12:34:01+00:00","breadcrumb":{"@id":"https:\/\/prixgro.com\/product\/serum-anti-ox-30ml-siberica\/#breadcrumb"},"inLanguage":"ar","potentialAction":[{"@type":"ReadAction","target":["https:\/\/prixgro.com\/product\/serum-anti-ox-30ml-siberica\/"]}]},{"@type":"ImageObject","inLanguage":"ar","@id":"https:\/\/prixgro.com\/product\/serum-anti-ox-30ml-siberica\/#primaryimage","url":"https:\/\/prixgro.com\/wp-content\/uploads\/2024\/01\/seberica-e1696947342522.png","contentUrl":"https:\/\/prixgro.com\/wp-content\/uploads\/2024\/01\/seberica-e1696947342522.png","width":450,"height":450},{"@type":"BreadcrumbList","@id":"https:\/\/prixgro.com\/product\/serum-anti-ox-30ml-siberica\/#breadcrumb","itemListElement":[{"@type":"ListItem","position":1,"name":"Accueil","item":"https:\/\/prixgro.com\/"},{"@type":"ListItem","position":2,"name":"Boutique en ligne","item":"https:\/\/prixgro.com\/shop\/"},{"@type":"ListItem","position":3,"name":"Serum Anti Ox 30ml Siberica"}]},{"@type":"WebSite","@id":"https:\/\/prixgro.com\/#website","url":"https:\/\/prixgro.com\/","name":"Prixgro.com","description":"Para Pharmaceutique et Cosm\u00e9tique","publisher":{"@id":"https:\/\/prixgro.com\/#organization"},"potentialAction":[{"@type":"SearchAction","target":{"@type":"EntryPoint","urlTemplate":"https:\/\/prixgro.com\/?s={search_term_string}"},"query-input":{"@type":"PropertyValueSpecification","valueRequired":true,"valueName":"search_term_string"}}],"inLanguage":"ar"},{"@type":"Organization","@id":"https:\/\/prixgro.com\/#organization","name":"Prixgro","url":"https:\/\/prixgro.com\/","logo":{"@type":"ImageObject","inLanguage":"ar","@id":"https:\/\/prixgro.com\/#\/schema\/logo\/image\/","url":"https:\/\/prixgro.com\/wp-content\/uploads\/2024\/08\/cropped-Nouveau-projet-2.png","contentUrl":"https:\/\/prixgro.com\/wp-content\/uploads\/2024\/08\/cropped-Nouveau-projet-2.png","width":265,"height":62,"caption":"Prixgro"},"image":{"@id":"https:\/\/prixgro.com\/#\/schema\/logo\/image\/"},"sameAs":["https:\/\/www.facebook.com\/Pharmacima"]}]}},"_links":{"self":[{"href":"https:\/\/prixgro.com\/ar\/wp-json\/wp\/v2\/product\/142386","targetHints":{"allow":["GET"]}}],"collection":[{"href":"https:\/\/prixgro.com\/ar\/wp-json\/wp\/v2\/product"}],"about":[{"href":"https:\/\/prixgro.com\/ar\/wp-json\/wp\/v2\/types\/product"}],"replies":[{"embeddable":true,"href":"https:\/\/prixgro.com\/ar\/wp-json\/wp\/v2\/comments?post=142386"}],"wp:featuredmedia":[{"embeddable":true,"href":"https:\/\/prixgro.com\/ar\/wp-json\/wp\/v2\/media\/11811"}],"wp:attachment":[{"href":"https:\/\/prixgro.com\/ar\/wp-json\/wp\/v2\/media?parent=142386"}],"wp:term":[{"taxonomy":"product_cat","embeddable":true,"href":"https:\/\/prixgro.com\/ar\/wp-json\/wp\/v2\/product_cat?post=142386"},{"taxonomy":"product_tag","embeddable":true,"href":"https:\/\/prixgro.com\/ar\/wp-json\/wp\/v2\/product_tag?post=142386"},{"taxonomy":"berocket_brand","embeddable":true,"href":"https:\/\/prixgro.com\/ar\/wp-json\/wp\/v2\/berocket_brand?post=142386"}],"curies":[{"name":"wp","href":"https:\/\/api.w.org\/{rel}","templated":true}]}}