{"id":142388,"date":"2024-04-09T14:32:49","date_gmt":"2024-04-09T12:32:49","guid":{"rendered":"https:\/\/cloodmanager.net\/?post_type=product&#038;p=142388"},"modified":"2024-08-14T12:43:33","modified_gmt":"2024-08-14T10:43:33","slug":"phytolaque-vegetale-fixation-souple-100ml-phyto-paris","status":"publish","type":"product","link":"https:\/\/prixgro.com\/ar\/product\/phytolaque-vegetale-fixation-souple-100ml-phyto-paris\/","title":{"rendered":"Phytolaque V\u00e9g\u00e9tale Fixation Souple 100ml Phyto Paris"},"content":{"rendered":"<h2><strong>DESCRIPTION :<\/strong><\/h2>\n<p>La collection de\u00a0<b>laques v\u00e9g\u00e9tales<\/b>\u00a0pour une\u00a0<b>fixation naturelle<\/b>\u00a0et une coiffure sublim\u00e9e.<\/p>\n<p id=\"tw-target-text\" class=\"tw-data-text tw-text-large tw-ta\" dir=\"ltr\" data-placeholder=\"Translation\" data-ved=\"2ahUKEwiO0cOh_PyBAxWtUKQEHZgbBr8Q3ewLegQIDRAQ\"><span class=\"Y2IQFc\" lang=\"fr\">Phytolaque Soie, une petite laque contient des prot\u00e9ines de soie pour revitaliser et renforcer la cuticule, laissant les cheveux doux comme de la soie avec une douceur et une brillance incroyables. Indispensable dans les coulisses de Runaway, il contr\u00f4le le style avec une finition naturelle et brossable. <\/span><\/p>\n<p class=\"tw-data-text tw-text-large tw-ta\" dir=\"ltr\" data-placeholder=\"Translation\" data-ved=\"2ahUKEwiO0cOh_PyBAxWtUKQEHZgbBr8Q3ewLegQIDRAQ\"><span class=\"Y2IQFc\" lang=\"fr\"> Ce spray l\u00e9ger contient des r\u00e9sines naturelles pour offrir une tenue naturelle et une belle brillance qui se coiffe facilement. L&#8217;ajout d&#8217;acides amin\u00e9s de soie ayant une affinit\u00e9 parfaite pour les cheveux lisse, r\u00e9pare et prot\u00e8ge la cuticule de surface pour des cheveux instantan\u00e9ment plus doux, plus soyeux et plus brillants. La formule contient de l&#8217;alcool de betterave pour \u00e9viter de dess\u00e9cher les cheveux.<\/span><\/p>\n<p class=\"tw-data-text tw-text-large tw-ta\" dir=\"ltr\" data-placeholder=\"Translation\" data-ved=\"2ahUKEwiO0cOh_PyBAxWtUKQEHZgbBr8Q3ewLegQIDRAQ\"><span class=\"Y2IQFc\" lang=\"fr\">C&#8217;est la laque id\u00e9ale pour les cheveux fragilis\u00e9s.<\/span><\/p>\n<h2 dir=\"ltr\" data-placeholder=\"Translation\" data-ved=\"2ahUKEwiO0cOh_PyBAxWtUKQEHZgbBr8Q3ewLegQIDRAQ\"><strong>CONSEIL D&#8217;UTILISATION :<\/strong><\/h2>\n<p>Vaporiser \u00e0 15\/20cm sur cheveux secs, loin de toute flamme. Diffusion ultra-fine. S&#8217;\u00e9limine facilement au brossage.<\/p>\n<h2><strong>COMPOSITION :<\/strong><\/h2>\n<p>INGREDIENTS: ALCOHOL DENA&#8230; BUTYL ESTER OF PM\/MA COPOLYMER. ETHYL ESTER OF PM\/MA COPOLYMER. N-BUTYL ALCOHOL. AMINOMETHYL PROPANOL. PARFUM \/ FRAGRANCE. OLEYL ALCOHOL. SHELLAC. CAMELLIA OLEIFERA SEED OIL. ETHYL ESTER OF HYDROLYZED SILK. AQUA \/ WATER \/ EAU. TOCOPHEROL. BENZYL SALICYLATE.<\/p>","protected":false},"excerpt":{"rendered":"<h3 class=\"text-rg-blue font-bold mb-1\"><em><strong><span style=\"color: #ff0000\" data-mce-style=\"color: #ff0000;\"><span class=\"uppercase\" data-v-699d344d=\"\">CHEVEUX SENSIBILIS\u00c9S<\/span>\u00a0<\/span>&#8211; Fixe et prot\u00e8ge la fibre<\/strong><\/em><\/h3>\n<p><strong>Contenance : 100ml<\/strong><\/p>","protected":false},"featured_media":11813,"comment_status":"open","ping_status":"closed","template":"","meta":[],"product_cat":[126,17],"product_tag":[],"berocket_brand":[],"class_list":{"0":"post-142388","1":"product","2":"type-product","3":"status-publish","4":"has-post-thumbnail","6":"product_cat-cheveux","7":"product_cat-soin-et-bien-etre","9":"first","10":"instock","11":"shipping-taxable","12":"purchasable","13":"product-type-simple"},"yoast_head":"<!-- This site is optimized with the Yoast SEO plugin v24.8 - https:\/\/yoast.com\/wordpress\/plugins\/seo\/ -->\n<title>Phytolaque V\u00e9g\u00e9tale Fixation Souple 100ml Phyto Paris - Prixgro<\/title>\n<meta name=\"robots\" content=\"index, follow, max-snippet:-1, max-image-preview:large, max-video-preview:-1\" \/>\n<link rel=\"canonical\" href=\"https:\/\/prixgro.com\/ar\/product\/phytolaque-vegetale-fixation-souple-100ml-phyto-paris\/\" \/>\n<meta property=\"og:locale\" content=\"ar_AR\" \/>\n<meta property=\"og:type\" content=\"article\" \/>\n<meta property=\"og:title\" content=\"Phytolaque V\u00e9g\u00e9tale Fixation Souple 100ml Phyto Paris - Prixgro\" \/>\n<meta property=\"og:description\" content=\"CHEVEUX SENSIBILIS\u00c9S\u00a0- Fixe et prot\u00e8ge la fibreContenance : 100ml\" \/>\n<meta property=\"og:url\" content=\"https:\/\/prixgro.com\/ar\/product\/phytolaque-vegetale-fixation-souple-100ml-phyto-paris\/\" \/>\n<meta property=\"og:site_name\" content=\"Prixgro\" \/>\n<meta property=\"article:publisher\" content=\"https:\/\/www.facebook.com\/Pharmacima\" \/>\n<meta property=\"article:modified_time\" content=\"2024-08-14T10:43:33+00:00\" \/>\n<meta property=\"og:image\" content=\"https:\/\/prixgro.com\/wp-content\/uploads\/2024\/01\/phyto-laque-.png\" \/>\n\t<meta property=\"og:image:width\" content=\"540\" \/>\n\t<meta property=\"og:image:height\" content=\"540\" \/>\n\t<meta property=\"og:image:type\" content=\"image\/png\" \/>\n<meta name=\"twitter:card\" content=\"summary_large_image\" \/>\n<meta name=\"twitter:label1\" content=\"\u0648\u0642\u062a \u0627\u0644\u0642\u0631\u0627\u0621\u0629 \u0627\u0644\u0645\u064f\u0642\u062f\u0651\u0631\" \/>\n\t<meta name=\"twitter:data1\" content=\"\u062f\u0642\u064a\u0642\u0629 \u0648\u0627\u062d\u062f\u0629\" \/>\n<script type=\"application\/ld+json\" class=\"yoast-schema-graph\">{\"@context\":\"https:\/\/schema.org\",\"@graph\":[{\"@type\":\"WebPage\",\"@id\":\"https:\/\/prixgro.com\/product\/phytolaque-vegetale-fixation-souple-100ml-phyto-paris\/\",\"url\":\"https:\/\/prixgro.com\/product\/phytolaque-vegetale-fixation-souple-100ml-phyto-paris\/\",\"name\":\"Phytolaque V\u00e9g\u00e9tale Fixation Souple 100ml Phyto Paris - Prixgro\",\"isPartOf\":{\"@id\":\"https:\/\/prixgro.com\/#website\"},\"primaryImageOfPage\":{\"@id\":\"https:\/\/prixgro.com\/product\/phytolaque-vegetale-fixation-souple-100ml-phyto-paris\/#primaryimage\"},\"image\":{\"@id\":\"https:\/\/prixgro.com\/product\/phytolaque-vegetale-fixation-souple-100ml-phyto-paris\/#primaryimage\"},\"thumbnailUrl\":\"https:\/\/prixgro.com\/wp-content\/uploads\/2024\/01\/phyto-laque-.png\",\"datePublished\":\"2024-04-09T12:32:49+00:00\",\"dateModified\":\"2024-08-14T10:43:33+00:00\",\"breadcrumb\":{\"@id\":\"https:\/\/prixgro.com\/product\/phytolaque-vegetale-fixation-souple-100ml-phyto-paris\/#breadcrumb\"},\"inLanguage\":\"ar\",\"potentialAction\":[{\"@type\":\"ReadAction\",\"target\":[\"https:\/\/prixgro.com\/product\/phytolaque-vegetale-fixation-souple-100ml-phyto-paris\/\"]}]},{\"@type\":\"ImageObject\",\"inLanguage\":\"ar\",\"@id\":\"https:\/\/prixgro.com\/product\/phytolaque-vegetale-fixation-souple-100ml-phyto-paris\/#primaryimage\",\"url\":\"https:\/\/prixgro.com\/wp-content\/uploads\/2024\/01\/phyto-laque-.png\",\"contentUrl\":\"https:\/\/prixgro.com\/wp-content\/uploads\/2024\/01\/phyto-laque-.png\",\"width\":540,\"height\":540},{\"@type\":\"BreadcrumbList\",\"@id\":\"https:\/\/prixgro.com\/product\/phytolaque-vegetale-fixation-souple-100ml-phyto-paris\/#breadcrumb\",\"itemListElement\":[{\"@type\":\"ListItem\",\"position\":1,\"name\":\"Accueil\",\"item\":\"https:\/\/prixgro.com\/\"},{\"@type\":\"ListItem\",\"position\":2,\"name\":\"Boutique en ligne\",\"item\":\"https:\/\/prixgro.com\/shop\/\"},{\"@type\":\"ListItem\",\"position\":3,\"name\":\"Phytolaque V\u00e9g\u00e9tale Fixation Souple 100ml Phyto Paris\"}]},{\"@type\":\"WebSite\",\"@id\":\"https:\/\/prixgro.com\/#website\",\"url\":\"https:\/\/prixgro.com\/\",\"name\":\"Prixgro.com\",\"description\":\"Para Pharmaceutique et Cosm\u00e9tique\",\"publisher\":{\"@id\":\"https:\/\/prixgro.com\/#organization\"},\"potentialAction\":[{\"@type\":\"SearchAction\",\"target\":{\"@type\":\"EntryPoint\",\"urlTemplate\":\"https:\/\/prixgro.com\/?s={search_term_string}\"},\"query-input\":{\"@type\":\"PropertyValueSpecification\",\"valueRequired\":true,\"valueName\":\"search_term_string\"}}],\"inLanguage\":\"ar\"},{\"@type\":\"Organization\",\"@id\":\"https:\/\/prixgro.com\/#organization\",\"name\":\"Prixgro\",\"url\":\"https:\/\/prixgro.com\/\",\"logo\":{\"@type\":\"ImageObject\",\"inLanguage\":\"ar\",\"@id\":\"https:\/\/prixgro.com\/#\/schema\/logo\/image\/\",\"url\":\"https:\/\/prixgro.com\/wp-content\/uploads\/2024\/08\/cropped-Nouveau-projet-2.png\",\"contentUrl\":\"https:\/\/prixgro.com\/wp-content\/uploads\/2024\/08\/cropped-Nouveau-projet-2.png\",\"width\":265,\"height\":62,\"caption\":\"Prixgro\"},\"image\":{\"@id\":\"https:\/\/prixgro.com\/#\/schema\/logo\/image\/\"},\"sameAs\":[\"https:\/\/www.facebook.com\/Pharmacima\"]}]}<\/script>\n<!-- \/ Yoast SEO plugin. -->","yoast_head_json":{"title":"Phytolaque V\u00e9g\u00e9tale Fixation Souple 100ml Phyto Paris - Prixgro","robots":{"index":"index","follow":"follow","max-snippet":"max-snippet:-1","max-image-preview":"max-image-preview:large","max-video-preview":"max-video-preview:-1"},"canonical":"https:\/\/prixgro.com\/ar\/product\/phytolaque-vegetale-fixation-souple-100ml-phyto-paris\/","og_locale":"ar_AR","og_type":"article","og_title":"Phytolaque V\u00e9g\u00e9tale Fixation Souple 100ml Phyto Paris - Prixgro","og_description":"CHEVEUX SENSIBILIS\u00c9S\u00a0- Fixe et prot\u00e8ge la fibreContenance : 100ml","og_url":"https:\/\/prixgro.com\/ar\/product\/phytolaque-vegetale-fixation-souple-100ml-phyto-paris\/","og_site_name":"Prixgro","article_publisher":"https:\/\/www.facebook.com\/Pharmacima","article_modified_time":"2024-08-14T10:43:33+00:00","og_image":[{"width":540,"height":540,"url":"https:\/\/prixgro.com\/wp-content\/uploads\/2024\/01\/phyto-laque-.png","type":"image\/png"}],"twitter_card":"summary_large_image","twitter_misc":{"\u0648\u0642\u062a \u0627\u0644\u0642\u0631\u0627\u0621\u0629 \u0627\u0644\u0645\u064f\u0642\u062f\u0651\u0631":"\u062f\u0642\u064a\u0642\u0629 \u0648\u0627\u062d\u062f\u0629"},"schema":{"@context":"https:\/\/schema.org","@graph":[{"@type":"WebPage","@id":"https:\/\/prixgro.com\/product\/phytolaque-vegetale-fixation-souple-100ml-phyto-paris\/","url":"https:\/\/prixgro.com\/product\/phytolaque-vegetale-fixation-souple-100ml-phyto-paris\/","name":"Phytolaque V\u00e9g\u00e9tale Fixation Souple 100ml Phyto Paris - Prixgro","isPartOf":{"@id":"https:\/\/prixgro.com\/#website"},"primaryImageOfPage":{"@id":"https:\/\/prixgro.com\/product\/phytolaque-vegetale-fixation-souple-100ml-phyto-paris\/#primaryimage"},"image":{"@id":"https:\/\/prixgro.com\/product\/phytolaque-vegetale-fixation-souple-100ml-phyto-paris\/#primaryimage"},"thumbnailUrl":"https:\/\/prixgro.com\/wp-content\/uploads\/2024\/01\/phyto-laque-.png","datePublished":"2024-04-09T12:32:49+00:00","dateModified":"2024-08-14T10:43:33+00:00","breadcrumb":{"@id":"https:\/\/prixgro.com\/product\/phytolaque-vegetale-fixation-souple-100ml-phyto-paris\/#breadcrumb"},"inLanguage":"ar","potentialAction":[{"@type":"ReadAction","target":["https:\/\/prixgro.com\/product\/phytolaque-vegetale-fixation-souple-100ml-phyto-paris\/"]}]},{"@type":"ImageObject","inLanguage":"ar","@id":"https:\/\/prixgro.com\/product\/phytolaque-vegetale-fixation-souple-100ml-phyto-paris\/#primaryimage","url":"https:\/\/prixgro.com\/wp-content\/uploads\/2024\/01\/phyto-laque-.png","contentUrl":"https:\/\/prixgro.com\/wp-content\/uploads\/2024\/01\/phyto-laque-.png","width":540,"height":540},{"@type":"BreadcrumbList","@id":"https:\/\/prixgro.com\/product\/phytolaque-vegetale-fixation-souple-100ml-phyto-paris\/#breadcrumb","itemListElement":[{"@type":"ListItem","position":1,"name":"Accueil","item":"https:\/\/prixgro.com\/"},{"@type":"ListItem","position":2,"name":"Boutique en ligne","item":"https:\/\/prixgro.com\/shop\/"},{"@type":"ListItem","position":3,"name":"Phytolaque V\u00e9g\u00e9tale Fixation Souple 100ml Phyto Paris"}]},{"@type":"WebSite","@id":"https:\/\/prixgro.com\/#website","url":"https:\/\/prixgro.com\/","name":"Prixgro.com","description":"Para Pharmaceutique et Cosm\u00e9tique","publisher":{"@id":"https:\/\/prixgro.com\/#organization"},"potentialAction":[{"@type":"SearchAction","target":{"@type":"EntryPoint","urlTemplate":"https:\/\/prixgro.com\/?s={search_term_string}"},"query-input":{"@type":"PropertyValueSpecification","valueRequired":true,"valueName":"search_term_string"}}],"inLanguage":"ar"},{"@type":"Organization","@id":"https:\/\/prixgro.com\/#organization","name":"Prixgro","url":"https:\/\/prixgro.com\/","logo":{"@type":"ImageObject","inLanguage":"ar","@id":"https:\/\/prixgro.com\/#\/schema\/logo\/image\/","url":"https:\/\/prixgro.com\/wp-content\/uploads\/2024\/08\/cropped-Nouveau-projet-2.png","contentUrl":"https:\/\/prixgro.com\/wp-content\/uploads\/2024\/08\/cropped-Nouveau-projet-2.png","width":265,"height":62,"caption":"Prixgro"},"image":{"@id":"https:\/\/prixgro.com\/#\/schema\/logo\/image\/"},"sameAs":["https:\/\/www.facebook.com\/Pharmacima"]}]}},"_links":{"self":[{"href":"https:\/\/prixgro.com\/ar\/wp-json\/wp\/v2\/product\/142388","targetHints":{"allow":["GET"]}}],"collection":[{"href":"https:\/\/prixgro.com\/ar\/wp-json\/wp\/v2\/product"}],"about":[{"href":"https:\/\/prixgro.com\/ar\/wp-json\/wp\/v2\/types\/product"}],"replies":[{"embeddable":true,"href":"https:\/\/prixgro.com\/ar\/wp-json\/wp\/v2\/comments?post=142388"}],"wp:featuredmedia":[{"embeddable":true,"href":"https:\/\/prixgro.com\/ar\/wp-json\/wp\/v2\/media\/11813"}],"wp:attachment":[{"href":"https:\/\/prixgro.com\/ar\/wp-json\/wp\/v2\/media?parent=142388"}],"wp:term":[{"taxonomy":"product_cat","embeddable":true,"href":"https:\/\/prixgro.com\/ar\/wp-json\/wp\/v2\/product_cat?post=142388"},{"taxonomy":"product_tag","embeddable":true,"href":"https:\/\/prixgro.com\/ar\/wp-json\/wp\/v2\/product_tag?post=142388"},{"taxonomy":"berocket_brand","embeddable":true,"href":"https:\/\/prixgro.com\/ar\/wp-json\/wp\/v2\/berocket_brand?post=142388"}],"curies":[{"name":"wp","href":"https:\/\/api.w.org\/{rel}","templated":true}]}}