{"id":142394,"date":"2024-04-09T14:33:00","date_gmt":"2024-04-09T12:33:00","guid":{"rendered":"https:\/\/cloodmanager.net\/?post_type=product&#038;p=142394"},"modified":"2024-08-08T13:34:57","modified_gmt":"2024-08-08T11:34:57","slug":"mascara-paillete-des-etoiles-plein-les-yeux-nocibe","status":"publish","type":"product","link":"https:\/\/prixgro.com\/ar\/product\/mascara-paillete-des-etoiles-plein-les-yeux-nocibe\/","title":{"rendered":"Mascara Paillet\u00e9 Des Etoiles Plein Les Yeux Nocib\u00e9"},"content":{"rendered":"<h2><strong>DESCRIPTION :<\/strong><\/h2>\n<p>Compl\u00e9tez votre look de f\u00eate en rajoutant des paillettes au bout de vos cils !<\/p>\n<p>Compl\u00e9tez votre look de f\u00eate en rajoutant des paillet\u00e9s au bout de vos cils ! Sa brosse en fibre vous permettra de d\u00e9poser des paillettes argent\u00e9es sur le bout de vos cils. Passez vos f\u00eates sous les \u00e9toiles !<\/p>\n<h2><strong>CONSEIL D&#8217;UTILISATION :<\/strong><\/h2>\n<div class=\"prdct__content go-back\">\n<div id=\"prdct-details\" class=\"prdct__details\">\n<div class=\"prdct__details-wrap\">\n<div id=\"conseils\" class=\"prdct__details-content\">\n<p>Appliquez sur l\u2019ensemble des cils, en insistant sur la pointe. N\u2019h\u00e9sitez pas \u00e0 effectuer plusieurs passages afin d\u2019intensifier le r\u00e9sultat.<\/p>\n<\/div>\n<\/div>\n<\/div>\n<\/div>\n<h2><strong>COMPOSITION :<\/strong><\/h2>\n<div class=\"prdct__content go-back\">\n<div id=\"prdct-details\" class=\"prdct__details\">\n<div class=\"prdct__details-wrap\">\n<div id=\"ingredients\" class=\"prdct__details-content\">\n<p>AQUA, SYNTHETIC FLUORPHLOGOPITE, VP\/VA COPOLYMER, BUTYLENE GLYCOL, PHENOXYETHANOL, POLYQUATERNIUM-37, CI 77891, ETHYLHEXYLGLYCERIN, CI 77499, TIN OXIDE, ISOPROPYL ALCOHOL, SODIUM HYDROXIDE, GALACTOARABINAN, EDTA.<\/p>\n<\/div>\n<\/div>\n<\/div>\n<\/div>\n<div class=\"prdct__curalate\" data-crl8-container-id=\"product\" data-crl8-filter=\"productId:285322\">\n<div id=\"crl8-product-carousel\">\n<div>\n<div>\n<div class=\"sc-16tt03d-0 bwjkag\" aria-hidden=\"false\">\n<div class=\"sc-2ky50q-0 eCzXLU\">\n<div><\/div>\n<\/div>\n<\/div>\n<\/div>\n<\/div>\n<\/div>\n<\/div>","protected":false},"excerpt":{"rendered":"<h3><em><strong>Compl\u00e9tez votre look de f\u00eate en rajoutant des paillettes au bout de vos cils !\u00a0<\/strong><\/em><\/h3>\n<p><strong>Contenance : 4ml<\/strong><\/p>","protected":false},"featured_media":11827,"comment_status":"open","ping_status":"closed","template":"","meta":[],"product_cat":[429,433],"product_tag":[],"berocket_brand":[722],"class_list":{"0":"post-142394","1":"product","2":"type-product","3":"status-publish","4":"has-post-thumbnail","6":"product_cat-maquillage","7":"product_cat-yeux-maquillage","8":"berocket_brand-nocibe","10":"first","11":"outofstock","12":"shipping-taxable","13":"purchasable","14":"product-type-simple"},"yoast_head":"<!-- This site is optimized with the Yoast SEO plugin v24.8 - https:\/\/yoast.com\/wordpress\/plugins\/seo\/ -->\n<title>Mascara Paillet\u00e9 Des Etoiles Plein Les Yeux Nocib\u00e9 - Prixgro<\/title>\n<meta name=\"description\" content=\"Compl\u00e9tez votre look de f\u00eate en rajoutant des paillet\u00e9s au bout de vos cils ! Sa brosse en fibre vous permettra de d\u00e9poser des paillettes\" \/>\n<meta name=\"robots\" content=\"index, follow, max-snippet:-1, max-image-preview:large, max-video-preview:-1\" \/>\n<link rel=\"canonical\" href=\"https:\/\/prixgro.com\/ar\/product\/mascara-paillete-des-etoiles-plein-les-yeux-nocibe\/\" \/>\n<meta property=\"og:locale\" content=\"ar_AR\" \/>\n<meta property=\"og:type\" content=\"article\" \/>\n<meta property=\"og:title\" content=\"Mascara Paillet\u00e9 Des Etoiles Plein Les Yeux Nocib\u00e9 - Prixgro\" \/>\n<meta property=\"og:description\" content=\"Compl\u00e9tez votre look de f\u00eate en rajoutant des paillet\u00e9s au bout de vos cils ! Sa brosse en fibre vous permettra de d\u00e9poser des paillettes\" \/>\n<meta property=\"og:url\" content=\"https:\/\/prixgro.com\/ar\/product\/mascara-paillete-des-etoiles-plein-les-yeux-nocibe\/\" \/>\n<meta property=\"og:site_name\" content=\"Prixgro\" \/>\n<meta property=\"article:publisher\" content=\"https:\/\/www.facebook.com\/Pharmacima\" \/>\n<meta property=\"article:modified_time\" content=\"2024-08-08T11:34:57+00:00\" \/>\n<meta property=\"og:image\" content=\"https:\/\/prixgro.com\/wp-content\/uploads\/2024\/01\/mascara-nocibe-.png\" \/>\n\t<meta property=\"og:image:width\" content=\"540\" \/>\n\t<meta property=\"og:image:height\" content=\"540\" \/>\n\t<meta property=\"og:image:type\" content=\"image\/png\" \/>\n<meta name=\"twitter:card\" content=\"summary_large_image\" \/>\n<meta name=\"twitter:label1\" content=\"\u0648\u0642\u062a \u0627\u0644\u0642\u0631\u0627\u0621\u0629 \u0627\u0644\u0645\u064f\u0642\u062f\u0651\u0631\" \/>\n\t<meta name=\"twitter:data1\" content=\"\u062f\u0642\u064a\u0642\u0629 \u0648\u0627\u062d\u062f\u0629\" \/>\n<script type=\"application\/ld+json\" class=\"yoast-schema-graph\">{\"@context\":\"https:\/\/schema.org\",\"@graph\":[{\"@type\":\"WebPage\",\"@id\":\"https:\/\/prixgro.com\/product\/mascara-paillete-des-etoiles-plein-les-yeux-nocibe\/\",\"url\":\"https:\/\/prixgro.com\/product\/mascara-paillete-des-etoiles-plein-les-yeux-nocibe\/\",\"name\":\"Mascara Paillet\u00e9 Des Etoiles Plein Les Yeux Nocib\u00e9 - Prixgro\",\"isPartOf\":{\"@id\":\"https:\/\/prixgro.com\/#website\"},\"primaryImageOfPage\":{\"@id\":\"https:\/\/prixgro.com\/product\/mascara-paillete-des-etoiles-plein-les-yeux-nocibe\/#primaryimage\"},\"image\":{\"@id\":\"https:\/\/prixgro.com\/product\/mascara-paillete-des-etoiles-plein-les-yeux-nocibe\/#primaryimage\"},\"thumbnailUrl\":\"https:\/\/prixgro.com\/wp-content\/uploads\/2024\/01\/mascara-nocibe-.png\",\"datePublished\":\"2024-04-09T12:33:00+00:00\",\"dateModified\":\"2024-08-08T11:34:57+00:00\",\"description\":\"Compl\u00e9tez votre look de f\u00eate en rajoutant des paillet\u00e9s au bout de vos cils ! Sa brosse en fibre vous permettra de d\u00e9poser des paillettes\",\"breadcrumb\":{\"@id\":\"https:\/\/prixgro.com\/product\/mascara-paillete-des-etoiles-plein-les-yeux-nocibe\/#breadcrumb\"},\"inLanguage\":\"ar\",\"potentialAction\":[{\"@type\":\"ReadAction\",\"target\":[\"https:\/\/prixgro.com\/product\/mascara-paillete-des-etoiles-plein-les-yeux-nocibe\/\"]}]},{\"@type\":\"ImageObject\",\"inLanguage\":\"ar\",\"@id\":\"https:\/\/prixgro.com\/product\/mascara-paillete-des-etoiles-plein-les-yeux-nocibe\/#primaryimage\",\"url\":\"https:\/\/prixgro.com\/wp-content\/uploads\/2024\/01\/mascara-nocibe-.png\",\"contentUrl\":\"https:\/\/prixgro.com\/wp-content\/uploads\/2024\/01\/mascara-nocibe-.png\",\"width\":540,\"height\":540},{\"@type\":\"BreadcrumbList\",\"@id\":\"https:\/\/prixgro.com\/product\/mascara-paillete-des-etoiles-plein-les-yeux-nocibe\/#breadcrumb\",\"itemListElement\":[{\"@type\":\"ListItem\",\"position\":1,\"name\":\"Accueil\",\"item\":\"https:\/\/prixgro.com\/\"},{\"@type\":\"ListItem\",\"position\":2,\"name\":\"Boutique en ligne\",\"item\":\"https:\/\/prixgro.com\/shop\/\"},{\"@type\":\"ListItem\",\"position\":3,\"name\":\"Mascara Paillet\u00e9 Des Etoiles Plein Les Yeux Nocib\u00e9\"}]},{\"@type\":\"WebSite\",\"@id\":\"https:\/\/prixgro.com\/#website\",\"url\":\"https:\/\/prixgro.com\/\",\"name\":\"Prixgro.com\",\"description\":\"Para Pharmaceutique et Cosm\u00e9tique\",\"publisher\":{\"@id\":\"https:\/\/prixgro.com\/#organization\"},\"potentialAction\":[{\"@type\":\"SearchAction\",\"target\":{\"@type\":\"EntryPoint\",\"urlTemplate\":\"https:\/\/prixgro.com\/?s={search_term_string}\"},\"query-input\":{\"@type\":\"PropertyValueSpecification\",\"valueRequired\":true,\"valueName\":\"search_term_string\"}}],\"inLanguage\":\"ar\"},{\"@type\":\"Organization\",\"@id\":\"https:\/\/prixgro.com\/#organization\",\"name\":\"Prixgro\",\"url\":\"https:\/\/prixgro.com\/\",\"logo\":{\"@type\":\"ImageObject\",\"inLanguage\":\"ar\",\"@id\":\"https:\/\/prixgro.com\/#\/schema\/logo\/image\/\",\"url\":\"https:\/\/prixgro.com\/wp-content\/uploads\/2024\/08\/cropped-Nouveau-projet-2.png\",\"contentUrl\":\"https:\/\/prixgro.com\/wp-content\/uploads\/2024\/08\/cropped-Nouveau-projet-2.png\",\"width\":265,\"height\":62,\"caption\":\"Prixgro\"},\"image\":{\"@id\":\"https:\/\/prixgro.com\/#\/schema\/logo\/image\/\"},\"sameAs\":[\"https:\/\/www.facebook.com\/Pharmacima\"]}]}<\/script>\n<!-- \/ Yoast SEO plugin. -->","yoast_head_json":{"title":"Mascara Paillet\u00e9 Des Etoiles Plein Les Yeux Nocib\u00e9 - Prixgro","description":"Compl\u00e9tez votre look de f\u00eate en rajoutant des paillet\u00e9s au bout de vos cils ! Sa brosse en fibre vous permettra de d\u00e9poser des paillettes","robots":{"index":"index","follow":"follow","max-snippet":"max-snippet:-1","max-image-preview":"max-image-preview:large","max-video-preview":"max-video-preview:-1"},"canonical":"https:\/\/prixgro.com\/ar\/product\/mascara-paillete-des-etoiles-plein-les-yeux-nocibe\/","og_locale":"ar_AR","og_type":"article","og_title":"Mascara Paillet\u00e9 Des Etoiles Plein Les Yeux Nocib\u00e9 - Prixgro","og_description":"Compl\u00e9tez votre look de f\u00eate en rajoutant des paillet\u00e9s au bout de vos cils ! Sa brosse en fibre vous permettra de d\u00e9poser des paillettes","og_url":"https:\/\/prixgro.com\/ar\/product\/mascara-paillete-des-etoiles-plein-les-yeux-nocibe\/","og_site_name":"Prixgro","article_publisher":"https:\/\/www.facebook.com\/Pharmacima","article_modified_time":"2024-08-08T11:34:57+00:00","og_image":[{"width":540,"height":540,"url":"https:\/\/prixgro.com\/wp-content\/uploads\/2024\/01\/mascara-nocibe-.png","type":"image\/png"}],"twitter_card":"summary_large_image","twitter_misc":{"\u0648\u0642\u062a \u0627\u0644\u0642\u0631\u0627\u0621\u0629 \u0627\u0644\u0645\u064f\u0642\u062f\u0651\u0631":"\u062f\u0642\u064a\u0642\u0629 \u0648\u0627\u062d\u062f\u0629"},"schema":{"@context":"https:\/\/schema.org","@graph":[{"@type":"WebPage","@id":"https:\/\/prixgro.com\/product\/mascara-paillete-des-etoiles-plein-les-yeux-nocibe\/","url":"https:\/\/prixgro.com\/product\/mascara-paillete-des-etoiles-plein-les-yeux-nocibe\/","name":"Mascara Paillet\u00e9 Des Etoiles Plein Les Yeux Nocib\u00e9 - Prixgro","isPartOf":{"@id":"https:\/\/prixgro.com\/#website"},"primaryImageOfPage":{"@id":"https:\/\/prixgro.com\/product\/mascara-paillete-des-etoiles-plein-les-yeux-nocibe\/#primaryimage"},"image":{"@id":"https:\/\/prixgro.com\/product\/mascara-paillete-des-etoiles-plein-les-yeux-nocibe\/#primaryimage"},"thumbnailUrl":"https:\/\/prixgro.com\/wp-content\/uploads\/2024\/01\/mascara-nocibe-.png","datePublished":"2024-04-09T12:33:00+00:00","dateModified":"2024-08-08T11:34:57+00:00","description":"Compl\u00e9tez votre look de f\u00eate en rajoutant des paillet\u00e9s au bout de vos cils ! Sa brosse en fibre vous permettra de d\u00e9poser des paillettes","breadcrumb":{"@id":"https:\/\/prixgro.com\/product\/mascara-paillete-des-etoiles-plein-les-yeux-nocibe\/#breadcrumb"},"inLanguage":"ar","potentialAction":[{"@type":"ReadAction","target":["https:\/\/prixgro.com\/product\/mascara-paillete-des-etoiles-plein-les-yeux-nocibe\/"]}]},{"@type":"ImageObject","inLanguage":"ar","@id":"https:\/\/prixgro.com\/product\/mascara-paillete-des-etoiles-plein-les-yeux-nocibe\/#primaryimage","url":"https:\/\/prixgro.com\/wp-content\/uploads\/2024\/01\/mascara-nocibe-.png","contentUrl":"https:\/\/prixgro.com\/wp-content\/uploads\/2024\/01\/mascara-nocibe-.png","width":540,"height":540},{"@type":"BreadcrumbList","@id":"https:\/\/prixgro.com\/product\/mascara-paillete-des-etoiles-plein-les-yeux-nocibe\/#breadcrumb","itemListElement":[{"@type":"ListItem","position":1,"name":"Accueil","item":"https:\/\/prixgro.com\/"},{"@type":"ListItem","position":2,"name":"Boutique en ligne","item":"https:\/\/prixgro.com\/shop\/"},{"@type":"ListItem","position":3,"name":"Mascara Paillet\u00e9 Des Etoiles Plein Les Yeux Nocib\u00e9"}]},{"@type":"WebSite","@id":"https:\/\/prixgro.com\/#website","url":"https:\/\/prixgro.com\/","name":"Prixgro.com","description":"Para Pharmaceutique et Cosm\u00e9tique","publisher":{"@id":"https:\/\/prixgro.com\/#organization"},"potentialAction":[{"@type":"SearchAction","target":{"@type":"EntryPoint","urlTemplate":"https:\/\/prixgro.com\/?s={search_term_string}"},"query-input":{"@type":"PropertyValueSpecification","valueRequired":true,"valueName":"search_term_string"}}],"inLanguage":"ar"},{"@type":"Organization","@id":"https:\/\/prixgro.com\/#organization","name":"Prixgro","url":"https:\/\/prixgro.com\/","logo":{"@type":"ImageObject","inLanguage":"ar","@id":"https:\/\/prixgro.com\/#\/schema\/logo\/image\/","url":"https:\/\/prixgro.com\/wp-content\/uploads\/2024\/08\/cropped-Nouveau-projet-2.png","contentUrl":"https:\/\/prixgro.com\/wp-content\/uploads\/2024\/08\/cropped-Nouveau-projet-2.png","width":265,"height":62,"caption":"Prixgro"},"image":{"@id":"https:\/\/prixgro.com\/#\/schema\/logo\/image\/"},"sameAs":["https:\/\/www.facebook.com\/Pharmacima"]}]}},"_links":{"self":[{"href":"https:\/\/prixgro.com\/ar\/wp-json\/wp\/v2\/product\/142394","targetHints":{"allow":["GET"]}}],"collection":[{"href":"https:\/\/prixgro.com\/ar\/wp-json\/wp\/v2\/product"}],"about":[{"href":"https:\/\/prixgro.com\/ar\/wp-json\/wp\/v2\/types\/product"}],"replies":[{"embeddable":true,"href":"https:\/\/prixgro.com\/ar\/wp-json\/wp\/v2\/comments?post=142394"}],"wp:featuredmedia":[{"embeddable":true,"href":"https:\/\/prixgro.com\/ar\/wp-json\/wp\/v2\/media\/11827"}],"wp:attachment":[{"href":"https:\/\/prixgro.com\/ar\/wp-json\/wp\/v2\/media?parent=142394"}],"wp:term":[{"taxonomy":"product_cat","embeddable":true,"href":"https:\/\/prixgro.com\/ar\/wp-json\/wp\/v2\/product_cat?post=142394"},{"taxonomy":"product_tag","embeddable":true,"href":"https:\/\/prixgro.com\/ar\/wp-json\/wp\/v2\/product_tag?post=142394"},{"taxonomy":"berocket_brand","embeddable":true,"href":"https:\/\/prixgro.com\/ar\/wp-json\/wp\/v2\/berocket_brand?post=142394"}],"curies":[{"name":"wp","href":"https:\/\/api.w.org\/{rel}","templated":true}]}}