{"id":142404,"date":"2024-04-09T14:33:00","date_gmt":"2024-04-09T12:33:00","guid":{"rendered":"https:\/\/cloodmanager.net\/?post_type=product&#038;p=142404"},"modified":"2024-08-08T13:35:20","modified_gmt":"2024-08-08T11:35:20","slug":"test-de-grossesse-detection-ultra-precose-double-digital-clearblue","status":"publish","type":"product","link":"https:\/\/prixgro.com\/ar\/product\/test-de-grossesse-detection-ultra-precose-double-digital-clearblue\/","title":{"rendered":"Test de grossesse D\u00e9tection ultra pr\u00e9cose Double Digital clearblue"},"content":{"rendered":"<h2><strong>DESCRIPTION :\u00a0<\/strong><\/h2>\n<div class=\"claim-container\">\n<div class=\"claim\">\n<div class=\"claim-text\">\n<h3 class=\"color-dark-blue\"><strong>Ultra sensible<\/strong><\/h3>\n<p>Le test de grossesse digital le plus sensible d\u00e9tecte l\u2019hormone de grossesse, la hCG, avec une sensibilit\u00e9 de 10 mIU\/ml.<\/p>\n<\/div>\n<\/div>\n<div class=\"claim\">\n<div class=\"claim-text\">\n<h3 class=\"color-dark-blue\"><strong>Ultra pr\u00e9coce<\/strong><\/h3>\n<p>R\u00e9sultats d\u00e8s 6 jours avant le retard de vos r\u00e8gles (soit 5 jours avant la date pr\u00e9sum\u00e9e de vos r\u00e8gles). 78 % des grossesses peuvent \u00eatre d\u00e9tect\u00e9es 6 jours avant votre retard des r\u00e8gles, 93 % des grossesses 5 jours avant et 99 % ou plus \u00e0 partir de 4 jours avant le retard de r\u00e8gles.<\/p>\n<\/div>\n<\/div>\n<div class=\"claim\">\n<div class=\"claim-text\">\n<h3 class=\"color-dark-blue\"><strong>Ultra clair<\/strong><\/h3>\n<p>R\u00e9sultat digital \u00ab Enceinte \u00bb ou \u00ab Pas Enceinte \u00bb en toutes lettres pour que vous soyez plus s\u00fbre de votre r\u00e9sultat pr\u00e9coce.<\/p>\n<p><img decoding=\"async\" src=\"https:\/\/fr.clearblue.com\/sites\/default\/files\/wysiwyg\/products\/features\/CB15-4.gif\" \/><\/p>\n<div class=\"claim\">\n<div class=\"claim-text\">\n<p class=\"color-dark-blue\"><strong>Ultra facile \u00e0 utiliser<\/strong><\/p>\n<p>Design ergonomique offrant une bonne prise en main, une tige extra-large pour un test facile \u00e0 r\u00e9aliser, et un voyant lumineux unique qui clignote pour vous indiquer quand vous avez recueilli suffisamment d\u2019urine. Le test dispose \u00e9galement de la Technologie Floodguard\u2122 unique, qui facilite le bon d\u00e9roulement du test. Gr\u00e2ce \u00e0 notre indicateur de progression, vous \u00eates rassur\u00e9e tout au long du test, jusqu\u2019\u00e0 l\u2019obtention de votre r\u00e9sultat digital clair en toutes lettres.<\/p>\n<\/div>\n<\/div>\n<div class=\"claim\">\n<div class=\"claim-text\">\n<h3 class=\"color-dark-blue\"><strong>Fiable \u00e0 plus de 99 %<\/strong><\/h3>\n<p>D\u00e8s la date pr\u00e9sum\u00e9e de vos r\u00e8gles.<\/p>\n<\/div>\n<\/div>\n<\/div>\n<\/div>\n<\/div>","protected":false},"excerpt":{"rendered":"<div class=\"woocommerce-product-details__short-description\">\n<h2 class=\"h1 tt-producttitle\"><span>Deux Tests Num\u00e9riques<\/span><strong> !\u00a0\u00a0<\/strong><\/h2>\n<h3><span style=\"color: #3366ff;\"><strong>R\u00e9sultats clairs en toute lettres 6 jours avant.<\/strong><\/span><\/h3>\n<\/div>\n<form class=\"cart\" action=\"https:\/\/pharmacima.com\/product\/test-de-grossesse-detection-ultra-precose-digital-clearblue\/\" enctype=\"multipart\/form-data\" method=\"post\">\n<div class=\"woocommerce-add-to-cart-group\">\n<div class=\"quantity buttons_added is-not-empty\"><\/div>\n<\/div>\n<\/form>","protected":false},"featured_media":11852,"comment_status":"open","ping_status":"closed","template":"","meta":[],"product_cat":[21],"product_tag":[],"berocket_brand":[698],"class_list":{"0":"post-142404","1":"product","2":"type-product","3":"status-publish","4":"has-post-thumbnail","6":"product_cat-diagnostic","7":"berocket_brand-clearblue","9":"first","10":"outofstock","11":"shipping-taxable","12":"purchasable","13":"product-type-simple"},"yoast_head":"<!-- This site is optimized with the Yoast SEO plugin v24.8 - https:\/\/yoast.com\/wordpress\/plugins\/seo\/ -->\n<title>Test de grossesse D\u00e9tection ultra pr\u00e9cose Double Digital clearblue - Prixgro<\/title>\n<meta name=\"robots\" content=\"index, follow, max-snippet:-1, max-image-preview:large, max-video-preview:-1\" \/>\n<link rel=\"canonical\" href=\"https:\/\/prixgro.com\/ar\/product\/test-de-grossesse-detection-ultra-precose-double-digital-clearblue\/\" \/>\n<meta property=\"og:locale\" content=\"ar_AR\" \/>\n<meta property=\"og:type\" content=\"article\" \/>\n<meta property=\"og:title\" content=\"Test de grossesse D\u00e9tection ultra pr\u00e9cose Double Digital clearblue - Prixgro\" \/>\n<meta property=\"og:description\" content=\"Deux Tests Num\u00e9riques !\u00a0\u00a0 R\u00e9sultats clairs en toute lettres 6 jours avant.\" \/>\n<meta property=\"og:url\" content=\"https:\/\/prixgro.com\/ar\/product\/test-de-grossesse-detection-ultra-precose-double-digital-clearblue\/\" \/>\n<meta property=\"og:site_name\" content=\"Prixgro\" \/>\n<meta property=\"article:publisher\" content=\"https:\/\/www.facebook.com\/Pharmacima\" \/>\n<meta property=\"article:modified_time\" content=\"2024-08-08T11:35:20+00:00\" \/>\n<meta property=\"og:image\" content=\"https:\/\/prixgro.com\/wp-content\/uploads\/2024\/01\/clearblue-boite-de-deux-.png\" \/>\n\t<meta property=\"og:image:width\" content=\"540\" \/>\n\t<meta property=\"og:image:height\" content=\"540\" \/>\n\t<meta property=\"og:image:type\" content=\"image\/png\" \/>\n<meta name=\"twitter:card\" content=\"summary_large_image\" \/>\n<meta name=\"twitter:label1\" content=\"\u0648\u0642\u062a \u0627\u0644\u0642\u0631\u0627\u0621\u0629 \u0627\u0644\u0645\u064f\u0642\u062f\u0651\u0631\" \/>\n\t<meta name=\"twitter:data1\" content=\"\u062f\u0642\u064a\u0642\u0629 \u0648\u0627\u062d\u062f\u0629\" \/>\n<script type=\"application\/ld+json\" class=\"yoast-schema-graph\">{\"@context\":\"https:\/\/schema.org\",\"@graph\":[{\"@type\":\"WebPage\",\"@id\":\"https:\/\/prixgro.com\/product\/test-de-grossesse-detection-ultra-precose-double-digital-clearblue\/\",\"url\":\"https:\/\/prixgro.com\/product\/test-de-grossesse-detection-ultra-precose-double-digital-clearblue\/\",\"name\":\"Test de grossesse D\u00e9tection ultra pr\u00e9cose Double Digital clearblue - Prixgro\",\"isPartOf\":{\"@id\":\"https:\/\/prixgro.com\/#website\"},\"primaryImageOfPage\":{\"@id\":\"https:\/\/prixgro.com\/product\/test-de-grossesse-detection-ultra-precose-double-digital-clearblue\/#primaryimage\"},\"image\":{\"@id\":\"https:\/\/prixgro.com\/product\/test-de-grossesse-detection-ultra-precose-double-digital-clearblue\/#primaryimage\"},\"thumbnailUrl\":\"https:\/\/prixgro.com\/wp-content\/uploads\/2024\/01\/clearblue-boite-de-deux-.png\",\"datePublished\":\"2024-04-09T12:33:00+00:00\",\"dateModified\":\"2024-08-08T11:35:20+00:00\",\"breadcrumb\":{\"@id\":\"https:\/\/prixgro.com\/product\/test-de-grossesse-detection-ultra-precose-double-digital-clearblue\/#breadcrumb\"},\"inLanguage\":\"ar\",\"potentialAction\":[{\"@type\":\"ReadAction\",\"target\":[\"https:\/\/prixgro.com\/product\/test-de-grossesse-detection-ultra-precose-double-digital-clearblue\/\"]}]},{\"@type\":\"ImageObject\",\"inLanguage\":\"ar\",\"@id\":\"https:\/\/prixgro.com\/product\/test-de-grossesse-detection-ultra-precose-double-digital-clearblue\/#primaryimage\",\"url\":\"https:\/\/prixgro.com\/wp-content\/uploads\/2024\/01\/clearblue-boite-de-deux-.png\",\"contentUrl\":\"https:\/\/prixgro.com\/wp-content\/uploads\/2024\/01\/clearblue-boite-de-deux-.png\",\"width\":540,\"height\":540},{\"@type\":\"BreadcrumbList\",\"@id\":\"https:\/\/prixgro.com\/product\/test-de-grossesse-detection-ultra-precose-double-digital-clearblue\/#breadcrumb\",\"itemListElement\":[{\"@type\":\"ListItem\",\"position\":1,\"name\":\"Accueil\",\"item\":\"https:\/\/prixgro.com\/\"},{\"@type\":\"ListItem\",\"position\":2,\"name\":\"Boutique en ligne\",\"item\":\"https:\/\/prixgro.com\/shop\/\"},{\"@type\":\"ListItem\",\"position\":3,\"name\":\"Test de grossesse D\u00e9tection ultra pr\u00e9cose Double Digital clearblue\"}]},{\"@type\":\"WebSite\",\"@id\":\"https:\/\/prixgro.com\/#website\",\"url\":\"https:\/\/prixgro.com\/\",\"name\":\"Prixgro.com\",\"description\":\"Para Pharmaceutique et Cosm\u00e9tique\",\"publisher\":{\"@id\":\"https:\/\/prixgro.com\/#organization\"},\"potentialAction\":[{\"@type\":\"SearchAction\",\"target\":{\"@type\":\"EntryPoint\",\"urlTemplate\":\"https:\/\/prixgro.com\/?s={search_term_string}\"},\"query-input\":{\"@type\":\"PropertyValueSpecification\",\"valueRequired\":true,\"valueName\":\"search_term_string\"}}],\"inLanguage\":\"ar\"},{\"@type\":\"Organization\",\"@id\":\"https:\/\/prixgro.com\/#organization\",\"name\":\"Prixgro\",\"url\":\"https:\/\/prixgro.com\/\",\"logo\":{\"@type\":\"ImageObject\",\"inLanguage\":\"ar\",\"@id\":\"https:\/\/prixgro.com\/#\/schema\/logo\/image\/\",\"url\":\"https:\/\/prixgro.com\/wp-content\/uploads\/2024\/08\/cropped-Nouveau-projet-2.png\",\"contentUrl\":\"https:\/\/prixgro.com\/wp-content\/uploads\/2024\/08\/cropped-Nouveau-projet-2.png\",\"width\":265,\"height\":62,\"caption\":\"Prixgro\"},\"image\":{\"@id\":\"https:\/\/prixgro.com\/#\/schema\/logo\/image\/\"},\"sameAs\":[\"https:\/\/www.facebook.com\/Pharmacima\"]}]}<\/script>\n<!-- \/ Yoast SEO plugin. -->","yoast_head_json":{"title":"Test de grossesse D\u00e9tection ultra pr\u00e9cose Double Digital clearblue - Prixgro","robots":{"index":"index","follow":"follow","max-snippet":"max-snippet:-1","max-image-preview":"max-image-preview:large","max-video-preview":"max-video-preview:-1"},"canonical":"https:\/\/prixgro.com\/ar\/product\/test-de-grossesse-detection-ultra-precose-double-digital-clearblue\/","og_locale":"ar_AR","og_type":"article","og_title":"Test de grossesse D\u00e9tection ultra pr\u00e9cose Double Digital clearblue - Prixgro","og_description":"Deux Tests Num\u00e9riques !\u00a0\u00a0 R\u00e9sultats clairs en toute lettres 6 jours avant.","og_url":"https:\/\/prixgro.com\/ar\/product\/test-de-grossesse-detection-ultra-precose-double-digital-clearblue\/","og_site_name":"Prixgro","article_publisher":"https:\/\/www.facebook.com\/Pharmacima","article_modified_time":"2024-08-08T11:35:20+00:00","og_image":[{"width":540,"height":540,"url":"https:\/\/prixgro.com\/wp-content\/uploads\/2024\/01\/clearblue-boite-de-deux-.png","type":"image\/png"}],"twitter_card":"summary_large_image","twitter_misc":{"\u0648\u0642\u062a \u0627\u0644\u0642\u0631\u0627\u0621\u0629 \u0627\u0644\u0645\u064f\u0642\u062f\u0651\u0631":"\u062f\u0642\u064a\u0642\u0629 \u0648\u0627\u062d\u062f\u0629"},"schema":{"@context":"https:\/\/schema.org","@graph":[{"@type":"WebPage","@id":"https:\/\/prixgro.com\/product\/test-de-grossesse-detection-ultra-precose-double-digital-clearblue\/","url":"https:\/\/prixgro.com\/product\/test-de-grossesse-detection-ultra-precose-double-digital-clearblue\/","name":"Test de grossesse D\u00e9tection ultra pr\u00e9cose Double Digital clearblue - Prixgro","isPartOf":{"@id":"https:\/\/prixgro.com\/#website"},"primaryImageOfPage":{"@id":"https:\/\/prixgro.com\/product\/test-de-grossesse-detection-ultra-precose-double-digital-clearblue\/#primaryimage"},"image":{"@id":"https:\/\/prixgro.com\/product\/test-de-grossesse-detection-ultra-precose-double-digital-clearblue\/#primaryimage"},"thumbnailUrl":"https:\/\/prixgro.com\/wp-content\/uploads\/2024\/01\/clearblue-boite-de-deux-.png","datePublished":"2024-04-09T12:33:00+00:00","dateModified":"2024-08-08T11:35:20+00:00","breadcrumb":{"@id":"https:\/\/prixgro.com\/product\/test-de-grossesse-detection-ultra-precose-double-digital-clearblue\/#breadcrumb"},"inLanguage":"ar","potentialAction":[{"@type":"ReadAction","target":["https:\/\/prixgro.com\/product\/test-de-grossesse-detection-ultra-precose-double-digital-clearblue\/"]}]},{"@type":"ImageObject","inLanguage":"ar","@id":"https:\/\/prixgro.com\/product\/test-de-grossesse-detection-ultra-precose-double-digital-clearblue\/#primaryimage","url":"https:\/\/prixgro.com\/wp-content\/uploads\/2024\/01\/clearblue-boite-de-deux-.png","contentUrl":"https:\/\/prixgro.com\/wp-content\/uploads\/2024\/01\/clearblue-boite-de-deux-.png","width":540,"height":540},{"@type":"BreadcrumbList","@id":"https:\/\/prixgro.com\/product\/test-de-grossesse-detection-ultra-precose-double-digital-clearblue\/#breadcrumb","itemListElement":[{"@type":"ListItem","position":1,"name":"Accueil","item":"https:\/\/prixgro.com\/"},{"@type":"ListItem","position":2,"name":"Boutique en ligne","item":"https:\/\/prixgro.com\/shop\/"},{"@type":"ListItem","position":3,"name":"Test de grossesse D\u00e9tection ultra pr\u00e9cose Double Digital clearblue"}]},{"@type":"WebSite","@id":"https:\/\/prixgro.com\/#website","url":"https:\/\/prixgro.com\/","name":"Prixgro.com","description":"Para Pharmaceutique et Cosm\u00e9tique","publisher":{"@id":"https:\/\/prixgro.com\/#organization"},"potentialAction":[{"@type":"SearchAction","target":{"@type":"EntryPoint","urlTemplate":"https:\/\/prixgro.com\/?s={search_term_string}"},"query-input":{"@type":"PropertyValueSpecification","valueRequired":true,"valueName":"search_term_string"}}],"inLanguage":"ar"},{"@type":"Organization","@id":"https:\/\/prixgro.com\/#organization","name":"Prixgro","url":"https:\/\/prixgro.com\/","logo":{"@type":"ImageObject","inLanguage":"ar","@id":"https:\/\/prixgro.com\/#\/schema\/logo\/image\/","url":"https:\/\/prixgro.com\/wp-content\/uploads\/2024\/08\/cropped-Nouveau-projet-2.png","contentUrl":"https:\/\/prixgro.com\/wp-content\/uploads\/2024\/08\/cropped-Nouveau-projet-2.png","width":265,"height":62,"caption":"Prixgro"},"image":{"@id":"https:\/\/prixgro.com\/#\/schema\/logo\/image\/"},"sameAs":["https:\/\/www.facebook.com\/Pharmacima"]}]}},"_links":{"self":[{"href":"https:\/\/prixgro.com\/ar\/wp-json\/wp\/v2\/product\/142404","targetHints":{"allow":["GET"]}}],"collection":[{"href":"https:\/\/prixgro.com\/ar\/wp-json\/wp\/v2\/product"}],"about":[{"href":"https:\/\/prixgro.com\/ar\/wp-json\/wp\/v2\/types\/product"}],"replies":[{"embeddable":true,"href":"https:\/\/prixgro.com\/ar\/wp-json\/wp\/v2\/comments?post=142404"}],"wp:featuredmedia":[{"embeddable":true,"href":"https:\/\/prixgro.com\/ar\/wp-json\/wp\/v2\/media\/11852"}],"wp:attachment":[{"href":"https:\/\/prixgro.com\/ar\/wp-json\/wp\/v2\/media?parent=142404"}],"wp:term":[{"taxonomy":"product_cat","embeddable":true,"href":"https:\/\/prixgro.com\/ar\/wp-json\/wp\/v2\/product_cat?post=142404"},{"taxonomy":"product_tag","embeddable":true,"href":"https:\/\/prixgro.com\/ar\/wp-json\/wp\/v2\/product_tag?post=142404"},{"taxonomy":"berocket_brand","embeddable":true,"href":"https:\/\/prixgro.com\/ar\/wp-json\/wp\/v2\/berocket_brand?post=142404"}],"curies":[{"name":"wp","href":"https:\/\/api.w.org\/{rel}","templated":true}]}}