{"id":142412,"date":"2024-04-09T14:33:01","date_gmt":"2024-04-09T12:33:01","guid":{"rendered":"https:\/\/cloodmanager.net\/?post_type=product&#038;p=142412"},"modified":"2024-08-06T19:42:18","modified_gmt":"2024-08-06T17:42:18","slug":"gel-exfoliant-8-aha-15ml-paulas-choice","status":"publish","type":"product","link":"https:\/\/prixgro.com\/ar\/product\/gel-exfoliant-8-aha-15ml-paulas-choice\/","title":{"rendered":"Gel Exfoliant 8% AHA 15ml Paula&#8217;s choice"},"content":{"rendered":"<h2><strong>DESCRIPTION :\u00a0<\/strong><\/h2>\n<p><span>Le gel AHA 8 % PERFECTEUR DE LA PEAU est un exfoliant sans rin\u00e7age totalement non abrasif qui aide en douceur et naturellement \u00e0 \u00e9liminer les couches accumul\u00e9es de peau morte, tout comme votre peau le faisait lorsque vous \u00e9tiez plus jeune.\u00a0<\/span><\/p>\n<p><span>Cette formule unique revitalise la surface de la peau, cr\u00e9e un \u00e9clat visible, lisse l&#8217;apparence des rides et donne \u00e0 votre peau une apparence et une sensation remarquablement douces.\u00a0<\/span><span>Avec une utilisation continue, il peut aider \u00e0 favoriser une peau d\u2019apparence plus ferme.<\/span><\/p>\n<p><span> Cet exfoliant a une plage de pH optimale de 3,5 \u00e0 3,9.<\/span><\/p>\n<h3><strong>Qu&#8217;est ce que \u00e7a fait?<\/strong><\/h3>\n<p><span>Combine les bienfaits exfoliants de l&#8217;acide glycolique avec une formule gel transparente et l\u00e9g\u00e8re qui procure une hydratation longue dur\u00e9e et am\u00e9liore consid\u00e9rablement la douceur de la peau.<\/span><\/p>\n<p><span>\u00a0<\/span><span>Il contient \u00e9galement des extraits de plantes apaisantes pour la peau et des antioxydants.\u00a0<\/span><span>Vous ressentirez un teint plus uniforme, plus lumineux et une sensation de fermet\u00e9.<\/span><\/p>\n<h2><strong>CONSEIL D&#8217;UTILISATION :<\/strong><\/h2>\n<p><span>Appliquer une \u00e0 deux fois par jour apr\u00e8s avoir nettoy\u00e9 et tonifi\u00e9.\u00a0Appliquez une noisette de produit sur l&#8217;ensemble du visage, en \u00e9vitant tout contact direct avec les yeux et les l\u00e8vres.\u00a0Ne pas rincer.\u00a0Pendant la journ\u00e9e, appliquez ensuite un \u00e9cran solaire \u00e0 large spectre avec un FPS de 30 ou plus.<\/span><\/p>\n<p><strong><span>Conseils de protection solaire lors de l&#8217;utilisation d&#8217;un exfoliant AHA :<\/span><\/strong><span>\u00a0Ce produit contient 8 % d&#8217;acide glycolique, un ingr\u00e9dient qui peut augmenter la sensibilit\u00e9 de votre peau au soleil et le risque de coup de soleil.\u00a0Appliquez toujours un \u00e9cran solaire \u00e0 large spectre avec un FPS de 30 ou plus chaque jour.\u00a0\u00c0 l\u2019ext\u00e9rieur, portez autant que possible des v\u00eatements de protection, cherchez de l\u2019ombre et \u00e9vitez toute exposition prolong\u00e9e au soleil.<\/span><\/p>\n<h2><strong>COMPOSITION :<\/strong><\/h2>\n<div class=\"ProductDetailsPagestyles__IngredientTitle-sc-1c50s3f-7 hkOuru large6 normalcase\"><span class=\"ProductDetailsPagestyles__Ingredient-sc-1c50s3f-10 cgwaMz medium2 normalcase\"><span>De l&#8217;eau<\/span><\/span><span>\u00a0\u2060\u00a0<span class=\"ProductDetailsPagestyles__IngredientSeparator-sc-1c50s3f-12 DNWLQ medium2 normalcase\">,<\/span><\/span><span class=\"ProductDetailsPagestyles__Ingredient-sc-1c50s3f-10 cgwaMz medium2 normalcase\"><span>Acide Glycolique<\/span><\/span><span>\u00a0\u2060\u00a0<span class=\"ProductDetailsPagestyles__IngredientSeparator-sc-1c50s3f-12 DNWLQ medium2 normalcase\">,<\/span><\/span><span class=\"ProductDetailsPagestyles__Ingredient-sc-1c50s3f-10 cgwaMz medium2 normalcase\"><span>Hydroxyde de sodium<\/span><\/span><span>\u00a0\u2060\u00a0<span class=\"ProductDetailsPagestyles__IngredientSeparator-sc-1c50s3f-12 DNWLQ medium2 normalcase\">,<\/span><\/span><span class=\"ProductDetailsPagestyles__Ingredient-sc-1c50s3f-10 cgwaMz medium2 normalcase\"><span>Extrait de fleur de Chamomilla Recutita<\/span><\/span><span>\u00a0\u2060\u00a0<span class=\"ProductDetailsPagestyles__IngredientSeparator-sc-1c50s3f-12 DNWLQ medium2 normalcase\">,<\/span><\/span><span class=\"ProductDetailsPagestyles__Ingredient-sc-1c50s3f-10 cgwaMz medium2 normalcase\"><span>Extrait de jus de feuille d&#8217;Aloe Barbadensis<\/span><\/span><span>\u00a0\u2060\u00a0<span class=\"ProductDetailsPagestyles__IngredientSeparator-sc-1c50s3f-12 DNWLQ medium2 normalcase\">,<\/span><\/span><span class=\"ProductDetailsPagestyles__Ingredient-sc-1c50s3f-10 cgwaMz medium2 normalcase\"><span>Extrait de feuille de Camellia Oleifera (th\u00e9 vert)<\/span><\/span><span>\u00a0\u2060\u00a0<span class=\"ProductDetailsPagestyles__IngredientSeparator-sc-1c50s3f-12 DNWLQ medium2 normalcase\">,<\/span><\/span><span class=\"ProductDetailsPagestyles__Ingredient-sc-1c50s3f-10 cgwaMz medium2 normalcase\"><span>Hyaluronate de Sodium<\/span><\/span><span>\u00a0\u2060\u00a0<span class=\"ProductDetailsPagestyles__IngredientSeparator-sc-1c50s3f-12 DNWLQ medium2 normalcase\">,<\/span><\/span><span class=\"ProductDetailsPagestyles__Ingredient-sc-1c50s3f-10 cgwaMz medium2 normalcase\"><span>Panth\u00e9nol<\/span><\/span><span>\u00a0\u2060\u00a0<span class=\"ProductDetailsPagestyles__IngredientSeparator-sc-1c50s3f-12 DNWLQ medium2 normalcase\">,<\/span><\/span><span class=\"ProductDetailsPagestyles__Ingredient-sc-1c50s3f-10 cgwaMz medium2 normalcase\"><span>Sodium PCA<\/span><\/span><span>\u00a0\u2060\u00a0<span class=\"ProductDetailsPagestyles__IngredientSeparator-sc-1c50s3f-12 DNWLQ medium2 normalcase\">,<\/span><\/span><span class=\"ProductDetailsPagestyles__Ingredient-sc-1c50s3f-10 cgwaMz medium2 normalcase\"><span>Propyl\u00e8ne Glycol<\/span><\/span><span>\u00a0\u2060\u00a0<span class=\"ProductDetailsPagestyles__IngredientSeparator-sc-1c50s3f-12 DNWLQ medium2 normalcase\">,<\/span><\/span><span class=\"ProductDetailsPagestyles__Ingredient-sc-1c50s3f-10 cgwaMz medium2 normalcase\"><span>Butyl\u00e8neGlycol<\/span><\/span><span>\u00a0\u2060\u00a0<span class=\"ProductDetailsPagestyles__IngredientSeparator-sc-1c50s3f-12 DNWLQ medium2 normalcase\">,<\/span><\/span><span class=\"ProductDetailsPagestyles__Ingredient-sc-1c50s3f-10 cgwaMz medium2 normalcase\"><span>Hydroxy\u00e9thylcellulose<\/span><\/span><span>\u00a0\u2060\u00a0<span class=\"ProductDetailsPagestyles__IngredientSeparator-sc-1c50s3f-12 DNWLQ medium2 normalcase\">,<\/span><\/span><span class=\"ProductDetailsPagestyles__Ingredient-sc-1c50s3f-10 cgwaMz medium2 normalcase\"><span>Polyquaternium-10<\/span><\/span><span>\u00a0\u2060\u00a0<span class=\"ProductDetailsPagestyles__IngredientSeparator-sc-1c50s3f-12 DNWLQ medium2 normalcase\">,<\/span><\/span><span class=\"ProductDetailsPagestyles__Ingredient-sc-1c50s3f-10 cgwaMz medium2 normalcase\"><span>Ph\u00e9noxy\u00e9thanol<\/span><\/span><span>\u00a0\u2060\u00a0<span class=\"ProductDetailsPagestyles__IngredientSeparator-sc-1c50s3f-12 DNWLQ medium2 normalcase\">,<\/span><\/span><span class=\"ProductDetailsPagestyles__Ingredient-sc-1c50s3f-10 cgwaMz medium2 normalcase\"><span>Benzoate de sodium<\/span><\/span><span> .<\/span><\/div>","protected":false},"excerpt":{"rendered":"<h3><em><strong>Gel exfoliant AHA unique avec de l&#8217;acide glycolique.<\/strong><\/em><\/h3>","protected":false},"featured_media":11875,"comment_status":"open","ping_status":"closed","template":"","meta":[],"product_cat":[17,36],"product_tag":[],"berocket_brand":[463],"class_list":{"0":"post-142412","1":"product","2":"type-product","3":"status-publish","4":"has-post-thumbnail","6":"product_cat-soin-et-bien-etre","7":"product_cat-visage-soin-et-bien-etre","8":"berocket_brand-paulaschoice","10":"first","11":"outofstock","12":"shipping-taxable","13":"purchasable","14":"product-type-simple"},"yoast_head":"<!-- This site is optimized with the Yoast SEO plugin v24.8 - https:\/\/yoast.com\/wordpress\/plugins\/seo\/ -->\n<title>Gel Exfoliant 8% AHA 15ml Paula&#8217;s choice - Prixgro<\/title>\n<meta name=\"robots\" content=\"index, follow, max-snippet:-1, max-image-preview:large, max-video-preview:-1\" \/>\n<link rel=\"canonical\" href=\"https:\/\/prixgro.com\/ar\/product\/gel-exfoliant-8-aha-15ml-paulas-choice\/\" \/>\n<meta property=\"og:locale\" content=\"ar_AR\" \/>\n<meta property=\"og:type\" content=\"article\" \/>\n<meta property=\"og:title\" content=\"Gel Exfoliant 8% AHA 15ml Paula&#8217;s choice - Prixgro\" \/>\n<meta property=\"og:description\" content=\"Gel exfoliant AHA unique avec de l&#039;acide glycolique.\" \/>\n<meta property=\"og:url\" content=\"https:\/\/prixgro.com\/ar\/product\/gel-exfoliant-8-aha-15ml-paulas-choice\/\" \/>\n<meta property=\"og:site_name\" content=\"Prixgro\" \/>\n<meta property=\"article:publisher\" content=\"https:\/\/www.facebook.com\/Pharmacima\" \/>\n<meta property=\"article:modified_time\" content=\"2024-08-06T17:42:18+00:00\" \/>\n<meta property=\"og:image\" content=\"https:\/\/prixgro.com\/wp-content\/uploads\/2024\/01\/paulas-choice-2.png\" \/>\n\t<meta property=\"og:image:width\" content=\"540\" \/>\n\t<meta property=\"og:image:height\" content=\"540\" \/>\n\t<meta property=\"og:image:type\" content=\"image\/png\" \/>\n<meta name=\"twitter:card\" content=\"summary_large_image\" \/>\n<meta name=\"twitter:label1\" content=\"\u0648\u0642\u062a \u0627\u0644\u0642\u0631\u0627\u0621\u0629 \u0627\u0644\u0645\u064f\u0642\u062f\u0651\u0631\" \/>\n\t<meta name=\"twitter:data1\" content=\"\u062f\u0642\u064a\u0642\u062a\u0627\u0646\" \/>\n<script type=\"application\/ld+json\" class=\"yoast-schema-graph\">{\"@context\":\"https:\/\/schema.org\",\"@graph\":[{\"@type\":\"WebPage\",\"@id\":\"https:\/\/prixgro.com\/product\/gel-exfoliant-8-aha-15ml-paulas-choice\/\",\"url\":\"https:\/\/prixgro.com\/product\/gel-exfoliant-8-aha-15ml-paulas-choice\/\",\"name\":\"Gel Exfoliant 8% AHA 15ml Paula&#8217;s choice - Prixgro\",\"isPartOf\":{\"@id\":\"https:\/\/prixgro.com\/#website\"},\"primaryImageOfPage\":{\"@id\":\"https:\/\/prixgro.com\/product\/gel-exfoliant-8-aha-15ml-paulas-choice\/#primaryimage\"},\"image\":{\"@id\":\"https:\/\/prixgro.com\/product\/gel-exfoliant-8-aha-15ml-paulas-choice\/#primaryimage\"},\"thumbnailUrl\":\"https:\/\/prixgro.com\/wp-content\/uploads\/2024\/01\/paulas-choice-2.png\",\"datePublished\":\"2024-04-09T12:33:01+00:00\",\"dateModified\":\"2024-08-06T17:42:18+00:00\",\"breadcrumb\":{\"@id\":\"https:\/\/prixgro.com\/product\/gel-exfoliant-8-aha-15ml-paulas-choice\/#breadcrumb\"},\"inLanguage\":\"ar\",\"potentialAction\":[{\"@type\":\"ReadAction\",\"target\":[\"https:\/\/prixgro.com\/product\/gel-exfoliant-8-aha-15ml-paulas-choice\/\"]}]},{\"@type\":\"ImageObject\",\"inLanguage\":\"ar\",\"@id\":\"https:\/\/prixgro.com\/product\/gel-exfoliant-8-aha-15ml-paulas-choice\/#primaryimage\",\"url\":\"https:\/\/prixgro.com\/wp-content\/uploads\/2024\/01\/paulas-choice-2.png\",\"contentUrl\":\"https:\/\/prixgro.com\/wp-content\/uploads\/2024\/01\/paulas-choice-2.png\",\"width\":540,\"height\":540},{\"@type\":\"BreadcrumbList\",\"@id\":\"https:\/\/prixgro.com\/product\/gel-exfoliant-8-aha-15ml-paulas-choice\/#breadcrumb\",\"itemListElement\":[{\"@type\":\"ListItem\",\"position\":1,\"name\":\"Accueil\",\"item\":\"https:\/\/prixgro.com\/\"},{\"@type\":\"ListItem\",\"position\":2,\"name\":\"Boutique en ligne\",\"item\":\"https:\/\/prixgro.com\/shop\/\"},{\"@type\":\"ListItem\",\"position\":3,\"name\":\"Gel Exfoliant 8% AHA 15ml Paula&#8217;s choice\"}]},{\"@type\":\"WebSite\",\"@id\":\"https:\/\/prixgro.com\/#website\",\"url\":\"https:\/\/prixgro.com\/\",\"name\":\"Prixgro.com\",\"description\":\"Para Pharmaceutique et Cosm\u00e9tique\",\"publisher\":{\"@id\":\"https:\/\/prixgro.com\/#organization\"},\"potentialAction\":[{\"@type\":\"SearchAction\",\"target\":{\"@type\":\"EntryPoint\",\"urlTemplate\":\"https:\/\/prixgro.com\/?s={search_term_string}\"},\"query-input\":{\"@type\":\"PropertyValueSpecification\",\"valueRequired\":true,\"valueName\":\"search_term_string\"}}],\"inLanguage\":\"ar\"},{\"@type\":\"Organization\",\"@id\":\"https:\/\/prixgro.com\/#organization\",\"name\":\"Prixgro\",\"url\":\"https:\/\/prixgro.com\/\",\"logo\":{\"@type\":\"ImageObject\",\"inLanguage\":\"ar\",\"@id\":\"https:\/\/prixgro.com\/#\/schema\/logo\/image\/\",\"url\":\"https:\/\/prixgro.com\/wp-content\/uploads\/2024\/08\/cropped-Nouveau-projet-2.png\",\"contentUrl\":\"https:\/\/prixgro.com\/wp-content\/uploads\/2024\/08\/cropped-Nouveau-projet-2.png\",\"width\":265,\"height\":62,\"caption\":\"Prixgro\"},\"image\":{\"@id\":\"https:\/\/prixgro.com\/#\/schema\/logo\/image\/\"},\"sameAs\":[\"https:\/\/www.facebook.com\/Pharmacima\"]}]}<\/script>\n<!-- \/ Yoast SEO plugin. -->","yoast_head_json":{"title":"Gel Exfoliant 8% AHA 15ml Paula&#8217;s choice - Prixgro","robots":{"index":"index","follow":"follow","max-snippet":"max-snippet:-1","max-image-preview":"max-image-preview:large","max-video-preview":"max-video-preview:-1"},"canonical":"https:\/\/prixgro.com\/ar\/product\/gel-exfoliant-8-aha-15ml-paulas-choice\/","og_locale":"ar_AR","og_type":"article","og_title":"Gel Exfoliant 8% AHA 15ml Paula&#8217;s choice - Prixgro","og_description":"Gel exfoliant AHA unique avec de l'acide glycolique.","og_url":"https:\/\/prixgro.com\/ar\/product\/gel-exfoliant-8-aha-15ml-paulas-choice\/","og_site_name":"Prixgro","article_publisher":"https:\/\/www.facebook.com\/Pharmacima","article_modified_time":"2024-08-06T17:42:18+00:00","og_image":[{"width":540,"height":540,"url":"https:\/\/prixgro.com\/wp-content\/uploads\/2024\/01\/paulas-choice-2.png","type":"image\/png"}],"twitter_card":"summary_large_image","twitter_misc":{"\u0648\u0642\u062a \u0627\u0644\u0642\u0631\u0627\u0621\u0629 \u0627\u0644\u0645\u064f\u0642\u062f\u0651\u0631":"\u062f\u0642\u064a\u0642\u062a\u0627\u0646"},"schema":{"@context":"https:\/\/schema.org","@graph":[{"@type":"WebPage","@id":"https:\/\/prixgro.com\/product\/gel-exfoliant-8-aha-15ml-paulas-choice\/","url":"https:\/\/prixgro.com\/product\/gel-exfoliant-8-aha-15ml-paulas-choice\/","name":"Gel Exfoliant 8% AHA 15ml Paula&#8217;s choice - Prixgro","isPartOf":{"@id":"https:\/\/prixgro.com\/#website"},"primaryImageOfPage":{"@id":"https:\/\/prixgro.com\/product\/gel-exfoliant-8-aha-15ml-paulas-choice\/#primaryimage"},"image":{"@id":"https:\/\/prixgro.com\/product\/gel-exfoliant-8-aha-15ml-paulas-choice\/#primaryimage"},"thumbnailUrl":"https:\/\/prixgro.com\/wp-content\/uploads\/2024\/01\/paulas-choice-2.png","datePublished":"2024-04-09T12:33:01+00:00","dateModified":"2024-08-06T17:42:18+00:00","breadcrumb":{"@id":"https:\/\/prixgro.com\/product\/gel-exfoliant-8-aha-15ml-paulas-choice\/#breadcrumb"},"inLanguage":"ar","potentialAction":[{"@type":"ReadAction","target":["https:\/\/prixgro.com\/product\/gel-exfoliant-8-aha-15ml-paulas-choice\/"]}]},{"@type":"ImageObject","inLanguage":"ar","@id":"https:\/\/prixgro.com\/product\/gel-exfoliant-8-aha-15ml-paulas-choice\/#primaryimage","url":"https:\/\/prixgro.com\/wp-content\/uploads\/2024\/01\/paulas-choice-2.png","contentUrl":"https:\/\/prixgro.com\/wp-content\/uploads\/2024\/01\/paulas-choice-2.png","width":540,"height":540},{"@type":"BreadcrumbList","@id":"https:\/\/prixgro.com\/product\/gel-exfoliant-8-aha-15ml-paulas-choice\/#breadcrumb","itemListElement":[{"@type":"ListItem","position":1,"name":"Accueil","item":"https:\/\/prixgro.com\/"},{"@type":"ListItem","position":2,"name":"Boutique en ligne","item":"https:\/\/prixgro.com\/shop\/"},{"@type":"ListItem","position":3,"name":"Gel Exfoliant 8% AHA 15ml Paula&#8217;s choice"}]},{"@type":"WebSite","@id":"https:\/\/prixgro.com\/#website","url":"https:\/\/prixgro.com\/","name":"Prixgro.com","description":"Para Pharmaceutique et Cosm\u00e9tique","publisher":{"@id":"https:\/\/prixgro.com\/#organization"},"potentialAction":[{"@type":"SearchAction","target":{"@type":"EntryPoint","urlTemplate":"https:\/\/prixgro.com\/?s={search_term_string}"},"query-input":{"@type":"PropertyValueSpecification","valueRequired":true,"valueName":"search_term_string"}}],"inLanguage":"ar"},{"@type":"Organization","@id":"https:\/\/prixgro.com\/#organization","name":"Prixgro","url":"https:\/\/prixgro.com\/","logo":{"@type":"ImageObject","inLanguage":"ar","@id":"https:\/\/prixgro.com\/#\/schema\/logo\/image\/","url":"https:\/\/prixgro.com\/wp-content\/uploads\/2024\/08\/cropped-Nouveau-projet-2.png","contentUrl":"https:\/\/prixgro.com\/wp-content\/uploads\/2024\/08\/cropped-Nouveau-projet-2.png","width":265,"height":62,"caption":"Prixgro"},"image":{"@id":"https:\/\/prixgro.com\/#\/schema\/logo\/image\/"},"sameAs":["https:\/\/www.facebook.com\/Pharmacima"]}]}},"_links":{"self":[{"href":"https:\/\/prixgro.com\/ar\/wp-json\/wp\/v2\/product\/142412","targetHints":{"allow":["GET"]}}],"collection":[{"href":"https:\/\/prixgro.com\/ar\/wp-json\/wp\/v2\/product"}],"about":[{"href":"https:\/\/prixgro.com\/ar\/wp-json\/wp\/v2\/types\/product"}],"replies":[{"embeddable":true,"href":"https:\/\/prixgro.com\/ar\/wp-json\/wp\/v2\/comments?post=142412"}],"wp:featuredmedia":[{"embeddable":true,"href":"https:\/\/prixgro.com\/ar\/wp-json\/wp\/v2\/media\/11875"}],"wp:attachment":[{"href":"https:\/\/prixgro.com\/ar\/wp-json\/wp\/v2\/media?parent=142412"}],"wp:term":[{"taxonomy":"product_cat","embeddable":true,"href":"https:\/\/prixgro.com\/ar\/wp-json\/wp\/v2\/product_cat?post=142412"},{"taxonomy":"product_tag","embeddable":true,"href":"https:\/\/prixgro.com\/ar\/wp-json\/wp\/v2\/product_tag?post=142412"},{"taxonomy":"berocket_brand","embeddable":true,"href":"https:\/\/prixgro.com\/ar\/wp-json\/wp\/v2\/berocket_brand?post=142412"}],"curies":[{"name":"wp","href":"https:\/\/api.w.org\/{rel}","templated":true}]}}