{"id":142414,"date":"2024-04-09T14:33:01","date_gmt":"2024-04-09T12:33:01","guid":{"rendered":"https:\/\/cloodmanager.net\/?post_type=product&#038;p=142414"},"modified":"2024-08-08T13:33:43","modified_gmt":"2024-08-08T11:33:43","slug":"gloss-a-levres-power-petals-sheglam","status":"publish","type":"product","link":"https:\/\/prixgro.com\/ar\/product\/gloss-a-levres-power-petals-sheglam\/","title":{"rendered":"Gloss a l\u00e8vres power Petals Sheglam"},"content":{"rendered":"<h2><strong>DESCRIPTION :<\/strong><\/h2>\n<p class=\"\">\u00a0Effet miroir avec une couleur brillante pour des l\u00e8vres charnues, lisses et humides.<\/p>\n<p class=\"\">D\u00e9couvrez l&#8217;\u00e9clat irr\u00e9sistible avec le gloss \u00e0 l\u00e8vres SheGlam, l&#8217;alliance parfaite entre glamour et sophistication. Notre formule l\u00e9g\u00e8re et non collante glisse d\u00e9licatement sur vos l\u00e8vres, les enveloppant d&#8217;une brillance \u00e9blouissante.<\/p>\n<p><strong>Avantages :<\/strong>\u00a0Longue tenue, hydratant, anti-taches<br \/>\n<strong>Finition :<\/strong>\u00a0haute brillance, brillant<br \/>\n<strong>Marque :<\/strong>\u00a0SHEGLAM<br \/>\n<strong>Couleur :<\/strong>\u00a0Power Petals<\/p>\n<p>&nbsp;<\/p>\n<h2><strong>CONSEIL D&#8217;UTILISATION :<\/strong><\/h2>\n<p>Appliquez directement le produit sur vos l\u00e8vres.<\/p>\n<h2><strong>COMPOSITION<\/strong> :<\/h2>\n<p>POLYISOBUT\u00c8NE, ISONONANOATE D&#8217;ISONONYLE, TRIGLYC\u00c9RIDE CAPRYLIQUE\/CAPRIQUE, POLYISOBUT\u00c8NE HYDROG\u00c9N\u00c9, SILYLATE DE DIM\u00c9THYLE DE SILICE, COPOLYM\u00c8RE VP\/HEXADEC\u00c8NE, CIRE MICROCRISTALLINE\/CERA MICROCRISTALLINA, HUILE DE GRAINES DE LIMNANTHES ALBA (MEADOWFOAM)\/HUILE DE GRAINES DE LIMNANTHES ALBA, SIMMONDSIA HUILE DE GRAINES DE CHINENSIS (JOJOBA) \/ Simmondsia chinensis huile de graines, fluorphlogopite synth\u00e9tique, ph\u00e9noxy\u00e9thanol, ac\u00e9tate de tocoph\u00e9ryle, vanilline, oxyde d&#8217;\u00e9tain, eau \/ aqua, butyl\u00e8ne glycol, Oryza sativa (riz) Extract \/ Oryza sativa Lees extract, prunus lannesiana flore OXYDES DE FER\/CI 77491, LAC ROUGE 7\/CI 15850, LAC JAUNE 5\/CI 19140<\/p>","protected":false},"excerpt":{"rendered":"<h3><span style=\"color: #c44545;\"><em><strong>Contenance : 12ml.<\/strong><\/em><\/span><\/h3>","protected":false},"featured_media":11877,"comment_status":"open","ping_status":"closed","template":"","meta":[],"product_cat":[432,429],"product_tag":[],"berocket_brand":[747],"class_list":{"0":"post-142414","1":"product","2":"type-product","3":"status-publish","4":"has-post-thumbnail","6":"product_cat-levres-maquillage","7":"product_cat-maquillage","8":"berocket_brand-sheglam","10":"first","11":"outofstock","12":"shipping-taxable","13":"purchasable","14":"product-type-simple"},"yoast_head":"<!-- This site is optimized with the Yoast SEO plugin v24.8 - https:\/\/yoast.com\/wordpress\/plugins\/seo\/ -->\n<title>Gloss a l\u00e8vres power Petals Sheglam - Prixgro<\/title>\n<meta name=\"description\" content=\"D\u00e9couvrez l&#039;\u00e9clat irr\u00e9sistible avec le gloss \u00e0 l\u00e8vres SheGlam, l&#039;alliance parfaite entre glamour et sophistication. Notre formule l\u00e9g\u00e8re et non\" \/>\n<meta name=\"robots\" content=\"index, follow, max-snippet:-1, max-image-preview:large, max-video-preview:-1\" \/>\n<link rel=\"canonical\" href=\"https:\/\/prixgro.com\/ar\/product\/gloss-a-levres-power-petals-sheglam\/\" \/>\n<meta property=\"og:locale\" content=\"ar_AR\" \/>\n<meta property=\"og:type\" content=\"article\" \/>\n<meta property=\"og:title\" content=\"Gloss a l\u00e8vres power Petals Sheglam - Prixgro\" \/>\n<meta property=\"og:description\" content=\"D\u00e9couvrez l&#039;\u00e9clat irr\u00e9sistible avec le gloss \u00e0 l\u00e8vres SheGlam, l&#039;alliance parfaite entre glamour et sophistication. Notre formule l\u00e9g\u00e8re et non\" \/>\n<meta property=\"og:url\" content=\"https:\/\/prixgro.com\/ar\/product\/gloss-a-levres-power-petals-sheglam\/\" \/>\n<meta property=\"og:site_name\" content=\"Prixgro\" \/>\n<meta property=\"article:publisher\" content=\"https:\/\/www.facebook.com\/Pharmacima\" \/>\n<meta property=\"article:modified_time\" content=\"2024-08-08T11:33:43+00:00\" \/>\n<meta property=\"og:image\" content=\"https:\/\/prixgro.com\/wp-content\/uploads\/2024\/01\/sheglalm-power-petals-.png\" \/>\n\t<meta property=\"og:image:width\" content=\"540\" \/>\n\t<meta property=\"og:image:height\" content=\"540\" \/>\n\t<meta property=\"og:image:type\" content=\"image\/png\" \/>\n<meta name=\"twitter:card\" content=\"summary_large_image\" \/>\n<meta name=\"twitter:label1\" content=\"\u0648\u0642\u062a \u0627\u0644\u0642\u0631\u0627\u0621\u0629 \u0627\u0644\u0645\u064f\u0642\u062f\u0651\u0631\" \/>\n\t<meta name=\"twitter:data1\" content=\"\u062f\u0642\u064a\u0642\u0629 \u0648\u0627\u062d\u062f\u0629\" \/>\n<script type=\"application\/ld+json\" class=\"yoast-schema-graph\">{\"@context\":\"https:\/\/schema.org\",\"@graph\":[{\"@type\":\"WebPage\",\"@id\":\"https:\/\/prixgro.com\/product\/gloss-a-levres-power-petals-sheglam\/\",\"url\":\"https:\/\/prixgro.com\/product\/gloss-a-levres-power-petals-sheglam\/\",\"name\":\"Gloss a l\u00e8vres power Petals Sheglam - Prixgro\",\"isPartOf\":{\"@id\":\"https:\/\/prixgro.com\/#website\"},\"primaryImageOfPage\":{\"@id\":\"https:\/\/prixgro.com\/product\/gloss-a-levres-power-petals-sheglam\/#primaryimage\"},\"image\":{\"@id\":\"https:\/\/prixgro.com\/product\/gloss-a-levres-power-petals-sheglam\/#primaryimage\"},\"thumbnailUrl\":\"https:\/\/prixgro.com\/wp-content\/uploads\/2024\/01\/sheglalm-power-petals-.png\",\"datePublished\":\"2024-04-09T12:33:01+00:00\",\"dateModified\":\"2024-08-08T11:33:43+00:00\",\"description\":\"D\u00e9couvrez l'\u00e9clat irr\u00e9sistible avec le gloss \u00e0 l\u00e8vres SheGlam, l'alliance parfaite entre glamour et sophistication. Notre formule l\u00e9g\u00e8re et non\",\"breadcrumb\":{\"@id\":\"https:\/\/prixgro.com\/product\/gloss-a-levres-power-petals-sheglam\/#breadcrumb\"},\"inLanguage\":\"ar\",\"potentialAction\":[{\"@type\":\"ReadAction\",\"target\":[\"https:\/\/prixgro.com\/product\/gloss-a-levres-power-petals-sheglam\/\"]}]},{\"@type\":\"ImageObject\",\"inLanguage\":\"ar\",\"@id\":\"https:\/\/prixgro.com\/product\/gloss-a-levres-power-petals-sheglam\/#primaryimage\",\"url\":\"https:\/\/prixgro.com\/wp-content\/uploads\/2024\/01\/sheglalm-power-petals-.png\",\"contentUrl\":\"https:\/\/prixgro.com\/wp-content\/uploads\/2024\/01\/sheglalm-power-petals-.png\",\"width\":540,\"height\":540},{\"@type\":\"BreadcrumbList\",\"@id\":\"https:\/\/prixgro.com\/product\/gloss-a-levres-power-petals-sheglam\/#breadcrumb\",\"itemListElement\":[{\"@type\":\"ListItem\",\"position\":1,\"name\":\"Accueil\",\"item\":\"https:\/\/prixgro.com\/\"},{\"@type\":\"ListItem\",\"position\":2,\"name\":\"Boutique en ligne\",\"item\":\"https:\/\/prixgro.com\/shop\/\"},{\"@type\":\"ListItem\",\"position\":3,\"name\":\"Gloss a l\u00e8vres power Petals Sheglam\"}]},{\"@type\":\"WebSite\",\"@id\":\"https:\/\/prixgro.com\/#website\",\"url\":\"https:\/\/prixgro.com\/\",\"name\":\"Prixgro.com\",\"description\":\"Para Pharmaceutique et Cosm\u00e9tique\",\"publisher\":{\"@id\":\"https:\/\/prixgro.com\/#organization\"},\"potentialAction\":[{\"@type\":\"SearchAction\",\"target\":{\"@type\":\"EntryPoint\",\"urlTemplate\":\"https:\/\/prixgro.com\/?s={search_term_string}\"},\"query-input\":{\"@type\":\"PropertyValueSpecification\",\"valueRequired\":true,\"valueName\":\"search_term_string\"}}],\"inLanguage\":\"ar\"},{\"@type\":\"Organization\",\"@id\":\"https:\/\/prixgro.com\/#organization\",\"name\":\"Prixgro\",\"url\":\"https:\/\/prixgro.com\/\",\"logo\":{\"@type\":\"ImageObject\",\"inLanguage\":\"ar\",\"@id\":\"https:\/\/prixgro.com\/#\/schema\/logo\/image\/\",\"url\":\"https:\/\/prixgro.com\/wp-content\/uploads\/2024\/08\/cropped-Nouveau-projet-2.png\",\"contentUrl\":\"https:\/\/prixgro.com\/wp-content\/uploads\/2024\/08\/cropped-Nouveau-projet-2.png\",\"width\":265,\"height\":62,\"caption\":\"Prixgro\"},\"image\":{\"@id\":\"https:\/\/prixgro.com\/#\/schema\/logo\/image\/\"},\"sameAs\":[\"https:\/\/www.facebook.com\/Pharmacima\"]}]}<\/script>\n<!-- \/ Yoast SEO plugin. -->","yoast_head_json":{"title":"Gloss a l\u00e8vres power Petals Sheglam - Prixgro","description":"D\u00e9couvrez l'\u00e9clat irr\u00e9sistible avec le gloss \u00e0 l\u00e8vres SheGlam, l'alliance parfaite entre glamour et sophistication. Notre formule l\u00e9g\u00e8re et non","robots":{"index":"index","follow":"follow","max-snippet":"max-snippet:-1","max-image-preview":"max-image-preview:large","max-video-preview":"max-video-preview:-1"},"canonical":"https:\/\/prixgro.com\/ar\/product\/gloss-a-levres-power-petals-sheglam\/","og_locale":"ar_AR","og_type":"article","og_title":"Gloss a l\u00e8vres power Petals Sheglam - Prixgro","og_description":"D\u00e9couvrez l'\u00e9clat irr\u00e9sistible avec le gloss \u00e0 l\u00e8vres SheGlam, l'alliance parfaite entre glamour et sophistication. Notre formule l\u00e9g\u00e8re et non","og_url":"https:\/\/prixgro.com\/ar\/product\/gloss-a-levres-power-petals-sheglam\/","og_site_name":"Prixgro","article_publisher":"https:\/\/www.facebook.com\/Pharmacima","article_modified_time":"2024-08-08T11:33:43+00:00","og_image":[{"width":540,"height":540,"url":"https:\/\/prixgro.com\/wp-content\/uploads\/2024\/01\/sheglalm-power-petals-.png","type":"image\/png"}],"twitter_card":"summary_large_image","twitter_misc":{"\u0648\u0642\u062a \u0627\u0644\u0642\u0631\u0627\u0621\u0629 \u0627\u0644\u0645\u064f\u0642\u062f\u0651\u0631":"\u062f\u0642\u064a\u0642\u0629 \u0648\u0627\u062d\u062f\u0629"},"schema":{"@context":"https:\/\/schema.org","@graph":[{"@type":"WebPage","@id":"https:\/\/prixgro.com\/product\/gloss-a-levres-power-petals-sheglam\/","url":"https:\/\/prixgro.com\/product\/gloss-a-levres-power-petals-sheglam\/","name":"Gloss a l\u00e8vres power Petals Sheglam - Prixgro","isPartOf":{"@id":"https:\/\/prixgro.com\/#website"},"primaryImageOfPage":{"@id":"https:\/\/prixgro.com\/product\/gloss-a-levres-power-petals-sheglam\/#primaryimage"},"image":{"@id":"https:\/\/prixgro.com\/product\/gloss-a-levres-power-petals-sheglam\/#primaryimage"},"thumbnailUrl":"https:\/\/prixgro.com\/wp-content\/uploads\/2024\/01\/sheglalm-power-petals-.png","datePublished":"2024-04-09T12:33:01+00:00","dateModified":"2024-08-08T11:33:43+00:00","description":"D\u00e9couvrez l'\u00e9clat irr\u00e9sistible avec le gloss \u00e0 l\u00e8vres SheGlam, l'alliance parfaite entre glamour et sophistication. Notre formule l\u00e9g\u00e8re et non","breadcrumb":{"@id":"https:\/\/prixgro.com\/product\/gloss-a-levres-power-petals-sheglam\/#breadcrumb"},"inLanguage":"ar","potentialAction":[{"@type":"ReadAction","target":["https:\/\/prixgro.com\/product\/gloss-a-levres-power-petals-sheglam\/"]}]},{"@type":"ImageObject","inLanguage":"ar","@id":"https:\/\/prixgro.com\/product\/gloss-a-levres-power-petals-sheglam\/#primaryimage","url":"https:\/\/prixgro.com\/wp-content\/uploads\/2024\/01\/sheglalm-power-petals-.png","contentUrl":"https:\/\/prixgro.com\/wp-content\/uploads\/2024\/01\/sheglalm-power-petals-.png","width":540,"height":540},{"@type":"BreadcrumbList","@id":"https:\/\/prixgro.com\/product\/gloss-a-levres-power-petals-sheglam\/#breadcrumb","itemListElement":[{"@type":"ListItem","position":1,"name":"Accueil","item":"https:\/\/prixgro.com\/"},{"@type":"ListItem","position":2,"name":"Boutique en ligne","item":"https:\/\/prixgro.com\/shop\/"},{"@type":"ListItem","position":3,"name":"Gloss a l\u00e8vres power Petals Sheglam"}]},{"@type":"WebSite","@id":"https:\/\/prixgro.com\/#website","url":"https:\/\/prixgro.com\/","name":"Prixgro.com","description":"Para Pharmaceutique et Cosm\u00e9tique","publisher":{"@id":"https:\/\/prixgro.com\/#organization"},"potentialAction":[{"@type":"SearchAction","target":{"@type":"EntryPoint","urlTemplate":"https:\/\/prixgro.com\/?s={search_term_string}"},"query-input":{"@type":"PropertyValueSpecification","valueRequired":true,"valueName":"search_term_string"}}],"inLanguage":"ar"},{"@type":"Organization","@id":"https:\/\/prixgro.com\/#organization","name":"Prixgro","url":"https:\/\/prixgro.com\/","logo":{"@type":"ImageObject","inLanguage":"ar","@id":"https:\/\/prixgro.com\/#\/schema\/logo\/image\/","url":"https:\/\/prixgro.com\/wp-content\/uploads\/2024\/08\/cropped-Nouveau-projet-2.png","contentUrl":"https:\/\/prixgro.com\/wp-content\/uploads\/2024\/08\/cropped-Nouveau-projet-2.png","width":265,"height":62,"caption":"Prixgro"},"image":{"@id":"https:\/\/prixgro.com\/#\/schema\/logo\/image\/"},"sameAs":["https:\/\/www.facebook.com\/Pharmacima"]}]}},"_links":{"self":[{"href":"https:\/\/prixgro.com\/ar\/wp-json\/wp\/v2\/product\/142414","targetHints":{"allow":["GET"]}}],"collection":[{"href":"https:\/\/prixgro.com\/ar\/wp-json\/wp\/v2\/product"}],"about":[{"href":"https:\/\/prixgro.com\/ar\/wp-json\/wp\/v2\/types\/product"}],"replies":[{"embeddable":true,"href":"https:\/\/prixgro.com\/ar\/wp-json\/wp\/v2\/comments?post=142414"}],"wp:featuredmedia":[{"embeddable":true,"href":"https:\/\/prixgro.com\/ar\/wp-json\/wp\/v2\/media\/11877"}],"wp:attachment":[{"href":"https:\/\/prixgro.com\/ar\/wp-json\/wp\/v2\/media?parent=142414"}],"wp:term":[{"taxonomy":"product_cat","embeddable":true,"href":"https:\/\/prixgro.com\/ar\/wp-json\/wp\/v2\/product_cat?post=142414"},{"taxonomy":"product_tag","embeddable":true,"href":"https:\/\/prixgro.com\/ar\/wp-json\/wp\/v2\/product_tag?post=142414"},{"taxonomy":"berocket_brand","embeddable":true,"href":"https:\/\/prixgro.com\/ar\/wp-json\/wp\/v2\/berocket_brand?post=142414"}],"curies":[{"name":"wp","href":"https:\/\/api.w.org\/{rel}","templated":true}]}}