{"id":142415,"date":"2024-04-09T14:33:01","date_gmt":"2024-04-09T12:33:01","guid":{"rendered":"https:\/\/cloodmanager.net\/?post_type=product&#038;p=142415"},"modified":"2024-08-08T13:36:46","modified_gmt":"2024-08-08T11:36:46","slug":"traitement-a-lacide-mandelique-15ml-the-inkey-list","status":"publish","type":"product","link":"https:\/\/prixgro.com\/ar\/product\/traitement-a-lacide-mandelique-15ml-the-inkey-list\/","title":{"rendered":"Traitement a l\u2019acide mand\u00e9lique 15ml The inkey list"},"content":{"rendered":"<h2><strong>DESCRIPTION :\u00a0<\/strong><\/h2>\n<p>Peut \u00eatre utilis\u00e9 avec d\u2019autres AHA (acide alpha-hydroxy, acide glycolique, acide lactique ou vinaigre de cidre de pomme), BHA (acide b\u00eata-hydroxy, traitement des imperfections C-50), de la vitamine C et d\u2019autres produits au r\u00e9tinol.\u00a0S\u2019agissant d\u2019un traitement cibl\u00e9, \u00e9vitez d\u2019utiliser ces ingr\u00e9dients sur la m\u00eame zone.<\/p>\n<p>Sachez simplement que cette formule contient du r\u00e9tinol, vous devrez donc peut-\u00eatre r\u00e9duire votre consommation actuelle de r\u00e9tinol si vous utilisez ou laisser le temps d&#8217;acqu\u00e9rir une tol\u00e9rance pour le niveau suppl\u00e9mentaire de r\u00e9tinol pr\u00e9sent dans le traitement \u00e0 l&#8217;acide mand\u00e9lique.<\/p>\n<p>Pour que votre produit continue de fonctionner au mieux, nous vous recommandons de le stocker dans un endroit sec et frais \u00e0 l&#8217;abri de la lumi\u00e8re directe du soleil. \u00c9viter le contact direct avec les yeux. En usage externe seulement. Tenir hors de port\u00e9e des enfants.<\/p>\n<ul>\n<li>10 % d&#8217;acide mand\u00e9lique\u00a0: un acide alpha-hydroxy (AHA) d\u00e9riv\u00e9 d&#8217;amandes am\u00e8res avec une grande taille de mol\u00e9cules, ce qui le rend adapt\u00e9 aux peaux sensibles avec des avantages prouv\u00e9s en mati\u00e8re d&#8217;inhibition de la m\u00e9lanine pour aider \u00e0 r\u00e9duire les taches brunes, l&#8217;hyperpigmentation et les marques post-acn\u00e9iques.<\/li>\n<li>0,1 % de r\u00e9tinol : aide \u00e0 augmenter le renouvellement cellulaire naturel pour att\u00e9nuer les taches brunes, l&#8217;hyperpigmentation et la d\u00e9coloration<\/li>\n<li>Glyc\u00e9rine\u00a0: hydrate la peau en profondeur et absorbe l&#8217;humidit\u00e9<\/li>\n<\/ul>\n<h2><strong>CONSEIL D&#8217;UTILISATION :<\/strong><\/h2>\n<ul>\n<li>\u00c0 utiliser dans votre routine de soins PM.<\/li>\n<li>Apr\u00e8s avoir nettoy\u00e9 et hydratant avec\u00a0de l&#8217;acide hyaluronique\u00a0, appliquez doucement une fine couche de traitement \u00e0 l&#8217;acide mand\u00e9lique sur les zones affect\u00e9es.<\/li>\n<li>Suivez avec les s\u00e9rums et la cr\u00e8me hydratante pr\u00e9f\u00e9r\u00e9s.<\/li>\n<li>Nous vous conseillons de toujours utiliser\u00a0le SPF\u00a0comme derni\u00e8re \u00e9tape de votre routine de soins de la peau le matin, car le traitement \u00e0 l&#8217;acide mand\u00e9lique peut augmenter la sensibilit\u00e9 au soleil.<\/li>\n<\/ul>\n<h2><strong>COMPOSITION :<\/strong><\/h2>\n<p><span class=\"text-sm underline hover:cursor-pointer\">Aqua (water),<\/span>\u00a0<span class=\"text-sm underline hover:cursor-pointer\">Propanediol,<\/span>\u00a0<span class=\"text-sm underline hover:cursor-pointer\">Mandelic acid,<\/span>\u00a0<span class=\"text-sm underline hover:cursor-pointer\">Glyceryl stearate,<\/span>\u00a0<span class=\"text-sm underline hover:cursor-pointer\">Cetearyl alcohol,<\/span>\u00a0<span class=\"text-sm underline hover:cursor-pointer\">Coco-caprylate\/caprate,<\/span>\u00a0<span class=\"text-sm underline hover:cursor-pointer\">Glycerin,<\/span>\u00a0<span class=\"text-sm underline hover:cursor-pointer\">Sodium hydroxide,<\/span>\u00a0<span class=\"text-sm underline hover:cursor-pointer\">Caprylic\/capric triglyceride,<\/span>\u00a0<span class=\"text-sm underline hover:cursor-pointer\">Candelilla\/jojoba\/rice bran polyglyceryl-3 esters,<\/span>\u00a0<span class=\"text-sm underline hover:cursor-pointer\">Sodium stearoyl lactylate,<\/span>\u00a0<span class=\"text-sm underline hover:cursor-pointer\">Sodium stearoyl glutamate,<\/span>\u00a0<span class=\"text-sm underline hover:cursor-pointer\">Phenoxyethanol,<\/span>\u00a0<span class=\"text-sm underline hover:cursor-pointer\">Benzyl alcohol,<\/span>\u00a0<span class=\"text-sm underline hover:cursor-pointer\">Ammonium acryloyldimethyltaurate\/vp copolymer,<\/span>\u00a0<span class=\"text-sm underline hover:cursor-pointer\">Copernicia cerifera cera,<\/span>\u00a0<span class=\"text-sm underline hover:cursor-pointer\">Retinol,<\/span>\u00a0<span class=\"text-sm underline hover:cursor-pointer\">Polysorbate 20,<\/span>\u00a0<span class=\"text-sm underline hover:cursor-pointer\">Ethylhexylglycerin,<\/span>\u00a0<span class=\"text-sm underline hover:cursor-pointer\">Dehydroacetic acid,<\/span>\u00a0<span class=\"text-sm underline hover:cursor-pointer\">Helianthus annuus seed oil,<\/span>\u00a0<span class=\"text-sm underline hover:cursor-pointer\">Trisodium ethylenediamine disuccinate,<\/span>\u00a0<span class=\"text-sm underline hover:cursor-pointer\">1,2-hexanediol,<\/span>\u00a0<span class=\"text-sm underline hover:cursor-pointer\">Caprylyl glycol,<\/span>\u00a0<span class=\"text-sm underline hover:cursor-pointer\">Disodium cocoamphodiacetate,<\/span>\u00a0<span class=\"text-sm underline hover:cursor-pointer\">Tocopherol,<\/span>\u00a0<span class=\"text-sm underline hover:cursor-pointer\">Xanthan gum,<\/span>\u00a0<span class=\"text-sm underline hover:cursor-pointer\">Ethyl ferulate,<\/span>\u00a0<span class=\"text-sm underline hover:cursor-pointer\">Humulus lupulus extract<\/span><\/p>","protected":false},"excerpt":{"rendered":"<p>DESCRIPTION :\u00a0 Peut \u00eatre utilis\u00e9 avec d\u2019autres AHA (acide alpha-hydroxy, acide glycolique, acide lactique ou vinaigre de cidre de pomme),&#8230;<\/p>","protected":false},"featured_media":11879,"comment_status":"open","ping_status":"closed","template":"","meta":[],"product_cat":[17,36],"product_tag":[],"berocket_brand":[465],"class_list":{"0":"post-142415","1":"product","2":"type-product","3":"status-publish","4":"has-post-thumbnail","6":"product_cat-soin-et-bien-etre","7":"product_cat-visage-soin-et-bien-etre","8":"berocket_brand-theinkeylist","10":"first","11":"outofstock","12":"shipping-taxable","13":"purchasable","14":"product-type-simple"},"yoast_head":"<!-- This site is optimized with the Yoast SEO plugin v24.8 - https:\/\/yoast.com\/wordpress\/plugins\/seo\/ -->\n<title>Traitement a l\u2019acide mand\u00e9lique 15ml The inkey list - Prixgro<\/title>\n<meta name=\"description\" content=\"Peut \u00eatre utilis\u00e9 avec d\u2019autres AHA (acide alpha-hydroxy, acide glycolique, acide lactique ou vinaigre de cidre de pomme), BHA (acide b\u00eata-hydroxy,\" \/>\n<meta name=\"robots\" content=\"index, follow, max-snippet:-1, max-image-preview:large, max-video-preview:-1\" \/>\n<link rel=\"canonical\" href=\"https:\/\/prixgro.com\/ar\/product\/traitement-a-lacide-mandelique-15ml-the-inkey-list\/\" \/>\n<meta property=\"og:locale\" content=\"ar_AR\" \/>\n<meta property=\"og:type\" content=\"article\" \/>\n<meta property=\"og:title\" content=\"Traitement a l\u2019acide mand\u00e9lique 15ml The inkey list - Prixgro\" \/>\n<meta property=\"og:description\" content=\"Peut \u00eatre utilis\u00e9 avec d\u2019autres AHA (acide alpha-hydroxy, acide glycolique, acide lactique ou vinaigre de cidre de pomme), BHA (acide b\u00eata-hydroxy,\" \/>\n<meta property=\"og:url\" content=\"https:\/\/prixgro.com\/ar\/product\/traitement-a-lacide-mandelique-15ml-the-inkey-list\/\" \/>\n<meta property=\"og:site_name\" content=\"Prixgro\" \/>\n<meta property=\"article:publisher\" content=\"https:\/\/www.facebook.com\/Pharmacima\" \/>\n<meta property=\"article:modified_time\" content=\"2024-08-08T11:36:46+00:00\" \/>\n<meta property=\"og:image\" content=\"https:\/\/prixgro.com\/wp-content\/uploads\/2024\/01\/acide-mandelique-.png\" \/>\n\t<meta property=\"og:image:width\" content=\"540\" \/>\n\t<meta property=\"og:image:height\" content=\"540\" \/>\n\t<meta property=\"og:image:type\" content=\"image\/png\" \/>\n<meta name=\"twitter:card\" content=\"summary_large_image\" \/>\n<meta name=\"twitter:label1\" content=\"\u0648\u0642\u062a \u0627\u0644\u0642\u0631\u0627\u0621\u0629 \u0627\u0644\u0645\u064f\u0642\u062f\u0651\u0631\" \/>\n\t<meta name=\"twitter:data1\" content=\"\u062f\u0642\u064a\u0642\u062a\u0627\u0646\" \/>\n<script type=\"application\/ld+json\" class=\"yoast-schema-graph\">{\"@context\":\"https:\/\/schema.org\",\"@graph\":[{\"@type\":\"WebPage\",\"@id\":\"https:\/\/prixgro.com\/product\/traitement-a-lacide-mandelique-15ml-the-inkey-list\/\",\"url\":\"https:\/\/prixgro.com\/product\/traitement-a-lacide-mandelique-15ml-the-inkey-list\/\",\"name\":\"Traitement a l\u2019acide mand\u00e9lique 15ml The inkey list - Prixgro\",\"isPartOf\":{\"@id\":\"https:\/\/prixgro.com\/#website\"},\"primaryImageOfPage\":{\"@id\":\"https:\/\/prixgro.com\/product\/traitement-a-lacide-mandelique-15ml-the-inkey-list\/#primaryimage\"},\"image\":{\"@id\":\"https:\/\/prixgro.com\/product\/traitement-a-lacide-mandelique-15ml-the-inkey-list\/#primaryimage\"},\"thumbnailUrl\":\"https:\/\/prixgro.com\/wp-content\/uploads\/2024\/01\/acide-mandelique-.png\",\"datePublished\":\"2024-04-09T12:33:01+00:00\",\"dateModified\":\"2024-08-08T11:36:46+00:00\",\"description\":\"Peut \u00eatre utilis\u00e9 avec d\u2019autres AHA (acide alpha-hydroxy, acide glycolique, acide lactique ou vinaigre de cidre de pomme), BHA (acide b\u00eata-hydroxy,\",\"breadcrumb\":{\"@id\":\"https:\/\/prixgro.com\/product\/traitement-a-lacide-mandelique-15ml-the-inkey-list\/#breadcrumb\"},\"inLanguage\":\"ar\",\"potentialAction\":[{\"@type\":\"ReadAction\",\"target\":[\"https:\/\/prixgro.com\/product\/traitement-a-lacide-mandelique-15ml-the-inkey-list\/\"]}]},{\"@type\":\"ImageObject\",\"inLanguage\":\"ar\",\"@id\":\"https:\/\/prixgro.com\/product\/traitement-a-lacide-mandelique-15ml-the-inkey-list\/#primaryimage\",\"url\":\"https:\/\/prixgro.com\/wp-content\/uploads\/2024\/01\/acide-mandelique-.png\",\"contentUrl\":\"https:\/\/prixgro.com\/wp-content\/uploads\/2024\/01\/acide-mandelique-.png\",\"width\":540,\"height\":540},{\"@type\":\"BreadcrumbList\",\"@id\":\"https:\/\/prixgro.com\/product\/traitement-a-lacide-mandelique-15ml-the-inkey-list\/#breadcrumb\",\"itemListElement\":[{\"@type\":\"ListItem\",\"position\":1,\"name\":\"Accueil\",\"item\":\"https:\/\/prixgro.com\/\"},{\"@type\":\"ListItem\",\"position\":2,\"name\":\"Boutique en ligne\",\"item\":\"https:\/\/prixgro.com\/shop\/\"},{\"@type\":\"ListItem\",\"position\":3,\"name\":\"Traitement a l\u2019acide mand\u00e9lique 15ml The inkey list\"}]},{\"@type\":\"WebSite\",\"@id\":\"https:\/\/prixgro.com\/#website\",\"url\":\"https:\/\/prixgro.com\/\",\"name\":\"Prixgro.com\",\"description\":\"Para Pharmaceutique et Cosm\u00e9tique\",\"publisher\":{\"@id\":\"https:\/\/prixgro.com\/#organization\"},\"potentialAction\":[{\"@type\":\"SearchAction\",\"target\":{\"@type\":\"EntryPoint\",\"urlTemplate\":\"https:\/\/prixgro.com\/?s={search_term_string}\"},\"query-input\":{\"@type\":\"PropertyValueSpecification\",\"valueRequired\":true,\"valueName\":\"search_term_string\"}}],\"inLanguage\":\"ar\"},{\"@type\":\"Organization\",\"@id\":\"https:\/\/prixgro.com\/#organization\",\"name\":\"Prixgro\",\"url\":\"https:\/\/prixgro.com\/\",\"logo\":{\"@type\":\"ImageObject\",\"inLanguage\":\"ar\",\"@id\":\"https:\/\/prixgro.com\/#\/schema\/logo\/image\/\",\"url\":\"https:\/\/prixgro.com\/wp-content\/uploads\/2024\/08\/cropped-Nouveau-projet-2.png\",\"contentUrl\":\"https:\/\/prixgro.com\/wp-content\/uploads\/2024\/08\/cropped-Nouveau-projet-2.png\",\"width\":265,\"height\":62,\"caption\":\"Prixgro\"},\"image\":{\"@id\":\"https:\/\/prixgro.com\/#\/schema\/logo\/image\/\"},\"sameAs\":[\"https:\/\/www.facebook.com\/Pharmacima\"]}]}<\/script>\n<!-- \/ Yoast SEO plugin. -->","yoast_head_json":{"title":"Traitement a l\u2019acide mand\u00e9lique 15ml The inkey list - Prixgro","description":"Peut \u00eatre utilis\u00e9 avec d\u2019autres AHA (acide alpha-hydroxy, acide glycolique, acide lactique ou vinaigre de cidre de pomme), BHA (acide b\u00eata-hydroxy,","robots":{"index":"index","follow":"follow","max-snippet":"max-snippet:-1","max-image-preview":"max-image-preview:large","max-video-preview":"max-video-preview:-1"},"canonical":"https:\/\/prixgro.com\/ar\/product\/traitement-a-lacide-mandelique-15ml-the-inkey-list\/","og_locale":"ar_AR","og_type":"article","og_title":"Traitement a l\u2019acide mand\u00e9lique 15ml The inkey list - Prixgro","og_description":"Peut \u00eatre utilis\u00e9 avec d\u2019autres AHA (acide alpha-hydroxy, acide glycolique, acide lactique ou vinaigre de cidre de pomme), BHA (acide b\u00eata-hydroxy,","og_url":"https:\/\/prixgro.com\/ar\/product\/traitement-a-lacide-mandelique-15ml-the-inkey-list\/","og_site_name":"Prixgro","article_publisher":"https:\/\/www.facebook.com\/Pharmacima","article_modified_time":"2024-08-08T11:36:46+00:00","og_image":[{"width":540,"height":540,"url":"https:\/\/prixgro.com\/wp-content\/uploads\/2024\/01\/acide-mandelique-.png","type":"image\/png"}],"twitter_card":"summary_large_image","twitter_misc":{"\u0648\u0642\u062a \u0627\u0644\u0642\u0631\u0627\u0621\u0629 \u0627\u0644\u0645\u064f\u0642\u062f\u0651\u0631":"\u062f\u0642\u064a\u0642\u062a\u0627\u0646"},"schema":{"@context":"https:\/\/schema.org","@graph":[{"@type":"WebPage","@id":"https:\/\/prixgro.com\/product\/traitement-a-lacide-mandelique-15ml-the-inkey-list\/","url":"https:\/\/prixgro.com\/product\/traitement-a-lacide-mandelique-15ml-the-inkey-list\/","name":"Traitement a l\u2019acide mand\u00e9lique 15ml The inkey list - Prixgro","isPartOf":{"@id":"https:\/\/prixgro.com\/#website"},"primaryImageOfPage":{"@id":"https:\/\/prixgro.com\/product\/traitement-a-lacide-mandelique-15ml-the-inkey-list\/#primaryimage"},"image":{"@id":"https:\/\/prixgro.com\/product\/traitement-a-lacide-mandelique-15ml-the-inkey-list\/#primaryimage"},"thumbnailUrl":"https:\/\/prixgro.com\/wp-content\/uploads\/2024\/01\/acide-mandelique-.png","datePublished":"2024-04-09T12:33:01+00:00","dateModified":"2024-08-08T11:36:46+00:00","description":"Peut \u00eatre utilis\u00e9 avec d\u2019autres AHA (acide alpha-hydroxy, acide glycolique, acide lactique ou vinaigre de cidre de pomme), BHA (acide b\u00eata-hydroxy,","breadcrumb":{"@id":"https:\/\/prixgro.com\/product\/traitement-a-lacide-mandelique-15ml-the-inkey-list\/#breadcrumb"},"inLanguage":"ar","potentialAction":[{"@type":"ReadAction","target":["https:\/\/prixgro.com\/product\/traitement-a-lacide-mandelique-15ml-the-inkey-list\/"]}]},{"@type":"ImageObject","inLanguage":"ar","@id":"https:\/\/prixgro.com\/product\/traitement-a-lacide-mandelique-15ml-the-inkey-list\/#primaryimage","url":"https:\/\/prixgro.com\/wp-content\/uploads\/2024\/01\/acide-mandelique-.png","contentUrl":"https:\/\/prixgro.com\/wp-content\/uploads\/2024\/01\/acide-mandelique-.png","width":540,"height":540},{"@type":"BreadcrumbList","@id":"https:\/\/prixgro.com\/product\/traitement-a-lacide-mandelique-15ml-the-inkey-list\/#breadcrumb","itemListElement":[{"@type":"ListItem","position":1,"name":"Accueil","item":"https:\/\/prixgro.com\/"},{"@type":"ListItem","position":2,"name":"Boutique en ligne","item":"https:\/\/prixgro.com\/shop\/"},{"@type":"ListItem","position":3,"name":"Traitement a l\u2019acide mand\u00e9lique 15ml The inkey list"}]},{"@type":"WebSite","@id":"https:\/\/prixgro.com\/#website","url":"https:\/\/prixgro.com\/","name":"Prixgro.com","description":"Para Pharmaceutique et Cosm\u00e9tique","publisher":{"@id":"https:\/\/prixgro.com\/#organization"},"potentialAction":[{"@type":"SearchAction","target":{"@type":"EntryPoint","urlTemplate":"https:\/\/prixgro.com\/?s={search_term_string}"},"query-input":{"@type":"PropertyValueSpecification","valueRequired":true,"valueName":"search_term_string"}}],"inLanguage":"ar"},{"@type":"Organization","@id":"https:\/\/prixgro.com\/#organization","name":"Prixgro","url":"https:\/\/prixgro.com\/","logo":{"@type":"ImageObject","inLanguage":"ar","@id":"https:\/\/prixgro.com\/#\/schema\/logo\/image\/","url":"https:\/\/prixgro.com\/wp-content\/uploads\/2024\/08\/cropped-Nouveau-projet-2.png","contentUrl":"https:\/\/prixgro.com\/wp-content\/uploads\/2024\/08\/cropped-Nouveau-projet-2.png","width":265,"height":62,"caption":"Prixgro"},"image":{"@id":"https:\/\/prixgro.com\/#\/schema\/logo\/image\/"},"sameAs":["https:\/\/www.facebook.com\/Pharmacima"]}]}},"_links":{"self":[{"href":"https:\/\/prixgro.com\/ar\/wp-json\/wp\/v2\/product\/142415","targetHints":{"allow":["GET"]}}],"collection":[{"href":"https:\/\/prixgro.com\/ar\/wp-json\/wp\/v2\/product"}],"about":[{"href":"https:\/\/prixgro.com\/ar\/wp-json\/wp\/v2\/types\/product"}],"replies":[{"embeddable":true,"href":"https:\/\/prixgro.com\/ar\/wp-json\/wp\/v2\/comments?post=142415"}],"wp:featuredmedia":[{"embeddable":true,"href":"https:\/\/prixgro.com\/ar\/wp-json\/wp\/v2\/media\/11879"}],"wp:attachment":[{"href":"https:\/\/prixgro.com\/ar\/wp-json\/wp\/v2\/media?parent=142415"}],"wp:term":[{"taxonomy":"product_cat","embeddable":true,"href":"https:\/\/prixgro.com\/ar\/wp-json\/wp\/v2\/product_cat?post=142415"},{"taxonomy":"product_tag","embeddable":true,"href":"https:\/\/prixgro.com\/ar\/wp-json\/wp\/v2\/product_tag?post=142415"},{"taxonomy":"berocket_brand","embeddable":true,"href":"https:\/\/prixgro.com\/ar\/wp-json\/wp\/v2\/berocket_brand?post=142415"}],"curies":[{"name":"wp","href":"https:\/\/api.w.org\/{rel}","templated":true}]}}