{"id":142432,"date":"2024-04-09T14:33:12","date_gmt":"2024-04-09T12:33:12","guid":{"rendered":"https:\/\/cloodmanager.net\/?post_type=product&#038;p=142432"},"modified":"2024-08-08T13:31:01","modified_gmt":"2024-08-08T11:31:01","slug":"toleriane-dermallergo-20ml-yeux-la-roche-posay","status":"publish","type":"product","link":"https:\/\/prixgro.com\/ar\/product\/toleriane-dermallergo-20ml-yeux-la-roche-posay\/","title":{"rendered":"Toleriane Dermallergo 20ml yeux La roche posay"},"content":{"rendered":"<h2><strong>DESCRIPTION<\/strong> :<\/h2>\n<p>Soin contour des yeux apaisant hydratant peau irrit\u00e9e et sensible.<\/p>\n<p><strong>B\u00c9N\u00c9FICES<\/strong><br \/>Toleriane Dermallergo Yeux est une cr\u00e8me contour des yeux quotidienne pour peau sensible, allergique ou \u00e0 tendance \u00e0 l&#8217;ecz\u00e9ma.<\/p>\n<p>Id\u00e9ale pour le contour des yeux sec et irrit\u00e9, sa formule associe le complexe brevet\u00e9 Neurosensine + Niacinamide, actifs apaisants anti-irritations \u00e0 une nouvelle fraction unique de probiotique Sphingobioma, qui renforce les d\u00e9fenses naturelles de la peau.<\/p>\n<p>Cette cr\u00e8me pour les yeux r\u00e9duit la s\u00e9cheresse cutan\u00e9e et les poches, apaise instantan\u00e9ment, limite les rougeurs, r\u00e9pare la barri\u00e8re protectrice et hydrate durablement, pour un regard frais et lumineux.<\/p>\n<p><strong>INDICATIONS<\/strong><br \/>Pour les peaux sensibles, fragilis\u00e9es et allergiques et les peaux \u00e0 tendance atopique.<\/p>\n<h2><strong>CONSEIL D&#8217;UTILISATION :<\/strong><\/h2>\n<p>Matin et soir sur peau propre et s\u00e8che, appliquer l&#8217;\u00e9quivalent d&#8217;un point de cr\u00e8me contour des yeux peau sensible anti-irritations Toleriane Dermallergo sur les paupi\u00e8res mobiles inf\u00e9rieure et sup\u00e9rieure.<\/p>\n<h2><strong>COMPOSITION :\u00a0<\/strong><\/h2>\n<p>AQUA \/ WATER \/ EAU \u2022 GLYCERIN \u2022 BUTYLENE GLYCOL \u2022 PROPANEDIOL \u2022 SQUALANE \u2022 BUTYROSPERMUM PARKII BUTTER \/ SHEA BUTTER \u2022 PENTYLENE GLYCOL \u2022 NIACINAMIDE \u2022 CELLULOSE \u2022 ZEA MAYS STARCH \/ CORN STARCH \u2022 POLYSORBATE 20 \u2022 SALVIA MILTIORRHIZA ROOT EXTRACT \u2022 GLYCERYL ACRYLATE\/ACRYLIC ACID COPOLYMER \u2022 SPHINGOMONAS FERMENT EXTRACT \u2022 AMMONIUM POLYACRYLOYLDIMETHYL TAURATE \u2022 HYDROXYACETOPHENONE \u2022 CITRIC ACID \u2022 TRISODIUM ETHYLENEDIAMINE DISUCCINATE \u2022 ACETYL DIPEPTIDE-1 CETYL ESTER (F.I.L. B271448\/1).<\/p>","protected":false},"excerpt":{"rendered":"<h3><em><strong>Soin contour des yeux apaisant hydratant peau irrit\u00e9e et sensible.\u00a0<\/strong><\/em><\/h3>\n<p><strong>Contenance : 20ml<\/strong><\/p>","protected":false},"featured_media":11922,"comment_status":"open","ping_status":"closed","template":"","meta":[],"product_cat":[17,68],"product_tag":[],"berocket_brand":[],"class_list":{"0":"post-142432","1":"product","2":"type-product","3":"status-publish","4":"has-post-thumbnail","6":"product_cat-soin-et-bien-etre","7":"product_cat-yeux","9":"first","10":"outofstock","11":"shipping-taxable","12":"purchasable","13":"product-type-simple"},"yoast_head":"<!-- This site is optimized with the Yoast SEO plugin v24.8 - https:\/\/yoast.com\/wordpress\/plugins\/seo\/ -->\n<title>Toleriane Dermallergo 20ml yeux La roche posay - Prixgro<\/title>\n<meta name=\"robots\" content=\"index, follow, max-snippet:-1, max-image-preview:large, max-video-preview:-1\" \/>\n<link rel=\"canonical\" href=\"https:\/\/prixgro.com\/ar\/product\/toleriane-dermallergo-20ml-yeux-la-roche-posay\/\" \/>\n<meta property=\"og:locale\" content=\"ar_AR\" \/>\n<meta property=\"og:type\" content=\"article\" \/>\n<meta property=\"og:title\" content=\"Toleriane Dermallergo 20ml yeux La roche posay - Prixgro\" \/>\n<meta property=\"og:description\" content=\"Soin contour des yeux apaisant hydratant peau irrit\u00e9e et sensible.\u00a0Contenance : 20ml\" \/>\n<meta property=\"og:url\" content=\"https:\/\/prixgro.com\/ar\/product\/toleriane-dermallergo-20ml-yeux-la-roche-posay\/\" \/>\n<meta property=\"og:site_name\" content=\"Prixgro\" \/>\n<meta property=\"article:publisher\" content=\"https:\/\/www.facebook.com\/Pharmacima\" \/>\n<meta property=\"article:modified_time\" content=\"2024-08-08T11:31:01+00:00\" \/>\n<meta property=\"og:image\" content=\"https:\/\/prixgro.com\/wp-content\/uploads\/2024\/01\/toleriane-dermallergo-yeux-.png\" \/>\n\t<meta property=\"og:image:width\" content=\"540\" \/>\n\t<meta property=\"og:image:height\" content=\"540\" \/>\n\t<meta property=\"og:image:type\" content=\"image\/png\" \/>\n<meta name=\"twitter:card\" content=\"summary_large_image\" \/>\n<meta name=\"twitter:label1\" content=\"\u0648\u0642\u062a \u0627\u0644\u0642\u0631\u0627\u0621\u0629 \u0627\u0644\u0645\u064f\u0642\u062f\u0651\u0631\" \/>\n\t<meta name=\"twitter:data1\" content=\"\u062f\u0642\u064a\u0642\u0629 \u0648\u0627\u062d\u062f\u0629\" \/>\n<script type=\"application\/ld+json\" class=\"yoast-schema-graph\">{\"@context\":\"https:\/\/schema.org\",\"@graph\":[{\"@type\":\"WebPage\",\"@id\":\"https:\/\/prixgro.com\/product\/toleriane-dermallergo-20ml-yeux-la-roche-posay\/\",\"url\":\"https:\/\/prixgro.com\/product\/toleriane-dermallergo-20ml-yeux-la-roche-posay\/\",\"name\":\"Toleriane Dermallergo 20ml yeux La roche posay - Prixgro\",\"isPartOf\":{\"@id\":\"https:\/\/prixgro.com\/#website\"},\"primaryImageOfPage\":{\"@id\":\"https:\/\/prixgro.com\/product\/toleriane-dermallergo-20ml-yeux-la-roche-posay\/#primaryimage\"},\"image\":{\"@id\":\"https:\/\/prixgro.com\/product\/toleriane-dermallergo-20ml-yeux-la-roche-posay\/#primaryimage\"},\"thumbnailUrl\":\"https:\/\/prixgro.com\/wp-content\/uploads\/2024\/01\/toleriane-dermallergo-yeux-.png\",\"datePublished\":\"2024-04-09T12:33:12+00:00\",\"dateModified\":\"2024-08-08T11:31:01+00:00\",\"breadcrumb\":{\"@id\":\"https:\/\/prixgro.com\/product\/toleriane-dermallergo-20ml-yeux-la-roche-posay\/#breadcrumb\"},\"inLanguage\":\"ar\",\"potentialAction\":[{\"@type\":\"ReadAction\",\"target\":[\"https:\/\/prixgro.com\/product\/toleriane-dermallergo-20ml-yeux-la-roche-posay\/\"]}]},{\"@type\":\"ImageObject\",\"inLanguage\":\"ar\",\"@id\":\"https:\/\/prixgro.com\/product\/toleriane-dermallergo-20ml-yeux-la-roche-posay\/#primaryimage\",\"url\":\"https:\/\/prixgro.com\/wp-content\/uploads\/2024\/01\/toleriane-dermallergo-yeux-.png\",\"contentUrl\":\"https:\/\/prixgro.com\/wp-content\/uploads\/2024\/01\/toleriane-dermallergo-yeux-.png\",\"width\":540,\"height\":540},{\"@type\":\"BreadcrumbList\",\"@id\":\"https:\/\/prixgro.com\/product\/toleriane-dermallergo-20ml-yeux-la-roche-posay\/#breadcrumb\",\"itemListElement\":[{\"@type\":\"ListItem\",\"position\":1,\"name\":\"Accueil\",\"item\":\"https:\/\/prixgro.com\/\"},{\"@type\":\"ListItem\",\"position\":2,\"name\":\"Boutique en ligne\",\"item\":\"https:\/\/prixgro.com\/shop\/\"},{\"@type\":\"ListItem\",\"position\":3,\"name\":\"Toleriane Dermallergo 20ml yeux La roche posay\"}]},{\"@type\":\"WebSite\",\"@id\":\"https:\/\/prixgro.com\/#website\",\"url\":\"https:\/\/prixgro.com\/\",\"name\":\"Prixgro.com\",\"description\":\"Para Pharmaceutique et Cosm\u00e9tique\",\"publisher\":{\"@id\":\"https:\/\/prixgro.com\/#organization\"},\"potentialAction\":[{\"@type\":\"SearchAction\",\"target\":{\"@type\":\"EntryPoint\",\"urlTemplate\":\"https:\/\/prixgro.com\/?s={search_term_string}\"},\"query-input\":{\"@type\":\"PropertyValueSpecification\",\"valueRequired\":true,\"valueName\":\"search_term_string\"}}],\"inLanguage\":\"ar\"},{\"@type\":\"Organization\",\"@id\":\"https:\/\/prixgro.com\/#organization\",\"name\":\"Prixgro\",\"url\":\"https:\/\/prixgro.com\/\",\"logo\":{\"@type\":\"ImageObject\",\"inLanguage\":\"ar\",\"@id\":\"https:\/\/prixgro.com\/#\/schema\/logo\/image\/\",\"url\":\"https:\/\/prixgro.com\/wp-content\/uploads\/2024\/08\/cropped-Nouveau-projet-2.png\",\"contentUrl\":\"https:\/\/prixgro.com\/wp-content\/uploads\/2024\/08\/cropped-Nouveau-projet-2.png\",\"width\":265,\"height\":62,\"caption\":\"Prixgro\"},\"image\":{\"@id\":\"https:\/\/prixgro.com\/#\/schema\/logo\/image\/\"},\"sameAs\":[\"https:\/\/www.facebook.com\/Pharmacima\"]}]}<\/script>\n<!-- \/ Yoast SEO plugin. -->","yoast_head_json":{"title":"Toleriane Dermallergo 20ml yeux La roche posay - Prixgro","robots":{"index":"index","follow":"follow","max-snippet":"max-snippet:-1","max-image-preview":"max-image-preview:large","max-video-preview":"max-video-preview:-1"},"canonical":"https:\/\/prixgro.com\/ar\/product\/toleriane-dermallergo-20ml-yeux-la-roche-posay\/","og_locale":"ar_AR","og_type":"article","og_title":"Toleriane Dermallergo 20ml yeux La roche posay - Prixgro","og_description":"Soin contour des yeux apaisant hydratant peau irrit\u00e9e et sensible.\u00a0Contenance : 20ml","og_url":"https:\/\/prixgro.com\/ar\/product\/toleriane-dermallergo-20ml-yeux-la-roche-posay\/","og_site_name":"Prixgro","article_publisher":"https:\/\/www.facebook.com\/Pharmacima","article_modified_time":"2024-08-08T11:31:01+00:00","og_image":[{"width":540,"height":540,"url":"https:\/\/prixgro.com\/wp-content\/uploads\/2024\/01\/toleriane-dermallergo-yeux-.png","type":"image\/png"}],"twitter_card":"summary_large_image","twitter_misc":{"\u0648\u0642\u062a \u0627\u0644\u0642\u0631\u0627\u0621\u0629 \u0627\u0644\u0645\u064f\u0642\u062f\u0651\u0631":"\u062f\u0642\u064a\u0642\u0629 \u0648\u0627\u062d\u062f\u0629"},"schema":{"@context":"https:\/\/schema.org","@graph":[{"@type":"WebPage","@id":"https:\/\/prixgro.com\/product\/toleriane-dermallergo-20ml-yeux-la-roche-posay\/","url":"https:\/\/prixgro.com\/product\/toleriane-dermallergo-20ml-yeux-la-roche-posay\/","name":"Toleriane Dermallergo 20ml yeux La roche posay - Prixgro","isPartOf":{"@id":"https:\/\/prixgro.com\/#website"},"primaryImageOfPage":{"@id":"https:\/\/prixgro.com\/product\/toleriane-dermallergo-20ml-yeux-la-roche-posay\/#primaryimage"},"image":{"@id":"https:\/\/prixgro.com\/product\/toleriane-dermallergo-20ml-yeux-la-roche-posay\/#primaryimage"},"thumbnailUrl":"https:\/\/prixgro.com\/wp-content\/uploads\/2024\/01\/toleriane-dermallergo-yeux-.png","datePublished":"2024-04-09T12:33:12+00:00","dateModified":"2024-08-08T11:31:01+00:00","breadcrumb":{"@id":"https:\/\/prixgro.com\/product\/toleriane-dermallergo-20ml-yeux-la-roche-posay\/#breadcrumb"},"inLanguage":"ar","potentialAction":[{"@type":"ReadAction","target":["https:\/\/prixgro.com\/product\/toleriane-dermallergo-20ml-yeux-la-roche-posay\/"]}]},{"@type":"ImageObject","inLanguage":"ar","@id":"https:\/\/prixgro.com\/product\/toleriane-dermallergo-20ml-yeux-la-roche-posay\/#primaryimage","url":"https:\/\/prixgro.com\/wp-content\/uploads\/2024\/01\/toleriane-dermallergo-yeux-.png","contentUrl":"https:\/\/prixgro.com\/wp-content\/uploads\/2024\/01\/toleriane-dermallergo-yeux-.png","width":540,"height":540},{"@type":"BreadcrumbList","@id":"https:\/\/prixgro.com\/product\/toleriane-dermallergo-20ml-yeux-la-roche-posay\/#breadcrumb","itemListElement":[{"@type":"ListItem","position":1,"name":"Accueil","item":"https:\/\/prixgro.com\/"},{"@type":"ListItem","position":2,"name":"Boutique en ligne","item":"https:\/\/prixgro.com\/shop\/"},{"@type":"ListItem","position":3,"name":"Toleriane Dermallergo 20ml yeux La roche posay"}]},{"@type":"WebSite","@id":"https:\/\/prixgro.com\/#website","url":"https:\/\/prixgro.com\/","name":"Prixgro.com","description":"Para Pharmaceutique et Cosm\u00e9tique","publisher":{"@id":"https:\/\/prixgro.com\/#organization"},"potentialAction":[{"@type":"SearchAction","target":{"@type":"EntryPoint","urlTemplate":"https:\/\/prixgro.com\/?s={search_term_string}"},"query-input":{"@type":"PropertyValueSpecification","valueRequired":true,"valueName":"search_term_string"}}],"inLanguage":"ar"},{"@type":"Organization","@id":"https:\/\/prixgro.com\/#organization","name":"Prixgro","url":"https:\/\/prixgro.com\/","logo":{"@type":"ImageObject","inLanguage":"ar","@id":"https:\/\/prixgro.com\/#\/schema\/logo\/image\/","url":"https:\/\/prixgro.com\/wp-content\/uploads\/2024\/08\/cropped-Nouveau-projet-2.png","contentUrl":"https:\/\/prixgro.com\/wp-content\/uploads\/2024\/08\/cropped-Nouveau-projet-2.png","width":265,"height":62,"caption":"Prixgro"},"image":{"@id":"https:\/\/prixgro.com\/#\/schema\/logo\/image\/"},"sameAs":["https:\/\/www.facebook.com\/Pharmacima"]}]}},"_links":{"self":[{"href":"https:\/\/prixgro.com\/ar\/wp-json\/wp\/v2\/product\/142432","targetHints":{"allow":["GET"]}}],"collection":[{"href":"https:\/\/prixgro.com\/ar\/wp-json\/wp\/v2\/product"}],"about":[{"href":"https:\/\/prixgro.com\/ar\/wp-json\/wp\/v2\/types\/product"}],"replies":[{"embeddable":true,"href":"https:\/\/prixgro.com\/ar\/wp-json\/wp\/v2\/comments?post=142432"}],"wp:featuredmedia":[{"embeddable":true,"href":"https:\/\/prixgro.com\/ar\/wp-json\/wp\/v2\/media\/11922"}],"wp:attachment":[{"href":"https:\/\/prixgro.com\/ar\/wp-json\/wp\/v2\/media?parent=142432"}],"wp:term":[{"taxonomy":"product_cat","embeddable":true,"href":"https:\/\/prixgro.com\/ar\/wp-json\/wp\/v2\/product_cat?post=142432"},{"taxonomy":"product_tag","embeddable":true,"href":"https:\/\/prixgro.com\/ar\/wp-json\/wp\/v2\/product_tag?post=142432"},{"taxonomy":"berocket_brand","embeddable":true,"href":"https:\/\/prixgro.com\/ar\/wp-json\/wp\/v2\/berocket_brand?post=142432"}],"curies":[{"name":"wp","href":"https:\/\/api.w.org\/{rel}","templated":true}]}}