{"id":142438,"date":"2024-04-09T14:33:12","date_gmt":"2024-04-09T12:33:12","guid":{"rendered":"https:\/\/cloodmanager.net\/?post_type=product&#038;p=142438"},"modified":"2024-08-08T13:30:56","modified_gmt":"2024-08-08T11:30:56","slug":"rouge-a-levres-mate-hot-point-nocibe","status":"publish","type":"product","link":"https:\/\/prixgro.com\/ar\/product\/rouge-a-levres-mate-hot-point-nocibe\/","title":{"rendered":"Rouge a l\u00e8vres mate Hot Point Nocib\u00e9"},"content":{"rendered":"<h2><strong>DESCRIPTION :<\/strong><\/h2>\n<p>Les rouges \u00e0 l\u00e8vres matifiants sont des produits de maquillage populaires qui offrent une finition mate et velout\u00e9e aux l\u00e8vres. Contrairement aux finitions brillantes ou satin\u00e9es, les rouges \u00e0 l\u00e8vres matifiants donnent un aspect plus intense et sophistiqu\u00e9 aux l\u00e8vres.<\/p>\n<p>Ces rouges \u00e0 l\u00e8vres sont formul\u00e9s pour avoir une texture l\u00e9g\u00e8re, cr\u00e9meuse et r\u00e9sistante, ce qui permet une application facile et une tenue longue dur\u00e9e. La formule mate offre une couleur intense d\u00e8s la premi\u00e8re application et a tendance \u00e0 \u00eatre plus pigment\u00e9e que les finitions brillantes.<\/p>\n<p>En plus de leur fini mat, ces rouges \u00e0 l\u00e8vres matifiants ont souvent des propri\u00e9t\u00e9s hydratantes pour \u00e9viter que les l\u00e8vres ne se dess\u00e8chent. Ils sont \u00e9galement g\u00e9n\u00e9ralement r\u00e9sistant aux transferts, ce qui signifie qu\u2019ils ne s\u2019estompent pas facilement en mangeant ou en buvant.<\/p>\n<h2><strong>CONSEIL D\u2019UTILISATION :\u00a0<\/strong><\/h2>\n<p>Appliquez d\u00e9licatement\u00a0 sur vos L\u00e8vres pour un aspect plus intense.<\/p>","protected":false},"excerpt":{"rendered":"<h3><span style=\"color: #ff0000;\"><em><strong>Pour un aspect plus intense et sophistiqu\u00e9 aux l\u00e8vres.<\/strong><\/em><\/span><\/h3>\n<p><strong>Contenance : 3.5ml<\/strong><\/p>","protected":false},"featured_media":11936,"comment_status":"open","ping_status":"closed","template":"","meta":[],"product_cat":[432,429],"product_tag":[],"berocket_brand":[722],"class_list":{"0":"post-142438","1":"product","2":"type-product","3":"status-publish","4":"has-post-thumbnail","6":"product_cat-levres-maquillage","7":"product_cat-maquillage","8":"berocket_brand-nocibe","10":"first","11":"outofstock","12":"shipping-taxable","13":"purchasable","14":"product-type-simple"},"yoast_head":"<!-- This site is optimized with the Yoast SEO plugin v24.8 - https:\/\/yoast.com\/wordpress\/plugins\/seo\/ -->\n<title>Rouge a l\u00e8vres mate Hot Point Nocib\u00e9 - Prixgro<\/title>\n<meta name=\"description\" content=\"Les rouges \u00e0 l\u00e8vres matifiants sont des produits de maquillage populaires qui offrent une finition mate et velout\u00e9e aux l\u00e8vres. Contrairement aux finitions\" \/>\n<meta name=\"robots\" content=\"index, follow, max-snippet:-1, max-image-preview:large, max-video-preview:-1\" \/>\n<link rel=\"canonical\" href=\"https:\/\/prixgro.com\/ar\/product\/rouge-a-levres-mate-hot-point-nocibe\/\" \/>\n<meta property=\"og:locale\" content=\"ar_AR\" \/>\n<meta property=\"og:type\" content=\"article\" \/>\n<meta property=\"og:title\" content=\"Rouge a l\u00e8vres mate Hot Point Nocib\u00e9 - Prixgro\" \/>\n<meta property=\"og:description\" content=\"Les rouges \u00e0 l\u00e8vres matifiants sont des produits de maquillage populaires qui offrent une finition mate et velout\u00e9e aux l\u00e8vres. Contrairement aux finitions\" \/>\n<meta property=\"og:url\" content=\"https:\/\/prixgro.com\/ar\/product\/rouge-a-levres-mate-hot-point-nocibe\/\" \/>\n<meta property=\"og:site_name\" content=\"Prixgro\" \/>\n<meta property=\"article:publisher\" content=\"https:\/\/www.facebook.com\/Pharmacima\" \/>\n<meta property=\"article:modified_time\" content=\"2024-08-08T11:30:56+00:00\" \/>\n<meta property=\"og:image\" content=\"https:\/\/prixgro.com\/wp-content\/uploads\/2024\/01\/rouge-a-levres-hot-point-nocibe-.png\" \/>\n\t<meta property=\"og:image:width\" content=\"540\" \/>\n\t<meta property=\"og:image:height\" content=\"540\" \/>\n\t<meta property=\"og:image:type\" content=\"image\/png\" \/>\n<meta name=\"twitter:card\" content=\"summary_large_image\" \/>\n<meta name=\"twitter:label1\" content=\"\u0648\u0642\u062a \u0627\u0644\u0642\u0631\u0627\u0621\u0629 \u0627\u0644\u0645\u064f\u0642\u062f\u0651\u0631\" \/>\n\t<meta name=\"twitter:data1\" content=\"\u062f\u0642\u064a\u0642\u0629 \u0648\u0627\u062d\u062f\u0629\" \/>\n<script type=\"application\/ld+json\" class=\"yoast-schema-graph\">{\"@context\":\"https:\/\/schema.org\",\"@graph\":[{\"@type\":\"WebPage\",\"@id\":\"https:\/\/prixgro.com\/product\/rouge-a-levres-mate-hot-point-nocibe\/\",\"url\":\"https:\/\/prixgro.com\/product\/rouge-a-levres-mate-hot-point-nocibe\/\",\"name\":\"Rouge a l\u00e8vres mate Hot Point Nocib\u00e9 - Prixgro\",\"isPartOf\":{\"@id\":\"https:\/\/prixgro.com\/#website\"},\"primaryImageOfPage\":{\"@id\":\"https:\/\/prixgro.com\/product\/rouge-a-levres-mate-hot-point-nocibe\/#primaryimage\"},\"image\":{\"@id\":\"https:\/\/prixgro.com\/product\/rouge-a-levres-mate-hot-point-nocibe\/#primaryimage\"},\"thumbnailUrl\":\"https:\/\/prixgro.com\/wp-content\/uploads\/2024\/01\/rouge-a-levres-hot-point-nocibe-.png\",\"datePublished\":\"2024-04-09T12:33:12+00:00\",\"dateModified\":\"2024-08-08T11:30:56+00:00\",\"description\":\"Les rouges \u00e0 l\u00e8vres matifiants sont des produits de maquillage populaires qui offrent une finition mate et velout\u00e9e aux l\u00e8vres. Contrairement aux finitions\",\"breadcrumb\":{\"@id\":\"https:\/\/prixgro.com\/product\/rouge-a-levres-mate-hot-point-nocibe\/#breadcrumb\"},\"inLanguage\":\"ar\",\"potentialAction\":[{\"@type\":\"ReadAction\",\"target\":[\"https:\/\/prixgro.com\/product\/rouge-a-levres-mate-hot-point-nocibe\/\"]}]},{\"@type\":\"ImageObject\",\"inLanguage\":\"ar\",\"@id\":\"https:\/\/prixgro.com\/product\/rouge-a-levres-mate-hot-point-nocibe\/#primaryimage\",\"url\":\"https:\/\/prixgro.com\/wp-content\/uploads\/2024\/01\/rouge-a-levres-hot-point-nocibe-.png\",\"contentUrl\":\"https:\/\/prixgro.com\/wp-content\/uploads\/2024\/01\/rouge-a-levres-hot-point-nocibe-.png\",\"width\":540,\"height\":540},{\"@type\":\"BreadcrumbList\",\"@id\":\"https:\/\/prixgro.com\/product\/rouge-a-levres-mate-hot-point-nocibe\/#breadcrumb\",\"itemListElement\":[{\"@type\":\"ListItem\",\"position\":1,\"name\":\"Accueil\",\"item\":\"https:\/\/prixgro.com\/\"},{\"@type\":\"ListItem\",\"position\":2,\"name\":\"Boutique en ligne\",\"item\":\"https:\/\/prixgro.com\/shop\/\"},{\"@type\":\"ListItem\",\"position\":3,\"name\":\"Rouge a l\u00e8vres mate Hot Point Nocib\u00e9\"}]},{\"@type\":\"WebSite\",\"@id\":\"https:\/\/prixgro.com\/#website\",\"url\":\"https:\/\/prixgro.com\/\",\"name\":\"Prixgro.com\",\"description\":\"Para Pharmaceutique et Cosm\u00e9tique\",\"publisher\":{\"@id\":\"https:\/\/prixgro.com\/#organization\"},\"potentialAction\":[{\"@type\":\"SearchAction\",\"target\":{\"@type\":\"EntryPoint\",\"urlTemplate\":\"https:\/\/prixgro.com\/?s={search_term_string}\"},\"query-input\":{\"@type\":\"PropertyValueSpecification\",\"valueRequired\":true,\"valueName\":\"search_term_string\"}}],\"inLanguage\":\"ar\"},{\"@type\":\"Organization\",\"@id\":\"https:\/\/prixgro.com\/#organization\",\"name\":\"Prixgro\",\"url\":\"https:\/\/prixgro.com\/\",\"logo\":{\"@type\":\"ImageObject\",\"inLanguage\":\"ar\",\"@id\":\"https:\/\/prixgro.com\/#\/schema\/logo\/image\/\",\"url\":\"https:\/\/prixgro.com\/wp-content\/uploads\/2024\/08\/cropped-Nouveau-projet-2.png\",\"contentUrl\":\"https:\/\/prixgro.com\/wp-content\/uploads\/2024\/08\/cropped-Nouveau-projet-2.png\",\"width\":265,\"height\":62,\"caption\":\"Prixgro\"},\"image\":{\"@id\":\"https:\/\/prixgro.com\/#\/schema\/logo\/image\/\"},\"sameAs\":[\"https:\/\/www.facebook.com\/Pharmacima\"]}]}<\/script>\n<!-- \/ Yoast SEO plugin. -->","yoast_head_json":{"title":"Rouge a l\u00e8vres mate Hot Point Nocib\u00e9 - Prixgro","description":"Les rouges \u00e0 l\u00e8vres matifiants sont des produits de maquillage populaires qui offrent une finition mate et velout\u00e9e aux l\u00e8vres. Contrairement aux finitions","robots":{"index":"index","follow":"follow","max-snippet":"max-snippet:-1","max-image-preview":"max-image-preview:large","max-video-preview":"max-video-preview:-1"},"canonical":"https:\/\/prixgro.com\/ar\/product\/rouge-a-levres-mate-hot-point-nocibe\/","og_locale":"ar_AR","og_type":"article","og_title":"Rouge a l\u00e8vres mate Hot Point Nocib\u00e9 - Prixgro","og_description":"Les rouges \u00e0 l\u00e8vres matifiants sont des produits de maquillage populaires qui offrent une finition mate et velout\u00e9e aux l\u00e8vres. Contrairement aux finitions","og_url":"https:\/\/prixgro.com\/ar\/product\/rouge-a-levres-mate-hot-point-nocibe\/","og_site_name":"Prixgro","article_publisher":"https:\/\/www.facebook.com\/Pharmacima","article_modified_time":"2024-08-08T11:30:56+00:00","og_image":[{"width":540,"height":540,"url":"https:\/\/prixgro.com\/wp-content\/uploads\/2024\/01\/rouge-a-levres-hot-point-nocibe-.png","type":"image\/png"}],"twitter_card":"summary_large_image","twitter_misc":{"\u0648\u0642\u062a \u0627\u0644\u0642\u0631\u0627\u0621\u0629 \u0627\u0644\u0645\u064f\u0642\u062f\u0651\u0631":"\u062f\u0642\u064a\u0642\u0629 \u0648\u0627\u062d\u062f\u0629"},"schema":{"@context":"https:\/\/schema.org","@graph":[{"@type":"WebPage","@id":"https:\/\/prixgro.com\/product\/rouge-a-levres-mate-hot-point-nocibe\/","url":"https:\/\/prixgro.com\/product\/rouge-a-levres-mate-hot-point-nocibe\/","name":"Rouge a l\u00e8vres mate Hot Point Nocib\u00e9 - Prixgro","isPartOf":{"@id":"https:\/\/prixgro.com\/#website"},"primaryImageOfPage":{"@id":"https:\/\/prixgro.com\/product\/rouge-a-levres-mate-hot-point-nocibe\/#primaryimage"},"image":{"@id":"https:\/\/prixgro.com\/product\/rouge-a-levres-mate-hot-point-nocibe\/#primaryimage"},"thumbnailUrl":"https:\/\/prixgro.com\/wp-content\/uploads\/2024\/01\/rouge-a-levres-hot-point-nocibe-.png","datePublished":"2024-04-09T12:33:12+00:00","dateModified":"2024-08-08T11:30:56+00:00","description":"Les rouges \u00e0 l\u00e8vres matifiants sont des produits de maquillage populaires qui offrent une finition mate et velout\u00e9e aux l\u00e8vres. Contrairement aux finitions","breadcrumb":{"@id":"https:\/\/prixgro.com\/product\/rouge-a-levres-mate-hot-point-nocibe\/#breadcrumb"},"inLanguage":"ar","potentialAction":[{"@type":"ReadAction","target":["https:\/\/prixgro.com\/product\/rouge-a-levres-mate-hot-point-nocibe\/"]}]},{"@type":"ImageObject","inLanguage":"ar","@id":"https:\/\/prixgro.com\/product\/rouge-a-levres-mate-hot-point-nocibe\/#primaryimage","url":"https:\/\/prixgro.com\/wp-content\/uploads\/2024\/01\/rouge-a-levres-hot-point-nocibe-.png","contentUrl":"https:\/\/prixgro.com\/wp-content\/uploads\/2024\/01\/rouge-a-levres-hot-point-nocibe-.png","width":540,"height":540},{"@type":"BreadcrumbList","@id":"https:\/\/prixgro.com\/product\/rouge-a-levres-mate-hot-point-nocibe\/#breadcrumb","itemListElement":[{"@type":"ListItem","position":1,"name":"Accueil","item":"https:\/\/prixgro.com\/"},{"@type":"ListItem","position":2,"name":"Boutique en ligne","item":"https:\/\/prixgro.com\/shop\/"},{"@type":"ListItem","position":3,"name":"Rouge a l\u00e8vres mate Hot Point Nocib\u00e9"}]},{"@type":"WebSite","@id":"https:\/\/prixgro.com\/#website","url":"https:\/\/prixgro.com\/","name":"Prixgro.com","description":"Para Pharmaceutique et Cosm\u00e9tique","publisher":{"@id":"https:\/\/prixgro.com\/#organization"},"potentialAction":[{"@type":"SearchAction","target":{"@type":"EntryPoint","urlTemplate":"https:\/\/prixgro.com\/?s={search_term_string}"},"query-input":{"@type":"PropertyValueSpecification","valueRequired":true,"valueName":"search_term_string"}}],"inLanguage":"ar"},{"@type":"Organization","@id":"https:\/\/prixgro.com\/#organization","name":"Prixgro","url":"https:\/\/prixgro.com\/","logo":{"@type":"ImageObject","inLanguage":"ar","@id":"https:\/\/prixgro.com\/#\/schema\/logo\/image\/","url":"https:\/\/prixgro.com\/wp-content\/uploads\/2024\/08\/cropped-Nouveau-projet-2.png","contentUrl":"https:\/\/prixgro.com\/wp-content\/uploads\/2024\/08\/cropped-Nouveau-projet-2.png","width":265,"height":62,"caption":"Prixgro"},"image":{"@id":"https:\/\/prixgro.com\/#\/schema\/logo\/image\/"},"sameAs":["https:\/\/www.facebook.com\/Pharmacima"]}]}},"_links":{"self":[{"href":"https:\/\/prixgro.com\/ar\/wp-json\/wp\/v2\/product\/142438","targetHints":{"allow":["GET"]}}],"collection":[{"href":"https:\/\/prixgro.com\/ar\/wp-json\/wp\/v2\/product"}],"about":[{"href":"https:\/\/prixgro.com\/ar\/wp-json\/wp\/v2\/types\/product"}],"replies":[{"embeddable":true,"href":"https:\/\/prixgro.com\/ar\/wp-json\/wp\/v2\/comments?post=142438"}],"wp:featuredmedia":[{"embeddable":true,"href":"https:\/\/prixgro.com\/ar\/wp-json\/wp\/v2\/media\/11936"}],"wp:attachment":[{"href":"https:\/\/prixgro.com\/ar\/wp-json\/wp\/v2\/media?parent=142438"}],"wp:term":[{"taxonomy":"product_cat","embeddable":true,"href":"https:\/\/prixgro.com\/ar\/wp-json\/wp\/v2\/product_cat?post=142438"},{"taxonomy":"product_tag","embeddable":true,"href":"https:\/\/prixgro.com\/ar\/wp-json\/wp\/v2\/product_tag?post=142438"},{"taxonomy":"berocket_brand","embeddable":true,"href":"https:\/\/prixgro.com\/ar\/wp-json\/wp\/v2\/berocket_brand?post=142438"}],"curies":[{"name":"wp","href":"https:\/\/api.w.org\/{rel}","templated":true}]}}