{"id":142440,"date":"2024-04-09T14:33:12","date_gmt":"2024-04-09T12:33:12","guid":{"rendered":"https:\/\/cloodmanager.net\/?post_type=product&#038;p=142440"},"modified":"2024-08-08T13:30:15","modified_gmt":"2024-08-08T11:30:15","slug":"anthelios-age-correct-spf50-50ml-la-roche-posay","status":"publish","type":"product","link":"https:\/\/prixgro.com\/ar\/product\/anthelios-age-correct-spf50-50ml-la-roche-posay\/","title":{"rendered":"Anthelios Age Correct SPF50+ 50ml La roche posay"},"content":{"rendered":"<h2><strong>DESCRIPTION :<\/strong><\/h2>\n<p>La nouvelle g\u00e9n\u00e9ration de soins solaires anti-rides quotidien qui pr\u00e9vient et corrige les signes de l&#8217;\u00e2ge en 4 semaines.<\/p>\n<p><strong>B\u00c9N\u00c9FICES<\/strong><br \/>\nSoin quotidien photocorrecteur spf 50. R\u00e9duit les rides et corrige les taches gr\u00e2ce \u00e0 sa technologie exclusive CELLOX-B3 TECH et \u00e0 des actifs correcteurs dermatologiques.<br \/>\nUne solution compl\u00e8te anti-UV, anti-pollution, anti-rides et anti-taches.<\/p>\n<p><strong>INDICATION<\/strong><br \/>\nPeaux sensibles avec signes de l&#8217;\u00e2ge (rides, taches, perte d&#8217;\u00e9lasticit\u00e9).<br \/>\nTest\u00e9 sous contr\u00f4le dermatologique et ophtalmologique.<\/p>\n<p>La nouvelle g\u00e9n\u00e9ration de soins solaires quotidiens qui aide \u00e0 prot\u00e9ger et corriger les signes de l&#8217;\u00e2ge (rides, taches, perte d&#8217;\u00e9lasticit\u00e9) induits par l&#8217;exposition quotidienne aux UV gr\u00e2ce \u00e0 sa technologie exclusive CELLOX-B3 TECH et aux actifs correcteurs dermatologiques : Acide Hyaluronique Fragment\u00e9, Phe-R\u00e9sorcinol et Niacinamide.<\/p>\n<p><strong>1\/ TR\u00c8S HAUTE PROTECTION UVA\/ UVB, ANTI-POLLUTION, ANTI-OXYDATION<\/strong><\/p>\n<p>Technologie exclusive\u00a0<strong>CELLOX-B3 TECH\u00a0<\/strong>:\u00a0<strong>Mexoryl XL<\/strong>,\u00a0<strong>Vitamine B3\u00a0<\/strong>et\u00a0<strong>Vitamine E<\/strong>\u00a0ainsi que l&#8217;<strong>Eau Thermale\u00a0<\/strong>de La Roche-Posay. Ce complexe offre une protection UVA\/ UVB, limite l&#8217;adh\u00e9rence des particules de pollution sur la peau, et pr\u00e9vient du stress oxydatif induit par la pollution et les infra-rouges<\/p>\n<p><strong>2\/ EFFICACIT\u00c9 ANTI-\u00c2GE<\/strong><\/p>\n<p><strong>ACIDE HYALURONIQUE FRAGMENT\u00c9\u00a0(0,1%) :<\/strong>\u00a0actif anti-\u00e2ge par excellence, v\u00e9ritable \u00e9ponge, il maintient l&#8217;hydratation de la peau. Ses fragments agissent sur les diff\u00e9rentes couches cutan\u00e9es ; ainsi il hydrate, comble les rides et ridules, et stimule les m\u00e9canismes physiologiques de r\u00e9g\u00e9n\u00e9ration cutan\u00e9e.<\/p>\n<h2><strong>CONSEIL D&#8217;UTILISATION :<\/strong><\/h2>\n<div data-section-id=\"pdp-section-product-tabs\">\n<section class=\"l-section h-no-margin\">\n<div class=\"l-section__row\" data-js-product-rich-tabs=\"\">\n<div class=\"c-section__content\">\n<div class=\"c-tabs m-pdp m-secondary\" data-component=\"global\/Tabs\" data-analytics=\"{}\" data-component-options=\"{&quot;stickyDesktopTabItems&quot;:false,&quot;stickyMobileTabItems&quot;:false,&quot;tabCssClass&quot;:&quot;&quot;,&quot;tabActiveCssClass&quot;:&quot;&quot;,&quot;scrollOffset&quot;:60}\" data-component-id=\"p_k0kzifjt84a\">\n<div class=\"c-tabs__content\" data-js-tab-content=\"\">\n<div id=\"p_k0kzifjt84a_panel_4\" class=\"c-tabs__panel h-text-no-wrap-content m-active\" role=\"tabpanel\" data-js-tab-panel=\"\" data-tab-hash=\"texture-application\" data-js-layout=\"\" data-analytics=\"{&quot;promoObject&quot;:{&quot;creative&quot;:&quot;Texture &amp; Application&quot;},&quot;event&quot;:&quot;uaevent&quot;,&quot;category&quot;:&quot;product detail page&quot;,&quot;action&quot;:&quot;texture &amp; application&quot;,&quot;label&quot;:&quot;anthelios age correct::3337875761031&quot;,&quot;extraData&quot;:{&quot;event_name&quot;:&quot;product_info_click&quot;,&quot;product_tab&quot;:&quot;texture &amp; application&quot;,&quot;product_info&quot;:&quot;anthelios age correct::3337875761031&quot;}}\" aria-labelledby=\"p_k0kzifjt84a_control_4\" aria-hidden=\"false\">\n<div class=\"l-row\">\n<div class=\"l-column m-small-12 m-medium-10 m-large-12\">\n<p>Appliquer uniform\u00e9ment sur tout le visage chaque matin, comme derni\u00e8re \u00e9tape de votre routine de soin et avant le maquillage. Eviter le contour des yeux.<\/p>\n<\/div>\n<\/div>\n<\/div>\n<\/div>\n<\/div>\n<\/div>\n<\/div>\n<\/section>\n<\/div>\n<div data-section-id=\"pdp-section-product-description\">\n<section class=\"l-section\">\n<div class=\"l-section__row\">\n<h2 class=\"l-row l-row-padding m-gutter-medium-for-small m-gutter-large-for-large h-text-align-center-for-small h-text-size-14 h-text-align-items-center\"><strong>COMPOSITION :<\/strong><\/h2>\n<p>INGREDIENTS: AQUA \/ WATER \/ EAU \u2022 C12-15 ALKYL BENZOATE \u2022 GLYCERIN \u2022 OCTOCRYLENE \u2022 NIACINAMIDE \u2022 BUTYL METHOXYDIBENZOYLMETHANE \u2022 DIMETHICONE \u2022 ETHYLHEXYL TRIAZONE \u2022 SILICA \u2022 ALUMINUM STARCH OCTENYLSUCCINATE \u2022 VINYL DIMETHICONE\/METHICONE SILSESQUIOXANE CROSSPOLYMER \u2022 TEREPHTHALYLIDENE DICAMPHOR SULFONIC ACID \u2022 POTASSIUM CETYL PHOSPHATE \u2022 DROMETRIZOLE TRISILOXANE \u2022 PEG-100 STEARATE \u2022 STEARYL ALCOHOL \u2022 GLYCERYL STEARATE \u2022 AMMONIUM POLYACRYLOYLDIMETHYL TAURATE \u2022 BENZYL ALCOHOL \u2022 BENZYL BENZOATE \u2022 CAPRYLOYL SALICYLIC ACID \u2022 CAPRYLYL GLYCOL \u2022 HYDROLYZED HYALURONIC ACID \u2022 PHENOXYETHANOL \u2022 PHENYLETHYL RESORCINOL \u2022 POLOXAMER 338 \u2022 TOCOPHEROL \u2022 TRIETHANOLAMINE \u2022 TRISODIUM ETHYLENEDIAMINE DISUCCINATE \u2022 XANTHAN GUM \u2022 PARFUM \/ FRAGRANCE (F.I.L. C259210\/1).<\/p>\n<\/div>\n<\/section>\n<\/div>","protected":false},"excerpt":{"rendered":"<h3><em><strong>SOIN SOLAIRE QUOTIDIEN PHOTOCORRECTION ANTI-RIDES ANTI-TACHES<\/strong><\/em><\/h3>\n<p><strong>Contenance : 50ml\u00a0<\/strong><\/p>","protected":false},"featured_media":11938,"comment_status":"open","ping_status":"closed","template":"","meta":[],"product_cat":[17,36],"product_tag":[644],"berocket_brand":[],"class_list":{"0":"post-142440","1":"product","2":"type-product","3":"status-publish","4":"has-post-thumbnail","6":"product_cat-soin-et-bien-etre","7":"product_cat-visage-soin-et-bien-etre","8":"product_tag-la-roche-posay","10":"first","11":"outofstock","12":"shipping-taxable","13":"purchasable","14":"product-type-simple"},"yoast_head":"<!-- This site is optimized with the Yoast SEO plugin v24.8 - https:\/\/yoast.com\/wordpress\/plugins\/seo\/ -->\n<title>Anthelios Age Correct SPF50+ 50ml La roche posay - Prixgro<\/title>\n<meta name=\"robots\" content=\"index, follow, max-snippet:-1, max-image-preview:large, max-video-preview:-1\" \/>\n<link rel=\"canonical\" href=\"https:\/\/prixgro.com\/ar\/product\/anthelios-age-correct-spf50-50ml-la-roche-posay\/\" \/>\n<meta property=\"og:locale\" content=\"ar_AR\" \/>\n<meta property=\"og:type\" content=\"article\" \/>\n<meta property=\"og:title\" content=\"Anthelios Age Correct SPF50+ 50ml La roche posay - Prixgro\" \/>\n<meta property=\"og:description\" content=\"SOIN SOLAIRE QUOTIDIEN PHOTOCORRECTION ANTI-RIDES ANTI-TACHES Contenance : 50ml\u00a0\" \/>\n<meta property=\"og:url\" content=\"https:\/\/prixgro.com\/ar\/product\/anthelios-age-correct-spf50-50ml-la-roche-posay\/\" \/>\n<meta property=\"og:site_name\" content=\"Prixgro\" \/>\n<meta property=\"article:publisher\" content=\"https:\/\/www.facebook.com\/Pharmacima\" \/>\n<meta property=\"article:modified_time\" content=\"2024-08-08T11:30:15+00:00\" \/>\n<meta property=\"og:image\" content=\"https:\/\/prixgro.com\/wp-content\/uploads\/2024\/01\/anthelios-age-correct.png\" \/>\n\t<meta property=\"og:image:width\" content=\"540\" \/>\n\t<meta property=\"og:image:height\" content=\"540\" \/>\n\t<meta property=\"og:image:type\" content=\"image\/png\" \/>\n<meta name=\"twitter:card\" content=\"summary_large_image\" \/>\n<meta name=\"twitter:label1\" content=\"\u0648\u0642\u062a \u0627\u0644\u0642\u0631\u0627\u0621\u0629 \u0627\u0644\u0645\u064f\u0642\u062f\u0651\u0631\" \/>\n\t<meta name=\"twitter:data1\" content=\"\u062f\u0642\u064a\u0642\u062a\u0627\u0646\" \/>\n<script type=\"application\/ld+json\" class=\"yoast-schema-graph\">{\"@context\":\"https:\/\/schema.org\",\"@graph\":[{\"@type\":\"WebPage\",\"@id\":\"https:\/\/prixgro.com\/product\/anthelios-age-correct-spf50-50ml-la-roche-posay\/\",\"url\":\"https:\/\/prixgro.com\/product\/anthelios-age-correct-spf50-50ml-la-roche-posay\/\",\"name\":\"Anthelios Age Correct SPF50+ 50ml La roche posay - Prixgro\",\"isPartOf\":{\"@id\":\"https:\/\/prixgro.com\/#website\"},\"primaryImageOfPage\":{\"@id\":\"https:\/\/prixgro.com\/product\/anthelios-age-correct-spf50-50ml-la-roche-posay\/#primaryimage\"},\"image\":{\"@id\":\"https:\/\/prixgro.com\/product\/anthelios-age-correct-spf50-50ml-la-roche-posay\/#primaryimage\"},\"thumbnailUrl\":\"https:\/\/prixgro.com\/wp-content\/uploads\/2024\/01\/anthelios-age-correct.png\",\"datePublished\":\"2024-04-09T12:33:12+00:00\",\"dateModified\":\"2024-08-08T11:30:15+00:00\",\"breadcrumb\":{\"@id\":\"https:\/\/prixgro.com\/product\/anthelios-age-correct-spf50-50ml-la-roche-posay\/#breadcrumb\"},\"inLanguage\":\"ar\",\"potentialAction\":[{\"@type\":\"ReadAction\",\"target\":[\"https:\/\/prixgro.com\/product\/anthelios-age-correct-spf50-50ml-la-roche-posay\/\"]}]},{\"@type\":\"ImageObject\",\"inLanguage\":\"ar\",\"@id\":\"https:\/\/prixgro.com\/product\/anthelios-age-correct-spf50-50ml-la-roche-posay\/#primaryimage\",\"url\":\"https:\/\/prixgro.com\/wp-content\/uploads\/2024\/01\/anthelios-age-correct.png\",\"contentUrl\":\"https:\/\/prixgro.com\/wp-content\/uploads\/2024\/01\/anthelios-age-correct.png\",\"width\":540,\"height\":540},{\"@type\":\"BreadcrumbList\",\"@id\":\"https:\/\/prixgro.com\/product\/anthelios-age-correct-spf50-50ml-la-roche-posay\/#breadcrumb\",\"itemListElement\":[{\"@type\":\"ListItem\",\"position\":1,\"name\":\"Accueil\",\"item\":\"https:\/\/prixgro.com\/\"},{\"@type\":\"ListItem\",\"position\":2,\"name\":\"Boutique en ligne\",\"item\":\"https:\/\/prixgro.com\/shop\/\"},{\"@type\":\"ListItem\",\"position\":3,\"name\":\"Anthelios Age Correct SPF50+ 50ml La roche posay\"}]},{\"@type\":\"WebSite\",\"@id\":\"https:\/\/prixgro.com\/#website\",\"url\":\"https:\/\/prixgro.com\/\",\"name\":\"Prixgro.com\",\"description\":\"Para Pharmaceutique et Cosm\u00e9tique\",\"publisher\":{\"@id\":\"https:\/\/prixgro.com\/#organization\"},\"potentialAction\":[{\"@type\":\"SearchAction\",\"target\":{\"@type\":\"EntryPoint\",\"urlTemplate\":\"https:\/\/prixgro.com\/?s={search_term_string}\"},\"query-input\":{\"@type\":\"PropertyValueSpecification\",\"valueRequired\":true,\"valueName\":\"search_term_string\"}}],\"inLanguage\":\"ar\"},{\"@type\":\"Organization\",\"@id\":\"https:\/\/prixgro.com\/#organization\",\"name\":\"Prixgro\",\"url\":\"https:\/\/prixgro.com\/\",\"logo\":{\"@type\":\"ImageObject\",\"inLanguage\":\"ar\",\"@id\":\"https:\/\/prixgro.com\/#\/schema\/logo\/image\/\",\"url\":\"https:\/\/prixgro.com\/wp-content\/uploads\/2024\/08\/cropped-Nouveau-projet-2.png\",\"contentUrl\":\"https:\/\/prixgro.com\/wp-content\/uploads\/2024\/08\/cropped-Nouveau-projet-2.png\",\"width\":265,\"height\":62,\"caption\":\"Prixgro\"},\"image\":{\"@id\":\"https:\/\/prixgro.com\/#\/schema\/logo\/image\/\"},\"sameAs\":[\"https:\/\/www.facebook.com\/Pharmacima\"]}]}<\/script>\n<!-- \/ Yoast SEO plugin. -->","yoast_head_json":{"title":"Anthelios Age Correct SPF50+ 50ml La roche posay - Prixgro","robots":{"index":"index","follow":"follow","max-snippet":"max-snippet:-1","max-image-preview":"max-image-preview:large","max-video-preview":"max-video-preview:-1"},"canonical":"https:\/\/prixgro.com\/ar\/product\/anthelios-age-correct-spf50-50ml-la-roche-posay\/","og_locale":"ar_AR","og_type":"article","og_title":"Anthelios Age Correct SPF50+ 50ml La roche posay - Prixgro","og_description":"SOIN SOLAIRE QUOTIDIEN PHOTOCORRECTION ANTI-RIDES ANTI-TACHES Contenance : 50ml\u00a0","og_url":"https:\/\/prixgro.com\/ar\/product\/anthelios-age-correct-spf50-50ml-la-roche-posay\/","og_site_name":"Prixgro","article_publisher":"https:\/\/www.facebook.com\/Pharmacima","article_modified_time":"2024-08-08T11:30:15+00:00","og_image":[{"width":540,"height":540,"url":"https:\/\/prixgro.com\/wp-content\/uploads\/2024\/01\/anthelios-age-correct.png","type":"image\/png"}],"twitter_card":"summary_large_image","twitter_misc":{"\u0648\u0642\u062a \u0627\u0644\u0642\u0631\u0627\u0621\u0629 \u0627\u0644\u0645\u064f\u0642\u062f\u0651\u0631":"\u062f\u0642\u064a\u0642\u062a\u0627\u0646"},"schema":{"@context":"https:\/\/schema.org","@graph":[{"@type":"WebPage","@id":"https:\/\/prixgro.com\/product\/anthelios-age-correct-spf50-50ml-la-roche-posay\/","url":"https:\/\/prixgro.com\/product\/anthelios-age-correct-spf50-50ml-la-roche-posay\/","name":"Anthelios Age Correct SPF50+ 50ml La roche posay - Prixgro","isPartOf":{"@id":"https:\/\/prixgro.com\/#website"},"primaryImageOfPage":{"@id":"https:\/\/prixgro.com\/product\/anthelios-age-correct-spf50-50ml-la-roche-posay\/#primaryimage"},"image":{"@id":"https:\/\/prixgro.com\/product\/anthelios-age-correct-spf50-50ml-la-roche-posay\/#primaryimage"},"thumbnailUrl":"https:\/\/prixgro.com\/wp-content\/uploads\/2024\/01\/anthelios-age-correct.png","datePublished":"2024-04-09T12:33:12+00:00","dateModified":"2024-08-08T11:30:15+00:00","breadcrumb":{"@id":"https:\/\/prixgro.com\/product\/anthelios-age-correct-spf50-50ml-la-roche-posay\/#breadcrumb"},"inLanguage":"ar","potentialAction":[{"@type":"ReadAction","target":["https:\/\/prixgro.com\/product\/anthelios-age-correct-spf50-50ml-la-roche-posay\/"]}]},{"@type":"ImageObject","inLanguage":"ar","@id":"https:\/\/prixgro.com\/product\/anthelios-age-correct-spf50-50ml-la-roche-posay\/#primaryimage","url":"https:\/\/prixgro.com\/wp-content\/uploads\/2024\/01\/anthelios-age-correct.png","contentUrl":"https:\/\/prixgro.com\/wp-content\/uploads\/2024\/01\/anthelios-age-correct.png","width":540,"height":540},{"@type":"BreadcrumbList","@id":"https:\/\/prixgro.com\/product\/anthelios-age-correct-spf50-50ml-la-roche-posay\/#breadcrumb","itemListElement":[{"@type":"ListItem","position":1,"name":"Accueil","item":"https:\/\/prixgro.com\/"},{"@type":"ListItem","position":2,"name":"Boutique en ligne","item":"https:\/\/prixgro.com\/shop\/"},{"@type":"ListItem","position":3,"name":"Anthelios Age Correct SPF50+ 50ml La roche posay"}]},{"@type":"WebSite","@id":"https:\/\/prixgro.com\/#website","url":"https:\/\/prixgro.com\/","name":"Prixgro.com","description":"Para Pharmaceutique et Cosm\u00e9tique","publisher":{"@id":"https:\/\/prixgro.com\/#organization"},"potentialAction":[{"@type":"SearchAction","target":{"@type":"EntryPoint","urlTemplate":"https:\/\/prixgro.com\/?s={search_term_string}"},"query-input":{"@type":"PropertyValueSpecification","valueRequired":true,"valueName":"search_term_string"}}],"inLanguage":"ar"},{"@type":"Organization","@id":"https:\/\/prixgro.com\/#organization","name":"Prixgro","url":"https:\/\/prixgro.com\/","logo":{"@type":"ImageObject","inLanguage":"ar","@id":"https:\/\/prixgro.com\/#\/schema\/logo\/image\/","url":"https:\/\/prixgro.com\/wp-content\/uploads\/2024\/08\/cropped-Nouveau-projet-2.png","contentUrl":"https:\/\/prixgro.com\/wp-content\/uploads\/2024\/08\/cropped-Nouveau-projet-2.png","width":265,"height":62,"caption":"Prixgro"},"image":{"@id":"https:\/\/prixgro.com\/#\/schema\/logo\/image\/"},"sameAs":["https:\/\/www.facebook.com\/Pharmacima"]}]}},"_links":{"self":[{"href":"https:\/\/prixgro.com\/ar\/wp-json\/wp\/v2\/product\/142440","targetHints":{"allow":["GET"]}}],"collection":[{"href":"https:\/\/prixgro.com\/ar\/wp-json\/wp\/v2\/product"}],"about":[{"href":"https:\/\/prixgro.com\/ar\/wp-json\/wp\/v2\/types\/product"}],"replies":[{"embeddable":true,"href":"https:\/\/prixgro.com\/ar\/wp-json\/wp\/v2\/comments?post=142440"}],"wp:featuredmedia":[{"embeddable":true,"href":"https:\/\/prixgro.com\/ar\/wp-json\/wp\/v2\/media\/11938"}],"wp:attachment":[{"href":"https:\/\/prixgro.com\/ar\/wp-json\/wp\/v2\/media?parent=142440"}],"wp:term":[{"taxonomy":"product_cat","embeddable":true,"href":"https:\/\/prixgro.com\/ar\/wp-json\/wp\/v2\/product_cat?post=142440"},{"taxonomy":"product_tag","embeddable":true,"href":"https:\/\/prixgro.com\/ar\/wp-json\/wp\/v2\/product_tag?post=142440"},{"taxonomy":"berocket_brand","embeddable":true,"href":"https:\/\/prixgro.com\/ar\/wp-json\/wp\/v2\/berocket_brand?post=142440"}],"curies":[{"name":"wp","href":"https:\/\/api.w.org\/{rel}","templated":true}]}}