{"id":142457,"date":"2024-04-09T14:33:24","date_gmt":"2024-04-09T12:33:24","guid":{"rendered":"https:\/\/cloodmanager.net\/?post_type=product&#038;p=142457"},"modified":"2024-08-08T21:05:31","modified_gmt":"2024-08-08T19:05:31","slug":"rouge-a-levres-en-poudre-09-kiko","status":"publish","type":"product","link":"https:\/\/prixgro.com\/ar\/product\/rouge-a-levres-en-poudre-09-kiko\/","title":{"rendered":"Rouge a levres en poudre 09 Kiko"},"content":{"rendered":"<h2><strong>DESCRIPTION :\u00a0<\/strong><\/h2>\n<p>Rouge \u00e0 l\u00e8vres l\u00e9ger au fini mat.<\/p>\n<h3><strong>Id\u00e9al pour :<\/strong><\/h3>\n<p>envelopper les l\u00e8vres d\u2019un effet mat et estomp\u00e9.<\/p>\n<p><strong>Sa particularit\u00e9 car :<\/strong><\/p>\n<p>\u2013 sa formule velout\u00e9e est enrichie en huiles l\u00e9g\u00e8res et nourrissantes ;<br \/>\n\u2013 sa texture douce, poudr\u00e9e et ultra-fine fond instantan\u00e9ment sur les l\u00e8vres ;<br \/>\n\u2013 facile et confortable \u00e0 appliquer, il offre une couvrance modulable pour une intensit\u00e9 sur mesure.<\/p>\n<div class=\"ProductInfo__Tab Tab\" data-scrollable=\"true\" data-component=\"Tabs\" data-boilerplate-active=\"true\">\n<div class=\"Tab__Body Tab__Body--Classic\">\n<div id=\"tabinfo-1\" class=\"Tab__Body__Content fade active\" data-tab-panel=\"true\" aria-hidden=\"false\">\n<div class=\"Tab__Body__Content__Text\">\n<p>Les l\u00e8vres sont sublim\u00e9es d\u2019une texture l\u00e9g\u00e8re et poudr\u00e9e, produisant un effet \u00ab seconde peau \u00bb.<\/p>\n<\/div>\n<\/div>\n<\/div>\n<\/div>\n<div class=\"ProductInfo__Images\"><\/div>\n<h2><strong>CONSEIL D\u2019UTILISATION :<\/strong><\/h2>\n<p>Appliquez le rouge \u00e0 l\u00e8vres directement sur vos l\u00e8vres en suivant leur forme, en commen\u00e7ant par le centre et en allant vers les coins.<\/p>\n<h2><strong>COMPOSITION :<\/strong><\/h2>\n<p>ISONONANOATE D\u2019ISONONYL, POLYMETHYLSILSESQUIOXANE, DICAPRYLATE\/DICAPRATE DE N\u00c9OPENTYL GLYCOL, POLY\u00c9THYL\u00c8NE, CAPRYLIQUE\/CAPRICTRIGLYCERIDE, PHOSPHATE DICALCIQUE, CERA MICROCRISTALLINE (CIRE MICROCRISTALLINE\/CIRE MICROCRISTALLINE), PALMITATE D\u2019\u00c9THYLHEXYLE, CIRE SYNTH\u00c9TIQUE, MICA, ST\u00c9ARALK ONIUM HECTORITE, C30-45 ALKYL DIM\u00c9THICONE, DIM\u00c9THICONE \/CROSSPOLYM\u00c8RE DE VINYLE DIMETHICONE, CARBONATE DE PROPYL\u00c8NE, C\u00c9TYL DIMETHICONE THYL VANILLINE, DIMETHICONE, PENTAERYTHRITYL TETRA-DI-t-BUTYL HYDROXYHYDROCINNAMATE, LAURETH-4, BOROSILICATE D\u2019ALUMINIUM DE CALCIUM, EXTRAIT DE VITIS VINIFERA (EXTRAIT DE FRUIT DE VITIS VINIFERA (RAISIN), ALUMINIUM SILICATE DE CALCIUM ET DE SODIUM , BOROSILICATE DE CALCIUM-TITANE, ALUMININE, BOROSILICATE DE CALCIUM-SODIUM, SILICE, FLUORPHLOGOPITE SYNTH\u00c9TIQUE, OXYDE D\u2019\u00c9TAIN.\u00a0+\/- (PEUT CONTENIR)\u00a0: CI 77891 (DIOXYDE DE TITANE), CI 77491 \u2013 CI 77492 \u2013 CI 77499 (OXYDES DE FER)<\/p>","protected":false},"excerpt":{"rendered":"<p>DESCRIPTION :\u00a0 Rouge \u00e0 l\u00e8vres l\u00e9ger au fini mat. Id\u00e9al pour : envelopper les l\u00e8vres d\u2019un effet mat et estomp\u00e9&#8230;.<\/p>","protected":false},"featured_media":11988,"comment_status":"open","ping_status":"closed","template":"","meta":[],"product_cat":[432,429],"product_tag":[],"berocket_brand":[703],"class_list":{"0":"post-142457","1":"product","2":"type-product","3":"status-publish","4":"has-post-thumbnail","6":"product_cat-levres-maquillage","7":"product_cat-maquillage","8":"berocket_brand-kiko","10":"first","11":"instock","12":"shipping-taxable","13":"purchasable","14":"product-type-simple"},"yoast_head":"<!-- This site is optimized with the Yoast SEO plugin v24.8 - https:\/\/yoast.com\/wordpress\/plugins\/seo\/ -->\n<title>Rouge a levres en poudre 09 Kiko - Prixgro<\/title>\n<meta name=\"description\" content=\"Effet couleur imm\u00e9diat, Couvrance moyenne \u00e0 haute.Test\u00e9 sous contr\u00f4le dermatologique.Nouveau packaging compact et fonctionnel\" \/>\n<meta name=\"robots\" content=\"index, follow, max-snippet:-1, max-image-preview:large, max-video-preview:-1\" \/>\n<link rel=\"canonical\" href=\"https:\/\/prixgro.com\/ar\/product\/rouge-a-levres-en-poudre-09-kiko\/\" \/>\n<meta property=\"og:locale\" content=\"ar_AR\" \/>\n<meta property=\"og:type\" content=\"article\" \/>\n<meta property=\"og:title\" content=\"Rouge a levres en poudre 09 Kiko - Prixgro\" \/>\n<meta property=\"og:description\" content=\"Effet couleur imm\u00e9diat, Couvrance moyenne \u00e0 haute.Test\u00e9 sous contr\u00f4le dermatologique.Nouveau packaging compact et fonctionnel\" \/>\n<meta property=\"og:url\" content=\"https:\/\/prixgro.com\/ar\/product\/rouge-a-levres-en-poudre-09-kiko\/\" \/>\n<meta property=\"og:site_name\" content=\"Prixgro\" \/>\n<meta property=\"article:publisher\" content=\"https:\/\/www.facebook.com\/Pharmacima\" \/>\n<meta property=\"article:modified_time\" content=\"2024-08-08T19:05:31+00:00\" \/>\n<meta property=\"og:image\" content=\"https:\/\/prixgro.com\/wp-content\/uploads\/2024\/01\/kiko-09.png\" \/>\n\t<meta property=\"og:image:width\" content=\"540\" \/>\n\t<meta property=\"og:image:height\" content=\"540\" \/>\n\t<meta property=\"og:image:type\" content=\"image\/png\" \/>\n<meta name=\"twitter:card\" content=\"summary_large_image\" \/>\n<meta name=\"twitter:label1\" content=\"\u0648\u0642\u062a \u0627\u0644\u0642\u0631\u0627\u0621\u0629 \u0627\u0644\u0645\u064f\u0642\u062f\u0651\u0631\" \/>\n\t<meta name=\"twitter:data1\" content=\"\u062f\u0642\u064a\u0642\u062a\u0627\u0646\" \/>\n<script type=\"application\/ld+json\" class=\"yoast-schema-graph\">{\"@context\":\"https:\/\/schema.org\",\"@graph\":[{\"@type\":\"WebPage\",\"@id\":\"https:\/\/prixgro.com\/product\/rouge-a-levres-en-poudre-09-kiko\/\",\"url\":\"https:\/\/prixgro.com\/product\/rouge-a-levres-en-poudre-09-kiko\/\",\"name\":\"Rouge a levres en poudre 09 Kiko - Prixgro\",\"isPartOf\":{\"@id\":\"https:\/\/prixgro.com\/#website\"},\"primaryImageOfPage\":{\"@id\":\"https:\/\/prixgro.com\/product\/rouge-a-levres-en-poudre-09-kiko\/#primaryimage\"},\"image\":{\"@id\":\"https:\/\/prixgro.com\/product\/rouge-a-levres-en-poudre-09-kiko\/#primaryimage\"},\"thumbnailUrl\":\"https:\/\/prixgro.com\/wp-content\/uploads\/2024\/01\/kiko-09.png\",\"datePublished\":\"2024-04-09T12:33:24+00:00\",\"dateModified\":\"2024-08-08T19:05:31+00:00\",\"description\":\"Effet couleur imm\u00e9diat, Couvrance moyenne \u00e0 haute.Test\u00e9 sous contr\u00f4le dermatologique.Nouveau packaging compact et fonctionnel\",\"breadcrumb\":{\"@id\":\"https:\/\/prixgro.com\/product\/rouge-a-levres-en-poudre-09-kiko\/#breadcrumb\"},\"inLanguage\":\"ar\",\"potentialAction\":[{\"@type\":\"ReadAction\",\"target\":[\"https:\/\/prixgro.com\/product\/rouge-a-levres-en-poudre-09-kiko\/\"]}]},{\"@type\":\"ImageObject\",\"inLanguage\":\"ar\",\"@id\":\"https:\/\/prixgro.com\/product\/rouge-a-levres-en-poudre-09-kiko\/#primaryimage\",\"url\":\"https:\/\/prixgro.com\/wp-content\/uploads\/2024\/01\/kiko-09.png\",\"contentUrl\":\"https:\/\/prixgro.com\/wp-content\/uploads\/2024\/01\/kiko-09.png\",\"width\":540,\"height\":540},{\"@type\":\"BreadcrumbList\",\"@id\":\"https:\/\/prixgro.com\/product\/rouge-a-levres-en-poudre-09-kiko\/#breadcrumb\",\"itemListElement\":[{\"@type\":\"ListItem\",\"position\":1,\"name\":\"Accueil\",\"item\":\"https:\/\/prixgro.com\/\"},{\"@type\":\"ListItem\",\"position\":2,\"name\":\"Boutique en ligne\",\"item\":\"https:\/\/prixgro.com\/shop\/\"},{\"@type\":\"ListItem\",\"position\":3,\"name\":\"Rouge a levres en poudre 09 Kiko\"}]},{\"@type\":\"WebSite\",\"@id\":\"https:\/\/prixgro.com\/#website\",\"url\":\"https:\/\/prixgro.com\/\",\"name\":\"Prixgro.com\",\"description\":\"Para Pharmaceutique et Cosm\u00e9tique\",\"publisher\":{\"@id\":\"https:\/\/prixgro.com\/#organization\"},\"potentialAction\":[{\"@type\":\"SearchAction\",\"target\":{\"@type\":\"EntryPoint\",\"urlTemplate\":\"https:\/\/prixgro.com\/?s={search_term_string}\"},\"query-input\":{\"@type\":\"PropertyValueSpecification\",\"valueRequired\":true,\"valueName\":\"search_term_string\"}}],\"inLanguage\":\"ar\"},{\"@type\":\"Organization\",\"@id\":\"https:\/\/prixgro.com\/#organization\",\"name\":\"Prixgro\",\"url\":\"https:\/\/prixgro.com\/\",\"logo\":{\"@type\":\"ImageObject\",\"inLanguage\":\"ar\",\"@id\":\"https:\/\/prixgro.com\/#\/schema\/logo\/image\/\",\"url\":\"https:\/\/prixgro.com\/wp-content\/uploads\/2024\/08\/cropped-Nouveau-projet-2.png\",\"contentUrl\":\"https:\/\/prixgro.com\/wp-content\/uploads\/2024\/08\/cropped-Nouveau-projet-2.png\",\"width\":265,\"height\":62,\"caption\":\"Prixgro\"},\"image\":{\"@id\":\"https:\/\/prixgro.com\/#\/schema\/logo\/image\/\"},\"sameAs\":[\"https:\/\/www.facebook.com\/Pharmacima\"]}]}<\/script>\n<!-- \/ Yoast SEO plugin. -->","yoast_head_json":{"title":"Rouge a levres en poudre 09 Kiko - Prixgro","description":"Effet couleur imm\u00e9diat, Couvrance moyenne \u00e0 haute.Test\u00e9 sous contr\u00f4le dermatologique.Nouveau packaging compact et fonctionnel","robots":{"index":"index","follow":"follow","max-snippet":"max-snippet:-1","max-image-preview":"max-image-preview:large","max-video-preview":"max-video-preview:-1"},"canonical":"https:\/\/prixgro.com\/ar\/product\/rouge-a-levres-en-poudre-09-kiko\/","og_locale":"ar_AR","og_type":"article","og_title":"Rouge a levres en poudre 09 Kiko - Prixgro","og_description":"Effet couleur imm\u00e9diat, Couvrance moyenne \u00e0 haute.Test\u00e9 sous contr\u00f4le dermatologique.Nouveau packaging compact et fonctionnel","og_url":"https:\/\/prixgro.com\/ar\/product\/rouge-a-levres-en-poudre-09-kiko\/","og_site_name":"Prixgro","article_publisher":"https:\/\/www.facebook.com\/Pharmacima","article_modified_time":"2024-08-08T19:05:31+00:00","og_image":[{"width":540,"height":540,"url":"https:\/\/prixgro.com\/wp-content\/uploads\/2024\/01\/kiko-09.png","type":"image\/png"}],"twitter_card":"summary_large_image","twitter_misc":{"\u0648\u0642\u062a \u0627\u0644\u0642\u0631\u0627\u0621\u0629 \u0627\u0644\u0645\u064f\u0642\u062f\u0651\u0631":"\u062f\u0642\u064a\u0642\u062a\u0627\u0646"},"schema":{"@context":"https:\/\/schema.org","@graph":[{"@type":"WebPage","@id":"https:\/\/prixgro.com\/product\/rouge-a-levres-en-poudre-09-kiko\/","url":"https:\/\/prixgro.com\/product\/rouge-a-levres-en-poudre-09-kiko\/","name":"Rouge a levres en poudre 09 Kiko - Prixgro","isPartOf":{"@id":"https:\/\/prixgro.com\/#website"},"primaryImageOfPage":{"@id":"https:\/\/prixgro.com\/product\/rouge-a-levres-en-poudre-09-kiko\/#primaryimage"},"image":{"@id":"https:\/\/prixgro.com\/product\/rouge-a-levres-en-poudre-09-kiko\/#primaryimage"},"thumbnailUrl":"https:\/\/prixgro.com\/wp-content\/uploads\/2024\/01\/kiko-09.png","datePublished":"2024-04-09T12:33:24+00:00","dateModified":"2024-08-08T19:05:31+00:00","description":"Effet couleur imm\u00e9diat, Couvrance moyenne \u00e0 haute.Test\u00e9 sous contr\u00f4le dermatologique.Nouveau packaging compact et fonctionnel","breadcrumb":{"@id":"https:\/\/prixgro.com\/product\/rouge-a-levres-en-poudre-09-kiko\/#breadcrumb"},"inLanguage":"ar","potentialAction":[{"@type":"ReadAction","target":["https:\/\/prixgro.com\/product\/rouge-a-levres-en-poudre-09-kiko\/"]}]},{"@type":"ImageObject","inLanguage":"ar","@id":"https:\/\/prixgro.com\/product\/rouge-a-levres-en-poudre-09-kiko\/#primaryimage","url":"https:\/\/prixgro.com\/wp-content\/uploads\/2024\/01\/kiko-09.png","contentUrl":"https:\/\/prixgro.com\/wp-content\/uploads\/2024\/01\/kiko-09.png","width":540,"height":540},{"@type":"BreadcrumbList","@id":"https:\/\/prixgro.com\/product\/rouge-a-levres-en-poudre-09-kiko\/#breadcrumb","itemListElement":[{"@type":"ListItem","position":1,"name":"Accueil","item":"https:\/\/prixgro.com\/"},{"@type":"ListItem","position":2,"name":"Boutique en ligne","item":"https:\/\/prixgro.com\/shop\/"},{"@type":"ListItem","position":3,"name":"Rouge a levres en poudre 09 Kiko"}]},{"@type":"WebSite","@id":"https:\/\/prixgro.com\/#website","url":"https:\/\/prixgro.com\/","name":"Prixgro.com","description":"Para Pharmaceutique et Cosm\u00e9tique","publisher":{"@id":"https:\/\/prixgro.com\/#organization"},"potentialAction":[{"@type":"SearchAction","target":{"@type":"EntryPoint","urlTemplate":"https:\/\/prixgro.com\/?s={search_term_string}"},"query-input":{"@type":"PropertyValueSpecification","valueRequired":true,"valueName":"search_term_string"}}],"inLanguage":"ar"},{"@type":"Organization","@id":"https:\/\/prixgro.com\/#organization","name":"Prixgro","url":"https:\/\/prixgro.com\/","logo":{"@type":"ImageObject","inLanguage":"ar","@id":"https:\/\/prixgro.com\/#\/schema\/logo\/image\/","url":"https:\/\/prixgro.com\/wp-content\/uploads\/2024\/08\/cropped-Nouveau-projet-2.png","contentUrl":"https:\/\/prixgro.com\/wp-content\/uploads\/2024\/08\/cropped-Nouveau-projet-2.png","width":265,"height":62,"caption":"Prixgro"},"image":{"@id":"https:\/\/prixgro.com\/#\/schema\/logo\/image\/"},"sameAs":["https:\/\/www.facebook.com\/Pharmacima"]}]}},"_links":{"self":[{"href":"https:\/\/prixgro.com\/ar\/wp-json\/wp\/v2\/product\/142457","targetHints":{"allow":["GET"]}}],"collection":[{"href":"https:\/\/prixgro.com\/ar\/wp-json\/wp\/v2\/product"}],"about":[{"href":"https:\/\/prixgro.com\/ar\/wp-json\/wp\/v2\/types\/product"}],"replies":[{"embeddable":true,"href":"https:\/\/prixgro.com\/ar\/wp-json\/wp\/v2\/comments?post=142457"}],"wp:featuredmedia":[{"embeddable":true,"href":"https:\/\/prixgro.com\/ar\/wp-json\/wp\/v2\/media\/11988"}],"wp:attachment":[{"href":"https:\/\/prixgro.com\/ar\/wp-json\/wp\/v2\/media?parent=142457"}],"wp:term":[{"taxonomy":"product_cat","embeddable":true,"href":"https:\/\/prixgro.com\/ar\/wp-json\/wp\/v2\/product_cat?post=142457"},{"taxonomy":"product_tag","embeddable":true,"href":"https:\/\/prixgro.com\/ar\/wp-json\/wp\/v2\/product_tag?post=142457"},{"taxonomy":"berocket_brand","embeddable":true,"href":"https:\/\/prixgro.com\/ar\/wp-json\/wp\/v2\/berocket_brand?post=142457"}],"curies":[{"name":"wp","href":"https:\/\/api.w.org\/{rel}","templated":true}]}}