{"id":142469,"date":"2024-04-09T14:33:25","date_gmt":"2024-04-09T12:33:25","guid":{"rendered":"https:\/\/cloodmanager.net\/?post_type=product&#038;p=142469"},"modified":"2024-08-08T13:25:54","modified_gmt":"2024-08-08T11:25:54","slug":"solution-tonifiante-a-lacide-glycolique-7-lotion-exfoliante-100ml-the-ordinary","status":"publish","type":"product","link":"https:\/\/prixgro.com\/ar\/product\/solution-tonifiante-a-lacide-glycolique-7-lotion-exfoliante-100ml-the-ordinary\/","title":{"rendered":"Solution Tonifiante \u00e0 l\u2019Acide Glycolique 7% Lotion Exfoliante 100ml The ordinary"},"content":{"rendered":"<h2><strong>Description :<\/strong><\/h2>\n<ul>\n<li>L\u2019Acide Glycolic est un Acide Alpha-Hydroxyl\u00e9 (AHA) qui exfolie la peau. Cette solution tonifiante Vegan concentr\u00e9e \u00e0 7% offre une exfoliation l\u00e9g\u00e8re pour am\u00e9liorer l\u2019\u00e9clat et la clart\u00e9 du teint.<br \/>Cette formule am\u00e9liore \u00e9galement la texture de la peau sur le long terme.\n<p>Ce produit contient un d\u00e9riv\u00e9 de baie poivr\u00e9e de Tasmanie pour r\u00e9duire l\u2019irritation souvent associ\u00e9e \u00e0 l\u2019utilisation d\u2019acides de fruits. Ce d\u00e9riv\u00e9 est d\u2019origine v\u00e9g\u00e9tale et sa couleur varie selon la saison. Cette variation de couleur peut \u00eatre apparente dans la formule de temps \u00e0 autre.<\/p>\n<p>La Solution Tonifiante \u00e0 l\u2019Acide Glycolique 7% contient \u00e9galement de la racine de ginseng et de l\u2019aloe vera pour booster l\u2019\u00e9clat de la peau\u00a0et\u00a0l\u2019apaiser. Le pH de cette formule est d\u2019environ 3,6. L\u2019Acide Glycolique a un pKa. de 3,6. Le pKa est l\u2019indicateur le plus important \u00e0 consid\u00e9rer dans la formulation d\u2019acides. Lorsque le pKa est proche du pH, il y a un parfait \u00e9quilibre entre le sel et l\u2019acidit\u00e9 ce qui optimise l\u2019efficacit\u00e9 de l\u2019acide et r\u00e9duit l\u2019irritation.<\/p>\n<p>Contre-indication: Cette formule ne doit pas \u00eatre utilis\u00e9e sur une peau sensible, ab\u00eem\u00e9e ou une peau qui p\u00e8le.<\/p>\n<p>GOOD FOR VEGAN*<br \/>Des produits sans ingr\u00e9dient d&#8217;origine animale<br \/>*Bon pour les v\u00e9g\u00e9taliens<\/p>\n<\/li>\n<\/ul>\n<h2><strong>Conseil D&#8217;utilisation:<\/strong><\/h2>\n<ul>\n<li>Utilisez ide\u0301alement le soir, seulement une fois par jour. Imbibez un coton de solution et passez-le sur le visage et le cou apre\u0300s avoir nettoye\u0301 la peau.<br \/>Cette formule ne doit pas e\u0302tre utilise\u0301e sur une peau sensible, abi\u0302me\u0301e ou une peau qui pe\u0300le. E\u0301vitez le contact avec les yeux et le contour des yeux.\n<p>Ne pas rincer. Appliquez ensuite vos soins supple\u0301mentaires.<br \/>Limiter la fre\u0301quence et la dure\u0301e d&#8217;utilisation. En cas d&#8217;irritation, cesser l&#8217;utilisation et consulter un me\u0301decin.<\/p>\n<p>Utiliser uniquement conforme\u0301ment au mode d&#8217;emploi sur une peau intacte. Il est conseille\u0301 d&#8217;effectuer un test cutane\u0301 avant l&#8217;utilisation. Pour un guide de\u0301taille\u0301 sur la proce\u0301dure a\u0300 suivre pour effectuer un test cutane\u0301, consulter le site Internet de DECIEM.<\/p>\n<p>Garder hors de porte\u0301e des enfants.<\/p>\n<\/li>\n<\/ul>\n<h2><strong>Composition:<\/strong><\/h2>\n<ul>\n<li>Water, Glycolic Acid, Rosa damascena flower water, Centaurea cyanus flower water, Aloe Barbadensis Leaf Water, Propanediol, Glycerin, Triethanolamine, Aminomethyl Propanol, Panax Ginseng Root Extract, Tasmannia Lanceolata Fruit\/Leaf Extract, Aspartic Acid, Alanine, Glycine, Serine, Valine, Isoleucine, Proline, Threonine, Histidine, Phenylalanine, Glutamic Acid, Arginine, PCA, Sodium PCA, Sodium Lactate, Fructose, Glucose, Sucrose, Urea, Hexyl Nicotinate, Dextrin, Citric Acid, Polysorbate 20, Gellan Gum, Trisodium Ethylenediamine Disuccinate, Sodium Chloride, Hexylene Glycol, Potassium Sorbate, Sodium Benzoate, 1,2-Hexanediol, Caprylyl Glycol.<\/li>\n<\/ul>","protected":false},"excerpt":{"rendered":"<h3><em><strong>Contenance : 100ML<\/strong><\/em><\/h3>","protected":false},"featured_media":12008,"comment_status":"open","ping_status":"closed","template":"","meta":[],"product_cat":[126,64,17,36],"product_tag":[],"berocket_brand":[460],"class_list":{"0":"post-142469","1":"product","2":"type-product","3":"status-publish","4":"has-post-thumbnail","6":"product_cat-cheveux","7":"product_cat-corps","8":"product_cat-soin-et-bien-etre","9":"product_cat-visage-soin-et-bien-etre","10":"berocket_brand-theordinary","12":"first","13":"outofstock","14":"shipping-taxable","15":"purchasable","16":"product-type-simple"},"yoast_head":"<!-- This site is optimized with the Yoast SEO plugin v24.8 - https:\/\/yoast.com\/wordpress\/plugins\/seo\/ -->\n<title>Solution Tonifiante \u00e0 l\u2019Acide Glycolique 7% Lotion Exfoliante 100ml The ordinary - Prixgro<\/title>\n<meta name=\"robots\" content=\"index, follow, max-snippet:-1, max-image-preview:large, max-video-preview:-1\" \/>\n<link rel=\"canonical\" href=\"https:\/\/prixgro.com\/ar\/product\/solution-tonifiante-a-lacide-glycolique-7-lotion-exfoliante-100ml-the-ordinary\/\" \/>\n<meta property=\"og:locale\" content=\"ar_AR\" \/>\n<meta property=\"og:type\" content=\"article\" \/>\n<meta property=\"og:title\" content=\"Solution Tonifiante \u00e0 l\u2019Acide Glycolique 7% Lotion Exfoliante 100ml The ordinary - Prixgro\" \/>\n<meta property=\"og:description\" content=\"Contenance : 100ML\" \/>\n<meta property=\"og:url\" content=\"https:\/\/prixgro.com\/ar\/product\/solution-tonifiante-a-lacide-glycolique-7-lotion-exfoliante-100ml-the-ordinary\/\" \/>\n<meta property=\"og:site_name\" content=\"Prixgro\" \/>\n<meta property=\"article:publisher\" content=\"https:\/\/www.facebook.com\/Pharmacima\" \/>\n<meta property=\"article:modified_time\" content=\"2024-08-08T11:25:54+00:00\" \/>\n<meta property=\"og:image\" content=\"https:\/\/prixgro.com\/wp-content\/uploads\/2024\/01\/glycolic-100ml.png\" \/>\n\t<meta property=\"og:image:width\" content=\"540\" \/>\n\t<meta property=\"og:image:height\" content=\"540\" \/>\n\t<meta property=\"og:image:type\" content=\"image\/png\" \/>\n<meta name=\"twitter:card\" content=\"summary_large_image\" \/>\n<meta name=\"twitter:label1\" content=\"\u0648\u0642\u062a \u0627\u0644\u0642\u0631\u0627\u0621\u0629 \u0627\u0644\u0645\u064f\u0642\u062f\u0651\u0631\" \/>\n\t<meta name=\"twitter:data1\" content=\"\u062f\u0642\u064a\u0642\u062a\u0627\u0646\" \/>\n<script type=\"application\/ld+json\" class=\"yoast-schema-graph\">{\"@context\":\"https:\/\/schema.org\",\"@graph\":[{\"@type\":\"WebPage\",\"@id\":\"https:\/\/prixgro.com\/product\/solution-tonifiante-a-lacide-glycolique-7-lotion-exfoliante-100ml-the-ordinary\/\",\"url\":\"https:\/\/prixgro.com\/product\/solution-tonifiante-a-lacide-glycolique-7-lotion-exfoliante-100ml-the-ordinary\/\",\"name\":\"Solution Tonifiante \u00e0 l\u2019Acide Glycolique 7% Lotion Exfoliante 100ml The ordinary - Prixgro\",\"isPartOf\":{\"@id\":\"https:\/\/prixgro.com\/#website\"},\"primaryImageOfPage\":{\"@id\":\"https:\/\/prixgro.com\/product\/solution-tonifiante-a-lacide-glycolique-7-lotion-exfoliante-100ml-the-ordinary\/#primaryimage\"},\"image\":{\"@id\":\"https:\/\/prixgro.com\/product\/solution-tonifiante-a-lacide-glycolique-7-lotion-exfoliante-100ml-the-ordinary\/#primaryimage\"},\"thumbnailUrl\":\"https:\/\/prixgro.com\/wp-content\/uploads\/2024\/01\/glycolic-100ml.png\",\"datePublished\":\"2024-04-09T12:33:25+00:00\",\"dateModified\":\"2024-08-08T11:25:54+00:00\",\"breadcrumb\":{\"@id\":\"https:\/\/prixgro.com\/product\/solution-tonifiante-a-lacide-glycolique-7-lotion-exfoliante-100ml-the-ordinary\/#breadcrumb\"},\"inLanguage\":\"ar\",\"potentialAction\":[{\"@type\":\"ReadAction\",\"target\":[\"https:\/\/prixgro.com\/product\/solution-tonifiante-a-lacide-glycolique-7-lotion-exfoliante-100ml-the-ordinary\/\"]}]},{\"@type\":\"ImageObject\",\"inLanguage\":\"ar\",\"@id\":\"https:\/\/prixgro.com\/product\/solution-tonifiante-a-lacide-glycolique-7-lotion-exfoliante-100ml-the-ordinary\/#primaryimage\",\"url\":\"https:\/\/prixgro.com\/wp-content\/uploads\/2024\/01\/glycolic-100ml.png\",\"contentUrl\":\"https:\/\/prixgro.com\/wp-content\/uploads\/2024\/01\/glycolic-100ml.png\",\"width\":540,\"height\":540},{\"@type\":\"BreadcrumbList\",\"@id\":\"https:\/\/prixgro.com\/product\/solution-tonifiante-a-lacide-glycolique-7-lotion-exfoliante-100ml-the-ordinary\/#breadcrumb\",\"itemListElement\":[{\"@type\":\"ListItem\",\"position\":1,\"name\":\"Accueil\",\"item\":\"https:\/\/prixgro.com\/\"},{\"@type\":\"ListItem\",\"position\":2,\"name\":\"Boutique en ligne\",\"item\":\"https:\/\/prixgro.com\/shop\/\"},{\"@type\":\"ListItem\",\"position\":3,\"name\":\"Solution Tonifiante \u00e0 l\u2019Acide Glycolique 7% Lotion Exfoliante 100ml The ordinary\"}]},{\"@type\":\"WebSite\",\"@id\":\"https:\/\/prixgro.com\/#website\",\"url\":\"https:\/\/prixgro.com\/\",\"name\":\"Prixgro.com\",\"description\":\"Para Pharmaceutique et Cosm\u00e9tique\",\"publisher\":{\"@id\":\"https:\/\/prixgro.com\/#organization\"},\"potentialAction\":[{\"@type\":\"SearchAction\",\"target\":{\"@type\":\"EntryPoint\",\"urlTemplate\":\"https:\/\/prixgro.com\/?s={search_term_string}\"},\"query-input\":{\"@type\":\"PropertyValueSpecification\",\"valueRequired\":true,\"valueName\":\"search_term_string\"}}],\"inLanguage\":\"ar\"},{\"@type\":\"Organization\",\"@id\":\"https:\/\/prixgro.com\/#organization\",\"name\":\"Prixgro\",\"url\":\"https:\/\/prixgro.com\/\",\"logo\":{\"@type\":\"ImageObject\",\"inLanguage\":\"ar\",\"@id\":\"https:\/\/prixgro.com\/#\/schema\/logo\/image\/\",\"url\":\"https:\/\/prixgro.com\/wp-content\/uploads\/2024\/08\/cropped-Nouveau-projet-2.png\",\"contentUrl\":\"https:\/\/prixgro.com\/wp-content\/uploads\/2024\/08\/cropped-Nouveau-projet-2.png\",\"width\":265,\"height\":62,\"caption\":\"Prixgro\"},\"image\":{\"@id\":\"https:\/\/prixgro.com\/#\/schema\/logo\/image\/\"},\"sameAs\":[\"https:\/\/www.facebook.com\/Pharmacima\"]}]}<\/script>\n<!-- \/ Yoast SEO plugin. -->","yoast_head_json":{"title":"Solution Tonifiante \u00e0 l\u2019Acide Glycolique 7% Lotion Exfoliante 100ml The ordinary - Prixgro","robots":{"index":"index","follow":"follow","max-snippet":"max-snippet:-1","max-image-preview":"max-image-preview:large","max-video-preview":"max-video-preview:-1"},"canonical":"https:\/\/prixgro.com\/ar\/product\/solution-tonifiante-a-lacide-glycolique-7-lotion-exfoliante-100ml-the-ordinary\/","og_locale":"ar_AR","og_type":"article","og_title":"Solution Tonifiante \u00e0 l\u2019Acide Glycolique 7% Lotion Exfoliante 100ml The ordinary - Prixgro","og_description":"Contenance : 100ML","og_url":"https:\/\/prixgro.com\/ar\/product\/solution-tonifiante-a-lacide-glycolique-7-lotion-exfoliante-100ml-the-ordinary\/","og_site_name":"Prixgro","article_publisher":"https:\/\/www.facebook.com\/Pharmacima","article_modified_time":"2024-08-08T11:25:54+00:00","og_image":[{"width":540,"height":540,"url":"https:\/\/prixgro.com\/wp-content\/uploads\/2024\/01\/glycolic-100ml.png","type":"image\/png"}],"twitter_card":"summary_large_image","twitter_misc":{"\u0648\u0642\u062a \u0627\u0644\u0642\u0631\u0627\u0621\u0629 \u0627\u0644\u0645\u064f\u0642\u062f\u0651\u0631":"\u062f\u0642\u064a\u0642\u062a\u0627\u0646"},"schema":{"@context":"https:\/\/schema.org","@graph":[{"@type":"WebPage","@id":"https:\/\/prixgro.com\/product\/solution-tonifiante-a-lacide-glycolique-7-lotion-exfoliante-100ml-the-ordinary\/","url":"https:\/\/prixgro.com\/product\/solution-tonifiante-a-lacide-glycolique-7-lotion-exfoliante-100ml-the-ordinary\/","name":"Solution Tonifiante \u00e0 l\u2019Acide Glycolique 7% Lotion Exfoliante 100ml The ordinary - Prixgro","isPartOf":{"@id":"https:\/\/prixgro.com\/#website"},"primaryImageOfPage":{"@id":"https:\/\/prixgro.com\/product\/solution-tonifiante-a-lacide-glycolique-7-lotion-exfoliante-100ml-the-ordinary\/#primaryimage"},"image":{"@id":"https:\/\/prixgro.com\/product\/solution-tonifiante-a-lacide-glycolique-7-lotion-exfoliante-100ml-the-ordinary\/#primaryimage"},"thumbnailUrl":"https:\/\/prixgro.com\/wp-content\/uploads\/2024\/01\/glycolic-100ml.png","datePublished":"2024-04-09T12:33:25+00:00","dateModified":"2024-08-08T11:25:54+00:00","breadcrumb":{"@id":"https:\/\/prixgro.com\/product\/solution-tonifiante-a-lacide-glycolique-7-lotion-exfoliante-100ml-the-ordinary\/#breadcrumb"},"inLanguage":"ar","potentialAction":[{"@type":"ReadAction","target":["https:\/\/prixgro.com\/product\/solution-tonifiante-a-lacide-glycolique-7-lotion-exfoliante-100ml-the-ordinary\/"]}]},{"@type":"ImageObject","inLanguage":"ar","@id":"https:\/\/prixgro.com\/product\/solution-tonifiante-a-lacide-glycolique-7-lotion-exfoliante-100ml-the-ordinary\/#primaryimage","url":"https:\/\/prixgro.com\/wp-content\/uploads\/2024\/01\/glycolic-100ml.png","contentUrl":"https:\/\/prixgro.com\/wp-content\/uploads\/2024\/01\/glycolic-100ml.png","width":540,"height":540},{"@type":"BreadcrumbList","@id":"https:\/\/prixgro.com\/product\/solution-tonifiante-a-lacide-glycolique-7-lotion-exfoliante-100ml-the-ordinary\/#breadcrumb","itemListElement":[{"@type":"ListItem","position":1,"name":"Accueil","item":"https:\/\/prixgro.com\/"},{"@type":"ListItem","position":2,"name":"Boutique en ligne","item":"https:\/\/prixgro.com\/shop\/"},{"@type":"ListItem","position":3,"name":"Solution Tonifiante \u00e0 l\u2019Acide Glycolique 7% Lotion Exfoliante 100ml The ordinary"}]},{"@type":"WebSite","@id":"https:\/\/prixgro.com\/#website","url":"https:\/\/prixgro.com\/","name":"Prixgro.com","description":"Para Pharmaceutique et Cosm\u00e9tique","publisher":{"@id":"https:\/\/prixgro.com\/#organization"},"potentialAction":[{"@type":"SearchAction","target":{"@type":"EntryPoint","urlTemplate":"https:\/\/prixgro.com\/?s={search_term_string}"},"query-input":{"@type":"PropertyValueSpecification","valueRequired":true,"valueName":"search_term_string"}}],"inLanguage":"ar"},{"@type":"Organization","@id":"https:\/\/prixgro.com\/#organization","name":"Prixgro","url":"https:\/\/prixgro.com\/","logo":{"@type":"ImageObject","inLanguage":"ar","@id":"https:\/\/prixgro.com\/#\/schema\/logo\/image\/","url":"https:\/\/prixgro.com\/wp-content\/uploads\/2024\/08\/cropped-Nouveau-projet-2.png","contentUrl":"https:\/\/prixgro.com\/wp-content\/uploads\/2024\/08\/cropped-Nouveau-projet-2.png","width":265,"height":62,"caption":"Prixgro"},"image":{"@id":"https:\/\/prixgro.com\/#\/schema\/logo\/image\/"},"sameAs":["https:\/\/www.facebook.com\/Pharmacima"]}]}},"_links":{"self":[{"href":"https:\/\/prixgro.com\/ar\/wp-json\/wp\/v2\/product\/142469","targetHints":{"allow":["GET"]}}],"collection":[{"href":"https:\/\/prixgro.com\/ar\/wp-json\/wp\/v2\/product"}],"about":[{"href":"https:\/\/prixgro.com\/ar\/wp-json\/wp\/v2\/types\/product"}],"replies":[{"embeddable":true,"href":"https:\/\/prixgro.com\/ar\/wp-json\/wp\/v2\/comments?post=142469"}],"wp:featuredmedia":[{"embeddable":true,"href":"https:\/\/prixgro.com\/ar\/wp-json\/wp\/v2\/media\/12008"}],"wp:attachment":[{"href":"https:\/\/prixgro.com\/ar\/wp-json\/wp\/v2\/media?parent=142469"}],"wp:term":[{"taxonomy":"product_cat","embeddable":true,"href":"https:\/\/prixgro.com\/ar\/wp-json\/wp\/v2\/product_cat?post=142469"},{"taxonomy":"product_tag","embeddable":true,"href":"https:\/\/prixgro.com\/ar\/wp-json\/wp\/v2\/product_tag?post=142469"},{"taxonomy":"berocket_brand","embeddable":true,"href":"https:\/\/prixgro.com\/ar\/wp-json\/wp\/v2\/berocket_brand?post=142469"}],"curies":[{"name":"wp","href":"https:\/\/api.w.org\/{rel}","templated":true}]}}