{"id":142481,"date":"2024-04-09T14:33:26","date_gmt":"2024-04-09T12:33:26","guid":{"rendered":"https:\/\/cloodmanager.net\/?post_type=product&#038;p=142481"},"modified":"2024-08-08T13:25:27","modified_gmt":"2024-08-08T11:25:27","slug":"serum-pour-les-yeux-multi-peptides-15ml-the-ordinary","status":"publish","type":"product","link":"https:\/\/prixgro.com\/ar\/product\/serum-pour-les-yeux-multi-peptides-15ml-the-ordinary\/","title":{"rendered":"S\u00e9rum pour les yeux multi-peptides 15ML The ordinary"},"content":{"rendered":"<h2><strong>Description:<\/strong><\/h2>\n<ul>\n<li>Le s\u00e9rum multi-peptides pour les yeux est une formule \u00e0 base d&#8217;eau con\u00e7ue pour cibler l&#8217;apparence des signes courants du vieillissement autour des yeux.\u00a0Ce s\u00e9rum utilise plusieurs technologies peptidiques pour aider \u00e0 r\u00e9duire l&#8217;apparence des pattes d&#8217;oie et des rides sous les yeux, des poches sous les yeux, des poches et des cernes, laissant le contour des yeux plus lumineux, plus lisse et moins gonfl\u00e9.Les technologies peptidiques trouv\u00e9es dans cette formule de s\u00e9rum pour les yeux comprennent le Palmitoyl Tripeptide-38.\u00a0Cette formule contient \u00e9galement une combinaison de niacinamide et d&#8217;extrait d&#8217;\u00e9corce de fraxinus excelsior, ainsi que du gallate de propyle, du gallyl glucoside et de l&#8217;\u00e9pigallocat\u00e9chine gallatyl glucoside.<strong>Remarque\u00a0:<\/strong>\u00a0Cette formule est propos\u00e9e \u00e0 un prix plus \u00e9lev\u00e9 que la plupart de nos autres produits en raison de la forte concentration d&#8217;actifs n\u00e9cessaires pour traiter simultan\u00e9ment plusieurs probl\u00e8mes du contour des yeux.\u00a0Cependant, une petite quantit\u00e9 suffit.\u00a0Si vous cherchez \u00e0 cibler sp\u00e9cifiquement les poches et les cernes, vous souhaiterez peut-\u00eatre explorer notre\u00a0Solution Caf\u00e9ine 5% + EGCG\u00a0.<\/li>\n<\/ul>\n<h2><strong>Conseil d&#8217;utilisation:<\/strong><\/h2>\n<ul>\n<li>Appliquez une petite quantit\u00e9 sur le contour des yeux, matin et soir.<\/li>\n<\/ul>\n<h2><strong>Composition:<\/strong><\/h2>\n<ul>\n<li>AQUA (WATER), GLYCERIN, BUTYLENE GLYCOL, PROPANEDIOL, DIPROPYLENE GLYCOL, ACETYL GLUCOSAMINE, NIACINAMIDE, PALMITOYL TRIPEPTIDE-38, ACETYL TETRAPEPTIDE-5, MYRISTOYL NONAPEPTIDE-3, DIPEPTIDE DIAMINOBUTYROYL BENZYLAMIDE DIACETATE, CAFFEINE, EPIGALLOCATECHIN GALLATYL GLUCOSIDE, GALLYL GLUCOSIDE, FRAXINUS EXCELSIOR BARK EXTRACT, SILANETRIOL, ARGININE, PENTYLENE GLYCOL, HYDROXYMETHOXYPHENYL DECANONE, PROPYL GALLATE, MALTODEXTRIN, HYDROXYPROPYL CYCLODEXTRIN, HYDROXYETHYLCELLULOSE, XANTHAN GUM, CITRIC ACID, GLYCOLIC ACID, SODIUM CITRATE, POLYSORBATE 20, TRISODIUM ETHYLENEDIAMINE DISUCCINATE, DEHYDROACETIC ACID, ETHYLHEXYLGLYCERIN, BENZYL ALCOHOL, PHENOXYETHANOL, CHLORPHENESIN.<\/li>\n<\/ul>","protected":false},"excerpt":{"rendered":"<h3><span style=\"color: #008080;\"><strong><em>s\u00e9rum pour les yeux<\/em><\/strong><\/span><\/h3>\n<p><strong>Contenance : 15ml<\/strong><\/p>","protected":false},"featured_media":12044,"comment_status":"open","ping_status":"closed","template":"","meta":[],"product_cat":[17,433],"product_tag":[],"berocket_brand":[460],"class_list":{"0":"post-142481","1":"product","2":"type-product","3":"status-publish","4":"has-post-thumbnail","6":"product_cat-soin-et-bien-etre","7":"product_cat-yeux-maquillage","8":"berocket_brand-theordinary","10":"first","11":"outofstock","12":"shipping-taxable","13":"purchasable","14":"product-type-simple"},"yoast_head":"<!-- This site is optimized with the Yoast SEO plugin v24.8 - https:\/\/yoast.com\/wordpress\/plugins\/seo\/ -->\n<title>S\u00e9rum pour les yeux multi-peptides 15ML The ordinary - Prixgro<\/title>\n<meta name=\"robots\" content=\"index, follow, max-snippet:-1, max-image-preview:large, max-video-preview:-1\" \/>\n<link rel=\"canonical\" href=\"https:\/\/prixgro.com\/ar\/product\/serum-pour-les-yeux-multi-peptides-15ml-the-ordinary\/\" \/>\n<meta property=\"og:locale\" content=\"ar_AR\" \/>\n<meta property=\"og:type\" content=\"article\" \/>\n<meta property=\"og:title\" content=\"S\u00e9rum pour les yeux multi-peptides 15ML The ordinary - Prixgro\" \/>\n<meta property=\"og:description\" content=\"s\u00e9rum pour les yeux Contenance : 15ml\" \/>\n<meta property=\"og:url\" content=\"https:\/\/prixgro.com\/ar\/product\/serum-pour-les-yeux-multi-peptides-15ml-the-ordinary\/\" \/>\n<meta property=\"og:site_name\" content=\"Prixgro\" \/>\n<meta property=\"article:publisher\" content=\"https:\/\/www.facebook.com\/Pharmacima\" \/>\n<meta property=\"article:modified_time\" content=\"2024-08-08T11:25:27+00:00\" \/>\n<meta property=\"og:image\" content=\"https:\/\/prixgro.com\/wp-content\/uploads\/2024\/01\/multi-peptide-eye.png\" \/>\n\t<meta property=\"og:image:width\" content=\"540\" \/>\n\t<meta property=\"og:image:height\" content=\"540\" \/>\n\t<meta property=\"og:image:type\" content=\"image\/png\" \/>\n<meta name=\"twitter:card\" content=\"summary_large_image\" \/>\n<meta name=\"twitter:label1\" content=\"\u0648\u0642\u062a \u0627\u0644\u0642\u0631\u0627\u0621\u0629 \u0627\u0644\u0645\u064f\u0642\u062f\u0651\u0631\" \/>\n\t<meta name=\"twitter:data1\" content=\"\u062f\u0642\u064a\u0642\u0629 \u0648\u0627\u062d\u062f\u0629\" \/>\n<script type=\"application\/ld+json\" class=\"yoast-schema-graph\">{\"@context\":\"https:\/\/schema.org\",\"@graph\":[{\"@type\":\"WebPage\",\"@id\":\"https:\/\/prixgro.com\/product\/serum-pour-les-yeux-multi-peptides-15ml-the-ordinary\/\",\"url\":\"https:\/\/prixgro.com\/product\/serum-pour-les-yeux-multi-peptides-15ml-the-ordinary\/\",\"name\":\"S\u00e9rum pour les yeux multi-peptides 15ML The ordinary - Prixgro\",\"isPartOf\":{\"@id\":\"https:\/\/prixgro.com\/#website\"},\"primaryImageOfPage\":{\"@id\":\"https:\/\/prixgro.com\/product\/serum-pour-les-yeux-multi-peptides-15ml-the-ordinary\/#primaryimage\"},\"image\":{\"@id\":\"https:\/\/prixgro.com\/product\/serum-pour-les-yeux-multi-peptides-15ml-the-ordinary\/#primaryimage\"},\"thumbnailUrl\":\"https:\/\/prixgro.com\/wp-content\/uploads\/2024\/01\/multi-peptide-eye.png\",\"datePublished\":\"2024-04-09T12:33:26+00:00\",\"dateModified\":\"2024-08-08T11:25:27+00:00\",\"breadcrumb\":{\"@id\":\"https:\/\/prixgro.com\/product\/serum-pour-les-yeux-multi-peptides-15ml-the-ordinary\/#breadcrumb\"},\"inLanguage\":\"ar\",\"potentialAction\":[{\"@type\":\"ReadAction\",\"target\":[\"https:\/\/prixgro.com\/product\/serum-pour-les-yeux-multi-peptides-15ml-the-ordinary\/\"]}]},{\"@type\":\"ImageObject\",\"inLanguage\":\"ar\",\"@id\":\"https:\/\/prixgro.com\/product\/serum-pour-les-yeux-multi-peptides-15ml-the-ordinary\/#primaryimage\",\"url\":\"https:\/\/prixgro.com\/wp-content\/uploads\/2024\/01\/multi-peptide-eye.png\",\"contentUrl\":\"https:\/\/prixgro.com\/wp-content\/uploads\/2024\/01\/multi-peptide-eye.png\",\"width\":540,\"height\":540},{\"@type\":\"BreadcrumbList\",\"@id\":\"https:\/\/prixgro.com\/product\/serum-pour-les-yeux-multi-peptides-15ml-the-ordinary\/#breadcrumb\",\"itemListElement\":[{\"@type\":\"ListItem\",\"position\":1,\"name\":\"Accueil\",\"item\":\"https:\/\/prixgro.com\/\"},{\"@type\":\"ListItem\",\"position\":2,\"name\":\"Boutique en ligne\",\"item\":\"https:\/\/prixgro.com\/shop\/\"},{\"@type\":\"ListItem\",\"position\":3,\"name\":\"S\u00e9rum pour les yeux multi-peptides 15ML The ordinary\"}]},{\"@type\":\"WebSite\",\"@id\":\"https:\/\/prixgro.com\/#website\",\"url\":\"https:\/\/prixgro.com\/\",\"name\":\"Prixgro.com\",\"description\":\"Para Pharmaceutique et Cosm\u00e9tique\",\"publisher\":{\"@id\":\"https:\/\/prixgro.com\/#organization\"},\"potentialAction\":[{\"@type\":\"SearchAction\",\"target\":{\"@type\":\"EntryPoint\",\"urlTemplate\":\"https:\/\/prixgro.com\/?s={search_term_string}\"},\"query-input\":{\"@type\":\"PropertyValueSpecification\",\"valueRequired\":true,\"valueName\":\"search_term_string\"}}],\"inLanguage\":\"ar\"},{\"@type\":\"Organization\",\"@id\":\"https:\/\/prixgro.com\/#organization\",\"name\":\"Prixgro\",\"url\":\"https:\/\/prixgro.com\/\",\"logo\":{\"@type\":\"ImageObject\",\"inLanguage\":\"ar\",\"@id\":\"https:\/\/prixgro.com\/#\/schema\/logo\/image\/\",\"url\":\"https:\/\/prixgro.com\/wp-content\/uploads\/2024\/08\/cropped-Nouveau-projet-2.png\",\"contentUrl\":\"https:\/\/prixgro.com\/wp-content\/uploads\/2024\/08\/cropped-Nouveau-projet-2.png\",\"width\":265,\"height\":62,\"caption\":\"Prixgro\"},\"image\":{\"@id\":\"https:\/\/prixgro.com\/#\/schema\/logo\/image\/\"},\"sameAs\":[\"https:\/\/www.facebook.com\/Pharmacima\"]}]}<\/script>\n<!-- \/ Yoast SEO plugin. -->","yoast_head_json":{"title":"S\u00e9rum pour les yeux multi-peptides 15ML The ordinary - Prixgro","robots":{"index":"index","follow":"follow","max-snippet":"max-snippet:-1","max-image-preview":"max-image-preview:large","max-video-preview":"max-video-preview:-1"},"canonical":"https:\/\/prixgro.com\/ar\/product\/serum-pour-les-yeux-multi-peptides-15ml-the-ordinary\/","og_locale":"ar_AR","og_type":"article","og_title":"S\u00e9rum pour les yeux multi-peptides 15ML The ordinary - Prixgro","og_description":"s\u00e9rum pour les yeux Contenance : 15ml","og_url":"https:\/\/prixgro.com\/ar\/product\/serum-pour-les-yeux-multi-peptides-15ml-the-ordinary\/","og_site_name":"Prixgro","article_publisher":"https:\/\/www.facebook.com\/Pharmacima","article_modified_time":"2024-08-08T11:25:27+00:00","og_image":[{"width":540,"height":540,"url":"https:\/\/prixgro.com\/wp-content\/uploads\/2024\/01\/multi-peptide-eye.png","type":"image\/png"}],"twitter_card":"summary_large_image","twitter_misc":{"\u0648\u0642\u062a \u0627\u0644\u0642\u0631\u0627\u0621\u0629 \u0627\u0644\u0645\u064f\u0642\u062f\u0651\u0631":"\u062f\u0642\u064a\u0642\u0629 \u0648\u0627\u062d\u062f\u0629"},"schema":{"@context":"https:\/\/schema.org","@graph":[{"@type":"WebPage","@id":"https:\/\/prixgro.com\/product\/serum-pour-les-yeux-multi-peptides-15ml-the-ordinary\/","url":"https:\/\/prixgro.com\/product\/serum-pour-les-yeux-multi-peptides-15ml-the-ordinary\/","name":"S\u00e9rum pour les yeux multi-peptides 15ML The ordinary - Prixgro","isPartOf":{"@id":"https:\/\/prixgro.com\/#website"},"primaryImageOfPage":{"@id":"https:\/\/prixgro.com\/product\/serum-pour-les-yeux-multi-peptides-15ml-the-ordinary\/#primaryimage"},"image":{"@id":"https:\/\/prixgro.com\/product\/serum-pour-les-yeux-multi-peptides-15ml-the-ordinary\/#primaryimage"},"thumbnailUrl":"https:\/\/prixgro.com\/wp-content\/uploads\/2024\/01\/multi-peptide-eye.png","datePublished":"2024-04-09T12:33:26+00:00","dateModified":"2024-08-08T11:25:27+00:00","breadcrumb":{"@id":"https:\/\/prixgro.com\/product\/serum-pour-les-yeux-multi-peptides-15ml-the-ordinary\/#breadcrumb"},"inLanguage":"ar","potentialAction":[{"@type":"ReadAction","target":["https:\/\/prixgro.com\/product\/serum-pour-les-yeux-multi-peptides-15ml-the-ordinary\/"]}]},{"@type":"ImageObject","inLanguage":"ar","@id":"https:\/\/prixgro.com\/product\/serum-pour-les-yeux-multi-peptides-15ml-the-ordinary\/#primaryimage","url":"https:\/\/prixgro.com\/wp-content\/uploads\/2024\/01\/multi-peptide-eye.png","contentUrl":"https:\/\/prixgro.com\/wp-content\/uploads\/2024\/01\/multi-peptide-eye.png","width":540,"height":540},{"@type":"BreadcrumbList","@id":"https:\/\/prixgro.com\/product\/serum-pour-les-yeux-multi-peptides-15ml-the-ordinary\/#breadcrumb","itemListElement":[{"@type":"ListItem","position":1,"name":"Accueil","item":"https:\/\/prixgro.com\/"},{"@type":"ListItem","position":2,"name":"Boutique en ligne","item":"https:\/\/prixgro.com\/shop\/"},{"@type":"ListItem","position":3,"name":"S\u00e9rum pour les yeux multi-peptides 15ML The ordinary"}]},{"@type":"WebSite","@id":"https:\/\/prixgro.com\/#website","url":"https:\/\/prixgro.com\/","name":"Prixgro.com","description":"Para Pharmaceutique et Cosm\u00e9tique","publisher":{"@id":"https:\/\/prixgro.com\/#organization"},"potentialAction":[{"@type":"SearchAction","target":{"@type":"EntryPoint","urlTemplate":"https:\/\/prixgro.com\/?s={search_term_string}"},"query-input":{"@type":"PropertyValueSpecification","valueRequired":true,"valueName":"search_term_string"}}],"inLanguage":"ar"},{"@type":"Organization","@id":"https:\/\/prixgro.com\/#organization","name":"Prixgro","url":"https:\/\/prixgro.com\/","logo":{"@type":"ImageObject","inLanguage":"ar","@id":"https:\/\/prixgro.com\/#\/schema\/logo\/image\/","url":"https:\/\/prixgro.com\/wp-content\/uploads\/2024\/08\/cropped-Nouveau-projet-2.png","contentUrl":"https:\/\/prixgro.com\/wp-content\/uploads\/2024\/08\/cropped-Nouveau-projet-2.png","width":265,"height":62,"caption":"Prixgro"},"image":{"@id":"https:\/\/prixgro.com\/#\/schema\/logo\/image\/"},"sameAs":["https:\/\/www.facebook.com\/Pharmacima"]}]}},"_links":{"self":[{"href":"https:\/\/prixgro.com\/ar\/wp-json\/wp\/v2\/product\/142481","targetHints":{"allow":["GET"]}}],"collection":[{"href":"https:\/\/prixgro.com\/ar\/wp-json\/wp\/v2\/product"}],"about":[{"href":"https:\/\/prixgro.com\/ar\/wp-json\/wp\/v2\/types\/product"}],"replies":[{"embeddable":true,"href":"https:\/\/prixgro.com\/ar\/wp-json\/wp\/v2\/comments?post=142481"}],"wp:featuredmedia":[{"embeddable":true,"href":"https:\/\/prixgro.com\/ar\/wp-json\/wp\/v2\/media\/12044"}],"wp:attachment":[{"href":"https:\/\/prixgro.com\/ar\/wp-json\/wp\/v2\/media?parent=142481"}],"wp:term":[{"taxonomy":"product_cat","embeddable":true,"href":"https:\/\/prixgro.com\/ar\/wp-json\/wp\/v2\/product_cat?post=142481"},{"taxonomy":"product_tag","embeddable":true,"href":"https:\/\/prixgro.com\/ar\/wp-json\/wp\/v2\/product_tag?post=142481"},{"taxonomy":"berocket_brand","embeddable":true,"href":"https:\/\/prixgro.com\/ar\/wp-json\/wp\/v2\/berocket_brand?post=142481"}],"curies":[{"name":"wp","href":"https:\/\/api.w.org\/{rel}","templated":true}]}}