{"id":142492,"date":"2024-04-09T14:33:35","date_gmt":"2024-04-09T12:33:35","guid":{"rendered":"https:\/\/cloodmanager.net\/?post_type=product&#038;p=142492"},"modified":"2024-08-08T21:08:13","modified_gmt":"2024-08-08T19:08:13","slug":"rouge-a-levres-liquide-ultra-mat-828-framboise-frenzy-loreal","status":"publish","type":"product","link":"https:\/\/prixgro.com\/ar\/product\/rouge-a-levres-liquide-ultra-mat-828-framboise-frenzy-loreal\/","title":{"rendered":"Rouge \u00e0 L\u00e8vres Liquide Ultra Mat 828 Framboise Frenzy L&#8217;oreal"},"content":{"rendered":"<h2><strong>DESCRIPTION :<\/strong><\/h2>\n<p>L&#8217;or\u00e9al Les Macarons Rouge \u00e0 L\u00e8vres Liquide Ultra Mat 828 Framboise Frenzy<\/p>\n<p>une texture fondante non collante, qui glisse sur les l\u00e8vres comme de la soie et les colore d\u2019une couleur intense, laqu\u00e9e et lumineuse en un seul passage. Les l\u00e8vres semblent plus volumineuses.<\/p>\n<ul>\n<li>Parfum d\u00e9licieusement sucr\u00e9<\/li>\n<li>Formule l\u00e9g\u00e8re longue tenue qui dure jusqu&#8217;\u00e0 12 heures<\/li>\n<li>Pas d&#8217;\u00e9caillage, pas de bavure, pas de dess\u00e8chement<\/li>\n<li>Contenance : 7.6ml<\/li>\n<\/ul>\n<h2><strong>CONSEIL D&#8217;UTILISATION :<\/strong><\/h2>\n<p>Appliquer le rouge a l\u00e8vres directement sur toute la surface de vos l\u00e8vres pour les hydrater tout en les couvrant d\u2019une une couleur irr\u00e9sistible.<\/p>","protected":false},"excerpt":{"rendered":"<h3><span style=\"color: #c93e3e;\"><em><strong>Rouge \u00e0 L\u00e8vres Liquide Ultra Mat 828 Framboise Frenzy.<\/strong><\/em><\/span><\/h3>\n<p><strong>Contenance : 7.6ml<\/strong><\/p>","protected":false},"featured_media":12061,"comment_status":"open","ping_status":"closed","template":"","meta":[],"product_cat":[432,429],"product_tag":[],"berocket_brand":[],"class_list":{"0":"post-142492","1":"product","2":"type-product","3":"status-publish","4":"has-post-thumbnail","6":"product_cat-levres-maquillage","7":"product_cat-maquillage","9":"first","10":"outofstock","11":"shipping-taxable","12":"purchasable","13":"product-type-simple"},"yoast_head":"<!-- This site is optimized with the Yoast SEO plugin v24.8 - https:\/\/yoast.com\/wordpress\/plugins\/seo\/ -->\n<title>Rouge \u00e0 L\u00e8vres Liquide Ultra Mat 828 Framboise Frenzy L&#8217;oreal - Prixgro<\/title>\n<meta name=\"robots\" content=\"index, follow, max-snippet:-1, max-image-preview:large, max-video-preview:-1\" \/>\n<link rel=\"canonical\" href=\"https:\/\/prixgro.com\/ar\/product\/rouge-a-levres-liquide-ultra-mat-828-framboise-frenzy-loreal\/\" \/>\n<meta property=\"og:locale\" content=\"ar_AR\" \/>\n<meta property=\"og:type\" content=\"article\" \/>\n<meta property=\"og:title\" content=\"Rouge \u00e0 L\u00e8vres Liquide Ultra Mat 828 Framboise Frenzy L&#8217;oreal - Prixgro\" \/>\n<meta property=\"og:description\" content=\"Rouge \u00e0 L\u00e8vres Liquide Ultra Mat 828 Framboise Frenzy. Contenance : 7.6ml\" \/>\n<meta property=\"og:url\" content=\"https:\/\/prixgro.com\/ar\/product\/rouge-a-levres-liquide-ultra-mat-828-framboise-frenzy-loreal\/\" \/>\n<meta property=\"og:site_name\" content=\"Prixgro\" \/>\n<meta property=\"article:publisher\" content=\"https:\/\/www.facebook.com\/Pharmacima\" \/>\n<meta property=\"article:modified_time\" content=\"2024-08-08T19:08:13+00:00\" \/>\n<meta property=\"og:image\" content=\"https:\/\/prixgro.com\/wp-content\/uploads\/2024\/01\/lipstick-les-macarons-.png\" \/>\n\t<meta property=\"og:image:width\" content=\"540\" \/>\n\t<meta property=\"og:image:height\" content=\"540\" \/>\n\t<meta property=\"og:image:type\" content=\"image\/png\" \/>\n<meta name=\"twitter:card\" content=\"summary_large_image\" \/>\n<meta name=\"twitter:label1\" content=\"\u0648\u0642\u062a \u0627\u0644\u0642\u0631\u0627\u0621\u0629 \u0627\u0644\u0645\u064f\u0642\u062f\u0651\u0631\" \/>\n\t<meta name=\"twitter:data1\" content=\"\u062f\u0642\u064a\u0642\u0629 \u0648\u0627\u062d\u062f\u0629\" \/>\n<script type=\"application\/ld+json\" class=\"yoast-schema-graph\">{\"@context\":\"https:\/\/schema.org\",\"@graph\":[{\"@type\":\"WebPage\",\"@id\":\"https:\/\/prixgro.com\/product\/rouge-a-levres-liquide-ultra-mat-828-framboise-frenzy-loreal\/\",\"url\":\"https:\/\/prixgro.com\/product\/rouge-a-levres-liquide-ultra-mat-828-framboise-frenzy-loreal\/\",\"name\":\"Rouge \u00e0 L\u00e8vres Liquide Ultra Mat 828 Framboise Frenzy L&#8217;oreal - Prixgro\",\"isPartOf\":{\"@id\":\"https:\/\/prixgro.com\/#website\"},\"primaryImageOfPage\":{\"@id\":\"https:\/\/prixgro.com\/product\/rouge-a-levres-liquide-ultra-mat-828-framboise-frenzy-loreal\/#primaryimage\"},\"image\":{\"@id\":\"https:\/\/prixgro.com\/product\/rouge-a-levres-liquide-ultra-mat-828-framboise-frenzy-loreal\/#primaryimage\"},\"thumbnailUrl\":\"https:\/\/prixgro.com\/wp-content\/uploads\/2024\/01\/lipstick-les-macarons-.png\",\"datePublished\":\"2024-04-09T12:33:35+00:00\",\"dateModified\":\"2024-08-08T19:08:13+00:00\",\"breadcrumb\":{\"@id\":\"https:\/\/prixgro.com\/product\/rouge-a-levres-liquide-ultra-mat-828-framboise-frenzy-loreal\/#breadcrumb\"},\"inLanguage\":\"ar\",\"potentialAction\":[{\"@type\":\"ReadAction\",\"target\":[\"https:\/\/prixgro.com\/product\/rouge-a-levres-liquide-ultra-mat-828-framboise-frenzy-loreal\/\"]}]},{\"@type\":\"ImageObject\",\"inLanguage\":\"ar\",\"@id\":\"https:\/\/prixgro.com\/product\/rouge-a-levres-liquide-ultra-mat-828-framboise-frenzy-loreal\/#primaryimage\",\"url\":\"https:\/\/prixgro.com\/wp-content\/uploads\/2024\/01\/lipstick-les-macarons-.png\",\"contentUrl\":\"https:\/\/prixgro.com\/wp-content\/uploads\/2024\/01\/lipstick-les-macarons-.png\",\"width\":540,\"height\":540},{\"@type\":\"BreadcrumbList\",\"@id\":\"https:\/\/prixgro.com\/product\/rouge-a-levres-liquide-ultra-mat-828-framboise-frenzy-loreal\/#breadcrumb\",\"itemListElement\":[{\"@type\":\"ListItem\",\"position\":1,\"name\":\"Accueil\",\"item\":\"https:\/\/prixgro.com\/\"},{\"@type\":\"ListItem\",\"position\":2,\"name\":\"Boutique en ligne\",\"item\":\"https:\/\/prixgro.com\/shop\/\"},{\"@type\":\"ListItem\",\"position\":3,\"name\":\"Rouge \u00e0 L\u00e8vres Liquide Ultra Mat 828 Framboise Frenzy L&#8217;oreal\"}]},{\"@type\":\"WebSite\",\"@id\":\"https:\/\/prixgro.com\/#website\",\"url\":\"https:\/\/prixgro.com\/\",\"name\":\"Prixgro.com\",\"description\":\"Para Pharmaceutique et Cosm\u00e9tique\",\"publisher\":{\"@id\":\"https:\/\/prixgro.com\/#organization\"},\"potentialAction\":[{\"@type\":\"SearchAction\",\"target\":{\"@type\":\"EntryPoint\",\"urlTemplate\":\"https:\/\/prixgro.com\/?s={search_term_string}\"},\"query-input\":{\"@type\":\"PropertyValueSpecification\",\"valueRequired\":true,\"valueName\":\"search_term_string\"}}],\"inLanguage\":\"ar\"},{\"@type\":\"Organization\",\"@id\":\"https:\/\/prixgro.com\/#organization\",\"name\":\"Prixgro\",\"url\":\"https:\/\/prixgro.com\/\",\"logo\":{\"@type\":\"ImageObject\",\"inLanguage\":\"ar\",\"@id\":\"https:\/\/prixgro.com\/#\/schema\/logo\/image\/\",\"url\":\"https:\/\/prixgro.com\/wp-content\/uploads\/2024\/08\/cropped-Nouveau-projet-2.png\",\"contentUrl\":\"https:\/\/prixgro.com\/wp-content\/uploads\/2024\/08\/cropped-Nouveau-projet-2.png\",\"width\":265,\"height\":62,\"caption\":\"Prixgro\"},\"image\":{\"@id\":\"https:\/\/prixgro.com\/#\/schema\/logo\/image\/\"},\"sameAs\":[\"https:\/\/www.facebook.com\/Pharmacima\"]}]}<\/script>\n<!-- \/ Yoast SEO plugin. -->","yoast_head_json":{"title":"Rouge \u00e0 L\u00e8vres Liquide Ultra Mat 828 Framboise Frenzy L&#8217;oreal - Prixgro","robots":{"index":"index","follow":"follow","max-snippet":"max-snippet:-1","max-image-preview":"max-image-preview:large","max-video-preview":"max-video-preview:-1"},"canonical":"https:\/\/prixgro.com\/ar\/product\/rouge-a-levres-liquide-ultra-mat-828-framboise-frenzy-loreal\/","og_locale":"ar_AR","og_type":"article","og_title":"Rouge \u00e0 L\u00e8vres Liquide Ultra Mat 828 Framboise Frenzy L&#8217;oreal - Prixgro","og_description":"Rouge \u00e0 L\u00e8vres Liquide Ultra Mat 828 Framboise Frenzy. Contenance : 7.6ml","og_url":"https:\/\/prixgro.com\/ar\/product\/rouge-a-levres-liquide-ultra-mat-828-framboise-frenzy-loreal\/","og_site_name":"Prixgro","article_publisher":"https:\/\/www.facebook.com\/Pharmacima","article_modified_time":"2024-08-08T19:08:13+00:00","og_image":[{"width":540,"height":540,"url":"https:\/\/prixgro.com\/wp-content\/uploads\/2024\/01\/lipstick-les-macarons-.png","type":"image\/png"}],"twitter_card":"summary_large_image","twitter_misc":{"\u0648\u0642\u062a \u0627\u0644\u0642\u0631\u0627\u0621\u0629 \u0627\u0644\u0645\u064f\u0642\u062f\u0651\u0631":"\u062f\u0642\u064a\u0642\u0629 \u0648\u0627\u062d\u062f\u0629"},"schema":{"@context":"https:\/\/schema.org","@graph":[{"@type":"WebPage","@id":"https:\/\/prixgro.com\/product\/rouge-a-levres-liquide-ultra-mat-828-framboise-frenzy-loreal\/","url":"https:\/\/prixgro.com\/product\/rouge-a-levres-liquide-ultra-mat-828-framboise-frenzy-loreal\/","name":"Rouge \u00e0 L\u00e8vres Liquide Ultra Mat 828 Framboise Frenzy L&#8217;oreal - Prixgro","isPartOf":{"@id":"https:\/\/prixgro.com\/#website"},"primaryImageOfPage":{"@id":"https:\/\/prixgro.com\/product\/rouge-a-levres-liquide-ultra-mat-828-framboise-frenzy-loreal\/#primaryimage"},"image":{"@id":"https:\/\/prixgro.com\/product\/rouge-a-levres-liquide-ultra-mat-828-framboise-frenzy-loreal\/#primaryimage"},"thumbnailUrl":"https:\/\/prixgro.com\/wp-content\/uploads\/2024\/01\/lipstick-les-macarons-.png","datePublished":"2024-04-09T12:33:35+00:00","dateModified":"2024-08-08T19:08:13+00:00","breadcrumb":{"@id":"https:\/\/prixgro.com\/product\/rouge-a-levres-liquide-ultra-mat-828-framboise-frenzy-loreal\/#breadcrumb"},"inLanguage":"ar","potentialAction":[{"@type":"ReadAction","target":["https:\/\/prixgro.com\/product\/rouge-a-levres-liquide-ultra-mat-828-framboise-frenzy-loreal\/"]}]},{"@type":"ImageObject","inLanguage":"ar","@id":"https:\/\/prixgro.com\/product\/rouge-a-levres-liquide-ultra-mat-828-framboise-frenzy-loreal\/#primaryimage","url":"https:\/\/prixgro.com\/wp-content\/uploads\/2024\/01\/lipstick-les-macarons-.png","contentUrl":"https:\/\/prixgro.com\/wp-content\/uploads\/2024\/01\/lipstick-les-macarons-.png","width":540,"height":540},{"@type":"BreadcrumbList","@id":"https:\/\/prixgro.com\/product\/rouge-a-levres-liquide-ultra-mat-828-framboise-frenzy-loreal\/#breadcrumb","itemListElement":[{"@type":"ListItem","position":1,"name":"Accueil","item":"https:\/\/prixgro.com\/"},{"@type":"ListItem","position":2,"name":"Boutique en ligne","item":"https:\/\/prixgro.com\/shop\/"},{"@type":"ListItem","position":3,"name":"Rouge \u00e0 L\u00e8vres Liquide Ultra Mat 828 Framboise Frenzy L&#8217;oreal"}]},{"@type":"WebSite","@id":"https:\/\/prixgro.com\/#website","url":"https:\/\/prixgro.com\/","name":"Prixgro.com","description":"Para Pharmaceutique et Cosm\u00e9tique","publisher":{"@id":"https:\/\/prixgro.com\/#organization"},"potentialAction":[{"@type":"SearchAction","target":{"@type":"EntryPoint","urlTemplate":"https:\/\/prixgro.com\/?s={search_term_string}"},"query-input":{"@type":"PropertyValueSpecification","valueRequired":true,"valueName":"search_term_string"}}],"inLanguage":"ar"},{"@type":"Organization","@id":"https:\/\/prixgro.com\/#organization","name":"Prixgro","url":"https:\/\/prixgro.com\/","logo":{"@type":"ImageObject","inLanguage":"ar","@id":"https:\/\/prixgro.com\/#\/schema\/logo\/image\/","url":"https:\/\/prixgro.com\/wp-content\/uploads\/2024\/08\/cropped-Nouveau-projet-2.png","contentUrl":"https:\/\/prixgro.com\/wp-content\/uploads\/2024\/08\/cropped-Nouveau-projet-2.png","width":265,"height":62,"caption":"Prixgro"},"image":{"@id":"https:\/\/prixgro.com\/#\/schema\/logo\/image\/"},"sameAs":["https:\/\/www.facebook.com\/Pharmacima"]}]}},"_links":{"self":[{"href":"https:\/\/prixgro.com\/ar\/wp-json\/wp\/v2\/product\/142492","targetHints":{"allow":["GET"]}}],"collection":[{"href":"https:\/\/prixgro.com\/ar\/wp-json\/wp\/v2\/product"}],"about":[{"href":"https:\/\/prixgro.com\/ar\/wp-json\/wp\/v2\/types\/product"}],"replies":[{"embeddable":true,"href":"https:\/\/prixgro.com\/ar\/wp-json\/wp\/v2\/comments?post=142492"}],"wp:featuredmedia":[{"embeddable":true,"href":"https:\/\/prixgro.com\/ar\/wp-json\/wp\/v2\/media\/12061"}],"wp:attachment":[{"href":"https:\/\/prixgro.com\/ar\/wp-json\/wp\/v2\/media?parent=142492"}],"wp:term":[{"taxonomy":"product_cat","embeddable":true,"href":"https:\/\/prixgro.com\/ar\/wp-json\/wp\/v2\/product_cat?post=142492"},{"taxonomy":"product_tag","embeddable":true,"href":"https:\/\/prixgro.com\/ar\/wp-json\/wp\/v2\/product_tag?post=142492"},{"taxonomy":"berocket_brand","embeddable":true,"href":"https:\/\/prixgro.com\/ar\/wp-json\/wp\/v2\/berocket_brand?post=142492"}],"curies":[{"name":"wp","href":"https:\/\/api.w.org\/{rel}","templated":true}]}}