{"id":142507,"date":"2024-04-09T14:33:36","date_gmt":"2024-04-09T12:33:36","guid":{"rendered":"https:\/\/cloodmanager.net\/?post_type=product&#038;p=142507"},"modified":"2024-08-11T18:02:44","modified_gmt":"2024-08-11T16:02:44","slug":"lip-contour-warm-brown-huda-beauty","status":"publish","type":"product","link":"https:\/\/prixgro.com\/ar\/product\/lip-contour-warm-brown-huda-beauty\/","title":{"rendered":"Lip Contour Warm Brown Huda Beauty"},"content":{"rendered":"<h2><strong>DESCRIPTION :<\/strong><\/h2>\n<p>Un crayon \u00e0 l\u00e8vres mat dot\u00e9 d\u2019une pointe r\u00e9tractable et d\u2019une formule ultra-glissante qui d\u00e9finit vos l\u00e8vres sans effort.<\/p>\n<p><b>Informations ingr\u00e9dients\u00a0:<\/b>\u00a0Il est v\u00e9g\u00e9talien et sans cruaut\u00e9 envers les animaux.<\/p>\n<p><b>Informations suppl\u00e9mentaires :<\/b><\/p>\n<p>Le crayon \u00e0 l\u00e8vres mat automatique Lip Contour 2.0 est un crayon \u00e0 l\u00e8vres hautement pigment\u00e9 avec un fini mat velout\u00e9 qui est r\u00e9sistant au transfert, imperm\u00e9able et longue dur\u00e9e, jusqu\u2019\u00e0 neuf heures pour \u00eatre exact.<\/p>\n<p>Il est enrichi d\u2019un complexe nourrissant de soja et de r\u00e9glisse pour repulper naturellement votre moue tout en la gardant cr\u00e9meuse et confortable.\u00a0Il est \u00e9galement livr\u00e9 avec un mini taille-crayon \u00e0 sa base pour garder cette pointe en pointe \u00e0 tout moment.<\/p>\n<h2><strong>CONSEIL D\u2019UTILISATION :<\/strong><\/h2>\n<p>\u00c9valuez les zones que vous souhaitez modeler.\u00a0(Ajouter plus de volume, corriger la sym\u00e9trie, am\u00e9liorer la forme, etc.)<\/p>\n<h2><strong>COMPOSITION :<\/strong><\/h2>\n<p>Dim\u00e9thicone, cire synth\u00e9tique, trim\u00e9thylsiloxysilicate, ph\u00e9nylpropyldim\u00e9thylsiloxysilicate, kaolin, mica, malate de diisost\u00e9aryle, copolym\u00e8re st\u00e9aroxym\u00e9thicone\/dim\u00e9thicone, silicate de calcium, fluorphlogopite synth\u00e9tique, phosphate dicalcique, extrait de graines de glycine soja (soja), extrait de feuille de Glycyrrhiza Glabra (r\u00e9glisse), extrait de Dictyopteris Polypodioides<br \/>\n, Phospholipides, cire de Copernicia Cerifera (Carnauba)\/Cera Carnauba\/Cire De Carnauba, triglyc\u00e9ride caprylique\/caprique, acide polyhydroxyst\u00e9arique, cire microcristalline\/Cera Microcristallina\/Cire microcristalline, dist\u00e9ardimonium hectorite, acide isost\u00e9arique, penta\u00e9rythrityl t\u00e9tra-di-T-butyl hydroxyhydrocinnamate,<br \/>\npropyl\u00e8ne Carbonate, l\u00e9cithine, polyglyc\u00e9ryl-3 polyricinol\u00e9ate, silice.\u00a0Peut contenir (+\/-) : laque jaune 5 (Ci 19140), dioxyde de titane (Ci 77891), laque bleu 1 (Ci 42090), rouge 7 (Ci 15850), oxydes de fer (Ci 77491, Ci 77492), rouge 7 Lac (Ci 15850), Violet de Mangan\u00e8se (Ci 77742), Lac Jaune 6 (Ci 15985).<\/p>","protected":false},"excerpt":{"rendered":"<p>DESCRIPTION : Un crayon \u00e0 l\u00e8vres mat dot\u00e9 d\u2019une pointe r\u00e9tractable et d\u2019une formule ultra-glissante qui d\u00e9finit vos l\u00e8vres sans&#8230;<\/p>","protected":false},"featured_media":12098,"comment_status":"open","ping_status":"closed","template":"","meta":[],"product_cat":[432,429],"product_tag":[],"berocket_brand":[],"class_list":{"0":"post-142507","1":"product","2":"type-product","3":"status-publish","4":"has-post-thumbnail","6":"product_cat-levres-maquillage","7":"product_cat-maquillage","9":"first","10":"outofstock","11":"shipping-taxable","12":"purchasable","13":"product-type-simple"},"yoast_head":"<!-- This site is optimized with the Yoast SEO plugin v24.8 - https:\/\/yoast.com\/wordpress\/plugins\/seo\/ -->\n<title>Lip Contour Warm Brown Huda Beauty - Prixgro<\/title>\n<meta name=\"robots\" content=\"index, follow, max-snippet:-1, max-image-preview:large, max-video-preview:-1\" \/>\n<link rel=\"canonical\" href=\"https:\/\/prixgro.com\/ar\/product\/lip-contour-warm-brown-huda-beauty\/\" \/>\n<meta property=\"og:locale\" content=\"ar_AR\" \/>\n<meta property=\"og:type\" content=\"article\" \/>\n<meta property=\"og:title\" content=\"Lip Contour Warm Brown Huda Beauty - Prixgro\" \/>\n<meta property=\"og:description\" content=\"DESCRIPTION : Un crayon \u00e0 l\u00e8vres mat dot\u00e9 d\u2019une pointe r\u00e9tractable et d\u2019une formule ultra-glissante qui d\u00e9finit vos l\u00e8vres sans...\" \/>\n<meta property=\"og:url\" content=\"https:\/\/prixgro.com\/ar\/product\/lip-contour-warm-brown-huda-beauty\/\" \/>\n<meta property=\"og:site_name\" content=\"Prixgro\" \/>\n<meta property=\"article:publisher\" content=\"https:\/\/www.facebook.com\/Pharmacima\" \/>\n<meta property=\"article:modified_time\" content=\"2024-08-11T16:02:44+00:00\" \/>\n<meta property=\"og:image\" content=\"https:\/\/prixgro.com\/wp-content\/uploads\/2024\/01\/warm-brown-huda-beauty-.png\" \/>\n\t<meta property=\"og:image:width\" content=\"540\" \/>\n\t<meta property=\"og:image:height\" content=\"540\" \/>\n\t<meta property=\"og:image:type\" content=\"image\/png\" \/>\n<meta name=\"twitter:card\" content=\"summary_large_image\" \/>\n<meta name=\"twitter:label1\" content=\"\u0648\u0642\u062a \u0627\u0644\u0642\u0631\u0627\u0621\u0629 \u0627\u0644\u0645\u064f\u0642\u062f\u0651\u0631\" \/>\n\t<meta name=\"twitter:data1\" content=\"\u062f\u0642\u064a\u0642\u0629 \u0648\u0627\u062d\u062f\u0629\" \/>\n<script type=\"application\/ld+json\" class=\"yoast-schema-graph\">{\"@context\":\"https:\/\/schema.org\",\"@graph\":[{\"@type\":\"WebPage\",\"@id\":\"https:\/\/prixgro.com\/product\/lip-contour-warm-brown-huda-beauty\/\",\"url\":\"https:\/\/prixgro.com\/product\/lip-contour-warm-brown-huda-beauty\/\",\"name\":\"Lip Contour Warm Brown Huda Beauty - Prixgro\",\"isPartOf\":{\"@id\":\"https:\/\/prixgro.com\/#website\"},\"primaryImageOfPage\":{\"@id\":\"https:\/\/prixgro.com\/product\/lip-contour-warm-brown-huda-beauty\/#primaryimage\"},\"image\":{\"@id\":\"https:\/\/prixgro.com\/product\/lip-contour-warm-brown-huda-beauty\/#primaryimage\"},\"thumbnailUrl\":\"https:\/\/prixgro.com\/wp-content\/uploads\/2024\/01\/warm-brown-huda-beauty-.png\",\"datePublished\":\"2024-04-09T12:33:36+00:00\",\"dateModified\":\"2024-08-11T16:02:44+00:00\",\"breadcrumb\":{\"@id\":\"https:\/\/prixgro.com\/product\/lip-contour-warm-brown-huda-beauty\/#breadcrumb\"},\"inLanguage\":\"ar\",\"potentialAction\":[{\"@type\":\"ReadAction\",\"target\":[\"https:\/\/prixgro.com\/product\/lip-contour-warm-brown-huda-beauty\/\"]}]},{\"@type\":\"ImageObject\",\"inLanguage\":\"ar\",\"@id\":\"https:\/\/prixgro.com\/product\/lip-contour-warm-brown-huda-beauty\/#primaryimage\",\"url\":\"https:\/\/prixgro.com\/wp-content\/uploads\/2024\/01\/warm-brown-huda-beauty-.png\",\"contentUrl\":\"https:\/\/prixgro.com\/wp-content\/uploads\/2024\/01\/warm-brown-huda-beauty-.png\",\"width\":540,\"height\":540},{\"@type\":\"BreadcrumbList\",\"@id\":\"https:\/\/prixgro.com\/product\/lip-contour-warm-brown-huda-beauty\/#breadcrumb\",\"itemListElement\":[{\"@type\":\"ListItem\",\"position\":1,\"name\":\"Accueil\",\"item\":\"https:\/\/prixgro.com\/\"},{\"@type\":\"ListItem\",\"position\":2,\"name\":\"Boutique en ligne\",\"item\":\"https:\/\/prixgro.com\/shop\/\"},{\"@type\":\"ListItem\",\"position\":3,\"name\":\"Lip Contour Warm Brown Huda Beauty\"}]},{\"@type\":\"WebSite\",\"@id\":\"https:\/\/prixgro.com\/#website\",\"url\":\"https:\/\/prixgro.com\/\",\"name\":\"Prixgro.com\",\"description\":\"Para Pharmaceutique et Cosm\u00e9tique\",\"publisher\":{\"@id\":\"https:\/\/prixgro.com\/#organization\"},\"potentialAction\":[{\"@type\":\"SearchAction\",\"target\":{\"@type\":\"EntryPoint\",\"urlTemplate\":\"https:\/\/prixgro.com\/?s={search_term_string}\"},\"query-input\":{\"@type\":\"PropertyValueSpecification\",\"valueRequired\":true,\"valueName\":\"search_term_string\"}}],\"inLanguage\":\"ar\"},{\"@type\":\"Organization\",\"@id\":\"https:\/\/prixgro.com\/#organization\",\"name\":\"Prixgro\",\"url\":\"https:\/\/prixgro.com\/\",\"logo\":{\"@type\":\"ImageObject\",\"inLanguage\":\"ar\",\"@id\":\"https:\/\/prixgro.com\/#\/schema\/logo\/image\/\",\"url\":\"https:\/\/prixgro.com\/wp-content\/uploads\/2024\/08\/cropped-Nouveau-projet-2.png\",\"contentUrl\":\"https:\/\/prixgro.com\/wp-content\/uploads\/2024\/08\/cropped-Nouveau-projet-2.png\",\"width\":265,\"height\":62,\"caption\":\"Prixgro\"},\"image\":{\"@id\":\"https:\/\/prixgro.com\/#\/schema\/logo\/image\/\"},\"sameAs\":[\"https:\/\/www.facebook.com\/Pharmacima\"]}]}<\/script>\n<!-- \/ Yoast SEO plugin. -->","yoast_head_json":{"title":"Lip Contour Warm Brown Huda Beauty - Prixgro","robots":{"index":"index","follow":"follow","max-snippet":"max-snippet:-1","max-image-preview":"max-image-preview:large","max-video-preview":"max-video-preview:-1"},"canonical":"https:\/\/prixgro.com\/ar\/product\/lip-contour-warm-brown-huda-beauty\/","og_locale":"ar_AR","og_type":"article","og_title":"Lip Contour Warm Brown Huda Beauty - Prixgro","og_description":"DESCRIPTION : Un crayon \u00e0 l\u00e8vres mat dot\u00e9 d\u2019une pointe r\u00e9tractable et d\u2019une formule ultra-glissante qui d\u00e9finit vos l\u00e8vres sans...","og_url":"https:\/\/prixgro.com\/ar\/product\/lip-contour-warm-brown-huda-beauty\/","og_site_name":"Prixgro","article_publisher":"https:\/\/www.facebook.com\/Pharmacima","article_modified_time":"2024-08-11T16:02:44+00:00","og_image":[{"width":540,"height":540,"url":"https:\/\/prixgro.com\/wp-content\/uploads\/2024\/01\/warm-brown-huda-beauty-.png","type":"image\/png"}],"twitter_card":"summary_large_image","twitter_misc":{"\u0648\u0642\u062a \u0627\u0644\u0642\u0631\u0627\u0621\u0629 \u0627\u0644\u0645\u064f\u0642\u062f\u0651\u0631":"\u062f\u0642\u064a\u0642\u0629 \u0648\u0627\u062d\u062f\u0629"},"schema":{"@context":"https:\/\/schema.org","@graph":[{"@type":"WebPage","@id":"https:\/\/prixgro.com\/product\/lip-contour-warm-brown-huda-beauty\/","url":"https:\/\/prixgro.com\/product\/lip-contour-warm-brown-huda-beauty\/","name":"Lip Contour Warm Brown Huda Beauty - Prixgro","isPartOf":{"@id":"https:\/\/prixgro.com\/#website"},"primaryImageOfPage":{"@id":"https:\/\/prixgro.com\/product\/lip-contour-warm-brown-huda-beauty\/#primaryimage"},"image":{"@id":"https:\/\/prixgro.com\/product\/lip-contour-warm-brown-huda-beauty\/#primaryimage"},"thumbnailUrl":"https:\/\/prixgro.com\/wp-content\/uploads\/2024\/01\/warm-brown-huda-beauty-.png","datePublished":"2024-04-09T12:33:36+00:00","dateModified":"2024-08-11T16:02:44+00:00","breadcrumb":{"@id":"https:\/\/prixgro.com\/product\/lip-contour-warm-brown-huda-beauty\/#breadcrumb"},"inLanguage":"ar","potentialAction":[{"@type":"ReadAction","target":["https:\/\/prixgro.com\/product\/lip-contour-warm-brown-huda-beauty\/"]}]},{"@type":"ImageObject","inLanguage":"ar","@id":"https:\/\/prixgro.com\/product\/lip-contour-warm-brown-huda-beauty\/#primaryimage","url":"https:\/\/prixgro.com\/wp-content\/uploads\/2024\/01\/warm-brown-huda-beauty-.png","contentUrl":"https:\/\/prixgro.com\/wp-content\/uploads\/2024\/01\/warm-brown-huda-beauty-.png","width":540,"height":540},{"@type":"BreadcrumbList","@id":"https:\/\/prixgro.com\/product\/lip-contour-warm-brown-huda-beauty\/#breadcrumb","itemListElement":[{"@type":"ListItem","position":1,"name":"Accueil","item":"https:\/\/prixgro.com\/"},{"@type":"ListItem","position":2,"name":"Boutique en ligne","item":"https:\/\/prixgro.com\/shop\/"},{"@type":"ListItem","position":3,"name":"Lip Contour Warm Brown Huda Beauty"}]},{"@type":"WebSite","@id":"https:\/\/prixgro.com\/#website","url":"https:\/\/prixgro.com\/","name":"Prixgro.com","description":"Para Pharmaceutique et Cosm\u00e9tique","publisher":{"@id":"https:\/\/prixgro.com\/#organization"},"potentialAction":[{"@type":"SearchAction","target":{"@type":"EntryPoint","urlTemplate":"https:\/\/prixgro.com\/?s={search_term_string}"},"query-input":{"@type":"PropertyValueSpecification","valueRequired":true,"valueName":"search_term_string"}}],"inLanguage":"ar"},{"@type":"Organization","@id":"https:\/\/prixgro.com\/#organization","name":"Prixgro","url":"https:\/\/prixgro.com\/","logo":{"@type":"ImageObject","inLanguage":"ar","@id":"https:\/\/prixgro.com\/#\/schema\/logo\/image\/","url":"https:\/\/prixgro.com\/wp-content\/uploads\/2024\/08\/cropped-Nouveau-projet-2.png","contentUrl":"https:\/\/prixgro.com\/wp-content\/uploads\/2024\/08\/cropped-Nouveau-projet-2.png","width":265,"height":62,"caption":"Prixgro"},"image":{"@id":"https:\/\/prixgro.com\/#\/schema\/logo\/image\/"},"sameAs":["https:\/\/www.facebook.com\/Pharmacima"]}]}},"_links":{"self":[{"href":"https:\/\/prixgro.com\/ar\/wp-json\/wp\/v2\/product\/142507","targetHints":{"allow":["GET"]}}],"collection":[{"href":"https:\/\/prixgro.com\/ar\/wp-json\/wp\/v2\/product"}],"about":[{"href":"https:\/\/prixgro.com\/ar\/wp-json\/wp\/v2\/types\/product"}],"replies":[{"embeddable":true,"href":"https:\/\/prixgro.com\/ar\/wp-json\/wp\/v2\/comments?post=142507"}],"wp:featuredmedia":[{"embeddable":true,"href":"https:\/\/prixgro.com\/ar\/wp-json\/wp\/v2\/media\/12098"}],"wp:attachment":[{"href":"https:\/\/prixgro.com\/ar\/wp-json\/wp\/v2\/media?parent=142507"}],"wp:term":[{"taxonomy":"product_cat","embeddable":true,"href":"https:\/\/prixgro.com\/ar\/wp-json\/wp\/v2\/product_cat?post=142507"},{"taxonomy":"product_tag","embeddable":true,"href":"https:\/\/prixgro.com\/ar\/wp-json\/wp\/v2\/product_tag?post=142507"},{"taxonomy":"berocket_brand","embeddable":true,"href":"https:\/\/prixgro.com\/ar\/wp-json\/wp\/v2\/berocket_brand?post=142507"}],"curies":[{"name":"wp","href":"https:\/\/api.w.org\/{rel}","templated":true}]}}