{"id":142518,"date":"2024-04-09T14:33:47","date_gmt":"2024-04-09T12:33:47","guid":{"rendered":"https:\/\/cloodmanager.net\/?post_type=product&#038;p=142518"},"modified":"2024-08-06T18:44:50","modified_gmt":"2024-08-06T16:44:50","slug":"serum-eclat-apaisant-propolis-b5-50ml-some-by-mi","status":"publish","type":"product","link":"https:\/\/prixgro.com\/ar\/product\/serum-eclat-apaisant-propolis-b5-50ml-some-by-mi\/","title":{"rendered":"Serum Eclat Apaisant Propolis B5 50ml Some By Mi"},"content":{"rendered":"<h2><strong>DESCRIPTION :<\/strong><\/h2>\n<p><strong>Le s\u00e9rum apaisant Some By Mi Propolis B5 Glow Barrier<\/strong>\u00a0\u00e0 la propolis pour l&#8217;\u00e9clat de la peau a un puissant effet anti-inflammatoire, antibact\u00e9rien et antioxydant. Unifie visiblement le teint pour un \u00e9clat sain et uniforme. Augmente la fermet\u00e9 et l&#8217;\u00e9lasticit\u00e9 de la peau, favorise la r\u00e9tention d&#8217;humidit\u00e9 et nourrit.<\/p>\n<p>Le s\u00e9rum renforce la barri\u00e8re protectrice, neutralise les effets agressifs des radicaux libres, des rayons ultraviolets et d&#8217;autres facteurs environnementaux, ralentit le processus de vieillissement. Pr\u00e9vient l&#8217;apparition des rides et des plis cutan\u00e9s, renforce la turgescence cutan\u00e9e.<\/p>\n<p>La base du s\u00e9rum est\u00a0<strong>l&#8217;extrait de propolis (73%)<\/strong>\u00a0. La propolis poss\u00e8de de puissantes propri\u00e9t\u00e9s antibact\u00e9riennes qui aident \u00e0 pr\u00e9venir les \u00e9ruptions cutan\u00e9es. Restaure l&#8217;\u00e9quilibre eau-lipides de la peau, renforce la barri\u00e8re protectrice et la prot\u00e8ge des effets n\u00e9fastes des facteurs ext\u00e9rieurs. \u00c9limine la desquamation et la peau s\u00e8che, nourrit et adoucit.<\/p>\n<p>Le s\u00e9rum a une consistance \u00e9paisse, \u00e9limine instantan\u00e9ment les tiraillements et adoucit la peau.<\/p>\n<ul>\n<li><strong>L&#8217;extrait de miel<\/strong>\u00a0\u00e9limine instantan\u00e9ment la d\u00e9shydratation, nourrit la peau, am\u00e9liore l&#8217;immunit\u00e9, am\u00e9liore la fermet\u00e9 et l&#8217;\u00e9lasticit\u00e9, donne au visage un \u00e9clat et un tonus sains.<\/li>\n<li>Le panth\u00e9nol stimule la restauration de l&#8217;int\u00e9grit\u00e9 de la peau, soulage les rougeurs et les irritations et poss\u00e8de une propri\u00e9t\u00e9 cicatrisante.<\/li>\n<li><strong>L&#8217;eau d&#8217;arbre \u00e0 th\u00e9<\/strong>\u00a0a un fort effet antimicrobien. Il combat le colmatage des pores, normalise le fonctionnement des glandes s\u00e9bac\u00e9es et la production de s\u00e9bum cutan\u00e9 et r\u00e9duit les reflets gras.<\/li>\n<li><strong>Le complexe CICA<\/strong>\u00a0augmente la fermet\u00e9 et l&#8217;\u00e9lasticit\u00e9 de la peau, sature les cellules du derme en humidit\u00e9. Forme une barri\u00e8re protectrice qui prot\u00e8ge la peau des rayons ultraviolets et des facteurs environnementaux n\u00e9gatifs.<\/li>\n<li><strong>Les c\u00e9ramides<\/strong>\u00a0augmentent les fonctions protectrices de l&#8217;\u00e9piderme, pr\u00e9viennent la perte d&#8217;hydratation et aident \u00e0 restaurer la peau. Ils soulagent la s\u00e9cheresse, la desquamation, sont utiles dans le traitement des \u00e9ruptions cutan\u00e9es allergiques, de l&#8217;ecz\u00e9ma, du psoriasis.<\/li>\n<\/ul>\n<h2><strong>CONSEIL D&#8217;UTILISATION :<\/strong><\/h2>\n<p>Appliquer d\u00e9licatement sur une peau nettoy\u00e9e et tonifi\u00e9e.<\/p>\n<h2><strong>COMPOSITION :<\/strong><\/h2>\n<p>Extrait de propolis (73%), extrait de miel, glyc\u00e9rine, niacinamide, 1,2-hexanediol, extrait de Centella asiatica, panth\u00e9nol (10 000 ppm), eau de feuille d&#8217;arbre \u00e0 th\u00e9, Lactobacillus\/extrait de soja ferment\u00e9, Lactobacillus\/extrait de grenade ferment\u00e9, levure \/Filtrat de fermentation de graines d&#8217;orge, filtrat de fermentation de Lactobacillus\/jus de poire, extrait de gel\u00e9e royale, extrait de feuille d&#8217;armoise, extrait de feuille de centella, extrait de lotus jaune, extrait de malt, or, hyaluronate de sodium, acide hyaluronique hydrolys\u00e9, hyaluronate ac\u00e9tyl\u00e9 de sodium, glycosaminoglycane hydrolys\u00e9, allanto\u00efne , ad\u00e9nosine, mad\u00e9cassoside, acide mad\u00e9cassique, asiaticoside, acide asiatique, arginine, c\u00e9ramide NP, acide citrique, citrate de sodium, C12-13 pareth-9, gomme de scl\u00e9rote hydrolys\u00e9e, carbom\u00e8re, eau purifi\u00e9e, benzylglycol, \u00e9thylhexylglyc\u00e9rine, c\u00e9tone de framboise, disodique EDTA, parfum<\/p>","protected":false},"excerpt":{"rendered":"<p>DESCRIPTION : Le s\u00e9rum apaisant Some By Mi Propolis B5 Glow Barrier\u00a0\u00e0 la propolis pour l&#8217;\u00e9clat de la peau a&#8230;<\/p>","protected":false},"featured_media":12127,"comment_status":"open","ping_status":"closed","template":"","meta":[],"product_cat":[17,36],"product_tag":[],"berocket_brand":[750],"class_list":{"0":"post-142518","1":"product","2":"type-product","3":"status-publish","4":"has-post-thumbnail","6":"product_cat-soin-et-bien-etre","7":"product_cat-visage-soin-et-bien-etre","8":"berocket_brand-some-by-mi","10":"first","11":"outofstock","12":"shipping-taxable","13":"purchasable","14":"product-type-simple"},"yoast_head":"<!-- This site is optimized with the Yoast SEO plugin v24.8 - https:\/\/yoast.com\/wordpress\/plugins\/seo\/ -->\n<title>Serum Eclat Apaisant Propolis B5 50ml Some By Mi - Prixgro<\/title>\n<meta name=\"description\" content=\"Le s\u00e9rum apaisant Some By Mi Propolis B5 Glow Barrier\u00a0\u00e0 la propolis pour l&#039;\u00e9clat de la peau a un puissant effet anti-inflammatoire, antibact\u00e9rien...\" \/>\n<meta name=\"robots\" content=\"index, follow, max-snippet:-1, max-image-preview:large, max-video-preview:-1\" \/>\n<link rel=\"canonical\" href=\"https:\/\/prixgro.com\/ar\/product\/serum-eclat-apaisant-propolis-b5-50ml-some-by-mi\/\" \/>\n<meta property=\"og:locale\" content=\"ar_AR\" \/>\n<meta property=\"og:type\" content=\"article\" \/>\n<meta property=\"og:title\" content=\"Serum Eclat Apaisant Propolis B5 50ml Some By Mi - Prixgro\" \/>\n<meta property=\"og:description\" content=\"Le s\u00e9rum apaisant Some By Mi Propolis B5 Glow Barrier\u00a0\u00e0 la propolis pour l&#039;\u00e9clat de la peau a un puissant effet anti-inflammatoire, antibact\u00e9rien...\" \/>\n<meta property=\"og:url\" content=\"https:\/\/prixgro.com\/ar\/product\/serum-eclat-apaisant-propolis-b5-50ml-some-by-mi\/\" \/>\n<meta property=\"og:site_name\" content=\"Prixgro\" \/>\n<meta property=\"article:publisher\" content=\"https:\/\/www.facebook.com\/Pharmacima\" \/>\n<meta property=\"article:modified_time\" content=\"2024-08-06T16:44:50+00:00\" \/>\n<meta property=\"og:image\" content=\"https:\/\/prixgro.com\/wp-content\/uploads\/2024\/01\/snail-truecica-2.png\" \/>\n\t<meta property=\"og:image:width\" content=\"540\" \/>\n\t<meta property=\"og:image:height\" content=\"540\" \/>\n\t<meta property=\"og:image:type\" content=\"image\/png\" \/>\n<meta name=\"twitter:card\" content=\"summary_large_image\" \/>\n<meta name=\"twitter:label1\" content=\"\u0648\u0642\u062a \u0627\u0644\u0642\u0631\u0627\u0621\u0629 \u0627\u0644\u0645\u064f\u0642\u062f\u0651\u0631\" \/>\n\t<meta name=\"twitter:data1\" content=\"3 \u062f\u0642\u0627\u0626\u0642\" \/>\n<script type=\"application\/ld+json\" class=\"yoast-schema-graph\">{\"@context\":\"https:\/\/schema.org\",\"@graph\":[{\"@type\":\"WebPage\",\"@id\":\"https:\/\/prixgro.com\/product\/serum-eclat-apaisant-propolis-b5-50ml-some-by-mi\/\",\"url\":\"https:\/\/prixgro.com\/product\/serum-eclat-apaisant-propolis-b5-50ml-some-by-mi\/\",\"name\":\"Serum Eclat Apaisant Propolis B5 50ml Some By Mi - Prixgro\",\"isPartOf\":{\"@id\":\"https:\/\/prixgro.com\/#website\"},\"primaryImageOfPage\":{\"@id\":\"https:\/\/prixgro.com\/product\/serum-eclat-apaisant-propolis-b5-50ml-some-by-mi\/#primaryimage\"},\"image\":{\"@id\":\"https:\/\/prixgro.com\/product\/serum-eclat-apaisant-propolis-b5-50ml-some-by-mi\/#primaryimage\"},\"thumbnailUrl\":\"https:\/\/prixgro.com\/wp-content\/uploads\/2024\/01\/snail-truecica-2.png\",\"datePublished\":\"2024-04-09T12:33:47+00:00\",\"dateModified\":\"2024-08-06T16:44:50+00:00\",\"description\":\"Le s\u00e9rum apaisant Some By Mi Propolis B5 Glow Barrier\u00a0\u00e0 la propolis pour l'\u00e9clat de la peau a un puissant effet anti-inflammatoire, antibact\u00e9rien...\",\"breadcrumb\":{\"@id\":\"https:\/\/prixgro.com\/product\/serum-eclat-apaisant-propolis-b5-50ml-some-by-mi\/#breadcrumb\"},\"inLanguage\":\"ar\",\"potentialAction\":[{\"@type\":\"ReadAction\",\"target\":[\"https:\/\/prixgro.com\/product\/serum-eclat-apaisant-propolis-b5-50ml-some-by-mi\/\"]}]},{\"@type\":\"ImageObject\",\"inLanguage\":\"ar\",\"@id\":\"https:\/\/prixgro.com\/product\/serum-eclat-apaisant-propolis-b5-50ml-some-by-mi\/#primaryimage\",\"url\":\"https:\/\/prixgro.com\/wp-content\/uploads\/2024\/01\/snail-truecica-2.png\",\"contentUrl\":\"https:\/\/prixgro.com\/wp-content\/uploads\/2024\/01\/snail-truecica-2.png\",\"width\":540,\"height\":540},{\"@type\":\"BreadcrumbList\",\"@id\":\"https:\/\/prixgro.com\/product\/serum-eclat-apaisant-propolis-b5-50ml-some-by-mi\/#breadcrumb\",\"itemListElement\":[{\"@type\":\"ListItem\",\"position\":1,\"name\":\"Accueil\",\"item\":\"https:\/\/prixgro.com\/\"},{\"@type\":\"ListItem\",\"position\":2,\"name\":\"Boutique en ligne\",\"item\":\"https:\/\/prixgro.com\/shop\/\"},{\"@type\":\"ListItem\",\"position\":3,\"name\":\"Serum Eclat Apaisant Propolis B5 50ml Some By Mi\"}]},{\"@type\":\"WebSite\",\"@id\":\"https:\/\/prixgro.com\/#website\",\"url\":\"https:\/\/prixgro.com\/\",\"name\":\"Prixgro.com\",\"description\":\"Para Pharmaceutique et Cosm\u00e9tique\",\"publisher\":{\"@id\":\"https:\/\/prixgro.com\/#organization\"},\"potentialAction\":[{\"@type\":\"SearchAction\",\"target\":{\"@type\":\"EntryPoint\",\"urlTemplate\":\"https:\/\/prixgro.com\/?s={search_term_string}\"},\"query-input\":{\"@type\":\"PropertyValueSpecification\",\"valueRequired\":true,\"valueName\":\"search_term_string\"}}],\"inLanguage\":\"ar\"},{\"@type\":\"Organization\",\"@id\":\"https:\/\/prixgro.com\/#organization\",\"name\":\"Prixgro\",\"url\":\"https:\/\/prixgro.com\/\",\"logo\":{\"@type\":\"ImageObject\",\"inLanguage\":\"ar\",\"@id\":\"https:\/\/prixgro.com\/#\/schema\/logo\/image\/\",\"url\":\"https:\/\/prixgro.com\/wp-content\/uploads\/2024\/08\/cropped-Nouveau-projet-2.png\",\"contentUrl\":\"https:\/\/prixgro.com\/wp-content\/uploads\/2024\/08\/cropped-Nouveau-projet-2.png\",\"width\":265,\"height\":62,\"caption\":\"Prixgro\"},\"image\":{\"@id\":\"https:\/\/prixgro.com\/#\/schema\/logo\/image\/\"},\"sameAs\":[\"https:\/\/www.facebook.com\/Pharmacima\"]}]}<\/script>\n<!-- \/ Yoast SEO plugin. -->","yoast_head_json":{"title":"Serum Eclat Apaisant Propolis B5 50ml Some By Mi - Prixgro","description":"Le s\u00e9rum apaisant Some By Mi Propolis B5 Glow Barrier\u00a0\u00e0 la propolis pour l'\u00e9clat de la peau a un puissant effet anti-inflammatoire, antibact\u00e9rien...","robots":{"index":"index","follow":"follow","max-snippet":"max-snippet:-1","max-image-preview":"max-image-preview:large","max-video-preview":"max-video-preview:-1"},"canonical":"https:\/\/prixgro.com\/ar\/product\/serum-eclat-apaisant-propolis-b5-50ml-some-by-mi\/","og_locale":"ar_AR","og_type":"article","og_title":"Serum Eclat Apaisant Propolis B5 50ml Some By Mi - Prixgro","og_description":"Le s\u00e9rum apaisant Some By Mi Propolis B5 Glow Barrier\u00a0\u00e0 la propolis pour l'\u00e9clat de la peau a un puissant effet anti-inflammatoire, antibact\u00e9rien...","og_url":"https:\/\/prixgro.com\/ar\/product\/serum-eclat-apaisant-propolis-b5-50ml-some-by-mi\/","og_site_name":"Prixgro","article_publisher":"https:\/\/www.facebook.com\/Pharmacima","article_modified_time":"2024-08-06T16:44:50+00:00","og_image":[{"width":540,"height":540,"url":"https:\/\/prixgro.com\/wp-content\/uploads\/2024\/01\/snail-truecica-2.png","type":"image\/png"}],"twitter_card":"summary_large_image","twitter_misc":{"\u0648\u0642\u062a \u0627\u0644\u0642\u0631\u0627\u0621\u0629 \u0627\u0644\u0645\u064f\u0642\u062f\u0651\u0631":"3 \u062f\u0642\u0627\u0626\u0642"},"schema":{"@context":"https:\/\/schema.org","@graph":[{"@type":"WebPage","@id":"https:\/\/prixgro.com\/product\/serum-eclat-apaisant-propolis-b5-50ml-some-by-mi\/","url":"https:\/\/prixgro.com\/product\/serum-eclat-apaisant-propolis-b5-50ml-some-by-mi\/","name":"Serum Eclat Apaisant Propolis B5 50ml Some By Mi - Prixgro","isPartOf":{"@id":"https:\/\/prixgro.com\/#website"},"primaryImageOfPage":{"@id":"https:\/\/prixgro.com\/product\/serum-eclat-apaisant-propolis-b5-50ml-some-by-mi\/#primaryimage"},"image":{"@id":"https:\/\/prixgro.com\/product\/serum-eclat-apaisant-propolis-b5-50ml-some-by-mi\/#primaryimage"},"thumbnailUrl":"https:\/\/prixgro.com\/wp-content\/uploads\/2024\/01\/snail-truecica-2.png","datePublished":"2024-04-09T12:33:47+00:00","dateModified":"2024-08-06T16:44:50+00:00","description":"Le s\u00e9rum apaisant Some By Mi Propolis B5 Glow Barrier\u00a0\u00e0 la propolis pour l'\u00e9clat de la peau a un puissant effet anti-inflammatoire, antibact\u00e9rien...","breadcrumb":{"@id":"https:\/\/prixgro.com\/product\/serum-eclat-apaisant-propolis-b5-50ml-some-by-mi\/#breadcrumb"},"inLanguage":"ar","potentialAction":[{"@type":"ReadAction","target":["https:\/\/prixgro.com\/product\/serum-eclat-apaisant-propolis-b5-50ml-some-by-mi\/"]}]},{"@type":"ImageObject","inLanguage":"ar","@id":"https:\/\/prixgro.com\/product\/serum-eclat-apaisant-propolis-b5-50ml-some-by-mi\/#primaryimage","url":"https:\/\/prixgro.com\/wp-content\/uploads\/2024\/01\/snail-truecica-2.png","contentUrl":"https:\/\/prixgro.com\/wp-content\/uploads\/2024\/01\/snail-truecica-2.png","width":540,"height":540},{"@type":"BreadcrumbList","@id":"https:\/\/prixgro.com\/product\/serum-eclat-apaisant-propolis-b5-50ml-some-by-mi\/#breadcrumb","itemListElement":[{"@type":"ListItem","position":1,"name":"Accueil","item":"https:\/\/prixgro.com\/"},{"@type":"ListItem","position":2,"name":"Boutique en ligne","item":"https:\/\/prixgro.com\/shop\/"},{"@type":"ListItem","position":3,"name":"Serum Eclat Apaisant Propolis B5 50ml Some By Mi"}]},{"@type":"WebSite","@id":"https:\/\/prixgro.com\/#website","url":"https:\/\/prixgro.com\/","name":"Prixgro.com","description":"Para Pharmaceutique et Cosm\u00e9tique","publisher":{"@id":"https:\/\/prixgro.com\/#organization"},"potentialAction":[{"@type":"SearchAction","target":{"@type":"EntryPoint","urlTemplate":"https:\/\/prixgro.com\/?s={search_term_string}"},"query-input":{"@type":"PropertyValueSpecification","valueRequired":true,"valueName":"search_term_string"}}],"inLanguage":"ar"},{"@type":"Organization","@id":"https:\/\/prixgro.com\/#organization","name":"Prixgro","url":"https:\/\/prixgro.com\/","logo":{"@type":"ImageObject","inLanguage":"ar","@id":"https:\/\/prixgro.com\/#\/schema\/logo\/image\/","url":"https:\/\/prixgro.com\/wp-content\/uploads\/2024\/08\/cropped-Nouveau-projet-2.png","contentUrl":"https:\/\/prixgro.com\/wp-content\/uploads\/2024\/08\/cropped-Nouveau-projet-2.png","width":265,"height":62,"caption":"Prixgro"},"image":{"@id":"https:\/\/prixgro.com\/#\/schema\/logo\/image\/"},"sameAs":["https:\/\/www.facebook.com\/Pharmacima"]}]}},"_links":{"self":[{"href":"https:\/\/prixgro.com\/ar\/wp-json\/wp\/v2\/product\/142518","targetHints":{"allow":["GET"]}}],"collection":[{"href":"https:\/\/prixgro.com\/ar\/wp-json\/wp\/v2\/product"}],"about":[{"href":"https:\/\/prixgro.com\/ar\/wp-json\/wp\/v2\/types\/product"}],"replies":[{"embeddable":true,"href":"https:\/\/prixgro.com\/ar\/wp-json\/wp\/v2\/comments?post=142518"}],"wp:featuredmedia":[{"embeddable":true,"href":"https:\/\/prixgro.com\/ar\/wp-json\/wp\/v2\/media\/12127"}],"wp:attachment":[{"href":"https:\/\/prixgro.com\/ar\/wp-json\/wp\/v2\/media?parent=142518"}],"wp:term":[{"taxonomy":"product_cat","embeddable":true,"href":"https:\/\/prixgro.com\/ar\/wp-json\/wp\/v2\/product_cat?post=142518"},{"taxonomy":"product_tag","embeddable":true,"href":"https:\/\/prixgro.com\/ar\/wp-json\/wp\/v2\/product_tag?post=142518"},{"taxonomy":"berocket_brand","embeddable":true,"href":"https:\/\/prixgro.com\/ar\/wp-json\/wp\/v2\/berocket_brand?post=142518"}],"curies":[{"name":"wp","href":"https:\/\/api.w.org\/{rel}","templated":true}]}}