{"id":142522,"date":"2024-04-09T14:33:47","date_gmt":"2024-04-09T12:33:47","guid":{"rendered":"https:\/\/cloodmanager.net\/?post_type=product&#038;p=142522"},"modified":"2024-08-06T18:43:53","modified_gmt":"2024-08-06T16:43:53","slug":"gel-nettoyant-bye-bye-point-noir-120g-some-by-mi","status":"publish","type":"product","link":"https:\/\/prixgro.com\/ar\/product\/gel-nettoyant-bye-bye-point-noir-120g-some-by-mi\/","title":{"rendered":"Gel Nettoyant Bye Bye point noir 120g Some By Mi"},"content":{"rendered":"<h2><strong>DESCRIPTION :<\/strong><\/h2>\n<p>Nettoyant \u00e0 bulles formul\u00e9 avec 240 000 ppm d&#8217;eau de th\u00e9 vert, 16 extraits de th\u00e9 et 5 000 ppm de BHA d&#8217;origine naturelle pour nettoyer les points noirs et blancs des pores pour une peau plus lumineuse. Il laisse \u00e9galement la peau hydrat\u00e9e et lui conf\u00e8re un \u00e9clat naturel et sain.<\/p>\n<p><strong>Principaux principes actifs :<\/strong><\/p>\n<ul>\n<li><strong>Le th\u00e9 vert<\/strong>\u00a0est un puissant antioxydant, riche en vitamines telles que les vitamines A, C et E.<\/li>\n<li><strong>Le tanin<\/strong>\u00a0aide \u00e0 apaiser les peaux sensibles et \u00e0 renforcer la barri\u00e8re cutan\u00e9e.<\/li>\n<li><strong>Le salicylate de b\u00e9ta\u00efne (BHA)<\/strong>\u00a0est un ingr\u00e9dient actif qui exfolie chimiquement la peau en p\u00e9n\u00e9trant dans la peau, ce qui donne une peau plus claire, plus lumineuse et plus lisse avec moins d&#8217;\u00e9ruptions cutan\u00e9es.<\/li>\n<li><strong>La Centella Asiatica<\/strong>\u00a0est id\u00e9ale pour restaurer la barri\u00e8re d&#8217;hydratation de votre peau afin qu&#8217;elle puisse se prot\u00e9ger encore plus contre sa d\u00e9gradation, en particulier pour les peaux sensibles rouges, enflamm\u00e9es, irrit\u00e9es ou qui d\u00e9mangent. Il aide \u00e0 r\u00e9duire consid\u00e9rablement les signes visibles de sensibilit\u00e9 cutan\u00e9e tels que les d\u00e9mangeaisons et les br\u00fblures.<\/li>\n<\/ul>\n<h2><strong>CONSEIL D&#8217;UTILISATION :<\/strong><\/h2>\n<p>Appliquer une fine couche sur peau s\u00e8che. Une fois la mousse commenc\u00e9e, laissez agir 3 \u00e0 5 minutes, mouillez le bout de vos doigts et massez le visage en mouvements circulaires pour \u00e9liminer les cellules mortes de la peau. Rincer \u00e0 l&#8217;eau ti\u00e8de.<\/p>\n<h2><strong>COMPOSITION :<\/strong><\/h2>\n<p>Eau, eau de feuille de Camellia Sinensis (th\u00e9 vert) (240 000 ppm), cocoamphodiac\u00e9tate disodique, glyc\u00e9rine, glycinate de cocoyl de potassium, coco-b\u00e9ta\u00efne, \u00e9ther de m\u00e9thylperfluorobutyle, \u00e9ther de m\u00e9thylperfluoroisobutyle, copolym\u00e8re d&#8217;acrylates, extrait d&#8217;\u00e9corce de Salix Alba (saule), gaz\u00e9ifi\u00e9. Eau, eau florale de Jasminum Officinale (jasmin), extrait de fruit de Chaenomeles Sinensis (coing chinois), extrait de feuille de Diospyros Kaki (kaki), extrait d&#8217;\u00e9corce de Cinnamomum Cassia (cannelle), extrait de feuille d&#8217;Artemisia Princeps, extrait de Chrysanthellum Indicum, Camellia Sinensis (th\u00e9 vert ) Extrait de feuille, extrait de fleur d&#8217;Hibiscus Sabdariffa (Roselle), extrait de Lavandula Angustifolia (lavande), extrait de Rosmarinus Officinalis (romarin), extrait de fleur de Chamomilla Recutita (Matricaria), extrait de g\u00e9ranium Maculatum (Granite tachet\u00e9), extrait de feuille de Salvia Officinalis (sauge), Extrait de fleur de Trifolium Pratense (tr\u00e8fle), extrait d&#8217;Alchemilla Vulgaris (alch\u00e9mille), extrait d&#8217;Aspalathus Linearis (Rooibos), extrait d&#8217;Helichrysum Italicum (\u00e9ternelle), extrait de feuille de Pinus Densiflora, extrait de Bambusa Vulgaris (bambou), extrait de Thuja Orientalis, extrait de feuille de Chamaecyparis Obtusa , Eau de feuille de Melaleuca Alternifolia (arbre \u00e0 th\u00e9), extrait de Centella Asiatica (Gotu Kola), extrait de fruit de Vitis Vinifera (raisin), extrait de graine de Coffea Arabica (caf\u00e9), extrait de fleur de Carthamus Tinctorius (carthame), extrait de racine de Polygonum Cuspidatum (renou\u00e9e du Japon). , Extrait de coquille de Castanea Crenata (ch\u00e2taigne), extrait de fruit de Zanthoxylum Piperitum, isom\u00e9rate de saccharide, mannan, feuille de Camellia Sinensis (th\u00e9 vert), poudre de feuille de Camellia Sinensis (th\u00e9 vert), butyl\u00e8ne glycol, caprylyl glycol, acide citrique, 1,2-hexanediol , \u00e9thylhexylglyc\u00e9rine, benzylglycol, c\u00e9tone de framboise, caramel, jaune 5 (CI 19140), bleu 1 (CI 42090), EDTA disodique, huile de Mentha Piperita (menthe poivr\u00e9e)<\/p>","protected":false},"excerpt":{"rendered":"<p>DESCRIPTION : Nettoyant \u00e0 bulles formul\u00e9 avec 240 000 ppm d&#8217;eau de th\u00e9 vert, 16 extraits de th\u00e9 et 5&#8230;<\/p>","protected":false},"featured_media":12135,"comment_status":"open","ping_status":"closed","template":"","meta":[],"product_cat":[17,36],"product_tag":[],"berocket_brand":[750],"class_list":{"0":"post-142522","1":"product","2":"type-product","3":"status-publish","4":"has-post-thumbnail","6":"product_cat-soin-et-bien-etre","7":"product_cat-visage-soin-et-bien-etre","8":"berocket_brand-some-by-mi","10":"first","11":"outofstock","12":"shipping-taxable","13":"purchasable","14":"product-type-simple"},"yoast_head":"<!-- This site is optimized with the Yoast SEO plugin v24.8 - https:\/\/yoast.com\/wordpress\/plugins\/seo\/ -->\n<title>Gel Nettoyant Bye Bye point noir 120g Some By Mi - Prixgro<\/title>\n<meta name=\"description\" content=\"Nettoyant \u00e0 bulles formul\u00e9 avec 240 000 ppm d&#039;eau de th\u00e9 vert, 16 extraits de th\u00e9 et 5 000 ppm de BHA d&#039;origine naturelle pour nettoyer...\" \/>\n<meta name=\"robots\" content=\"index, follow, max-snippet:-1, max-image-preview:large, max-video-preview:-1\" \/>\n<link rel=\"canonical\" href=\"https:\/\/prixgro.com\/ar\/product\/gel-nettoyant-bye-bye-point-noir-120g-some-by-mi\/\" \/>\n<meta property=\"og:locale\" content=\"ar_AR\" \/>\n<meta property=\"og:type\" content=\"article\" \/>\n<meta property=\"og:title\" content=\"Gel Nettoyant Bye Bye point noir 120g Some By Mi - Prixgro\" \/>\n<meta property=\"og:description\" content=\"Nettoyant \u00e0 bulles formul\u00e9 avec 240 000 ppm d&#039;eau de th\u00e9 vert, 16 extraits de th\u00e9 et 5 000 ppm de BHA d&#039;origine naturelle pour nettoyer...\" \/>\n<meta property=\"og:url\" content=\"https:\/\/prixgro.com\/ar\/product\/gel-nettoyant-bye-bye-point-noir-120g-some-by-mi\/\" \/>\n<meta property=\"og:site_name\" content=\"Prixgro\" \/>\n<meta property=\"article:publisher\" content=\"https:\/\/www.facebook.com\/Pharmacima\" \/>\n<meta property=\"article:modified_time\" content=\"2024-08-06T16:43:53+00:00\" \/>\n<meta property=\"og:image\" content=\"https:\/\/prixgro.com\/wp-content\/uploads\/2024\/01\/bye-bye-blackhead-.png\" \/>\n\t<meta property=\"og:image:width\" content=\"540\" \/>\n\t<meta property=\"og:image:height\" content=\"540\" \/>\n\t<meta property=\"og:image:type\" content=\"image\/png\" \/>\n<meta name=\"twitter:card\" content=\"summary_large_image\" \/>\n<meta name=\"twitter:label1\" content=\"\u0648\u0642\u062a \u0627\u0644\u0642\u0631\u0627\u0621\u0629 \u0627\u0644\u0645\u064f\u0642\u062f\u0651\u0631\" \/>\n\t<meta name=\"twitter:data1\" content=\"3 \u062f\u0642\u0627\u0626\u0642\" \/>\n<script type=\"application\/ld+json\" class=\"yoast-schema-graph\">{\"@context\":\"https:\/\/schema.org\",\"@graph\":[{\"@type\":\"WebPage\",\"@id\":\"https:\/\/prixgro.com\/product\/gel-nettoyant-bye-bye-point-noir-120g-some-by-mi\/\",\"url\":\"https:\/\/prixgro.com\/product\/gel-nettoyant-bye-bye-point-noir-120g-some-by-mi\/\",\"name\":\"Gel Nettoyant Bye Bye point noir 120g Some By Mi - Prixgro\",\"isPartOf\":{\"@id\":\"https:\/\/prixgro.com\/#website\"},\"primaryImageOfPage\":{\"@id\":\"https:\/\/prixgro.com\/product\/gel-nettoyant-bye-bye-point-noir-120g-some-by-mi\/#primaryimage\"},\"image\":{\"@id\":\"https:\/\/prixgro.com\/product\/gel-nettoyant-bye-bye-point-noir-120g-some-by-mi\/#primaryimage\"},\"thumbnailUrl\":\"https:\/\/prixgro.com\/wp-content\/uploads\/2024\/01\/bye-bye-blackhead-.png\",\"datePublished\":\"2024-04-09T12:33:47+00:00\",\"dateModified\":\"2024-08-06T16:43:53+00:00\",\"description\":\"Nettoyant \u00e0 bulles formul\u00e9 avec 240 000 ppm d'eau de th\u00e9 vert, 16 extraits de th\u00e9 et 5 000 ppm de BHA d'origine naturelle pour nettoyer...\",\"breadcrumb\":{\"@id\":\"https:\/\/prixgro.com\/product\/gel-nettoyant-bye-bye-point-noir-120g-some-by-mi\/#breadcrumb\"},\"inLanguage\":\"ar\",\"potentialAction\":[{\"@type\":\"ReadAction\",\"target\":[\"https:\/\/prixgro.com\/product\/gel-nettoyant-bye-bye-point-noir-120g-some-by-mi\/\"]}]},{\"@type\":\"ImageObject\",\"inLanguage\":\"ar\",\"@id\":\"https:\/\/prixgro.com\/product\/gel-nettoyant-bye-bye-point-noir-120g-some-by-mi\/#primaryimage\",\"url\":\"https:\/\/prixgro.com\/wp-content\/uploads\/2024\/01\/bye-bye-blackhead-.png\",\"contentUrl\":\"https:\/\/prixgro.com\/wp-content\/uploads\/2024\/01\/bye-bye-blackhead-.png\",\"width\":540,\"height\":540},{\"@type\":\"BreadcrumbList\",\"@id\":\"https:\/\/prixgro.com\/product\/gel-nettoyant-bye-bye-point-noir-120g-some-by-mi\/#breadcrumb\",\"itemListElement\":[{\"@type\":\"ListItem\",\"position\":1,\"name\":\"Accueil\",\"item\":\"https:\/\/prixgro.com\/\"},{\"@type\":\"ListItem\",\"position\":2,\"name\":\"Boutique en ligne\",\"item\":\"https:\/\/prixgro.com\/shop\/\"},{\"@type\":\"ListItem\",\"position\":3,\"name\":\"Gel Nettoyant Bye Bye point noir 120g Some By Mi\"}]},{\"@type\":\"WebSite\",\"@id\":\"https:\/\/prixgro.com\/#website\",\"url\":\"https:\/\/prixgro.com\/\",\"name\":\"Prixgro.com\",\"description\":\"Para Pharmaceutique et Cosm\u00e9tique\",\"publisher\":{\"@id\":\"https:\/\/prixgro.com\/#organization\"},\"potentialAction\":[{\"@type\":\"SearchAction\",\"target\":{\"@type\":\"EntryPoint\",\"urlTemplate\":\"https:\/\/prixgro.com\/?s={search_term_string}\"},\"query-input\":{\"@type\":\"PropertyValueSpecification\",\"valueRequired\":true,\"valueName\":\"search_term_string\"}}],\"inLanguage\":\"ar\"},{\"@type\":\"Organization\",\"@id\":\"https:\/\/prixgro.com\/#organization\",\"name\":\"Prixgro\",\"url\":\"https:\/\/prixgro.com\/\",\"logo\":{\"@type\":\"ImageObject\",\"inLanguage\":\"ar\",\"@id\":\"https:\/\/prixgro.com\/#\/schema\/logo\/image\/\",\"url\":\"https:\/\/prixgro.com\/wp-content\/uploads\/2024\/08\/cropped-Nouveau-projet-2.png\",\"contentUrl\":\"https:\/\/prixgro.com\/wp-content\/uploads\/2024\/08\/cropped-Nouveau-projet-2.png\",\"width\":265,\"height\":62,\"caption\":\"Prixgro\"},\"image\":{\"@id\":\"https:\/\/prixgro.com\/#\/schema\/logo\/image\/\"},\"sameAs\":[\"https:\/\/www.facebook.com\/Pharmacima\"]}]}<\/script>\n<!-- \/ Yoast SEO plugin. -->","yoast_head_json":{"title":"Gel Nettoyant Bye Bye point noir 120g Some By Mi - Prixgro","description":"Nettoyant \u00e0 bulles formul\u00e9 avec 240 000 ppm d'eau de th\u00e9 vert, 16 extraits de th\u00e9 et 5 000 ppm de BHA d'origine naturelle pour nettoyer...","robots":{"index":"index","follow":"follow","max-snippet":"max-snippet:-1","max-image-preview":"max-image-preview:large","max-video-preview":"max-video-preview:-1"},"canonical":"https:\/\/prixgro.com\/ar\/product\/gel-nettoyant-bye-bye-point-noir-120g-some-by-mi\/","og_locale":"ar_AR","og_type":"article","og_title":"Gel Nettoyant Bye Bye point noir 120g Some By Mi - Prixgro","og_description":"Nettoyant \u00e0 bulles formul\u00e9 avec 240 000 ppm d'eau de th\u00e9 vert, 16 extraits de th\u00e9 et 5 000 ppm de BHA d'origine naturelle pour nettoyer...","og_url":"https:\/\/prixgro.com\/ar\/product\/gel-nettoyant-bye-bye-point-noir-120g-some-by-mi\/","og_site_name":"Prixgro","article_publisher":"https:\/\/www.facebook.com\/Pharmacima","article_modified_time":"2024-08-06T16:43:53+00:00","og_image":[{"width":540,"height":540,"url":"https:\/\/prixgro.com\/wp-content\/uploads\/2024\/01\/bye-bye-blackhead-.png","type":"image\/png"}],"twitter_card":"summary_large_image","twitter_misc":{"\u0648\u0642\u062a \u0627\u0644\u0642\u0631\u0627\u0621\u0629 \u0627\u0644\u0645\u064f\u0642\u062f\u0651\u0631":"3 \u062f\u0642\u0627\u0626\u0642"},"schema":{"@context":"https:\/\/schema.org","@graph":[{"@type":"WebPage","@id":"https:\/\/prixgro.com\/product\/gel-nettoyant-bye-bye-point-noir-120g-some-by-mi\/","url":"https:\/\/prixgro.com\/product\/gel-nettoyant-bye-bye-point-noir-120g-some-by-mi\/","name":"Gel Nettoyant Bye Bye point noir 120g Some By Mi - Prixgro","isPartOf":{"@id":"https:\/\/prixgro.com\/#website"},"primaryImageOfPage":{"@id":"https:\/\/prixgro.com\/product\/gel-nettoyant-bye-bye-point-noir-120g-some-by-mi\/#primaryimage"},"image":{"@id":"https:\/\/prixgro.com\/product\/gel-nettoyant-bye-bye-point-noir-120g-some-by-mi\/#primaryimage"},"thumbnailUrl":"https:\/\/prixgro.com\/wp-content\/uploads\/2024\/01\/bye-bye-blackhead-.png","datePublished":"2024-04-09T12:33:47+00:00","dateModified":"2024-08-06T16:43:53+00:00","description":"Nettoyant \u00e0 bulles formul\u00e9 avec 240 000 ppm d'eau de th\u00e9 vert, 16 extraits de th\u00e9 et 5 000 ppm de BHA d'origine naturelle pour nettoyer...","breadcrumb":{"@id":"https:\/\/prixgro.com\/product\/gel-nettoyant-bye-bye-point-noir-120g-some-by-mi\/#breadcrumb"},"inLanguage":"ar","potentialAction":[{"@type":"ReadAction","target":["https:\/\/prixgro.com\/product\/gel-nettoyant-bye-bye-point-noir-120g-some-by-mi\/"]}]},{"@type":"ImageObject","inLanguage":"ar","@id":"https:\/\/prixgro.com\/product\/gel-nettoyant-bye-bye-point-noir-120g-some-by-mi\/#primaryimage","url":"https:\/\/prixgro.com\/wp-content\/uploads\/2024\/01\/bye-bye-blackhead-.png","contentUrl":"https:\/\/prixgro.com\/wp-content\/uploads\/2024\/01\/bye-bye-blackhead-.png","width":540,"height":540},{"@type":"BreadcrumbList","@id":"https:\/\/prixgro.com\/product\/gel-nettoyant-bye-bye-point-noir-120g-some-by-mi\/#breadcrumb","itemListElement":[{"@type":"ListItem","position":1,"name":"Accueil","item":"https:\/\/prixgro.com\/"},{"@type":"ListItem","position":2,"name":"Boutique en ligne","item":"https:\/\/prixgro.com\/shop\/"},{"@type":"ListItem","position":3,"name":"Gel Nettoyant Bye Bye point noir 120g Some By Mi"}]},{"@type":"WebSite","@id":"https:\/\/prixgro.com\/#website","url":"https:\/\/prixgro.com\/","name":"Prixgro.com","description":"Para Pharmaceutique et Cosm\u00e9tique","publisher":{"@id":"https:\/\/prixgro.com\/#organization"},"potentialAction":[{"@type":"SearchAction","target":{"@type":"EntryPoint","urlTemplate":"https:\/\/prixgro.com\/?s={search_term_string}"},"query-input":{"@type":"PropertyValueSpecification","valueRequired":true,"valueName":"search_term_string"}}],"inLanguage":"ar"},{"@type":"Organization","@id":"https:\/\/prixgro.com\/#organization","name":"Prixgro","url":"https:\/\/prixgro.com\/","logo":{"@type":"ImageObject","inLanguage":"ar","@id":"https:\/\/prixgro.com\/#\/schema\/logo\/image\/","url":"https:\/\/prixgro.com\/wp-content\/uploads\/2024\/08\/cropped-Nouveau-projet-2.png","contentUrl":"https:\/\/prixgro.com\/wp-content\/uploads\/2024\/08\/cropped-Nouveau-projet-2.png","width":265,"height":62,"caption":"Prixgro"},"image":{"@id":"https:\/\/prixgro.com\/#\/schema\/logo\/image\/"},"sameAs":["https:\/\/www.facebook.com\/Pharmacima"]}]}},"_links":{"self":[{"href":"https:\/\/prixgro.com\/ar\/wp-json\/wp\/v2\/product\/142522","targetHints":{"allow":["GET"]}}],"collection":[{"href":"https:\/\/prixgro.com\/ar\/wp-json\/wp\/v2\/product"}],"about":[{"href":"https:\/\/prixgro.com\/ar\/wp-json\/wp\/v2\/types\/product"}],"replies":[{"embeddable":true,"href":"https:\/\/prixgro.com\/ar\/wp-json\/wp\/v2\/comments?post=142522"}],"wp:featuredmedia":[{"embeddable":true,"href":"https:\/\/prixgro.com\/ar\/wp-json\/wp\/v2\/media\/12135"}],"wp:attachment":[{"href":"https:\/\/prixgro.com\/ar\/wp-json\/wp\/v2\/media?parent=142522"}],"wp:term":[{"taxonomy":"product_cat","embeddable":true,"href":"https:\/\/prixgro.com\/ar\/wp-json\/wp\/v2\/product_cat?post=142522"},{"taxonomy":"product_tag","embeddable":true,"href":"https:\/\/prixgro.com\/ar\/wp-json\/wp\/v2\/product_tag?post=142522"},{"taxonomy":"berocket_brand","embeddable":true,"href":"https:\/\/prixgro.com\/ar\/wp-json\/wp\/v2\/berocket_brand?post=142522"}],"curies":[{"name":"wp","href":"https:\/\/api.w.org\/{rel}","templated":true}]}}