{"id":142529,"date":"2024-04-09T14:33:48","date_gmt":"2024-04-09T12:33:48","guid":{"rendered":"https:\/\/cloodmanager.net\/?post_type=product&#038;p=142529"},"modified":"2024-08-08T13:20:56","modified_gmt":"2024-08-08T11:20:56","slug":"blush-liquide-joues-et-levres-fruit-punch-sheglam","status":"publish","type":"product","link":"https:\/\/prixgro.com\/ar\/product\/blush-liquide-joues-et-levres-fruit-punch-sheglam\/","title":{"rendered":"Blush Liquide joues et l\u00e8vres Fruit Punch Sheglam"},"content":{"rendered":"<h2><strong>DESCRIPTION :<\/strong><\/h2>\n<p class=\"\">Votre couleur naturelle de rouge \u00e0 l\u00e8vres et de l\u00e8vres, mais en MIEUX ! Cette teinte liquide pour joues et l\u00e8vres facile \u00e0 utiliser offre un look naturel qui ne bougera pas apr\u00e8s une longue journ\u00e9e<\/p>\n<p class=\"\">Formul\u00e9 \u00e0 base d\u2019hyaluronate de sodium et d\u2019extrait de fucus, il hydrate \u00e9galement votre peau pour des joues et des l\u00e8vres ultra roses et rebondies !<\/p>\n<p><strong>Gestion de la dur\u00e9e de conservation Oui\/Non :<\/strong>\u00a0Oui<br \/>\n<strong>Finition :<\/strong>\u00a0Mat<br \/>\n<strong>Avantages :<\/strong>\u00a0Sans alcool, sans cruaut\u00e9 envers les animaux, v\u00e9g\u00e9talien, min\u00e9raux ajout\u00e9s, sans gluten, sans silicone, sans parab\u00e8ne, sans talc, recyclage<br \/>\n<strong>Cat\u00e9gories sensibles :<\/strong>\u00a0contenant de la p\u00e2te<br \/>\n<strong>Type tarifaire :<\/strong>\u00a0Brillant \u00e0 l\u00e8vres<br \/>\n<strong>Couleur : Fruit Punch<\/strong><\/p>\n<h2><strong>COMPOSITION :<\/strong><\/h2>\n<p><strong>Ingr\u00e9dients\u00a0:<\/strong>\u00a0EAU\/AQUA\/EAU, POLYSORBATE 20, PENTYL\u00c8NE GLYCOL, PH\u00c9NOXY\u00c9THANOL, BUTYL\u00c8NE GLYCOL, \u00c9THYLHEXYLGLYCERINE, PPG-26-BUTETH-26, PEG-40 HUILE DE RICIN HYDROG\u00c9N\u00c9E, \u00c9THYLHEXYL M\u00c9THOXYCINNAMATE, DISODIUM EDTA, BUTYL METHOXYDIBENZOYLMETHANE, ETHYLHEXYL SALIC YLATE, PARFUM\/ PARFUM, LIMONENE, JAUNE 6 (CI 15985), ROUGE 33 (CI 17200), BLEU 1 (CI 42090).<\/p>","protected":false},"excerpt":{"rendered":"<p>DESCRIPTION : Votre couleur naturelle de rouge \u00e0 l\u00e8vres et de l\u00e8vres, mais en MIEUX ! Cette teinte liquide pour&#8230;<\/p>","protected":false},"featured_media":12269,"comment_status":"open","ping_status":"closed","template":"","meta":[],"product_cat":[432,429,436],"product_tag":[],"berocket_brand":[747],"class_list":{"0":"post-142529","1":"product","2":"type-product","3":"status-publish","4":"has-post-thumbnail","6":"product_cat-levres-maquillage","7":"product_cat-maquillage","8":"product_cat-visage-maquillage","9":"berocket_brand-sheglam","11":"first","12":"outofstock","13":"shipping-taxable","14":"purchasable","15":"product-type-simple"},"yoast_head":"<!-- This site is optimized with the Yoast SEO plugin v24.8 - https:\/\/yoast.com\/wordpress\/plugins\/seo\/ -->\n<title>Blush Liquide joues et l\u00e8vres Fruit Punch Sheglam - Prixgro<\/title>\n<meta name=\"description\" content=\"Votre couleur naturelle de rouge \u00e0 l\u00e8vres et de l\u00e8vres, mais en MIEUX ! Cette teinte liquide pour joues et l\u00e8vres facile \u00e0 utiliser offre un look naturel\" \/>\n<meta name=\"robots\" content=\"index, follow, max-snippet:-1, max-image-preview:large, max-video-preview:-1\" \/>\n<link rel=\"canonical\" href=\"https:\/\/prixgro.com\/ar\/product\/blush-liquide-joues-et-levres-fruit-punch-sheglam\/\" \/>\n<meta property=\"og:locale\" content=\"ar_AR\" \/>\n<meta property=\"og:type\" content=\"article\" \/>\n<meta property=\"og:title\" content=\"Blush Liquide joues et l\u00e8vres Fruit Punch Sheglam - Prixgro\" \/>\n<meta property=\"og:description\" content=\"Votre couleur naturelle de rouge \u00e0 l\u00e8vres et de l\u00e8vres, mais en MIEUX ! Cette teinte liquide pour joues et l\u00e8vres facile \u00e0 utiliser offre un look naturel\" \/>\n<meta property=\"og:url\" content=\"https:\/\/prixgro.com\/ar\/product\/blush-liquide-joues-et-levres-fruit-punch-sheglam\/\" \/>\n<meta property=\"og:site_name\" content=\"Prixgro\" \/>\n<meta property=\"article:publisher\" content=\"https:\/\/www.facebook.com\/Pharmacima\" \/>\n<meta property=\"article:modified_time\" content=\"2024-08-08T11:20:56+00:00\" \/>\n<meta property=\"og:image\" content=\"https:\/\/prixgro.com\/wp-content\/uploads\/2024\/03\/sheglam-1.png\" \/>\n\t<meta property=\"og:image:width\" content=\"540\" \/>\n\t<meta property=\"og:image:height\" content=\"540\" \/>\n\t<meta property=\"og:image:type\" content=\"image\/png\" \/>\n<meta name=\"twitter:card\" content=\"summary_large_image\" \/>\n<meta name=\"twitter:label1\" content=\"\u0648\u0642\u062a \u0627\u0644\u0642\u0631\u0627\u0621\u0629 \u0627\u0644\u0645\u064f\u0642\u062f\u0651\u0631\" \/>\n\t<meta name=\"twitter:data1\" content=\"\u062f\u0642\u064a\u0642\u0629 \u0648\u0627\u062d\u062f\u0629\" \/>\n<script type=\"application\/ld+json\" class=\"yoast-schema-graph\">{\"@context\":\"https:\/\/schema.org\",\"@graph\":[{\"@type\":\"WebPage\",\"@id\":\"https:\/\/prixgro.com\/product\/blush-liquide-joues-et-levres-fruit-punch-sheglam\/\",\"url\":\"https:\/\/prixgro.com\/product\/blush-liquide-joues-et-levres-fruit-punch-sheglam\/\",\"name\":\"Blush Liquide joues et l\u00e8vres Fruit Punch Sheglam - Prixgro\",\"isPartOf\":{\"@id\":\"https:\/\/prixgro.com\/#website\"},\"primaryImageOfPage\":{\"@id\":\"https:\/\/prixgro.com\/product\/blush-liquide-joues-et-levres-fruit-punch-sheglam\/#primaryimage\"},\"image\":{\"@id\":\"https:\/\/prixgro.com\/product\/blush-liquide-joues-et-levres-fruit-punch-sheglam\/#primaryimage\"},\"thumbnailUrl\":\"https:\/\/prixgro.com\/wp-content\/uploads\/2024\/03\/sheglam-1.png\",\"datePublished\":\"2024-04-09T12:33:48+00:00\",\"dateModified\":\"2024-08-08T11:20:56+00:00\",\"description\":\"Votre couleur naturelle de rouge \u00e0 l\u00e8vres et de l\u00e8vres, mais en MIEUX ! Cette teinte liquide pour joues et l\u00e8vres facile \u00e0 utiliser offre un look naturel\",\"breadcrumb\":{\"@id\":\"https:\/\/prixgro.com\/product\/blush-liquide-joues-et-levres-fruit-punch-sheglam\/#breadcrumb\"},\"inLanguage\":\"ar\",\"potentialAction\":[{\"@type\":\"ReadAction\",\"target\":[\"https:\/\/prixgro.com\/product\/blush-liquide-joues-et-levres-fruit-punch-sheglam\/\"]}]},{\"@type\":\"ImageObject\",\"inLanguage\":\"ar\",\"@id\":\"https:\/\/prixgro.com\/product\/blush-liquide-joues-et-levres-fruit-punch-sheglam\/#primaryimage\",\"url\":\"https:\/\/prixgro.com\/wp-content\/uploads\/2024\/03\/sheglam-1.png\",\"contentUrl\":\"https:\/\/prixgro.com\/wp-content\/uploads\/2024\/03\/sheglam-1.png\",\"width\":540,\"height\":540},{\"@type\":\"BreadcrumbList\",\"@id\":\"https:\/\/prixgro.com\/product\/blush-liquide-joues-et-levres-fruit-punch-sheglam\/#breadcrumb\",\"itemListElement\":[{\"@type\":\"ListItem\",\"position\":1,\"name\":\"Accueil\",\"item\":\"https:\/\/prixgro.com\/\"},{\"@type\":\"ListItem\",\"position\":2,\"name\":\"Boutique en ligne\",\"item\":\"https:\/\/prixgro.com\/shop\/\"},{\"@type\":\"ListItem\",\"position\":3,\"name\":\"Blush Liquide joues et l\u00e8vres Fruit Punch Sheglam\"}]},{\"@type\":\"WebSite\",\"@id\":\"https:\/\/prixgro.com\/#website\",\"url\":\"https:\/\/prixgro.com\/\",\"name\":\"Prixgro.com\",\"description\":\"Para Pharmaceutique et Cosm\u00e9tique\",\"publisher\":{\"@id\":\"https:\/\/prixgro.com\/#organization\"},\"potentialAction\":[{\"@type\":\"SearchAction\",\"target\":{\"@type\":\"EntryPoint\",\"urlTemplate\":\"https:\/\/prixgro.com\/?s={search_term_string}\"},\"query-input\":{\"@type\":\"PropertyValueSpecification\",\"valueRequired\":true,\"valueName\":\"search_term_string\"}}],\"inLanguage\":\"ar\"},{\"@type\":\"Organization\",\"@id\":\"https:\/\/prixgro.com\/#organization\",\"name\":\"Prixgro\",\"url\":\"https:\/\/prixgro.com\/\",\"logo\":{\"@type\":\"ImageObject\",\"inLanguage\":\"ar\",\"@id\":\"https:\/\/prixgro.com\/#\/schema\/logo\/image\/\",\"url\":\"https:\/\/prixgro.com\/wp-content\/uploads\/2024\/08\/cropped-Nouveau-projet-2.png\",\"contentUrl\":\"https:\/\/prixgro.com\/wp-content\/uploads\/2024\/08\/cropped-Nouveau-projet-2.png\",\"width\":265,\"height\":62,\"caption\":\"Prixgro\"},\"image\":{\"@id\":\"https:\/\/prixgro.com\/#\/schema\/logo\/image\/\"},\"sameAs\":[\"https:\/\/www.facebook.com\/Pharmacima\"]}]}<\/script>\n<!-- \/ Yoast SEO plugin. -->","yoast_head_json":{"title":"Blush Liquide joues et l\u00e8vres Fruit Punch Sheglam - Prixgro","description":"Votre couleur naturelle de rouge \u00e0 l\u00e8vres et de l\u00e8vres, mais en MIEUX ! Cette teinte liquide pour joues et l\u00e8vres facile \u00e0 utiliser offre un look naturel","robots":{"index":"index","follow":"follow","max-snippet":"max-snippet:-1","max-image-preview":"max-image-preview:large","max-video-preview":"max-video-preview:-1"},"canonical":"https:\/\/prixgro.com\/ar\/product\/blush-liquide-joues-et-levres-fruit-punch-sheglam\/","og_locale":"ar_AR","og_type":"article","og_title":"Blush Liquide joues et l\u00e8vres Fruit Punch Sheglam - Prixgro","og_description":"Votre couleur naturelle de rouge \u00e0 l\u00e8vres et de l\u00e8vres, mais en MIEUX ! Cette teinte liquide pour joues et l\u00e8vres facile \u00e0 utiliser offre un look naturel","og_url":"https:\/\/prixgro.com\/ar\/product\/blush-liquide-joues-et-levres-fruit-punch-sheglam\/","og_site_name":"Prixgro","article_publisher":"https:\/\/www.facebook.com\/Pharmacima","article_modified_time":"2024-08-08T11:20:56+00:00","og_image":[{"width":540,"height":540,"url":"https:\/\/prixgro.com\/wp-content\/uploads\/2024\/03\/sheglam-1.png","type":"image\/png"}],"twitter_card":"summary_large_image","twitter_misc":{"\u0648\u0642\u062a \u0627\u0644\u0642\u0631\u0627\u0621\u0629 \u0627\u0644\u0645\u064f\u0642\u062f\u0651\u0631":"\u062f\u0642\u064a\u0642\u0629 \u0648\u0627\u062d\u062f\u0629"},"schema":{"@context":"https:\/\/schema.org","@graph":[{"@type":"WebPage","@id":"https:\/\/prixgro.com\/product\/blush-liquide-joues-et-levres-fruit-punch-sheglam\/","url":"https:\/\/prixgro.com\/product\/blush-liquide-joues-et-levres-fruit-punch-sheglam\/","name":"Blush Liquide joues et l\u00e8vres Fruit Punch Sheglam - Prixgro","isPartOf":{"@id":"https:\/\/prixgro.com\/#website"},"primaryImageOfPage":{"@id":"https:\/\/prixgro.com\/product\/blush-liquide-joues-et-levres-fruit-punch-sheglam\/#primaryimage"},"image":{"@id":"https:\/\/prixgro.com\/product\/blush-liquide-joues-et-levres-fruit-punch-sheglam\/#primaryimage"},"thumbnailUrl":"https:\/\/prixgro.com\/wp-content\/uploads\/2024\/03\/sheglam-1.png","datePublished":"2024-04-09T12:33:48+00:00","dateModified":"2024-08-08T11:20:56+00:00","description":"Votre couleur naturelle de rouge \u00e0 l\u00e8vres et de l\u00e8vres, mais en MIEUX ! Cette teinte liquide pour joues et l\u00e8vres facile \u00e0 utiliser offre un look naturel","breadcrumb":{"@id":"https:\/\/prixgro.com\/product\/blush-liquide-joues-et-levres-fruit-punch-sheglam\/#breadcrumb"},"inLanguage":"ar","potentialAction":[{"@type":"ReadAction","target":["https:\/\/prixgro.com\/product\/blush-liquide-joues-et-levres-fruit-punch-sheglam\/"]}]},{"@type":"ImageObject","inLanguage":"ar","@id":"https:\/\/prixgro.com\/product\/blush-liquide-joues-et-levres-fruit-punch-sheglam\/#primaryimage","url":"https:\/\/prixgro.com\/wp-content\/uploads\/2024\/03\/sheglam-1.png","contentUrl":"https:\/\/prixgro.com\/wp-content\/uploads\/2024\/03\/sheglam-1.png","width":540,"height":540},{"@type":"BreadcrumbList","@id":"https:\/\/prixgro.com\/product\/blush-liquide-joues-et-levres-fruit-punch-sheglam\/#breadcrumb","itemListElement":[{"@type":"ListItem","position":1,"name":"Accueil","item":"https:\/\/prixgro.com\/"},{"@type":"ListItem","position":2,"name":"Boutique en ligne","item":"https:\/\/prixgro.com\/shop\/"},{"@type":"ListItem","position":3,"name":"Blush Liquide joues et l\u00e8vres Fruit Punch Sheglam"}]},{"@type":"WebSite","@id":"https:\/\/prixgro.com\/#website","url":"https:\/\/prixgro.com\/","name":"Prixgro.com","description":"Para Pharmaceutique et Cosm\u00e9tique","publisher":{"@id":"https:\/\/prixgro.com\/#organization"},"potentialAction":[{"@type":"SearchAction","target":{"@type":"EntryPoint","urlTemplate":"https:\/\/prixgro.com\/?s={search_term_string}"},"query-input":{"@type":"PropertyValueSpecification","valueRequired":true,"valueName":"search_term_string"}}],"inLanguage":"ar"},{"@type":"Organization","@id":"https:\/\/prixgro.com\/#organization","name":"Prixgro","url":"https:\/\/prixgro.com\/","logo":{"@type":"ImageObject","inLanguage":"ar","@id":"https:\/\/prixgro.com\/#\/schema\/logo\/image\/","url":"https:\/\/prixgro.com\/wp-content\/uploads\/2024\/08\/cropped-Nouveau-projet-2.png","contentUrl":"https:\/\/prixgro.com\/wp-content\/uploads\/2024\/08\/cropped-Nouveau-projet-2.png","width":265,"height":62,"caption":"Prixgro"},"image":{"@id":"https:\/\/prixgro.com\/#\/schema\/logo\/image\/"},"sameAs":["https:\/\/www.facebook.com\/Pharmacima"]}]}},"_links":{"self":[{"href":"https:\/\/prixgro.com\/ar\/wp-json\/wp\/v2\/product\/142529","targetHints":{"allow":["GET"]}}],"collection":[{"href":"https:\/\/prixgro.com\/ar\/wp-json\/wp\/v2\/product"}],"about":[{"href":"https:\/\/prixgro.com\/ar\/wp-json\/wp\/v2\/types\/product"}],"replies":[{"embeddable":true,"href":"https:\/\/prixgro.com\/ar\/wp-json\/wp\/v2\/comments?post=142529"}],"wp:featuredmedia":[{"embeddable":true,"href":"https:\/\/prixgro.com\/ar\/wp-json\/wp\/v2\/media\/12269"}],"wp:attachment":[{"href":"https:\/\/prixgro.com\/ar\/wp-json\/wp\/v2\/media?parent=142529"}],"wp:term":[{"taxonomy":"product_cat","embeddable":true,"href":"https:\/\/prixgro.com\/ar\/wp-json\/wp\/v2\/product_cat?post=142529"},{"taxonomy":"product_tag","embeddable":true,"href":"https:\/\/prixgro.com\/ar\/wp-json\/wp\/v2\/product_tag?post=142529"},{"taxonomy":"berocket_brand","embeddable":true,"href":"https:\/\/prixgro.com\/ar\/wp-json\/wp\/v2\/berocket_brand?post=142529"}],"curies":[{"name":"wp","href":"https:\/\/api.w.org\/{rel}","templated":true}]}}