{"id":142534,"date":"2024-04-09T14:33:48","date_gmt":"2024-04-09T12:33:48","guid":{"rendered":"https:\/\/cloodmanager.net\/?post_type=product&#038;p=142534"},"modified":"2024-08-11T18:01:53","modified_gmt":"2024-08-11T16:01:53","slug":"fixateur-sourcils-sheglam","status":"publish","type":"product","link":"https:\/\/prixgro.com\/ar\/product\/fixateur-sourcils-sheglam\/","title":{"rendered":"Fixateur Sourcils Sheglam"},"content":{"rendered":"<h2><strong>DESCRIPITON :<\/strong><\/h2>\n<p class=\"\">Obtenez des sourcils parfaits, \u00e0 VOTRE mani\u00e8re, avec notre gel tenue pour sourcils Set Me Up !\u00a0Dot\u00e9 d&#8217;une texture gel rafra\u00eechissante qui ne tachera pas votre base et n&#8217;obstruera pas vos pores, ce gel aide \u00e0 maintenir la forme de vos sourcils pr\u00e9f\u00e9r\u00e9e !\u00a0N&#8217;oubliez pas notre brosse \u00e0 sourcils pratique \u00e0 double extr\u00e9mit\u00e9 !\u00a0Fixez-les et oubliez-les avec ce fid\u00e8le gel pour sourcils !<\/p>\n<p><strong>Avantages :<\/strong>\u00a0R\u00e9sistant \u00e0 l&#8217;eau, sans alcool, sans cruaut\u00e9 envers les animaux, v\u00e9g\u00e9talien, sans parfum, sans silicone, sans paraben, sans talc, d\u00e9finissant, recyclable<br \/>\n<strong>Type :<\/strong>\u00a0Gel pour sourcils<br \/>\n<strong>Texture :<\/strong>\u00a0Cire<br \/>\n<strong>Cat\u00e9gories sensibles :<\/strong>\u00a0Contenant de la p\u00e2te<br \/>\n<strong>Type tarifaire:<\/strong>\u00a0Gel pour sourcils<br \/>\n<strong>Couleur:<\/strong>\u00a0Crystal Clear<\/p>\n<h2><b>COMPOSITION :<\/b><\/h2>\n<p><strong>Ingr\u00e9dients\u00a0:<\/strong>\u00a0EAU\/AQUA\/EAU, CETEARETH-30, GLYCERIN, CETEARETH-20, BUTYLENE GLYCOL, PEG-8 CAPRYLIC\/CAPRIC GLYCERIDES, VP\/VA COPOLYMER, PHENOXYETHANOL, HYDROXYACETOPHENONE, HYDROLYSED BL\u00c9 PROTEINE\/PVP CROSSPOLYMERE, ETHYLHEXYLGLYCERIN.<\/p>","protected":false},"excerpt":{"rendered":"<p>DESCRIPITON : Obtenez des sourcils parfaits, \u00e0 VOTRE mani\u00e8re, avec notre gel tenue pour sourcils Set Me Up !\u00a0Dot\u00e9 d&#8217;une&#8230;<\/p>","protected":false},"featured_media":12279,"comment_status":"open","ping_status":"closed","template":"","meta":[],"product_cat":[429,433],"product_tag":[],"berocket_brand":[747],"class_list":{"0":"post-142534","1":"product","2":"type-product","3":"status-publish","4":"has-post-thumbnail","6":"product_cat-maquillage","7":"product_cat-yeux-maquillage","8":"berocket_brand-sheglam","10":"first","11":"outofstock","12":"shipping-taxable","13":"purchasable","14":"product-type-simple"},"yoast_head":"<!-- This site is optimized with the Yoast SEO plugin v24.8 - https:\/\/yoast.com\/wordpress\/plugins\/seo\/ -->\n<title>Fixateur Sourcils Sheglam - Prixgro<\/title>\n<meta name=\"description\" content=\"Obtenez des sourcils parfaits, \u00e0 VOTRE mani\u00e8re, avec notre gel tenue pour sourcils Set Me Up !\u00a0Dot\u00e9 d&#039;une texture gel rafra\u00eechissante qui ne t\" \/>\n<meta name=\"robots\" content=\"index, follow, max-snippet:-1, max-image-preview:large, max-video-preview:-1\" \/>\n<link rel=\"canonical\" href=\"https:\/\/prixgro.com\/ar\/product\/fixateur-sourcils-sheglam\/\" \/>\n<meta property=\"og:locale\" content=\"ar_AR\" \/>\n<meta property=\"og:type\" content=\"article\" \/>\n<meta property=\"og:title\" content=\"Fixateur Sourcils Sheglam - Prixgro\" \/>\n<meta property=\"og:description\" content=\"Obtenez des sourcils parfaits, \u00e0 VOTRE mani\u00e8re, avec notre gel tenue pour sourcils Set Me Up !\u00a0Dot\u00e9 d&#039;une texture gel rafra\u00eechissante qui ne t\" \/>\n<meta property=\"og:url\" content=\"https:\/\/prixgro.com\/ar\/product\/fixateur-sourcils-sheglam\/\" \/>\n<meta property=\"og:site_name\" content=\"Prixgro\" \/>\n<meta property=\"article:publisher\" content=\"https:\/\/www.facebook.com\/Pharmacima\" \/>\n<meta property=\"article:modified_time\" content=\"2024-08-11T16:01:53+00:00\" \/>\n<meta property=\"og:image\" content=\"https:\/\/prixgro.com\/wp-content\/uploads\/2024\/03\/fixez-moi-.png\" \/>\n\t<meta property=\"og:image:width\" content=\"540\" \/>\n\t<meta property=\"og:image:height\" content=\"540\" \/>\n\t<meta property=\"og:image:type\" content=\"image\/png\" \/>\n<meta name=\"twitter:card\" content=\"summary_large_image\" \/>\n<meta name=\"twitter:label1\" content=\"\u0648\u0642\u062a \u0627\u0644\u0642\u0631\u0627\u0621\u0629 \u0627\u0644\u0645\u064f\u0642\u062f\u0651\u0631\" \/>\n\t<meta name=\"twitter:data1\" content=\"\u062f\u0642\u064a\u0642\u0629 \u0648\u0627\u062d\u062f\u0629\" \/>\n<script type=\"application\/ld+json\" class=\"yoast-schema-graph\">{\"@context\":\"https:\/\/schema.org\",\"@graph\":[{\"@type\":\"WebPage\",\"@id\":\"https:\/\/prixgro.com\/product\/fixateur-sourcils-sheglam\/\",\"url\":\"https:\/\/prixgro.com\/product\/fixateur-sourcils-sheglam\/\",\"name\":\"Fixateur Sourcils Sheglam - Prixgro\",\"isPartOf\":{\"@id\":\"https:\/\/prixgro.com\/#website\"},\"primaryImageOfPage\":{\"@id\":\"https:\/\/prixgro.com\/product\/fixateur-sourcils-sheglam\/#primaryimage\"},\"image\":{\"@id\":\"https:\/\/prixgro.com\/product\/fixateur-sourcils-sheglam\/#primaryimage\"},\"thumbnailUrl\":\"https:\/\/prixgro.com\/wp-content\/uploads\/2024\/03\/fixez-moi-.png\",\"datePublished\":\"2024-04-09T12:33:48+00:00\",\"dateModified\":\"2024-08-11T16:01:53+00:00\",\"description\":\"Obtenez des sourcils parfaits, \u00e0 VOTRE mani\u00e8re, avec notre gel tenue pour sourcils Set Me Up !\u00a0Dot\u00e9 d'une texture gel rafra\u00eechissante qui ne t\",\"breadcrumb\":{\"@id\":\"https:\/\/prixgro.com\/product\/fixateur-sourcils-sheglam\/#breadcrumb\"},\"inLanguage\":\"ar\",\"potentialAction\":[{\"@type\":\"ReadAction\",\"target\":[\"https:\/\/prixgro.com\/product\/fixateur-sourcils-sheglam\/\"]}]},{\"@type\":\"ImageObject\",\"inLanguage\":\"ar\",\"@id\":\"https:\/\/prixgro.com\/product\/fixateur-sourcils-sheglam\/#primaryimage\",\"url\":\"https:\/\/prixgro.com\/wp-content\/uploads\/2024\/03\/fixez-moi-.png\",\"contentUrl\":\"https:\/\/prixgro.com\/wp-content\/uploads\/2024\/03\/fixez-moi-.png\",\"width\":540,\"height\":540},{\"@type\":\"BreadcrumbList\",\"@id\":\"https:\/\/prixgro.com\/product\/fixateur-sourcils-sheglam\/#breadcrumb\",\"itemListElement\":[{\"@type\":\"ListItem\",\"position\":1,\"name\":\"Accueil\",\"item\":\"https:\/\/prixgro.com\/\"},{\"@type\":\"ListItem\",\"position\":2,\"name\":\"Boutique en ligne\",\"item\":\"https:\/\/prixgro.com\/shop\/\"},{\"@type\":\"ListItem\",\"position\":3,\"name\":\"Fixateur Sourcils Sheglam\"}]},{\"@type\":\"WebSite\",\"@id\":\"https:\/\/prixgro.com\/#website\",\"url\":\"https:\/\/prixgro.com\/\",\"name\":\"Prixgro.com\",\"description\":\"Para Pharmaceutique et Cosm\u00e9tique\",\"publisher\":{\"@id\":\"https:\/\/prixgro.com\/#organization\"},\"potentialAction\":[{\"@type\":\"SearchAction\",\"target\":{\"@type\":\"EntryPoint\",\"urlTemplate\":\"https:\/\/prixgro.com\/?s={search_term_string}\"},\"query-input\":{\"@type\":\"PropertyValueSpecification\",\"valueRequired\":true,\"valueName\":\"search_term_string\"}}],\"inLanguage\":\"ar\"},{\"@type\":\"Organization\",\"@id\":\"https:\/\/prixgro.com\/#organization\",\"name\":\"Prixgro\",\"url\":\"https:\/\/prixgro.com\/\",\"logo\":{\"@type\":\"ImageObject\",\"inLanguage\":\"ar\",\"@id\":\"https:\/\/prixgro.com\/#\/schema\/logo\/image\/\",\"url\":\"https:\/\/prixgro.com\/wp-content\/uploads\/2024\/08\/cropped-Nouveau-projet-2.png\",\"contentUrl\":\"https:\/\/prixgro.com\/wp-content\/uploads\/2024\/08\/cropped-Nouveau-projet-2.png\",\"width\":265,\"height\":62,\"caption\":\"Prixgro\"},\"image\":{\"@id\":\"https:\/\/prixgro.com\/#\/schema\/logo\/image\/\"},\"sameAs\":[\"https:\/\/www.facebook.com\/Pharmacima\"]}]}<\/script>\n<!-- \/ Yoast SEO plugin. -->","yoast_head_json":{"title":"Fixateur Sourcils Sheglam - Prixgro","description":"Obtenez des sourcils parfaits, \u00e0 VOTRE mani\u00e8re, avec notre gel tenue pour sourcils Set Me Up !\u00a0Dot\u00e9 d'une texture gel rafra\u00eechissante qui ne t","robots":{"index":"index","follow":"follow","max-snippet":"max-snippet:-1","max-image-preview":"max-image-preview:large","max-video-preview":"max-video-preview:-1"},"canonical":"https:\/\/prixgro.com\/ar\/product\/fixateur-sourcils-sheglam\/","og_locale":"ar_AR","og_type":"article","og_title":"Fixateur Sourcils Sheglam - Prixgro","og_description":"Obtenez des sourcils parfaits, \u00e0 VOTRE mani\u00e8re, avec notre gel tenue pour sourcils Set Me Up !\u00a0Dot\u00e9 d'une texture gel rafra\u00eechissante qui ne t","og_url":"https:\/\/prixgro.com\/ar\/product\/fixateur-sourcils-sheglam\/","og_site_name":"Prixgro","article_publisher":"https:\/\/www.facebook.com\/Pharmacima","article_modified_time":"2024-08-11T16:01:53+00:00","og_image":[{"width":540,"height":540,"url":"https:\/\/prixgro.com\/wp-content\/uploads\/2024\/03\/fixez-moi-.png","type":"image\/png"}],"twitter_card":"summary_large_image","twitter_misc":{"\u0648\u0642\u062a \u0627\u0644\u0642\u0631\u0627\u0621\u0629 \u0627\u0644\u0645\u064f\u0642\u062f\u0651\u0631":"\u062f\u0642\u064a\u0642\u0629 \u0648\u0627\u062d\u062f\u0629"},"schema":{"@context":"https:\/\/schema.org","@graph":[{"@type":"WebPage","@id":"https:\/\/prixgro.com\/product\/fixateur-sourcils-sheglam\/","url":"https:\/\/prixgro.com\/product\/fixateur-sourcils-sheglam\/","name":"Fixateur Sourcils Sheglam - Prixgro","isPartOf":{"@id":"https:\/\/prixgro.com\/#website"},"primaryImageOfPage":{"@id":"https:\/\/prixgro.com\/product\/fixateur-sourcils-sheglam\/#primaryimage"},"image":{"@id":"https:\/\/prixgro.com\/product\/fixateur-sourcils-sheglam\/#primaryimage"},"thumbnailUrl":"https:\/\/prixgro.com\/wp-content\/uploads\/2024\/03\/fixez-moi-.png","datePublished":"2024-04-09T12:33:48+00:00","dateModified":"2024-08-11T16:01:53+00:00","description":"Obtenez des sourcils parfaits, \u00e0 VOTRE mani\u00e8re, avec notre gel tenue pour sourcils Set Me Up !\u00a0Dot\u00e9 d'une texture gel rafra\u00eechissante qui ne t","breadcrumb":{"@id":"https:\/\/prixgro.com\/product\/fixateur-sourcils-sheglam\/#breadcrumb"},"inLanguage":"ar","potentialAction":[{"@type":"ReadAction","target":["https:\/\/prixgro.com\/product\/fixateur-sourcils-sheglam\/"]}]},{"@type":"ImageObject","inLanguage":"ar","@id":"https:\/\/prixgro.com\/product\/fixateur-sourcils-sheglam\/#primaryimage","url":"https:\/\/prixgro.com\/wp-content\/uploads\/2024\/03\/fixez-moi-.png","contentUrl":"https:\/\/prixgro.com\/wp-content\/uploads\/2024\/03\/fixez-moi-.png","width":540,"height":540},{"@type":"BreadcrumbList","@id":"https:\/\/prixgro.com\/product\/fixateur-sourcils-sheglam\/#breadcrumb","itemListElement":[{"@type":"ListItem","position":1,"name":"Accueil","item":"https:\/\/prixgro.com\/"},{"@type":"ListItem","position":2,"name":"Boutique en ligne","item":"https:\/\/prixgro.com\/shop\/"},{"@type":"ListItem","position":3,"name":"Fixateur Sourcils Sheglam"}]},{"@type":"WebSite","@id":"https:\/\/prixgro.com\/#website","url":"https:\/\/prixgro.com\/","name":"Prixgro.com","description":"Para Pharmaceutique et Cosm\u00e9tique","publisher":{"@id":"https:\/\/prixgro.com\/#organization"},"potentialAction":[{"@type":"SearchAction","target":{"@type":"EntryPoint","urlTemplate":"https:\/\/prixgro.com\/?s={search_term_string}"},"query-input":{"@type":"PropertyValueSpecification","valueRequired":true,"valueName":"search_term_string"}}],"inLanguage":"ar"},{"@type":"Organization","@id":"https:\/\/prixgro.com\/#organization","name":"Prixgro","url":"https:\/\/prixgro.com\/","logo":{"@type":"ImageObject","inLanguage":"ar","@id":"https:\/\/prixgro.com\/#\/schema\/logo\/image\/","url":"https:\/\/prixgro.com\/wp-content\/uploads\/2024\/08\/cropped-Nouveau-projet-2.png","contentUrl":"https:\/\/prixgro.com\/wp-content\/uploads\/2024\/08\/cropped-Nouveau-projet-2.png","width":265,"height":62,"caption":"Prixgro"},"image":{"@id":"https:\/\/prixgro.com\/#\/schema\/logo\/image\/"},"sameAs":["https:\/\/www.facebook.com\/Pharmacima"]}]}},"_links":{"self":[{"href":"https:\/\/prixgro.com\/ar\/wp-json\/wp\/v2\/product\/142534","targetHints":{"allow":["GET"]}}],"collection":[{"href":"https:\/\/prixgro.com\/ar\/wp-json\/wp\/v2\/product"}],"about":[{"href":"https:\/\/prixgro.com\/ar\/wp-json\/wp\/v2\/types\/product"}],"replies":[{"embeddable":true,"href":"https:\/\/prixgro.com\/ar\/wp-json\/wp\/v2\/comments?post=142534"}],"wp:featuredmedia":[{"embeddable":true,"href":"https:\/\/prixgro.com\/ar\/wp-json\/wp\/v2\/media\/12279"}],"wp:attachment":[{"href":"https:\/\/prixgro.com\/ar\/wp-json\/wp\/v2\/media?parent=142534"}],"wp:term":[{"taxonomy":"product_cat","embeddable":true,"href":"https:\/\/prixgro.com\/ar\/wp-json\/wp\/v2\/product_cat?post=142534"},{"taxonomy":"product_tag","embeddable":true,"href":"https:\/\/prixgro.com\/ar\/wp-json\/wp\/v2\/product_tag?post=142534"},{"taxonomy":"berocket_brand","embeddable":true,"href":"https:\/\/prixgro.com\/ar\/wp-json\/wp\/v2\/berocket_brand?post=142534"}],"curies":[{"name":"wp","href":"https:\/\/api.w.org\/{rel}","templated":true}]}}