{"id":142539,"date":"2024-04-09T14:33:49","date_gmt":"2024-04-09T12:33:49","guid":{"rendered":"https:\/\/cloodmanager.net\/?post_type=product&#038;p=142539"},"modified":"2024-08-11T18:00:43","modified_gmt":"2024-08-11T16:00:43","slug":"ecran-solaire-oil-control-spf50-gel-creme-50ml-eucerin","status":"publish","type":"product","link":"https:\/\/prixgro.com\/ar\/product\/ecran-solaire-oil-control-spf50-gel-creme-50ml-eucerin\/","title":{"rendered":"Ecran solaire Oil Control spf50 Gel cr\u00e8me 50ml Eucerin"},"content":{"rendered":"<h2><strong>DESCRIPTION :<\/strong><\/h2>\n<div>\n<section class=\"cp-container eucerin-cp cp-text right\">\n<h3 class=\"hdl-3\"><em><strong>Protection solaire peau grasse &#8211; Cr\u00e8me Gel solaire SPF 50<\/strong><\/em><\/h3>\n<div class=\"text\">\n<p>Eucerin SUN PROTECTION OIL CONTROL Gel-Cr\u00e8me SPF 50+ est un produit solaire d&#8217;usage quotidien qui pr\u00e9sente un tr\u00e8s haut facteur de protection solaire,et qui est sp\u00e9cifiquement formul\u00e9 pour les visages \u00e0 peau grasse ou \u00e0 tendance acn\u00e9ique. Il allie une photoprotection avanc\u00e9e contre les dommages cutan\u00e9s caus\u00e9s par le soleil \u00e0 une solution active qui am\u00e9liore l&#8217;\u00e9tat de la peau.<\/p>\n<p>Tout d&#8217;abord, son syst\u00e8me de filtres UVA\/UVB hautement efficaces et photostables, conforme aux recommandations de l&#8217;Union Europ\u00e9enne, garantit une protection fiable.<\/p>\n<p>Ensuite, l&#8217;association de la\u00a0Licochalcone A\u00a0et de l&#8217;Acide Glycyrrh\u00e9tinique assure un soutien des m\u00e9canismes de protection cellulaire. La Licochalcone A est un puissant antioxydant naturel qui agit sur les radicaux libres g\u00e9n\u00e9r\u00e9s par les UV et la lumi\u00e8re visible de haute \u00e9nergie.<\/p>\n<p>L\u2019Acide Glycyrrh\u00e9tinique, aux propri\u00e9t\u00e9s antioxydantes, aide \u00e0 renforcer les m\u00e9canismes naturels de protection et de r\u00e9paration de l\u2019ADN de la peau.<\/p>\n<p>Enfin, sa Technologie Oil Control a \u00e9t\u00e9 d\u00e9velopp\u00e9e sp\u00e9cifiquement pour r\u00e9pondre aux besoins sp\u00e9cifiques des peaux grasses ou \u00e0 tendance acn\u00e9ique. Sa formule compos\u00e9e de L-Carnitine, s\u00e9bor\u00e9gulatrice, et d&#8217;une combinaison de trois pigments matifiants, produit imm\u00e9diatement un fini mat et sec longue tenue sur la peau, qui r\u00e9siste m\u00eame aux climats chauds et humides.<\/p>\n<p>Eucerin SUN PROTECTION OIL CONTROL Gel-Cr\u00e8me SPF 50+ est non com\u00e9dog\u00e8ne, ne contient ni parfum ni paraben, et constitue une base de maquillage id\u00e9ale.<\/p>\n<\/div>\n<\/section>\n<section class=\"cp-container eucerin-cp cp-text right\">\n<p class=\"hdl-3\">\u00c9tudes cliniques et dermatologiques<\/p>\n<div class=\"text\">Des \u00e9tudes cliniques ont prouv\u00e9 une tr\u00e8s bonne tol\u00e9rance cutan\u00e9e de Eucerin SUN PROTECTION OIL CONTROL Gel-Cr\u00e8me SPF 50+, m\u00eame chez les patients \u00e0 la peau sensible, grasse ou \u00e0 tendance acn\u00e9ique. L&#8217;efficacit\u00e9 de sa formule \u00e0 la L-carnitine, s\u00e9bor\u00e9gulatrice, et aux pigments matifiants a \u00e9t\u00e9 v\u00e9rifi\u00e9e par des tests suppl\u00e9mentaires r\u00e9alis\u00e9s dans le cadre de tests d&#8217;usage.<\/div>\n<div><\/div>\n<\/section>\n<div>\n<h2><strong>CONSEIL D&#8217;UTILISATION :<\/strong><\/h2>\n<\/div>\n<div>\n<ul>\n<li>Appliquez le matin apr\u00e8s votre soin de jour habituel<\/li>\n<\/ul>\n<h2>COMPOSITION :<\/h2>\n<div class=\"tabs wrapper\">\n<div class=\"tab-content\">\n<div id=\"tab-description\" class=\"entry-content tab-pane fade active show\" role=\"tabpanel\" aria-labelledby=\"tab-title-description\">\n<div class=\"panel panel-default\">\n<div id=\"acc-description\" class=\"panel-collapse collapse show\">\n<div class=\"panel-body clearfix\">\n<p>Aqua, C12-15 Alkyl Benzoate, Alcohol Denat, Butyl Methoxydibenzoylmethane, Ethylhexyl Triazone, Bis-Ethylhexyloxyphenol Methoxyphenyl Triazine, Dibutyl Adipate, Glyceryl Stearate Citrate, Silica, Phenylbenzimidazole Sulfonic Acid, Diethylamino Hydroxybenzoyl Hexyl Benzoate, Tapioca Starch, Silica Dimethyl Silylate, Cetearyl Alcohol, Behenyl Alcohol, Isobutylamido Thiazolyl Resorcinol, Glycyrrhiza Inflata Root Extract, acide-glycyrrhetinique, Tocopheryl Acetate, glycerine, Copernicia Cerifera Cera, Xanthan Gum, Ethylhexyl Salicylate, Butylene Glycol Dicaprylate-Dicaprate, Homosalate, Octocrylene, C12-15 Alkyl Benzoate, Tocopherol, Glucosylrutin, Isoquercitrin, Chondrus Crispus Extract, Xanthan Gum, Carrageenan, Hydroxypropyl Methylcellulose, Sodium Hydroxide, Trisodium EDTA, Hydroxyacetophenone, Phenoxyethanol, Ethylhexylglycerin, Parfum<\/p>\n<\/div>\n<\/div>\n<\/div>\n<\/div>\n<\/div>\n<\/div>\n<\/div>\n<\/div>","protected":false},"excerpt":{"rendered":"<p>DESCRIPTION : Protection solaire peau grasse &#8211; Cr\u00e8me Gel solaire SPF 50 Eucerin SUN PROTECTION OIL CONTROL Gel-Cr\u00e8me SPF 50+&#8230;<\/p>","protected":false},"featured_media":12291,"comment_status":"open","ping_status":"closed","template":"","meta":[],"product_cat":[17,36],"product_tag":[],"berocket_brand":[],"class_list":{"0":"post-142539","1":"product","2":"type-product","3":"status-publish","4":"has-post-thumbnail","6":"product_cat-soin-et-bien-etre","7":"product_cat-visage-soin-et-bien-etre","9":"first","10":"outofstock","11":"shipping-taxable","12":"purchasable","13":"product-type-simple"},"yoast_head":"<!-- This site is optimized with the Yoast SEO plugin v24.8 - https:\/\/yoast.com\/wordpress\/plugins\/seo\/ -->\n<title>Ecran solaire Oil Control spf50 Gel cr\u00e8me 50ml Eucerin - Prixgro<\/title>\n<meta name=\"robots\" content=\"index, follow, max-snippet:-1, max-image-preview:large, max-video-preview:-1\" \/>\n<link rel=\"canonical\" href=\"https:\/\/prixgro.com\/ar\/product\/ecran-solaire-oil-control-spf50-gel-creme-50ml-eucerin\/\" \/>\n<meta property=\"og:locale\" content=\"ar_AR\" \/>\n<meta property=\"og:type\" content=\"article\" \/>\n<meta property=\"og:title\" content=\"Ecran solaire Oil Control spf50 Gel cr\u00e8me 50ml Eucerin - Prixgro\" \/>\n<meta property=\"og:description\" content=\"DESCRIPTION : Protection solaire peau grasse &#8211; Cr\u00e8me Gel solaire SPF 50 Eucerin SUN PROTECTION OIL CONTROL Gel-Cr\u00e8me SPF 50+...\" \/>\n<meta property=\"og:url\" content=\"https:\/\/prixgro.com\/ar\/product\/ecran-solaire-oil-control-spf50-gel-creme-50ml-eucerin\/\" \/>\n<meta property=\"og:site_name\" content=\"Prixgro\" \/>\n<meta property=\"article:publisher\" content=\"https:\/\/www.facebook.com\/Pharmacima\" \/>\n<meta property=\"article:modified_time\" content=\"2024-08-11T16:00:43+00:00\" \/>\n<meta property=\"og:image\" content=\"https:\/\/prixgro.com\/wp-content\/uploads\/2024\/03\/eucerin-.png\" \/>\n\t<meta property=\"og:image:width\" content=\"540\" \/>\n\t<meta property=\"og:image:height\" content=\"540\" \/>\n\t<meta property=\"og:image:type\" content=\"image\/png\" \/>\n<meta name=\"twitter:card\" content=\"summary_large_image\" \/>\n<meta name=\"twitter:label1\" content=\"\u0648\u0642\u062a \u0627\u0644\u0642\u0631\u0627\u0621\u0629 \u0627\u0644\u0645\u064f\u0642\u062f\u0651\u0631\" \/>\n\t<meta name=\"twitter:data1\" content=\"\u062f\u0642\u064a\u0642\u062a\u0627\u0646\" \/>\n<script type=\"application\/ld+json\" class=\"yoast-schema-graph\">{\"@context\":\"https:\/\/schema.org\",\"@graph\":[{\"@type\":\"WebPage\",\"@id\":\"https:\/\/prixgro.com\/product\/ecran-solaire-oil-control-spf50-gel-creme-50ml-eucerin\/\",\"url\":\"https:\/\/prixgro.com\/product\/ecran-solaire-oil-control-spf50-gel-creme-50ml-eucerin\/\",\"name\":\"Ecran solaire Oil Control spf50 Gel cr\u00e8me 50ml Eucerin - Prixgro\",\"isPartOf\":{\"@id\":\"https:\/\/prixgro.com\/#website\"},\"primaryImageOfPage\":{\"@id\":\"https:\/\/prixgro.com\/product\/ecran-solaire-oil-control-spf50-gel-creme-50ml-eucerin\/#primaryimage\"},\"image\":{\"@id\":\"https:\/\/prixgro.com\/product\/ecran-solaire-oil-control-spf50-gel-creme-50ml-eucerin\/#primaryimage\"},\"thumbnailUrl\":\"https:\/\/prixgro.com\/wp-content\/uploads\/2024\/03\/eucerin-.png\",\"datePublished\":\"2024-04-09T12:33:49+00:00\",\"dateModified\":\"2024-08-11T16:00:43+00:00\",\"breadcrumb\":{\"@id\":\"https:\/\/prixgro.com\/product\/ecran-solaire-oil-control-spf50-gel-creme-50ml-eucerin\/#breadcrumb\"},\"inLanguage\":\"ar\",\"potentialAction\":[{\"@type\":\"ReadAction\",\"target\":[\"https:\/\/prixgro.com\/product\/ecran-solaire-oil-control-spf50-gel-creme-50ml-eucerin\/\"]}]},{\"@type\":\"ImageObject\",\"inLanguage\":\"ar\",\"@id\":\"https:\/\/prixgro.com\/product\/ecran-solaire-oil-control-spf50-gel-creme-50ml-eucerin\/#primaryimage\",\"url\":\"https:\/\/prixgro.com\/wp-content\/uploads\/2024\/03\/eucerin-.png\",\"contentUrl\":\"https:\/\/prixgro.com\/wp-content\/uploads\/2024\/03\/eucerin-.png\",\"width\":540,\"height\":540},{\"@type\":\"BreadcrumbList\",\"@id\":\"https:\/\/prixgro.com\/product\/ecran-solaire-oil-control-spf50-gel-creme-50ml-eucerin\/#breadcrumb\",\"itemListElement\":[{\"@type\":\"ListItem\",\"position\":1,\"name\":\"Accueil\",\"item\":\"https:\/\/prixgro.com\/\"},{\"@type\":\"ListItem\",\"position\":2,\"name\":\"Boutique en ligne\",\"item\":\"https:\/\/prixgro.com\/shop\/\"},{\"@type\":\"ListItem\",\"position\":3,\"name\":\"Ecran solaire Oil Control spf50 Gel cr\u00e8me 50ml Eucerin\"}]},{\"@type\":\"WebSite\",\"@id\":\"https:\/\/prixgro.com\/#website\",\"url\":\"https:\/\/prixgro.com\/\",\"name\":\"Prixgro.com\",\"description\":\"Para Pharmaceutique et Cosm\u00e9tique\",\"publisher\":{\"@id\":\"https:\/\/prixgro.com\/#organization\"},\"potentialAction\":[{\"@type\":\"SearchAction\",\"target\":{\"@type\":\"EntryPoint\",\"urlTemplate\":\"https:\/\/prixgro.com\/?s={search_term_string}\"},\"query-input\":{\"@type\":\"PropertyValueSpecification\",\"valueRequired\":true,\"valueName\":\"search_term_string\"}}],\"inLanguage\":\"ar\"},{\"@type\":\"Organization\",\"@id\":\"https:\/\/prixgro.com\/#organization\",\"name\":\"Prixgro\",\"url\":\"https:\/\/prixgro.com\/\",\"logo\":{\"@type\":\"ImageObject\",\"inLanguage\":\"ar\",\"@id\":\"https:\/\/prixgro.com\/#\/schema\/logo\/image\/\",\"url\":\"https:\/\/prixgro.com\/wp-content\/uploads\/2024\/08\/cropped-Nouveau-projet-2.png\",\"contentUrl\":\"https:\/\/prixgro.com\/wp-content\/uploads\/2024\/08\/cropped-Nouveau-projet-2.png\",\"width\":265,\"height\":62,\"caption\":\"Prixgro\"},\"image\":{\"@id\":\"https:\/\/prixgro.com\/#\/schema\/logo\/image\/\"},\"sameAs\":[\"https:\/\/www.facebook.com\/Pharmacima\"]}]}<\/script>\n<!-- \/ Yoast SEO plugin. -->","yoast_head_json":{"title":"Ecran solaire Oil Control spf50 Gel cr\u00e8me 50ml Eucerin - Prixgro","robots":{"index":"index","follow":"follow","max-snippet":"max-snippet:-1","max-image-preview":"max-image-preview:large","max-video-preview":"max-video-preview:-1"},"canonical":"https:\/\/prixgro.com\/ar\/product\/ecran-solaire-oil-control-spf50-gel-creme-50ml-eucerin\/","og_locale":"ar_AR","og_type":"article","og_title":"Ecran solaire Oil Control spf50 Gel cr\u00e8me 50ml Eucerin - Prixgro","og_description":"DESCRIPTION : Protection solaire peau grasse &#8211; Cr\u00e8me Gel solaire SPF 50 Eucerin SUN PROTECTION OIL CONTROL Gel-Cr\u00e8me SPF 50+...","og_url":"https:\/\/prixgro.com\/ar\/product\/ecran-solaire-oil-control-spf50-gel-creme-50ml-eucerin\/","og_site_name":"Prixgro","article_publisher":"https:\/\/www.facebook.com\/Pharmacima","article_modified_time":"2024-08-11T16:00:43+00:00","og_image":[{"width":540,"height":540,"url":"https:\/\/prixgro.com\/wp-content\/uploads\/2024\/03\/eucerin-.png","type":"image\/png"}],"twitter_card":"summary_large_image","twitter_misc":{"\u0648\u0642\u062a \u0627\u0644\u0642\u0631\u0627\u0621\u0629 \u0627\u0644\u0645\u064f\u0642\u062f\u0651\u0631":"\u062f\u0642\u064a\u0642\u062a\u0627\u0646"},"schema":{"@context":"https:\/\/schema.org","@graph":[{"@type":"WebPage","@id":"https:\/\/prixgro.com\/product\/ecran-solaire-oil-control-spf50-gel-creme-50ml-eucerin\/","url":"https:\/\/prixgro.com\/product\/ecran-solaire-oil-control-spf50-gel-creme-50ml-eucerin\/","name":"Ecran solaire Oil Control spf50 Gel cr\u00e8me 50ml Eucerin - Prixgro","isPartOf":{"@id":"https:\/\/prixgro.com\/#website"},"primaryImageOfPage":{"@id":"https:\/\/prixgro.com\/product\/ecran-solaire-oil-control-spf50-gel-creme-50ml-eucerin\/#primaryimage"},"image":{"@id":"https:\/\/prixgro.com\/product\/ecran-solaire-oil-control-spf50-gel-creme-50ml-eucerin\/#primaryimage"},"thumbnailUrl":"https:\/\/prixgro.com\/wp-content\/uploads\/2024\/03\/eucerin-.png","datePublished":"2024-04-09T12:33:49+00:00","dateModified":"2024-08-11T16:00:43+00:00","breadcrumb":{"@id":"https:\/\/prixgro.com\/product\/ecran-solaire-oil-control-spf50-gel-creme-50ml-eucerin\/#breadcrumb"},"inLanguage":"ar","potentialAction":[{"@type":"ReadAction","target":["https:\/\/prixgro.com\/product\/ecran-solaire-oil-control-spf50-gel-creme-50ml-eucerin\/"]}]},{"@type":"ImageObject","inLanguage":"ar","@id":"https:\/\/prixgro.com\/product\/ecran-solaire-oil-control-spf50-gel-creme-50ml-eucerin\/#primaryimage","url":"https:\/\/prixgro.com\/wp-content\/uploads\/2024\/03\/eucerin-.png","contentUrl":"https:\/\/prixgro.com\/wp-content\/uploads\/2024\/03\/eucerin-.png","width":540,"height":540},{"@type":"BreadcrumbList","@id":"https:\/\/prixgro.com\/product\/ecran-solaire-oil-control-spf50-gel-creme-50ml-eucerin\/#breadcrumb","itemListElement":[{"@type":"ListItem","position":1,"name":"Accueil","item":"https:\/\/prixgro.com\/"},{"@type":"ListItem","position":2,"name":"Boutique en ligne","item":"https:\/\/prixgro.com\/shop\/"},{"@type":"ListItem","position":3,"name":"Ecran solaire Oil Control spf50 Gel cr\u00e8me 50ml Eucerin"}]},{"@type":"WebSite","@id":"https:\/\/prixgro.com\/#website","url":"https:\/\/prixgro.com\/","name":"Prixgro.com","description":"Para Pharmaceutique et Cosm\u00e9tique","publisher":{"@id":"https:\/\/prixgro.com\/#organization"},"potentialAction":[{"@type":"SearchAction","target":{"@type":"EntryPoint","urlTemplate":"https:\/\/prixgro.com\/?s={search_term_string}"},"query-input":{"@type":"PropertyValueSpecification","valueRequired":true,"valueName":"search_term_string"}}],"inLanguage":"ar"},{"@type":"Organization","@id":"https:\/\/prixgro.com\/#organization","name":"Prixgro","url":"https:\/\/prixgro.com\/","logo":{"@type":"ImageObject","inLanguage":"ar","@id":"https:\/\/prixgro.com\/#\/schema\/logo\/image\/","url":"https:\/\/prixgro.com\/wp-content\/uploads\/2024\/08\/cropped-Nouveau-projet-2.png","contentUrl":"https:\/\/prixgro.com\/wp-content\/uploads\/2024\/08\/cropped-Nouveau-projet-2.png","width":265,"height":62,"caption":"Prixgro"},"image":{"@id":"https:\/\/prixgro.com\/#\/schema\/logo\/image\/"},"sameAs":["https:\/\/www.facebook.com\/Pharmacima"]}]}},"_links":{"self":[{"href":"https:\/\/prixgro.com\/ar\/wp-json\/wp\/v2\/product\/142539","targetHints":{"allow":["GET"]}}],"collection":[{"href":"https:\/\/prixgro.com\/ar\/wp-json\/wp\/v2\/product"}],"about":[{"href":"https:\/\/prixgro.com\/ar\/wp-json\/wp\/v2\/types\/product"}],"replies":[{"embeddable":true,"href":"https:\/\/prixgro.com\/ar\/wp-json\/wp\/v2\/comments?post=142539"}],"wp:featuredmedia":[{"embeddable":true,"href":"https:\/\/prixgro.com\/ar\/wp-json\/wp\/v2\/media\/12291"}],"wp:attachment":[{"href":"https:\/\/prixgro.com\/ar\/wp-json\/wp\/v2\/media?parent=142539"}],"wp:term":[{"taxonomy":"product_cat","embeddable":true,"href":"https:\/\/prixgro.com\/ar\/wp-json\/wp\/v2\/product_cat?post=142539"},{"taxonomy":"product_tag","embeddable":true,"href":"https:\/\/prixgro.com\/ar\/wp-json\/wp\/v2\/product_tag?post=142539"},{"taxonomy":"berocket_brand","embeddable":true,"href":"https:\/\/prixgro.com\/ar\/wp-json\/wp\/v2\/berocket_brand?post=142539"}],"curies":[{"name":"wp","href":"https:\/\/api.w.org\/{rel}","templated":true}]}}