{"id":142552,"date":"2024-04-09T14:34:00","date_gmt":"2024-04-09T12:34:00","guid":{"rendered":"https:\/\/cloodmanager.net\/?post_type=product&#038;p=142552"},"modified":"2024-08-31T13:37:07","modified_gmt":"2024-08-31T11:37:07","slug":"stimulant-a-la-cafeine-pour-cuir-chevelu-150ml-the-inkey-list","status":"publish","type":"product","link":"https:\/\/prixgro.com\/ar\/product\/stimulant-a-la-cafeine-pour-cuir-chevelu-150ml-the-inkey-list\/","title":{"rendered":"Stimulant a la caf\u00e9ine pour cuir chevelu 150ml The inkey list"},"content":{"rendered":"<h2><strong>DESCRIPTION :\u00a0<\/strong><\/h2>\n<p>Si vous constatez que vous muez plus que d&#8217;habitude ou si vous avez l&#8217;impression que vos cheveux sont de plus en plus fins, le traitement stimulant \u00e0 la caf\u00e9ine du cuir chevelu de THE INKEY LIST a \u00e9t\u00e9 con\u00e7u pour vous.<\/p>\n<p>Un traitement de nuit du cuir chevelu qui utilise de la poudre de caf\u00e9ine et un nouvel ingr\u00e9dient appel\u00e9 Redensyl pour aider \u00e0 r\u00e9duire et \u00e0 pr\u00e9venir la chute des cheveux en stimulant les follicules pileux, favorisant ainsi la croissance des cheveux et aidant \u00e0 am\u00e9liorer leur \u00e9paisseur.<\/p>\n<p>Cliniquement prouv\u00e9 pour r\u00e9duire et pr\u00e9venir la chute des cheveux (apr\u00e8s trois mois de tests, 85 % des testeurs ont montr\u00e9 une am\u00e9lioration significative), ce traitement de nuit revigore les cellules souches pour optimiser la croissance et augmenter l&#8217;\u00e9paisseur de vos cheveux.<\/p>\n<p>Avec 1 % de poudre de caf\u00e9ine \u2013 un stimulant qui relance les follicules lents \u2013 ainsi que 1 % de Redensyl (qui compl\u00e8te la croissance et aide \u00e0 contrecarrer les retomb\u00e9es) et 1 % de b\u00e9ta\u00efne pour adoucir et nourrir chaque m\u00e8che, cela aide \u00e0 construire du corps pour des m\u00e8ches brillantes.<\/p>\n<h2><strong>CONSEIL D&#8217;UTILISATION :<\/strong><\/h2>\n<ul>\n<li>Nous vous recommandons de secouer le flacon avant utilisation.<\/li>\n<li>Utiliser comme traitement de nuit.\u00a0Agiter dans la paume de votre main, masser les mains ensemble, frotter le cuir chevelu du bout des doigts et laisser agir toute la nuit.<\/li>\n<li>Appliquez-en suffisamment pour couvrir tout le cuir chevelu.<\/li>\n<li>\u00a0Lavez les cheveux normalement le matin, si vous le souhaitez. Utilisez-le tous les soirs pour de meilleurs r\u00e9sultats sur une p\u00e9riode de 3 mois.<\/li>\n<\/ul>\n<h2><strong>COMPOSITION :<\/strong><\/h2>\n<p>Eau (AquaEau), b\u00e9ta\u00efne, caf\u00e9ine, panth\u00e9nol, ph\u00e9noxy\u00e9thanol, glyc\u00e9rine, gomme de xanthane, \u00e9thylhexylglyc\u00e9rine, disuccinate d&#8217;\u00e9thyl\u00e8nediamine trisodique, acide lactique, m\u00e9tabisulfite de sodium, glycine, extrait de bois de Larix Europaea, extrait de Camellia Sinensis (th\u00e9), chlorure de zinc.<\/p>","protected":false},"excerpt":{"rendered":"<p>DESCRIPTION :\u00a0 Si vous constatez que vous muez plus que d&#8217;habitude ou si vous avez l&#8217;impression que vos cheveux sont&#8230;<\/p>","protected":false},"featured_media":12326,"comment_status":"open","ping_status":"closed","template":"","meta":[],"product_cat":[126,17],"product_tag":[],"berocket_brand":[465],"class_list":{"0":"post-142552","1":"product","2":"type-product","3":"status-publish","4":"has-post-thumbnail","6":"product_cat-cheveux","7":"product_cat-soin-et-bien-etre","8":"berocket_brand-theinkeylist","10":"first","11":"instock","12":"shipping-taxable","13":"purchasable","14":"product-type-simple"},"yoast_head":"<!-- This site is optimized with the Yoast SEO plugin v24.8 - https:\/\/yoast.com\/wordpress\/plugins\/seo\/ -->\n<title>Stimulant a la caf\u00e9ine pour cuir chevelu 150ml The inkey list - Prixgro<\/title>\n<meta name=\"description\" content=\"Si vous constatez que vous muez plus que d&#039;habitude ou si vous avez l&#039;impression que vos cheveux sont de plus en plus fins, le traitement stimulant\" \/>\n<meta name=\"robots\" content=\"index, follow, max-snippet:-1, max-image-preview:large, max-video-preview:-1\" \/>\n<link rel=\"canonical\" href=\"https:\/\/prixgro.com\/ar\/product\/stimulant-a-la-cafeine-pour-cuir-chevelu-150ml-the-inkey-list\/\" \/>\n<meta property=\"og:locale\" content=\"ar_AR\" \/>\n<meta property=\"og:type\" content=\"article\" \/>\n<meta property=\"og:title\" content=\"Stimulant a la caf\u00e9ine pour cuir chevelu 150ml The inkey list - Prixgro\" \/>\n<meta property=\"og:description\" content=\"Si vous constatez que vous muez plus que d&#039;habitude ou si vous avez l&#039;impression que vos cheveux sont de plus en plus fins, le traitement stimulant\" \/>\n<meta property=\"og:url\" content=\"https:\/\/prixgro.com\/ar\/product\/stimulant-a-la-cafeine-pour-cuir-chevelu-150ml-the-inkey-list\/\" \/>\n<meta property=\"og:site_name\" content=\"Prixgro\" \/>\n<meta property=\"article:publisher\" content=\"https:\/\/www.facebook.com\/Pharmacima\" \/>\n<meta property=\"article:modified_time\" content=\"2024-08-31T11:37:07+00:00\" \/>\n<meta property=\"og:image\" content=\"https:\/\/prixgro.com\/wp-content\/uploads\/2024\/03\/caffeine-stimulating-.png\" \/>\n\t<meta property=\"og:image:width\" content=\"540\" \/>\n\t<meta property=\"og:image:height\" content=\"540\" \/>\n\t<meta property=\"og:image:type\" content=\"image\/png\" \/>\n<meta name=\"twitter:card\" content=\"summary_large_image\" \/>\n<meta name=\"twitter:label1\" content=\"\u0648\u0642\u062a \u0627\u0644\u0642\u0631\u0627\u0621\u0629 \u0627\u0644\u0645\u064f\u0642\u062f\u0651\u0631\" \/>\n\t<meta name=\"twitter:data1\" content=\"\u062f\u0642\u064a\u0642\u062a\u0627\u0646\" \/>\n<script type=\"application\/ld+json\" class=\"yoast-schema-graph\">{\"@context\":\"https:\/\/schema.org\",\"@graph\":[{\"@type\":\"WebPage\",\"@id\":\"https:\/\/prixgro.com\/product\/stimulant-a-la-cafeine-pour-cuir-chevelu-150ml-the-inkey-list\/\",\"url\":\"https:\/\/prixgro.com\/product\/stimulant-a-la-cafeine-pour-cuir-chevelu-150ml-the-inkey-list\/\",\"name\":\"Stimulant a la caf\u00e9ine pour cuir chevelu 150ml The inkey list - Prixgro\",\"isPartOf\":{\"@id\":\"https:\/\/prixgro.com\/#website\"},\"primaryImageOfPage\":{\"@id\":\"https:\/\/prixgro.com\/product\/stimulant-a-la-cafeine-pour-cuir-chevelu-150ml-the-inkey-list\/#primaryimage\"},\"image\":{\"@id\":\"https:\/\/prixgro.com\/product\/stimulant-a-la-cafeine-pour-cuir-chevelu-150ml-the-inkey-list\/#primaryimage\"},\"thumbnailUrl\":\"https:\/\/prixgro.com\/wp-content\/uploads\/2024\/03\/caffeine-stimulating-.png\",\"datePublished\":\"2024-04-09T12:34:00+00:00\",\"dateModified\":\"2024-08-31T11:37:07+00:00\",\"description\":\"Si vous constatez que vous muez plus que d'habitude ou si vous avez l'impression que vos cheveux sont de plus en plus fins, le traitement stimulant\",\"breadcrumb\":{\"@id\":\"https:\/\/prixgro.com\/product\/stimulant-a-la-cafeine-pour-cuir-chevelu-150ml-the-inkey-list\/#breadcrumb\"},\"inLanguage\":\"ar\",\"potentialAction\":[{\"@type\":\"ReadAction\",\"target\":[\"https:\/\/prixgro.com\/product\/stimulant-a-la-cafeine-pour-cuir-chevelu-150ml-the-inkey-list\/\"]}]},{\"@type\":\"ImageObject\",\"inLanguage\":\"ar\",\"@id\":\"https:\/\/prixgro.com\/product\/stimulant-a-la-cafeine-pour-cuir-chevelu-150ml-the-inkey-list\/#primaryimage\",\"url\":\"https:\/\/prixgro.com\/wp-content\/uploads\/2024\/03\/caffeine-stimulating-.png\",\"contentUrl\":\"https:\/\/prixgro.com\/wp-content\/uploads\/2024\/03\/caffeine-stimulating-.png\",\"width\":540,\"height\":540},{\"@type\":\"BreadcrumbList\",\"@id\":\"https:\/\/prixgro.com\/product\/stimulant-a-la-cafeine-pour-cuir-chevelu-150ml-the-inkey-list\/#breadcrumb\",\"itemListElement\":[{\"@type\":\"ListItem\",\"position\":1,\"name\":\"Accueil\",\"item\":\"https:\/\/prixgro.com\/\"},{\"@type\":\"ListItem\",\"position\":2,\"name\":\"Boutique en ligne\",\"item\":\"https:\/\/prixgro.com\/shop\/\"},{\"@type\":\"ListItem\",\"position\":3,\"name\":\"Stimulant a la caf\u00e9ine pour cuir chevelu 150ml The inkey list\"}]},{\"@type\":\"WebSite\",\"@id\":\"https:\/\/prixgro.com\/#website\",\"url\":\"https:\/\/prixgro.com\/\",\"name\":\"Prixgro.com\",\"description\":\"Para Pharmaceutique et Cosm\u00e9tique\",\"publisher\":{\"@id\":\"https:\/\/prixgro.com\/#organization\"},\"potentialAction\":[{\"@type\":\"SearchAction\",\"target\":{\"@type\":\"EntryPoint\",\"urlTemplate\":\"https:\/\/prixgro.com\/?s={search_term_string}\"},\"query-input\":{\"@type\":\"PropertyValueSpecification\",\"valueRequired\":true,\"valueName\":\"search_term_string\"}}],\"inLanguage\":\"ar\"},{\"@type\":\"Organization\",\"@id\":\"https:\/\/prixgro.com\/#organization\",\"name\":\"Prixgro\",\"url\":\"https:\/\/prixgro.com\/\",\"logo\":{\"@type\":\"ImageObject\",\"inLanguage\":\"ar\",\"@id\":\"https:\/\/prixgro.com\/#\/schema\/logo\/image\/\",\"url\":\"https:\/\/prixgro.com\/wp-content\/uploads\/2024\/08\/cropped-Nouveau-projet-2.png\",\"contentUrl\":\"https:\/\/prixgro.com\/wp-content\/uploads\/2024\/08\/cropped-Nouveau-projet-2.png\",\"width\":265,\"height\":62,\"caption\":\"Prixgro\"},\"image\":{\"@id\":\"https:\/\/prixgro.com\/#\/schema\/logo\/image\/\"},\"sameAs\":[\"https:\/\/www.facebook.com\/Pharmacima\"]}]}<\/script>\n<!-- \/ Yoast SEO plugin. -->","yoast_head_json":{"title":"Stimulant a la caf\u00e9ine pour cuir chevelu 150ml The inkey list - Prixgro","description":"Si vous constatez que vous muez plus que d'habitude ou si vous avez l'impression que vos cheveux sont de plus en plus fins, le traitement stimulant","robots":{"index":"index","follow":"follow","max-snippet":"max-snippet:-1","max-image-preview":"max-image-preview:large","max-video-preview":"max-video-preview:-1"},"canonical":"https:\/\/prixgro.com\/ar\/product\/stimulant-a-la-cafeine-pour-cuir-chevelu-150ml-the-inkey-list\/","og_locale":"ar_AR","og_type":"article","og_title":"Stimulant a la caf\u00e9ine pour cuir chevelu 150ml The inkey list - Prixgro","og_description":"Si vous constatez que vous muez plus que d'habitude ou si vous avez l'impression que vos cheveux sont de plus en plus fins, le traitement stimulant","og_url":"https:\/\/prixgro.com\/ar\/product\/stimulant-a-la-cafeine-pour-cuir-chevelu-150ml-the-inkey-list\/","og_site_name":"Prixgro","article_publisher":"https:\/\/www.facebook.com\/Pharmacima","article_modified_time":"2024-08-31T11:37:07+00:00","og_image":[{"width":540,"height":540,"url":"https:\/\/prixgro.com\/wp-content\/uploads\/2024\/03\/caffeine-stimulating-.png","type":"image\/png"}],"twitter_card":"summary_large_image","twitter_misc":{"\u0648\u0642\u062a \u0627\u0644\u0642\u0631\u0627\u0621\u0629 \u0627\u0644\u0645\u064f\u0642\u062f\u0651\u0631":"\u062f\u0642\u064a\u0642\u062a\u0627\u0646"},"schema":{"@context":"https:\/\/schema.org","@graph":[{"@type":"WebPage","@id":"https:\/\/prixgro.com\/product\/stimulant-a-la-cafeine-pour-cuir-chevelu-150ml-the-inkey-list\/","url":"https:\/\/prixgro.com\/product\/stimulant-a-la-cafeine-pour-cuir-chevelu-150ml-the-inkey-list\/","name":"Stimulant a la caf\u00e9ine pour cuir chevelu 150ml The inkey list - Prixgro","isPartOf":{"@id":"https:\/\/prixgro.com\/#website"},"primaryImageOfPage":{"@id":"https:\/\/prixgro.com\/product\/stimulant-a-la-cafeine-pour-cuir-chevelu-150ml-the-inkey-list\/#primaryimage"},"image":{"@id":"https:\/\/prixgro.com\/product\/stimulant-a-la-cafeine-pour-cuir-chevelu-150ml-the-inkey-list\/#primaryimage"},"thumbnailUrl":"https:\/\/prixgro.com\/wp-content\/uploads\/2024\/03\/caffeine-stimulating-.png","datePublished":"2024-04-09T12:34:00+00:00","dateModified":"2024-08-31T11:37:07+00:00","description":"Si vous constatez que vous muez plus que d'habitude ou si vous avez l'impression que vos cheveux sont de plus en plus fins, le traitement stimulant","breadcrumb":{"@id":"https:\/\/prixgro.com\/product\/stimulant-a-la-cafeine-pour-cuir-chevelu-150ml-the-inkey-list\/#breadcrumb"},"inLanguage":"ar","potentialAction":[{"@type":"ReadAction","target":["https:\/\/prixgro.com\/product\/stimulant-a-la-cafeine-pour-cuir-chevelu-150ml-the-inkey-list\/"]}]},{"@type":"ImageObject","inLanguage":"ar","@id":"https:\/\/prixgro.com\/product\/stimulant-a-la-cafeine-pour-cuir-chevelu-150ml-the-inkey-list\/#primaryimage","url":"https:\/\/prixgro.com\/wp-content\/uploads\/2024\/03\/caffeine-stimulating-.png","contentUrl":"https:\/\/prixgro.com\/wp-content\/uploads\/2024\/03\/caffeine-stimulating-.png","width":540,"height":540},{"@type":"BreadcrumbList","@id":"https:\/\/prixgro.com\/product\/stimulant-a-la-cafeine-pour-cuir-chevelu-150ml-the-inkey-list\/#breadcrumb","itemListElement":[{"@type":"ListItem","position":1,"name":"Accueil","item":"https:\/\/prixgro.com\/"},{"@type":"ListItem","position":2,"name":"Boutique en ligne","item":"https:\/\/prixgro.com\/shop\/"},{"@type":"ListItem","position":3,"name":"Stimulant a la caf\u00e9ine pour cuir chevelu 150ml The inkey list"}]},{"@type":"WebSite","@id":"https:\/\/prixgro.com\/#website","url":"https:\/\/prixgro.com\/","name":"Prixgro.com","description":"Para Pharmaceutique et Cosm\u00e9tique","publisher":{"@id":"https:\/\/prixgro.com\/#organization"},"potentialAction":[{"@type":"SearchAction","target":{"@type":"EntryPoint","urlTemplate":"https:\/\/prixgro.com\/?s={search_term_string}"},"query-input":{"@type":"PropertyValueSpecification","valueRequired":true,"valueName":"search_term_string"}}],"inLanguage":"ar"},{"@type":"Organization","@id":"https:\/\/prixgro.com\/#organization","name":"Prixgro","url":"https:\/\/prixgro.com\/","logo":{"@type":"ImageObject","inLanguage":"ar","@id":"https:\/\/prixgro.com\/#\/schema\/logo\/image\/","url":"https:\/\/prixgro.com\/wp-content\/uploads\/2024\/08\/cropped-Nouveau-projet-2.png","contentUrl":"https:\/\/prixgro.com\/wp-content\/uploads\/2024\/08\/cropped-Nouveau-projet-2.png","width":265,"height":62,"caption":"Prixgro"},"image":{"@id":"https:\/\/prixgro.com\/#\/schema\/logo\/image\/"},"sameAs":["https:\/\/www.facebook.com\/Pharmacima"]}]}},"_links":{"self":[{"href":"https:\/\/prixgro.com\/ar\/wp-json\/wp\/v2\/product\/142552","targetHints":{"allow":["GET"]}}],"collection":[{"href":"https:\/\/prixgro.com\/ar\/wp-json\/wp\/v2\/product"}],"about":[{"href":"https:\/\/prixgro.com\/ar\/wp-json\/wp\/v2\/types\/product"}],"replies":[{"embeddable":true,"href":"https:\/\/prixgro.com\/ar\/wp-json\/wp\/v2\/comments?post=142552"}],"wp:featuredmedia":[{"embeddable":true,"href":"https:\/\/prixgro.com\/ar\/wp-json\/wp\/v2\/media\/12326"}],"wp:attachment":[{"href":"https:\/\/prixgro.com\/ar\/wp-json\/wp\/v2\/media?parent=142552"}],"wp:term":[{"taxonomy":"product_cat","embeddable":true,"href":"https:\/\/prixgro.com\/ar\/wp-json\/wp\/v2\/product_cat?post=142552"},{"taxonomy":"product_tag","embeddable":true,"href":"https:\/\/prixgro.com\/ar\/wp-json\/wp\/v2\/product_tag?post=142552"},{"taxonomy":"berocket_brand","embeddable":true,"href":"https:\/\/prixgro.com\/ar\/wp-json\/wp\/v2\/berocket_brand?post=142552"}],"curies":[{"name":"wp","href":"https:\/\/api.w.org\/{rel}","templated":true}]}}