{"id":142581,"date":"2024-04-09T14:34:11","date_gmt":"2024-04-09T12:34:11","guid":{"rendered":"https:\/\/cloodmanager.net\/?post_type=product&#038;p=142581"},"modified":"2024-08-07T23:27:08","modified_gmt":"2024-08-07T21:27:08","slug":"fard-a-joues-liquide-petal-talk-sheglam","status":"publish","type":"product","link":"https:\/\/prixgro.com\/ar\/product\/fard-a-joues-liquide-petal-talk-sheglam\/","title":{"rendered":"Fard a joues Liquide Petal Talk Sheglam"},"content":{"rendered":"<h2><strong>DESCRIPTION :\u00a0<\/strong><\/h2>\n<p>Brillez plus fort que le soleil avec le fard \u00e0 joues liquide Color Bloom Dayglow chatoyant, hautement pigment\u00e9 et longue tenue. D\u00e9couvrez la sensation de blush viral avec un \u00e9clat qui ne manquera pas d\u2019inspirer les derni\u00e8res tendances beaut\u00e9.<\/p>\n<p><strong>Avantages :<\/strong>\u00a0Longue tenue, l\u00e9ger, hautement pigment\u00e9<br \/>\n<strong>Texture :<\/strong>\u00a0Liquide<br \/>\n<strong>Couleur :<\/strong> Petal Talk<br \/>\n<strong>Type d\u2019entreprise :<\/strong>\u00a0Blush liquide<br \/>\n<strong>Finition :<\/strong>\u00a0Naturel<\/p>\n<h2><strong>COMPOSITION :<\/strong><\/h2>\n<p>EAU\/AQUA\/EAU, CYCLOPENTASILOXANE, ISOHEXADECANE, GLYCERIN, PROPYLENE GLYCOL, TRIDECYL TRIMELLITATE, MICA, DISTEARDIMONIUM HECTORITE, BORE NITRURE, CETYL PEG\/PPG-10\/1 DIMETHICONE, DIMETHICONE, ISONONYL ISONONANOATE, PEG-10 DIMETHICONE, PHENYL TRIMETHIC UN , SILICE DIM\u00c9THYL SILYLATE, CHLORURE DE SODIUM, FLUORPHLOGOPITE SYNTH\u00c9TIQUE, TRIMETHYLSILOXYSILICATE, VINYL DIMETHICONE\/METHICONE SILSESQUIOXANE CROSSPOLYMER, SILICE, PHENOXYETHANOL, PROPYLENE CARBONATE, SORBITAN SESQUIOLEATE, TRIETHOXYCAPRYLYLSILANE, ACRYLATES\/DIMETHICONE COPO LYMER, AC\u00c9TATE DE TOCOPH\u00c9RYLE, PARFUM (PARFUM), \u00c9THYLHEXYLGLYC\u00c9RINE, B\u00c9TA\u00cfNE, M\u00c9THICONE , SODIUM PCA, OXYDE D\u2019\u00c9TAIN, SORBITOL, S\u00c9RINE, GLYCINE, ACIDE 3-o-\u00c9THYLASCORBIQUE, ACIDE GLUTAMIQUE, LYSINE, ALANINE, ARGININE, THR\u00c9ONINE, PROLINE, M\u00c9THYLPARABEN, PROPYLPARABEN, BENZOATE DE BENZYLE, DIOXYDE DE TITANE (CI 77891), ROUGE 30 LAC (CI 73360), OXYDES DE FER (CI 77491, CI 77492, CI 77499)<\/p>","protected":false},"excerpt":{"rendered":"<h3><span style=\"color: #f274c2;\"><strong>Petal Talk\u00a0<\/strong><\/span><\/h3>","protected":false},"featured_media":12391,"comment_status":"open","ping_status":"closed","template":"","meta":[],"product_cat":[432,429,436],"product_tag":[],"berocket_brand":[747],"class_list":{"0":"post-142581","1":"product","2":"type-product","3":"status-publish","4":"has-post-thumbnail","6":"product_cat-levres-maquillage","7":"product_cat-maquillage","8":"product_cat-visage-maquillage","9":"berocket_brand-sheglam","11":"first","12":"outofstock","13":"shipping-taxable","14":"purchasable","15":"product-type-simple"},"yoast_head":"<!-- This site is optimized with the Yoast SEO plugin v24.8 - https:\/\/yoast.com\/wordpress\/plugins\/seo\/ -->\n<title>Fard a joues Liquide Petal Talk Sheglam - Prixgro<\/title>\n<meta name=\"description\" content=\"Brillez plus fort que le soleil avec le fard \u00e0 joues liquide Color Bloom Dayglow chatoyant, hautement pigment\u00e9 et longue tenue. D\u00e9couvrez la sensation\" \/>\n<meta name=\"robots\" content=\"index, follow, max-snippet:-1, max-image-preview:large, max-video-preview:-1\" \/>\n<link rel=\"canonical\" href=\"https:\/\/prixgro.com\/ar\/product\/fard-a-joues-liquide-petal-talk-sheglam\/\" \/>\n<meta property=\"og:locale\" content=\"ar_AR\" \/>\n<meta property=\"og:type\" content=\"article\" \/>\n<meta property=\"og:title\" content=\"Fard a joues Liquide Petal Talk Sheglam - Prixgro\" \/>\n<meta property=\"og:description\" content=\"Brillez plus fort que le soleil avec le fard \u00e0 joues liquide Color Bloom Dayglow chatoyant, hautement pigment\u00e9 et longue tenue. D\u00e9couvrez la sensation\" \/>\n<meta property=\"og:url\" content=\"https:\/\/prixgro.com\/ar\/product\/fard-a-joues-liquide-petal-talk-sheglam\/\" \/>\n<meta property=\"og:site_name\" content=\"Prixgro\" \/>\n<meta property=\"article:publisher\" content=\"https:\/\/www.facebook.com\/Pharmacima\" \/>\n<meta property=\"article:modified_time\" content=\"2024-08-07T21:27:08+00:00\" \/>\n<meta property=\"og:image\" content=\"https:\/\/prixgro.com\/wp-content\/uploads\/2024\/03\/petal-talk-.png\" \/>\n\t<meta property=\"og:image:width\" content=\"540\" \/>\n\t<meta property=\"og:image:height\" content=\"540\" \/>\n\t<meta property=\"og:image:type\" content=\"image\/png\" \/>\n<meta name=\"twitter:card\" content=\"summary_large_image\" \/>\n<meta name=\"twitter:label1\" content=\"\u0648\u0642\u062a \u0627\u0644\u0642\u0631\u0627\u0621\u0629 \u0627\u0644\u0645\u064f\u0642\u062f\u0651\u0631\" \/>\n\t<meta name=\"twitter:data1\" content=\"\u062f\u0642\u064a\u0642\u0629 \u0648\u0627\u062d\u062f\u0629\" \/>\n<script type=\"application\/ld+json\" class=\"yoast-schema-graph\">{\"@context\":\"https:\/\/schema.org\",\"@graph\":[{\"@type\":\"WebPage\",\"@id\":\"https:\/\/prixgro.com\/product\/fard-a-joues-liquide-petal-talk-sheglam\/\",\"url\":\"https:\/\/prixgro.com\/product\/fard-a-joues-liquide-petal-talk-sheglam\/\",\"name\":\"Fard a joues Liquide Petal Talk Sheglam - Prixgro\",\"isPartOf\":{\"@id\":\"https:\/\/prixgro.com\/#website\"},\"primaryImageOfPage\":{\"@id\":\"https:\/\/prixgro.com\/product\/fard-a-joues-liquide-petal-talk-sheglam\/#primaryimage\"},\"image\":{\"@id\":\"https:\/\/prixgro.com\/product\/fard-a-joues-liquide-petal-talk-sheglam\/#primaryimage\"},\"thumbnailUrl\":\"https:\/\/prixgro.com\/wp-content\/uploads\/2024\/03\/petal-talk-.png\",\"datePublished\":\"2024-04-09T12:34:11+00:00\",\"dateModified\":\"2024-08-07T21:27:08+00:00\",\"description\":\"Brillez plus fort que le soleil avec le fard \u00e0 joues liquide Color Bloom Dayglow chatoyant, hautement pigment\u00e9 et longue tenue. D\u00e9couvrez la sensation\",\"breadcrumb\":{\"@id\":\"https:\/\/prixgro.com\/product\/fard-a-joues-liquide-petal-talk-sheglam\/#breadcrumb\"},\"inLanguage\":\"ar\",\"potentialAction\":[{\"@type\":\"ReadAction\",\"target\":[\"https:\/\/prixgro.com\/product\/fard-a-joues-liquide-petal-talk-sheglam\/\"]}]},{\"@type\":\"ImageObject\",\"inLanguage\":\"ar\",\"@id\":\"https:\/\/prixgro.com\/product\/fard-a-joues-liquide-petal-talk-sheglam\/#primaryimage\",\"url\":\"https:\/\/prixgro.com\/wp-content\/uploads\/2024\/03\/petal-talk-.png\",\"contentUrl\":\"https:\/\/prixgro.com\/wp-content\/uploads\/2024\/03\/petal-talk-.png\",\"width\":540,\"height\":540},{\"@type\":\"BreadcrumbList\",\"@id\":\"https:\/\/prixgro.com\/product\/fard-a-joues-liquide-petal-talk-sheglam\/#breadcrumb\",\"itemListElement\":[{\"@type\":\"ListItem\",\"position\":1,\"name\":\"Accueil\",\"item\":\"https:\/\/prixgro.com\/\"},{\"@type\":\"ListItem\",\"position\":2,\"name\":\"Boutique en ligne\",\"item\":\"https:\/\/prixgro.com\/shop\/\"},{\"@type\":\"ListItem\",\"position\":3,\"name\":\"Fard a joues Liquide Petal Talk Sheglam\"}]},{\"@type\":\"WebSite\",\"@id\":\"https:\/\/prixgro.com\/#website\",\"url\":\"https:\/\/prixgro.com\/\",\"name\":\"Prixgro.com\",\"description\":\"Para Pharmaceutique et Cosm\u00e9tique\",\"publisher\":{\"@id\":\"https:\/\/prixgro.com\/#organization\"},\"potentialAction\":[{\"@type\":\"SearchAction\",\"target\":{\"@type\":\"EntryPoint\",\"urlTemplate\":\"https:\/\/prixgro.com\/?s={search_term_string}\"},\"query-input\":{\"@type\":\"PropertyValueSpecification\",\"valueRequired\":true,\"valueName\":\"search_term_string\"}}],\"inLanguage\":\"ar\"},{\"@type\":\"Organization\",\"@id\":\"https:\/\/prixgro.com\/#organization\",\"name\":\"Prixgro\",\"url\":\"https:\/\/prixgro.com\/\",\"logo\":{\"@type\":\"ImageObject\",\"inLanguage\":\"ar\",\"@id\":\"https:\/\/prixgro.com\/#\/schema\/logo\/image\/\",\"url\":\"https:\/\/prixgro.com\/wp-content\/uploads\/2024\/08\/cropped-Nouveau-projet-2.png\",\"contentUrl\":\"https:\/\/prixgro.com\/wp-content\/uploads\/2024\/08\/cropped-Nouveau-projet-2.png\",\"width\":265,\"height\":62,\"caption\":\"Prixgro\"},\"image\":{\"@id\":\"https:\/\/prixgro.com\/#\/schema\/logo\/image\/\"},\"sameAs\":[\"https:\/\/www.facebook.com\/Pharmacima\"]}]}<\/script>\n<!-- \/ Yoast SEO plugin. -->","yoast_head_json":{"title":"Fard a joues Liquide Petal Talk Sheglam - Prixgro","description":"Brillez plus fort que le soleil avec le fard \u00e0 joues liquide Color Bloom Dayglow chatoyant, hautement pigment\u00e9 et longue tenue. D\u00e9couvrez la sensation","robots":{"index":"index","follow":"follow","max-snippet":"max-snippet:-1","max-image-preview":"max-image-preview:large","max-video-preview":"max-video-preview:-1"},"canonical":"https:\/\/prixgro.com\/ar\/product\/fard-a-joues-liquide-petal-talk-sheglam\/","og_locale":"ar_AR","og_type":"article","og_title":"Fard a joues Liquide Petal Talk Sheglam - Prixgro","og_description":"Brillez plus fort que le soleil avec le fard \u00e0 joues liquide Color Bloom Dayglow chatoyant, hautement pigment\u00e9 et longue tenue. D\u00e9couvrez la sensation","og_url":"https:\/\/prixgro.com\/ar\/product\/fard-a-joues-liquide-petal-talk-sheglam\/","og_site_name":"Prixgro","article_publisher":"https:\/\/www.facebook.com\/Pharmacima","article_modified_time":"2024-08-07T21:27:08+00:00","og_image":[{"width":540,"height":540,"url":"https:\/\/prixgro.com\/wp-content\/uploads\/2024\/03\/petal-talk-.png","type":"image\/png"}],"twitter_card":"summary_large_image","twitter_misc":{"\u0648\u0642\u062a \u0627\u0644\u0642\u0631\u0627\u0621\u0629 \u0627\u0644\u0645\u064f\u0642\u062f\u0651\u0631":"\u062f\u0642\u064a\u0642\u0629 \u0648\u0627\u062d\u062f\u0629"},"schema":{"@context":"https:\/\/schema.org","@graph":[{"@type":"WebPage","@id":"https:\/\/prixgro.com\/product\/fard-a-joues-liquide-petal-talk-sheglam\/","url":"https:\/\/prixgro.com\/product\/fard-a-joues-liquide-petal-talk-sheglam\/","name":"Fard a joues Liquide Petal Talk Sheglam - Prixgro","isPartOf":{"@id":"https:\/\/prixgro.com\/#website"},"primaryImageOfPage":{"@id":"https:\/\/prixgro.com\/product\/fard-a-joues-liquide-petal-talk-sheglam\/#primaryimage"},"image":{"@id":"https:\/\/prixgro.com\/product\/fard-a-joues-liquide-petal-talk-sheglam\/#primaryimage"},"thumbnailUrl":"https:\/\/prixgro.com\/wp-content\/uploads\/2024\/03\/petal-talk-.png","datePublished":"2024-04-09T12:34:11+00:00","dateModified":"2024-08-07T21:27:08+00:00","description":"Brillez plus fort que le soleil avec le fard \u00e0 joues liquide Color Bloom Dayglow chatoyant, hautement pigment\u00e9 et longue tenue. D\u00e9couvrez la sensation","breadcrumb":{"@id":"https:\/\/prixgro.com\/product\/fard-a-joues-liquide-petal-talk-sheglam\/#breadcrumb"},"inLanguage":"ar","potentialAction":[{"@type":"ReadAction","target":["https:\/\/prixgro.com\/product\/fard-a-joues-liquide-petal-talk-sheglam\/"]}]},{"@type":"ImageObject","inLanguage":"ar","@id":"https:\/\/prixgro.com\/product\/fard-a-joues-liquide-petal-talk-sheglam\/#primaryimage","url":"https:\/\/prixgro.com\/wp-content\/uploads\/2024\/03\/petal-talk-.png","contentUrl":"https:\/\/prixgro.com\/wp-content\/uploads\/2024\/03\/petal-talk-.png","width":540,"height":540},{"@type":"BreadcrumbList","@id":"https:\/\/prixgro.com\/product\/fard-a-joues-liquide-petal-talk-sheglam\/#breadcrumb","itemListElement":[{"@type":"ListItem","position":1,"name":"Accueil","item":"https:\/\/prixgro.com\/"},{"@type":"ListItem","position":2,"name":"Boutique en ligne","item":"https:\/\/prixgro.com\/shop\/"},{"@type":"ListItem","position":3,"name":"Fard a joues Liquide Petal Talk Sheglam"}]},{"@type":"WebSite","@id":"https:\/\/prixgro.com\/#website","url":"https:\/\/prixgro.com\/","name":"Prixgro.com","description":"Para Pharmaceutique et Cosm\u00e9tique","publisher":{"@id":"https:\/\/prixgro.com\/#organization"},"potentialAction":[{"@type":"SearchAction","target":{"@type":"EntryPoint","urlTemplate":"https:\/\/prixgro.com\/?s={search_term_string}"},"query-input":{"@type":"PropertyValueSpecification","valueRequired":true,"valueName":"search_term_string"}}],"inLanguage":"ar"},{"@type":"Organization","@id":"https:\/\/prixgro.com\/#organization","name":"Prixgro","url":"https:\/\/prixgro.com\/","logo":{"@type":"ImageObject","inLanguage":"ar","@id":"https:\/\/prixgro.com\/#\/schema\/logo\/image\/","url":"https:\/\/prixgro.com\/wp-content\/uploads\/2024\/08\/cropped-Nouveau-projet-2.png","contentUrl":"https:\/\/prixgro.com\/wp-content\/uploads\/2024\/08\/cropped-Nouveau-projet-2.png","width":265,"height":62,"caption":"Prixgro"},"image":{"@id":"https:\/\/prixgro.com\/#\/schema\/logo\/image\/"},"sameAs":["https:\/\/www.facebook.com\/Pharmacima"]}]}},"_links":{"self":[{"href":"https:\/\/prixgro.com\/ar\/wp-json\/wp\/v2\/product\/142581","targetHints":{"allow":["GET"]}}],"collection":[{"href":"https:\/\/prixgro.com\/ar\/wp-json\/wp\/v2\/product"}],"about":[{"href":"https:\/\/prixgro.com\/ar\/wp-json\/wp\/v2\/types\/product"}],"replies":[{"embeddable":true,"href":"https:\/\/prixgro.com\/ar\/wp-json\/wp\/v2\/comments?post=142581"}],"wp:featuredmedia":[{"embeddable":true,"href":"https:\/\/prixgro.com\/ar\/wp-json\/wp\/v2\/media\/12391"}],"wp:attachment":[{"href":"https:\/\/prixgro.com\/ar\/wp-json\/wp\/v2\/media?parent=142581"}],"wp:term":[{"taxonomy":"product_cat","embeddable":true,"href":"https:\/\/prixgro.com\/ar\/wp-json\/wp\/v2\/product_cat?post=142581"},{"taxonomy":"product_tag","embeddable":true,"href":"https:\/\/prixgro.com\/ar\/wp-json\/wp\/v2\/product_tag?post=142581"},{"taxonomy":"berocket_brand","embeddable":true,"href":"https:\/\/prixgro.com\/ar\/wp-json\/wp\/v2\/berocket_brand?post=142581"}],"curies":[{"name":"wp","href":"https:\/\/api.w.org\/{rel}","templated":true}]}}