{"id":142586,"date":"2024-04-09T14:34:12","date_gmt":"2024-04-09T12:34:12","guid":{"rendered":"https:\/\/cloodmanager.net\/?post_type=product&#038;p=142586"},"modified":"2024-08-07T23:19:29","modified_gmt":"2024-08-07T21:19:29","slug":"correcteur-de-teint-honey-sheglam","status":"publish","type":"product","link":"https:\/\/prixgro.com\/ar\/product\/correcteur-de-teint-honey-sheglam\/","title":{"rendered":"Correcteur de teint Honey Sheglam"},"content":{"rendered":"<h2><strong>DESCRIPTION :\u00a0<\/strong><\/h2>\n<p class=\"\">Notre correcteur Perfect Skin contient une formule \u00e0 haute couvrance, enrichie en phytost\u00e9rols et en squalane 100 % d&#8217;origine olive pour r\u00e9duire la perte d&#8217;eau trans\u00e9pidermique de votre peau, fournissant une hydratation extr\u00eame pour un fini magnifique et naturel.\u00a0Fabriqu\u00e9 avec des ingr\u00e9dients sans danger pour la peau, ce correcteur \u00e0 couverture compl\u00e8te hautement pigment\u00e9 convient \u00e0 tous les types de peau.<\/p>\n<p>&nbsp;<\/p>\n<p><strong>Gestion de la dur\u00e9e de conservation Oui\/Non :<\/strong>\u00a0Oui<br \/>\n<strong>Texture :<\/strong>\u00a0Liquide<br \/>\n<strong>Avantages :<\/strong>\u00a0Couvrance totale, sans alcool, sans cruaut\u00e9 envers les animaux, v\u00e9g\u00e9talien, sans parfum, sans gluten, sans parab\u00e8ne, sans talc, couvrance \u00e9lev\u00e9e, recyclage<br \/>\n<strong>Couleur :<\/strong><br \/>\n<strong>sensible<\/strong>\u00a0au miel\u00a0<strong>cat\u00e9gories :<\/strong>\u00a0Contient du liquide<br \/>\n<strong>Type de tarif :<\/strong>\u00a0Correcteur<\/p>\n<h2><strong>COMPOSITION :<\/strong><\/h2>\n<p>POLYISOBUT\u00c8NE, DIHEPTANOATE DE N\u00c9OPENTYL GLYCOL, COPOLYM\u00c8RE DE STYR\u00c8NE HYDROG\u00c9N\u00c9\/M\u00c9THYLSTYR\u00c8NE\/IND\u00c8NE, CARBONATE DE DICAPRYLYL, ALCANE EN C9-12, POLYCYCLOPENTADI\u00c8NE HYDROG\u00c9N\u00c9, TRIGLYC\u00c9RIDE CAPRYLIQUE\/CAPRIQUE, CIRE SYNTH\u00c9TIQUE, HYDROXYDE D&#8217;ALUMINIUM, ALCANE EN C15-19, BIS-BEH\u00c9NYLE\/ ISOST\u00c9ARYLE\/PHYTOST\u00c9RYLE DIMER DILINOLEYL DIMER DILINOLEATE, DIMETHICONE, METHACRYLATE CROSSPOLYMERE, SODIUM STEAROYL GLUTAMATE, SORBITAN ISOSTEARATE, CIRE MICROCRISTALLINE\/CERA MICROCRISTALLINA\/CIRE MICROCRISTALLINE, DISTEARDIMONIUM HECTORITE, PHYTOSTERYL OLEATE, DIMETHICONE\/VINYLTRIMETHYLSILOXYSILICATE CROSSPOLYMER, PRO CARBONATE DE PYL\u00c8NE, PH\u00c9NOXY\u00c9THANOL, ACIDE POLYHYDROXYST\u00c9ARIQUE, SQUALANE, AC\u00c9TATE DE TOCOPH\u00c9RYLE , L\u00c9CITHINE, MYRISTATE D&#8217;ISOPROPYLE, PALMITATE D&#8217;\u00c9THYLHEXYLE, ACIDE ISOST\u00c9ARIQUE, POLYGLYCERYL-3 POLYRICINOL\u00c9ATE, \u00c9THYLHEXYLGLYC\u00c9RINE, TOCOPHEROL, DIOXYDE DE TITANE (CI 77891), OXYDES DE FER (CI 77492, CI 77491, CI 77499).<\/p>\n<p><span class=\"pf-read-more desactive\">Moins<\/span><\/p>","protected":false},"excerpt":{"rendered":"<p>DESCRIPTION :\u00a0 Notre correcteur Perfect Skin contient une formule \u00e0 haute couvrance, enrichie en phytost\u00e9rols et en squalane 100 %&#8230;<\/p>","protected":false},"featured_media":12403,"comment_status":"open","ping_status":"closed","template":"","meta":[],"product_cat":[429,436],"product_tag":[],"berocket_brand":[747],"class_list":{"0":"post-142586","1":"product","2":"type-product","3":"status-publish","4":"has-post-thumbnail","6":"product_cat-maquillage","7":"product_cat-visage-maquillage","8":"berocket_brand-sheglam","10":"first","11":"outofstock","12":"shipping-taxable","13":"purchasable","14":"product-type-simple"},"yoast_head":"<!-- This site is optimized with the Yoast SEO plugin v24.8 - https:\/\/yoast.com\/wordpress\/plugins\/seo\/ -->\n<title>Correcteur de teint Honey Sheglam - Prixgro<\/title>\n<meta name=\"description\" content=\"Notre correcteur Perfect Skin contient une formule \u00e0 haute couvrance, enrichie en phytost\u00e9rols et en squalane 100 % d&#039;origine olive\" \/>\n<meta name=\"robots\" content=\"index, follow, max-snippet:-1, max-image-preview:large, max-video-preview:-1\" \/>\n<link rel=\"canonical\" href=\"https:\/\/prixgro.com\/ar\/product\/correcteur-de-teint-honey-sheglam\/\" \/>\n<meta property=\"og:locale\" content=\"ar_AR\" \/>\n<meta property=\"og:type\" content=\"article\" \/>\n<meta property=\"og:title\" content=\"Correcteur de teint Honey Sheglam - Prixgro\" \/>\n<meta property=\"og:description\" content=\"Notre correcteur Perfect Skin contient une formule \u00e0 haute couvrance, enrichie en phytost\u00e9rols et en squalane 100 % d&#039;origine olive\" \/>\n<meta property=\"og:url\" content=\"https:\/\/prixgro.com\/ar\/product\/correcteur-de-teint-honey-sheglam\/\" \/>\n<meta property=\"og:site_name\" content=\"Prixgro\" \/>\n<meta property=\"article:publisher\" content=\"https:\/\/www.facebook.com\/Pharmacima\" \/>\n<meta property=\"article:modified_time\" content=\"2024-08-07T21:19:29+00:00\" \/>\n<meta property=\"og:image\" content=\"https:\/\/prixgro.com\/wp-content\/uploads\/2024\/03\/honey-.png\" \/>\n\t<meta property=\"og:image:width\" content=\"540\" \/>\n\t<meta property=\"og:image:height\" content=\"540\" \/>\n\t<meta property=\"og:image:type\" content=\"image\/png\" \/>\n<meta name=\"twitter:card\" content=\"summary_large_image\" \/>\n<meta name=\"twitter:label1\" content=\"\u0648\u0642\u062a \u0627\u0644\u0642\u0631\u0627\u0621\u0629 \u0627\u0644\u0645\u064f\u0642\u062f\u0651\u0631\" \/>\n\t<meta name=\"twitter:data1\" content=\"\u062f\u0642\u064a\u0642\u062a\u0627\u0646\" \/>\n<script type=\"application\/ld+json\" class=\"yoast-schema-graph\">{\"@context\":\"https:\/\/schema.org\",\"@graph\":[{\"@type\":\"WebPage\",\"@id\":\"https:\/\/prixgro.com\/product\/correcteur-de-teint-honey-sheglam\/\",\"url\":\"https:\/\/prixgro.com\/product\/correcteur-de-teint-honey-sheglam\/\",\"name\":\"Correcteur de teint Honey Sheglam - Prixgro\",\"isPartOf\":{\"@id\":\"https:\/\/prixgro.com\/#website\"},\"primaryImageOfPage\":{\"@id\":\"https:\/\/prixgro.com\/product\/correcteur-de-teint-honey-sheglam\/#primaryimage\"},\"image\":{\"@id\":\"https:\/\/prixgro.com\/product\/correcteur-de-teint-honey-sheglam\/#primaryimage\"},\"thumbnailUrl\":\"https:\/\/prixgro.com\/wp-content\/uploads\/2024\/03\/honey-.png\",\"datePublished\":\"2024-04-09T12:34:12+00:00\",\"dateModified\":\"2024-08-07T21:19:29+00:00\",\"description\":\"Notre correcteur Perfect Skin contient une formule \u00e0 haute couvrance, enrichie en phytost\u00e9rols et en squalane 100 % d'origine olive\",\"breadcrumb\":{\"@id\":\"https:\/\/prixgro.com\/product\/correcteur-de-teint-honey-sheglam\/#breadcrumb\"},\"inLanguage\":\"ar\",\"potentialAction\":[{\"@type\":\"ReadAction\",\"target\":[\"https:\/\/prixgro.com\/product\/correcteur-de-teint-honey-sheglam\/\"]}]},{\"@type\":\"ImageObject\",\"inLanguage\":\"ar\",\"@id\":\"https:\/\/prixgro.com\/product\/correcteur-de-teint-honey-sheglam\/#primaryimage\",\"url\":\"https:\/\/prixgro.com\/wp-content\/uploads\/2024\/03\/honey-.png\",\"contentUrl\":\"https:\/\/prixgro.com\/wp-content\/uploads\/2024\/03\/honey-.png\",\"width\":540,\"height\":540},{\"@type\":\"BreadcrumbList\",\"@id\":\"https:\/\/prixgro.com\/product\/correcteur-de-teint-honey-sheglam\/#breadcrumb\",\"itemListElement\":[{\"@type\":\"ListItem\",\"position\":1,\"name\":\"Accueil\",\"item\":\"https:\/\/prixgro.com\/\"},{\"@type\":\"ListItem\",\"position\":2,\"name\":\"Boutique en ligne\",\"item\":\"https:\/\/prixgro.com\/shop\/\"},{\"@type\":\"ListItem\",\"position\":3,\"name\":\"Correcteur de teint Honey Sheglam\"}]},{\"@type\":\"WebSite\",\"@id\":\"https:\/\/prixgro.com\/#website\",\"url\":\"https:\/\/prixgro.com\/\",\"name\":\"Prixgro.com\",\"description\":\"Para Pharmaceutique et Cosm\u00e9tique\",\"publisher\":{\"@id\":\"https:\/\/prixgro.com\/#organization\"},\"potentialAction\":[{\"@type\":\"SearchAction\",\"target\":{\"@type\":\"EntryPoint\",\"urlTemplate\":\"https:\/\/prixgro.com\/?s={search_term_string}\"},\"query-input\":{\"@type\":\"PropertyValueSpecification\",\"valueRequired\":true,\"valueName\":\"search_term_string\"}}],\"inLanguage\":\"ar\"},{\"@type\":\"Organization\",\"@id\":\"https:\/\/prixgro.com\/#organization\",\"name\":\"Prixgro\",\"url\":\"https:\/\/prixgro.com\/\",\"logo\":{\"@type\":\"ImageObject\",\"inLanguage\":\"ar\",\"@id\":\"https:\/\/prixgro.com\/#\/schema\/logo\/image\/\",\"url\":\"https:\/\/prixgro.com\/wp-content\/uploads\/2024\/08\/cropped-Nouveau-projet-2.png\",\"contentUrl\":\"https:\/\/prixgro.com\/wp-content\/uploads\/2024\/08\/cropped-Nouveau-projet-2.png\",\"width\":265,\"height\":62,\"caption\":\"Prixgro\"},\"image\":{\"@id\":\"https:\/\/prixgro.com\/#\/schema\/logo\/image\/\"},\"sameAs\":[\"https:\/\/www.facebook.com\/Pharmacima\"]}]}<\/script>\n<!-- \/ Yoast SEO plugin. -->","yoast_head_json":{"title":"Correcteur de teint Honey Sheglam - Prixgro","description":"Notre correcteur Perfect Skin contient une formule \u00e0 haute couvrance, enrichie en phytost\u00e9rols et en squalane 100 % d'origine olive","robots":{"index":"index","follow":"follow","max-snippet":"max-snippet:-1","max-image-preview":"max-image-preview:large","max-video-preview":"max-video-preview:-1"},"canonical":"https:\/\/prixgro.com\/ar\/product\/correcteur-de-teint-honey-sheglam\/","og_locale":"ar_AR","og_type":"article","og_title":"Correcteur de teint Honey Sheglam - Prixgro","og_description":"Notre correcteur Perfect Skin contient une formule \u00e0 haute couvrance, enrichie en phytost\u00e9rols et en squalane 100 % d'origine olive","og_url":"https:\/\/prixgro.com\/ar\/product\/correcteur-de-teint-honey-sheglam\/","og_site_name":"Prixgro","article_publisher":"https:\/\/www.facebook.com\/Pharmacima","article_modified_time":"2024-08-07T21:19:29+00:00","og_image":[{"width":540,"height":540,"url":"https:\/\/prixgro.com\/wp-content\/uploads\/2024\/03\/honey-.png","type":"image\/png"}],"twitter_card":"summary_large_image","twitter_misc":{"\u0648\u0642\u062a \u0627\u0644\u0642\u0631\u0627\u0621\u0629 \u0627\u0644\u0645\u064f\u0642\u062f\u0651\u0631":"\u062f\u0642\u064a\u0642\u062a\u0627\u0646"},"schema":{"@context":"https:\/\/schema.org","@graph":[{"@type":"WebPage","@id":"https:\/\/prixgro.com\/product\/correcteur-de-teint-honey-sheglam\/","url":"https:\/\/prixgro.com\/product\/correcteur-de-teint-honey-sheglam\/","name":"Correcteur de teint Honey Sheglam - Prixgro","isPartOf":{"@id":"https:\/\/prixgro.com\/#website"},"primaryImageOfPage":{"@id":"https:\/\/prixgro.com\/product\/correcteur-de-teint-honey-sheglam\/#primaryimage"},"image":{"@id":"https:\/\/prixgro.com\/product\/correcteur-de-teint-honey-sheglam\/#primaryimage"},"thumbnailUrl":"https:\/\/prixgro.com\/wp-content\/uploads\/2024\/03\/honey-.png","datePublished":"2024-04-09T12:34:12+00:00","dateModified":"2024-08-07T21:19:29+00:00","description":"Notre correcteur Perfect Skin contient une formule \u00e0 haute couvrance, enrichie en phytost\u00e9rols et en squalane 100 % d'origine olive","breadcrumb":{"@id":"https:\/\/prixgro.com\/product\/correcteur-de-teint-honey-sheglam\/#breadcrumb"},"inLanguage":"ar","potentialAction":[{"@type":"ReadAction","target":["https:\/\/prixgro.com\/product\/correcteur-de-teint-honey-sheglam\/"]}]},{"@type":"ImageObject","inLanguage":"ar","@id":"https:\/\/prixgro.com\/product\/correcteur-de-teint-honey-sheglam\/#primaryimage","url":"https:\/\/prixgro.com\/wp-content\/uploads\/2024\/03\/honey-.png","contentUrl":"https:\/\/prixgro.com\/wp-content\/uploads\/2024\/03\/honey-.png","width":540,"height":540},{"@type":"BreadcrumbList","@id":"https:\/\/prixgro.com\/product\/correcteur-de-teint-honey-sheglam\/#breadcrumb","itemListElement":[{"@type":"ListItem","position":1,"name":"Accueil","item":"https:\/\/prixgro.com\/"},{"@type":"ListItem","position":2,"name":"Boutique en ligne","item":"https:\/\/prixgro.com\/shop\/"},{"@type":"ListItem","position":3,"name":"Correcteur de teint Honey Sheglam"}]},{"@type":"WebSite","@id":"https:\/\/prixgro.com\/#website","url":"https:\/\/prixgro.com\/","name":"Prixgro.com","description":"Para Pharmaceutique et Cosm\u00e9tique","publisher":{"@id":"https:\/\/prixgro.com\/#organization"},"potentialAction":[{"@type":"SearchAction","target":{"@type":"EntryPoint","urlTemplate":"https:\/\/prixgro.com\/?s={search_term_string}"},"query-input":{"@type":"PropertyValueSpecification","valueRequired":true,"valueName":"search_term_string"}}],"inLanguage":"ar"},{"@type":"Organization","@id":"https:\/\/prixgro.com\/#organization","name":"Prixgro","url":"https:\/\/prixgro.com\/","logo":{"@type":"ImageObject","inLanguage":"ar","@id":"https:\/\/prixgro.com\/#\/schema\/logo\/image\/","url":"https:\/\/prixgro.com\/wp-content\/uploads\/2024\/08\/cropped-Nouveau-projet-2.png","contentUrl":"https:\/\/prixgro.com\/wp-content\/uploads\/2024\/08\/cropped-Nouveau-projet-2.png","width":265,"height":62,"caption":"Prixgro"},"image":{"@id":"https:\/\/prixgro.com\/#\/schema\/logo\/image\/"},"sameAs":["https:\/\/www.facebook.com\/Pharmacima"]}]}},"_links":{"self":[{"href":"https:\/\/prixgro.com\/ar\/wp-json\/wp\/v2\/product\/142586","targetHints":{"allow":["GET"]}}],"collection":[{"href":"https:\/\/prixgro.com\/ar\/wp-json\/wp\/v2\/product"}],"about":[{"href":"https:\/\/prixgro.com\/ar\/wp-json\/wp\/v2\/types\/product"}],"replies":[{"embeddable":true,"href":"https:\/\/prixgro.com\/ar\/wp-json\/wp\/v2\/comments?post=142586"}],"wp:featuredmedia":[{"embeddable":true,"href":"https:\/\/prixgro.com\/ar\/wp-json\/wp\/v2\/media\/12403"}],"wp:attachment":[{"href":"https:\/\/prixgro.com\/ar\/wp-json\/wp\/v2\/media?parent=142586"}],"wp:term":[{"taxonomy":"product_cat","embeddable":true,"href":"https:\/\/prixgro.com\/ar\/wp-json\/wp\/v2\/product_cat?post=142586"},{"taxonomy":"product_tag","embeddable":true,"href":"https:\/\/prixgro.com\/ar\/wp-json\/wp\/v2\/product_tag?post=142586"},{"taxonomy":"berocket_brand","embeddable":true,"href":"https:\/\/prixgro.com\/ar\/wp-json\/wp\/v2\/berocket_brand?post=142586"}],"curies":[{"name":"wp","href":"https:\/\/api.w.org\/{rel}","templated":true}]}}