{"id":142597,"date":"2024-04-09T14:34:13","date_gmt":"2024-04-09T12:34:13","guid":{"rendered":"https:\/\/cloodmanager.net\/?post_type=product&#038;p=142597"},"modified":"2024-08-06T18:30:49","modified_gmt":"2024-08-06T16:30:49","slug":"serum-concentre-vitamine-c-23-20g-cosrx","status":"publish","type":"product","link":"https:\/\/prixgro.com\/ar\/product\/serum-concentre-vitamine-c-23-20g-cosrx\/","title":{"rendered":"S\u00e9rum concentr\u00e9 Vitamine C 23% 20g Cosrx"},"content":{"rendered":"<h2><strong>DESCRIPTION :<\/strong><\/h2>\n<h3 style=\"user-select: auto;\"><strong style=\"user-select: auto;\">Hypoallerg\u00e9nique 23\u00a0% de vitamine C pure<\/strong><\/h3>\n<p>he Vitamin C 23 Serum est un s\u00e9rum concentr\u00e9 et puissant sp\u00e9cialement con\u00e7u pour donner \u00e0 votre peau un \u00e9clat sain et \u00e9clatant. Avec sa forte concentration de 23 % de vitamine C pure, ce s\u00e9rum est un v\u00e9ritable concentr\u00e9 d&#8217;antioxydants qui aide \u00e0 \u00e9claircir le teint, \u00e0 r\u00e9duire l&#8217;hyperpigmentation et \u00e0 combattre les signes du vieillissement<\/p>\n<p><strong><u>Avantages :<\/u><\/strong><br \/>\n&#8211; Estompe les cicatrices d&#8217;acn\u00e9 et l&#8217;hyperpigmentation<br \/>\n&#8211; \u00c9claircit la peau terne<br \/>\n&#8211; Raffermit et repulpe<br \/>\n&#8211; Diminue les ridules et les rides<\/p>\n<p><strong><u>Cibles :<\/u><\/strong><br \/>\n&#8211; Peau terne<br \/>\n&#8211; Teint irr\u00e9gulier<br \/>\n&#8211; Taches brunes et hyperpigmentation<br \/>\n&#8211; Premiers signes de l&#8217;\u00e2ge<\/p>\n<p><strong>\u2022 Tocotri\u00e9nol (super vitamine E)\u00a0:<\/strong><br \/>\nposs\u00e8de une efficacit\u00e9 antioxydante jusqu&#8217;\u00e0 50 fois sup\u00e9rieure \u00e0 celle du tocoph\u00e9rol.<\/p>\n<p>&nbsp;<\/p>\n<p><strong>\u2022 Acide Hyaluronique et Allanto\u00efne :<\/strong><br \/>\nHydratent et soulagent les irritations.<\/p>\n<p><strong><u>R\u00e9sultats cliniques en 4 semaines<\/u><\/strong><br \/>\n&#8211; 16,26% d&#8217;am\u00e9lioration de la pigmentation (m\u00e9lasma et imperfections visibles)<br \/>\n&#8211; 32,89% d&#8217;am\u00e9lioration du teint triple (peau rouge)<br \/>\n&#8211; 32,36% d&#8217;effet \u00e9claircissant (\u00e9clat de la peau)<br \/>\n&#8211; 16,36% d&#8217;am\u00e9lioration de l&#8217;\u00e9lasticit\u00e9 (\u00e9lasticit\u00e9 interne)<br \/>\n&#8211; 38,65% d&#8217;am\u00e9lioration des pores (volume)<br \/>\n&#8211; 27,18% d&#8217;am\u00e9lioration des pores (nombre)<br \/>\n&#8211; 4,18% d&#8217;am\u00e9lioration de l&#8217;\u00e2ge de la peau<br \/>\n*Bas\u00e9 sur essais cliniques sur 20 sujets. *Laboratoire Dermacosm\u00e9tique des Sciences de la Peau Co., Ltd.<\/p>\n<h2><strong>CONSEIL D&#8217;UTILISATION :<\/strong><\/h2>\n<p>Apr\u00e8s le nettoyage, pendant la phase s\u00e9rum, agitez l\u00e9g\u00e8rement le flacon une \u00e0 deux fois d&#8217;un c\u00f4t\u00e9 \u00e0 l&#8217;autre et appliquez quelques gouttes sur la peau. Utilisez le bout des doigts pour masser doucement et absorber le s\u00e9rum, en commen\u00e7ant par l&#8217;int\u00e9rieur du visage vers les bords.<\/p>\n<h2><strong>COMPOSITION :<\/strong><\/h2>\n<div class=\"pdp-acc-area\">\n<div class=\"acc_content_area act\">\n<div class=\"full-ingredients-container\">\n<div class=\"ingre-modal\">\n<div class=\"ingre-modal-content\">\n<div class=\"modal-body\">Eau, acide ascorbique (23 %), propanediol, dim\u00e9thicone, trom\u00e9thamine, panth\u00e9nol, \u00e9ther \u00e9thylascorbylique, squalane, caf\u00e9ine, chlorure de sodium, hyaluronate de sodium, sulfite de sodium, EDTA disodique, glutathion, ad\u00e9nosine, ac\u00e9tylglucosamine, extrait de fruit de gard\u00e9nia Florida, allanto\u00efne. , dextrine, tocotri\u00e9nols, tocoph\u00e9rol, huile d&#8217;Elaeis Guineensis (palme), butyl\u00e8ne glycol, arginine, niacinamide, pentyl\u00e8ne glycol, alcool d\u00e9natur\u00e9, huile de graines d&#8217;Helianthus Annuus (tournesol), extrait de racine de Glycyrrhiza Glabra (r\u00e9glisse), m\u00e9thyl trim\u00e9thicone, Carthamus Tinctorius ( Huile de graines de carthame), huile de graines de Camellia Japonica, extrait de racine de Daucus Carota Sativa (carotte), b\u00eata-carot\u00e8ne<\/div>\n<\/div>\n<\/div>\n<\/div>\n<\/div>\n<\/div>\n<div class=\"pdp-acc-area\"><\/div>","protected":false},"excerpt":{"rendered":"<h3><em><strong>Super Vitamine E + Hyaluronique Acid\u00a0<\/strong><\/em><\/h3>","protected":false},"featured_media":12429,"comment_status":"open","ping_status":"closed","template":"","meta":[],"product_cat":[17,36],"product_tag":[],"berocket_brand":[744],"class_list":{"0":"post-142597","1":"product","2":"type-product","3":"status-publish","4":"has-post-thumbnail","6":"product_cat-soin-et-bien-etre","7":"product_cat-visage-soin-et-bien-etre","8":"berocket_brand-cosrx","10":"first","11":"outofstock","12":"shipping-taxable","13":"purchasable","14":"product-type-simple"},"yoast_head":"<!-- This site is optimized with the Yoast SEO plugin v24.8 - https:\/\/yoast.com\/wordpress\/plugins\/seo\/ -->\n<title>S\u00e9rum concentr\u00e9 Vitamine C 23% 20g Cosrx - Prixgro<\/title>\n<meta name=\"description\" content=\"he Vitamin C 23 Serum est un s\u00e9rum concentr\u00e9 et puissant sp\u00e9cialement con\u00e7u pour donner \u00e0 votre peau un \u00e9clat sain et \u00e9clatant. Avec...\" \/>\n<meta name=\"robots\" content=\"index, follow, max-snippet:-1, max-image-preview:large, max-video-preview:-1\" \/>\n<link rel=\"canonical\" href=\"https:\/\/prixgro.com\/ar\/product\/serum-concentre-vitamine-c-23-20g-cosrx\/\" \/>\n<meta property=\"og:locale\" content=\"ar_AR\" \/>\n<meta property=\"og:type\" content=\"article\" \/>\n<meta property=\"og:title\" content=\"S\u00e9rum concentr\u00e9 Vitamine C 23% 20g Cosrx - Prixgro\" \/>\n<meta property=\"og:description\" content=\"he Vitamin C 23 Serum est un s\u00e9rum concentr\u00e9 et puissant sp\u00e9cialement con\u00e7u pour donner \u00e0 votre peau un \u00e9clat sain et \u00e9clatant. Avec...\" \/>\n<meta property=\"og:url\" content=\"https:\/\/prixgro.com\/ar\/product\/serum-concentre-vitamine-c-23-20g-cosrx\/\" \/>\n<meta property=\"og:site_name\" content=\"Prixgro\" \/>\n<meta property=\"article:publisher\" content=\"https:\/\/www.facebook.com\/Pharmacima\" \/>\n<meta property=\"article:modified_time\" content=\"2024-08-06T16:30:49+00:00\" \/>\n<meta property=\"og:image\" content=\"https:\/\/prixgro.com\/wp-content\/uploads\/2024\/03\/cosrx-3.png\" \/>\n\t<meta property=\"og:image:width\" content=\"540\" \/>\n\t<meta property=\"og:image:height\" content=\"540\" \/>\n\t<meta property=\"og:image:type\" content=\"image\/png\" \/>\n<meta name=\"twitter:card\" content=\"summary_large_image\" \/>\n<meta name=\"twitter:label1\" content=\"\u0648\u0642\u062a \u0627\u0644\u0642\u0631\u0627\u0621\u0629 \u0627\u0644\u0645\u064f\u0642\u062f\u0651\u0631\" \/>\n\t<meta name=\"twitter:data1\" content=\"\u062f\u0642\u064a\u0642\u062a\u0627\u0646\" \/>\n<script type=\"application\/ld+json\" class=\"yoast-schema-graph\">{\"@context\":\"https:\/\/schema.org\",\"@graph\":[{\"@type\":\"WebPage\",\"@id\":\"https:\/\/prixgro.com\/product\/serum-concentre-vitamine-c-23-20g-cosrx\/\",\"url\":\"https:\/\/prixgro.com\/product\/serum-concentre-vitamine-c-23-20g-cosrx\/\",\"name\":\"S\u00e9rum concentr\u00e9 Vitamine C 23% 20g Cosrx - Prixgro\",\"isPartOf\":{\"@id\":\"https:\/\/prixgro.com\/#website\"},\"primaryImageOfPage\":{\"@id\":\"https:\/\/prixgro.com\/product\/serum-concentre-vitamine-c-23-20g-cosrx\/#primaryimage\"},\"image\":{\"@id\":\"https:\/\/prixgro.com\/product\/serum-concentre-vitamine-c-23-20g-cosrx\/#primaryimage\"},\"thumbnailUrl\":\"https:\/\/prixgro.com\/wp-content\/uploads\/2024\/03\/cosrx-3.png\",\"datePublished\":\"2024-04-09T12:34:13+00:00\",\"dateModified\":\"2024-08-06T16:30:49+00:00\",\"description\":\"he Vitamin C 23 Serum est un s\u00e9rum concentr\u00e9 et puissant sp\u00e9cialement con\u00e7u pour donner \u00e0 votre peau un \u00e9clat sain et \u00e9clatant. Avec...\",\"breadcrumb\":{\"@id\":\"https:\/\/prixgro.com\/product\/serum-concentre-vitamine-c-23-20g-cosrx\/#breadcrumb\"},\"inLanguage\":\"ar\",\"potentialAction\":[{\"@type\":\"ReadAction\",\"target\":[\"https:\/\/prixgro.com\/product\/serum-concentre-vitamine-c-23-20g-cosrx\/\"]}]},{\"@type\":\"ImageObject\",\"inLanguage\":\"ar\",\"@id\":\"https:\/\/prixgro.com\/product\/serum-concentre-vitamine-c-23-20g-cosrx\/#primaryimage\",\"url\":\"https:\/\/prixgro.com\/wp-content\/uploads\/2024\/03\/cosrx-3.png\",\"contentUrl\":\"https:\/\/prixgro.com\/wp-content\/uploads\/2024\/03\/cosrx-3.png\",\"width\":540,\"height\":540},{\"@type\":\"BreadcrumbList\",\"@id\":\"https:\/\/prixgro.com\/product\/serum-concentre-vitamine-c-23-20g-cosrx\/#breadcrumb\",\"itemListElement\":[{\"@type\":\"ListItem\",\"position\":1,\"name\":\"Accueil\",\"item\":\"https:\/\/prixgro.com\/\"},{\"@type\":\"ListItem\",\"position\":2,\"name\":\"Boutique en ligne\",\"item\":\"https:\/\/prixgro.com\/shop\/\"},{\"@type\":\"ListItem\",\"position\":3,\"name\":\"S\u00e9rum concentr\u00e9 Vitamine C 23% 20g Cosrx\"}]},{\"@type\":\"WebSite\",\"@id\":\"https:\/\/prixgro.com\/#website\",\"url\":\"https:\/\/prixgro.com\/\",\"name\":\"Prixgro.com\",\"description\":\"Para Pharmaceutique et Cosm\u00e9tique\",\"publisher\":{\"@id\":\"https:\/\/prixgro.com\/#organization\"},\"potentialAction\":[{\"@type\":\"SearchAction\",\"target\":{\"@type\":\"EntryPoint\",\"urlTemplate\":\"https:\/\/prixgro.com\/?s={search_term_string}\"},\"query-input\":{\"@type\":\"PropertyValueSpecification\",\"valueRequired\":true,\"valueName\":\"search_term_string\"}}],\"inLanguage\":\"ar\"},{\"@type\":\"Organization\",\"@id\":\"https:\/\/prixgro.com\/#organization\",\"name\":\"Prixgro\",\"url\":\"https:\/\/prixgro.com\/\",\"logo\":{\"@type\":\"ImageObject\",\"inLanguage\":\"ar\",\"@id\":\"https:\/\/prixgro.com\/#\/schema\/logo\/image\/\",\"url\":\"https:\/\/prixgro.com\/wp-content\/uploads\/2024\/08\/cropped-Nouveau-projet-2.png\",\"contentUrl\":\"https:\/\/prixgro.com\/wp-content\/uploads\/2024\/08\/cropped-Nouveau-projet-2.png\",\"width\":265,\"height\":62,\"caption\":\"Prixgro\"},\"image\":{\"@id\":\"https:\/\/prixgro.com\/#\/schema\/logo\/image\/\"},\"sameAs\":[\"https:\/\/www.facebook.com\/Pharmacima\"]}]}<\/script>\n<!-- \/ Yoast SEO plugin. -->","yoast_head_json":{"title":"S\u00e9rum concentr\u00e9 Vitamine C 23% 20g Cosrx - Prixgro","description":"he Vitamin C 23 Serum est un s\u00e9rum concentr\u00e9 et puissant sp\u00e9cialement con\u00e7u pour donner \u00e0 votre peau un \u00e9clat sain et \u00e9clatant. Avec...","robots":{"index":"index","follow":"follow","max-snippet":"max-snippet:-1","max-image-preview":"max-image-preview:large","max-video-preview":"max-video-preview:-1"},"canonical":"https:\/\/prixgro.com\/ar\/product\/serum-concentre-vitamine-c-23-20g-cosrx\/","og_locale":"ar_AR","og_type":"article","og_title":"S\u00e9rum concentr\u00e9 Vitamine C 23% 20g Cosrx - Prixgro","og_description":"he Vitamin C 23 Serum est un s\u00e9rum concentr\u00e9 et puissant sp\u00e9cialement con\u00e7u pour donner \u00e0 votre peau un \u00e9clat sain et \u00e9clatant. Avec...","og_url":"https:\/\/prixgro.com\/ar\/product\/serum-concentre-vitamine-c-23-20g-cosrx\/","og_site_name":"Prixgro","article_publisher":"https:\/\/www.facebook.com\/Pharmacima","article_modified_time":"2024-08-06T16:30:49+00:00","og_image":[{"width":540,"height":540,"url":"https:\/\/prixgro.com\/wp-content\/uploads\/2024\/03\/cosrx-3.png","type":"image\/png"}],"twitter_card":"summary_large_image","twitter_misc":{"\u0648\u0642\u062a \u0627\u0644\u0642\u0631\u0627\u0621\u0629 \u0627\u0644\u0645\u064f\u0642\u062f\u0651\u0631":"\u062f\u0642\u064a\u0642\u062a\u0627\u0646"},"schema":{"@context":"https:\/\/schema.org","@graph":[{"@type":"WebPage","@id":"https:\/\/prixgro.com\/product\/serum-concentre-vitamine-c-23-20g-cosrx\/","url":"https:\/\/prixgro.com\/product\/serum-concentre-vitamine-c-23-20g-cosrx\/","name":"S\u00e9rum concentr\u00e9 Vitamine C 23% 20g Cosrx - Prixgro","isPartOf":{"@id":"https:\/\/prixgro.com\/#website"},"primaryImageOfPage":{"@id":"https:\/\/prixgro.com\/product\/serum-concentre-vitamine-c-23-20g-cosrx\/#primaryimage"},"image":{"@id":"https:\/\/prixgro.com\/product\/serum-concentre-vitamine-c-23-20g-cosrx\/#primaryimage"},"thumbnailUrl":"https:\/\/prixgro.com\/wp-content\/uploads\/2024\/03\/cosrx-3.png","datePublished":"2024-04-09T12:34:13+00:00","dateModified":"2024-08-06T16:30:49+00:00","description":"he Vitamin C 23 Serum est un s\u00e9rum concentr\u00e9 et puissant sp\u00e9cialement con\u00e7u pour donner \u00e0 votre peau un \u00e9clat sain et \u00e9clatant. Avec...","breadcrumb":{"@id":"https:\/\/prixgro.com\/product\/serum-concentre-vitamine-c-23-20g-cosrx\/#breadcrumb"},"inLanguage":"ar","potentialAction":[{"@type":"ReadAction","target":["https:\/\/prixgro.com\/product\/serum-concentre-vitamine-c-23-20g-cosrx\/"]}]},{"@type":"ImageObject","inLanguage":"ar","@id":"https:\/\/prixgro.com\/product\/serum-concentre-vitamine-c-23-20g-cosrx\/#primaryimage","url":"https:\/\/prixgro.com\/wp-content\/uploads\/2024\/03\/cosrx-3.png","contentUrl":"https:\/\/prixgro.com\/wp-content\/uploads\/2024\/03\/cosrx-3.png","width":540,"height":540},{"@type":"BreadcrumbList","@id":"https:\/\/prixgro.com\/product\/serum-concentre-vitamine-c-23-20g-cosrx\/#breadcrumb","itemListElement":[{"@type":"ListItem","position":1,"name":"Accueil","item":"https:\/\/prixgro.com\/"},{"@type":"ListItem","position":2,"name":"Boutique en ligne","item":"https:\/\/prixgro.com\/shop\/"},{"@type":"ListItem","position":3,"name":"S\u00e9rum concentr\u00e9 Vitamine C 23% 20g Cosrx"}]},{"@type":"WebSite","@id":"https:\/\/prixgro.com\/#website","url":"https:\/\/prixgro.com\/","name":"Prixgro.com","description":"Para Pharmaceutique et Cosm\u00e9tique","publisher":{"@id":"https:\/\/prixgro.com\/#organization"},"potentialAction":[{"@type":"SearchAction","target":{"@type":"EntryPoint","urlTemplate":"https:\/\/prixgro.com\/?s={search_term_string}"},"query-input":{"@type":"PropertyValueSpecification","valueRequired":true,"valueName":"search_term_string"}}],"inLanguage":"ar"},{"@type":"Organization","@id":"https:\/\/prixgro.com\/#organization","name":"Prixgro","url":"https:\/\/prixgro.com\/","logo":{"@type":"ImageObject","inLanguage":"ar","@id":"https:\/\/prixgro.com\/#\/schema\/logo\/image\/","url":"https:\/\/prixgro.com\/wp-content\/uploads\/2024\/08\/cropped-Nouveau-projet-2.png","contentUrl":"https:\/\/prixgro.com\/wp-content\/uploads\/2024\/08\/cropped-Nouveau-projet-2.png","width":265,"height":62,"caption":"Prixgro"},"image":{"@id":"https:\/\/prixgro.com\/#\/schema\/logo\/image\/"},"sameAs":["https:\/\/www.facebook.com\/Pharmacima"]}]}},"_links":{"self":[{"href":"https:\/\/prixgro.com\/ar\/wp-json\/wp\/v2\/product\/142597","targetHints":{"allow":["GET"]}}],"collection":[{"href":"https:\/\/prixgro.com\/ar\/wp-json\/wp\/v2\/product"}],"about":[{"href":"https:\/\/prixgro.com\/ar\/wp-json\/wp\/v2\/types\/product"}],"replies":[{"embeddable":true,"href":"https:\/\/prixgro.com\/ar\/wp-json\/wp\/v2\/comments?post=142597"}],"wp:featuredmedia":[{"embeddable":true,"href":"https:\/\/prixgro.com\/ar\/wp-json\/wp\/v2\/media\/12429"}],"wp:attachment":[{"href":"https:\/\/prixgro.com\/ar\/wp-json\/wp\/v2\/media?parent=142597"}],"wp:term":[{"taxonomy":"product_cat","embeddable":true,"href":"https:\/\/prixgro.com\/ar\/wp-json\/wp\/v2\/product_cat?post=142597"},{"taxonomy":"product_tag","embeddable":true,"href":"https:\/\/prixgro.com\/ar\/wp-json\/wp\/v2\/product_tag?post=142597"},{"taxonomy":"berocket_brand","embeddable":true,"href":"https:\/\/prixgro.com\/ar\/wp-json\/wp\/v2\/berocket_brand?post=142597"}],"curies":[{"name":"wp","href":"https:\/\/api.w.org\/{rel}","templated":true}]}}