{"id":142603,"date":"2024-04-09T14:34:13","date_gmt":"2024-04-09T12:34:13","guid":{"rendered":"https:\/\/cloodmanager.net\/?post_type=product&#038;p=142603"},"modified":"2024-08-06T19:38:49","modified_gmt":"2024-08-06T17:38:49","slug":"booster-10-acide-azelaique-30ml-paulas-choice","status":"publish","type":"product","link":"https:\/\/prixgro.com\/ar\/product\/booster-10-acide-azelaique-30ml-paulas-choice\/","title":{"rendered":"Booster 10% Acide Az\u00e9la\u00efque 30ml Paula\u2019s choice"},"content":{"rendered":"<h2><strong>DESCRIPTION :\u00a0<\/strong><\/h2>\n<h3>Rem\u00e9dier \u00e0 davantage de probl\u00e8mes de peau en un seul geste.<\/h3>\n<p>Le Booster Acide Az\u00e9la\u00efque est un r\u00e9el soin multi-t\u00e2che. Sa puissante combinaison d\u2019acide az\u00e9la\u00efque, d\u2019acide salicylique et d\u2019extraits de plantes est capable de soutenir votre peau sur plusieurs fronts. Il estompe les taches brunes dues au soleil, apaise pour soulager les rougeurs et retrouver une peau nette et lumineuse, aide \u00e0 combattre les \u00e9ruptions cutan\u00e9es et att\u00e9nue les d\u00e9colorations du teint. Cela en fait une parfaite alternative aux peaux r\u00e9actives au peroxyde de benzoyle.<\/p>\n<h3>Caract\u00e9ristiques principales :<\/h3>\n<section class=\"features\">\n<div class=\"js-accordeon-body accordeon-body\">\n<div class=\"feature-1\">\n<div class=\"content-asset\">\n<p>Estompe les taches brunes<\/p>\n<\/div>\n<\/div>\n<div class=\"feature-2\">\n<div class=\"content-asset\">\n<p>Illumine la peau<\/p>\n<\/div>\n<\/div>\n<div class=\"feature-3\">\n<div class=\"content-asset\">\n<p>Aide \u00e0 r\u00e9duire les boutons<\/p>\n<h2><strong>CONSEIL D\u2019UTILISATION :\u00a0<\/strong><\/h2>\n<p>Appliquer une \u00e0 deux fois par jour sur le visage et le cou. Peut \u00eatre ajout\u00e9 \u00e0 votre s\u00e9rum ou cr\u00e8me pr\u00e9f\u00e9r\u00e9e ou utilis\u00e9 seul. Pour la journ\u00e9e, faire suivre d\u2019un soin avec protection solaire large spectre SPF30 minimum.<\/p>\n<h2><strong>COMPOSITION :\u00a0<\/strong><\/h2>\n<p>Aqua, Acide Az\u00e9la\u00efque (skin brightener\/antioxidant), C12-15 Alkyl Benzoate (texture-enhancing), Caprylic\/Capric Triglyceride (hydration\/skin replenishing), Methyl Glucose Sesquistearate (texture-enhancing), Glycerine (hydration\/skin replenishing), Cetearyl Alcohol (texture-enhancing), Glyceryl Stearate (texture-enhancing), Dimethicone (hydration), Salicylic Acid (Beta Hydroxy Acid, exfoliant),\u00a0enisonedA\u00a0(skin-restoring), Glycyrrhiza Glabra (Licorice) Root Extract (skin-soothing), Boerhavia Diffusa Root Extract (antioxidant), Allantoin (skin-soothing), Bisabolol (skin-soothing), Cyclopentasiloxane (hydration), Xanthan Gum (texture-enhancing), Sclerotium Gum (texture-enhancing), Propanediol (hydration), Butylene Glycol (hydration), Phenoxyethanol (preservative).<\/p>\n<\/div>\n<\/div>\n<\/div>\n<\/section>","protected":false},"excerpt":{"rendered":"<h3><span style=\"color: #339966;\"><em><strong>Estompe les taches brunes, apaise la peau et r\u00e9duit les d\u00e9colorations laiss\u00e9es par les \u00e9ruptions cutan\u00e9es.<\/strong><\/em><\/span><\/h3>","protected":false},"featured_media":12446,"comment_status":"open","ping_status":"closed","template":"","meta":[],"product_cat":[17,36],"product_tag":[],"berocket_brand":[463],"class_list":{"0":"post-142603","1":"product","2":"type-product","3":"status-publish","4":"has-post-thumbnail","6":"product_cat-soin-et-bien-etre","7":"product_cat-visage-soin-et-bien-etre","8":"berocket_brand-paulaschoice","10":"first","11":"outofstock","12":"shipping-taxable","13":"purchasable","14":"product-type-simple"},"yoast_head":"<!-- This site is optimized with the Yoast SEO plugin v24.8 - https:\/\/yoast.com\/wordpress\/plugins\/seo\/ -->\n<title>Booster 10% Acide Az\u00e9la\u00efque 30ml Paula\u2019s choice - Prixgro<\/title>\n<meta name=\"robots\" content=\"index, follow, max-snippet:-1, max-image-preview:large, max-video-preview:-1\" \/>\n<link rel=\"canonical\" href=\"https:\/\/prixgro.com\/ar\/product\/booster-10-acide-azelaique-30ml-paulas-choice\/\" \/>\n<meta property=\"og:locale\" content=\"ar_AR\" \/>\n<meta property=\"og:type\" content=\"article\" \/>\n<meta property=\"og:title\" content=\"Booster 10% Acide Az\u00e9la\u00efque 30ml Paula\u2019s choice - Prixgro\" \/>\n<meta property=\"og:description\" content=\"Estompe les taches brunes, apaise la peau et r\u00e9duit les d\u00e9colorations laiss\u00e9es par les \u00e9ruptions cutan\u00e9es.\" \/>\n<meta property=\"og:url\" content=\"https:\/\/prixgro.com\/ar\/product\/booster-10-acide-azelaique-30ml-paulas-choice\/\" \/>\n<meta property=\"og:site_name\" content=\"Prixgro\" \/>\n<meta property=\"article:publisher\" content=\"https:\/\/www.facebook.com\/Pharmacima\" \/>\n<meta property=\"article:modified_time\" content=\"2024-08-06T17:38:49+00:00\" \/>\n<meta property=\"og:image\" content=\"https:\/\/prixgro.com\/wp-content\/uploads\/2024\/03\/paula-choice-1.png\" \/>\n\t<meta property=\"og:image:width\" content=\"540\" \/>\n\t<meta property=\"og:image:height\" content=\"540\" \/>\n\t<meta property=\"og:image:type\" content=\"image\/png\" \/>\n<meta name=\"twitter:card\" content=\"summary_large_image\" \/>\n<meta name=\"twitter:label1\" content=\"\u0648\u0642\u062a \u0627\u0644\u0642\u0631\u0627\u0621\u0629 \u0627\u0644\u0645\u064f\u0642\u062f\u0651\u0631\" \/>\n\t<meta name=\"twitter:data1\" content=\"\u062f\u0642\u064a\u0642\u0629 \u0648\u0627\u062d\u062f\u0629\" \/>\n<script type=\"application\/ld+json\" class=\"yoast-schema-graph\">{\"@context\":\"https:\/\/schema.org\",\"@graph\":[{\"@type\":\"WebPage\",\"@id\":\"https:\/\/prixgro.com\/product\/booster-10-acide-azelaique-30ml-paulas-choice\/\",\"url\":\"https:\/\/prixgro.com\/product\/booster-10-acide-azelaique-30ml-paulas-choice\/\",\"name\":\"Booster 10% Acide Az\u00e9la\u00efque 30ml Paula\u2019s choice - Prixgro\",\"isPartOf\":{\"@id\":\"https:\/\/prixgro.com\/#website\"},\"primaryImageOfPage\":{\"@id\":\"https:\/\/prixgro.com\/product\/booster-10-acide-azelaique-30ml-paulas-choice\/#primaryimage\"},\"image\":{\"@id\":\"https:\/\/prixgro.com\/product\/booster-10-acide-azelaique-30ml-paulas-choice\/#primaryimage\"},\"thumbnailUrl\":\"https:\/\/prixgro.com\/wp-content\/uploads\/2024\/03\/paula-choice-1.png\",\"datePublished\":\"2024-04-09T12:34:13+00:00\",\"dateModified\":\"2024-08-06T17:38:49+00:00\",\"breadcrumb\":{\"@id\":\"https:\/\/prixgro.com\/product\/booster-10-acide-azelaique-30ml-paulas-choice\/#breadcrumb\"},\"inLanguage\":\"ar\",\"potentialAction\":[{\"@type\":\"ReadAction\",\"target\":[\"https:\/\/prixgro.com\/product\/booster-10-acide-azelaique-30ml-paulas-choice\/\"]}]},{\"@type\":\"ImageObject\",\"inLanguage\":\"ar\",\"@id\":\"https:\/\/prixgro.com\/product\/booster-10-acide-azelaique-30ml-paulas-choice\/#primaryimage\",\"url\":\"https:\/\/prixgro.com\/wp-content\/uploads\/2024\/03\/paula-choice-1.png\",\"contentUrl\":\"https:\/\/prixgro.com\/wp-content\/uploads\/2024\/03\/paula-choice-1.png\",\"width\":540,\"height\":540},{\"@type\":\"BreadcrumbList\",\"@id\":\"https:\/\/prixgro.com\/product\/booster-10-acide-azelaique-30ml-paulas-choice\/#breadcrumb\",\"itemListElement\":[{\"@type\":\"ListItem\",\"position\":1,\"name\":\"Accueil\",\"item\":\"https:\/\/prixgro.com\/\"},{\"@type\":\"ListItem\",\"position\":2,\"name\":\"Boutique en ligne\",\"item\":\"https:\/\/prixgro.com\/shop\/\"},{\"@type\":\"ListItem\",\"position\":3,\"name\":\"Booster 10% Acide Az\u00e9la\u00efque 30ml Paula\u2019s choice\"}]},{\"@type\":\"WebSite\",\"@id\":\"https:\/\/prixgro.com\/#website\",\"url\":\"https:\/\/prixgro.com\/\",\"name\":\"Prixgro.com\",\"description\":\"Para Pharmaceutique et Cosm\u00e9tique\",\"publisher\":{\"@id\":\"https:\/\/prixgro.com\/#organization\"},\"potentialAction\":[{\"@type\":\"SearchAction\",\"target\":{\"@type\":\"EntryPoint\",\"urlTemplate\":\"https:\/\/prixgro.com\/?s={search_term_string}\"},\"query-input\":{\"@type\":\"PropertyValueSpecification\",\"valueRequired\":true,\"valueName\":\"search_term_string\"}}],\"inLanguage\":\"ar\"},{\"@type\":\"Organization\",\"@id\":\"https:\/\/prixgro.com\/#organization\",\"name\":\"Prixgro\",\"url\":\"https:\/\/prixgro.com\/\",\"logo\":{\"@type\":\"ImageObject\",\"inLanguage\":\"ar\",\"@id\":\"https:\/\/prixgro.com\/#\/schema\/logo\/image\/\",\"url\":\"https:\/\/prixgro.com\/wp-content\/uploads\/2024\/08\/cropped-Nouveau-projet-2.png\",\"contentUrl\":\"https:\/\/prixgro.com\/wp-content\/uploads\/2024\/08\/cropped-Nouveau-projet-2.png\",\"width\":265,\"height\":62,\"caption\":\"Prixgro\"},\"image\":{\"@id\":\"https:\/\/prixgro.com\/#\/schema\/logo\/image\/\"},\"sameAs\":[\"https:\/\/www.facebook.com\/Pharmacima\"]}]}<\/script>\n<!-- \/ Yoast SEO plugin. -->","yoast_head_json":{"title":"Booster 10% Acide Az\u00e9la\u00efque 30ml Paula\u2019s choice - Prixgro","robots":{"index":"index","follow":"follow","max-snippet":"max-snippet:-1","max-image-preview":"max-image-preview:large","max-video-preview":"max-video-preview:-1"},"canonical":"https:\/\/prixgro.com\/ar\/product\/booster-10-acide-azelaique-30ml-paulas-choice\/","og_locale":"ar_AR","og_type":"article","og_title":"Booster 10% Acide Az\u00e9la\u00efque 30ml Paula\u2019s choice - Prixgro","og_description":"Estompe les taches brunes, apaise la peau et r\u00e9duit les d\u00e9colorations laiss\u00e9es par les \u00e9ruptions cutan\u00e9es.","og_url":"https:\/\/prixgro.com\/ar\/product\/booster-10-acide-azelaique-30ml-paulas-choice\/","og_site_name":"Prixgro","article_publisher":"https:\/\/www.facebook.com\/Pharmacima","article_modified_time":"2024-08-06T17:38:49+00:00","og_image":[{"width":540,"height":540,"url":"https:\/\/prixgro.com\/wp-content\/uploads\/2024\/03\/paula-choice-1.png","type":"image\/png"}],"twitter_card":"summary_large_image","twitter_misc":{"\u0648\u0642\u062a \u0627\u0644\u0642\u0631\u0627\u0621\u0629 \u0627\u0644\u0645\u064f\u0642\u062f\u0651\u0631":"\u062f\u0642\u064a\u0642\u0629 \u0648\u0627\u062d\u062f\u0629"},"schema":{"@context":"https:\/\/schema.org","@graph":[{"@type":"WebPage","@id":"https:\/\/prixgro.com\/product\/booster-10-acide-azelaique-30ml-paulas-choice\/","url":"https:\/\/prixgro.com\/product\/booster-10-acide-azelaique-30ml-paulas-choice\/","name":"Booster 10% Acide Az\u00e9la\u00efque 30ml Paula\u2019s choice - Prixgro","isPartOf":{"@id":"https:\/\/prixgro.com\/#website"},"primaryImageOfPage":{"@id":"https:\/\/prixgro.com\/product\/booster-10-acide-azelaique-30ml-paulas-choice\/#primaryimage"},"image":{"@id":"https:\/\/prixgro.com\/product\/booster-10-acide-azelaique-30ml-paulas-choice\/#primaryimage"},"thumbnailUrl":"https:\/\/prixgro.com\/wp-content\/uploads\/2024\/03\/paula-choice-1.png","datePublished":"2024-04-09T12:34:13+00:00","dateModified":"2024-08-06T17:38:49+00:00","breadcrumb":{"@id":"https:\/\/prixgro.com\/product\/booster-10-acide-azelaique-30ml-paulas-choice\/#breadcrumb"},"inLanguage":"ar","potentialAction":[{"@type":"ReadAction","target":["https:\/\/prixgro.com\/product\/booster-10-acide-azelaique-30ml-paulas-choice\/"]}]},{"@type":"ImageObject","inLanguage":"ar","@id":"https:\/\/prixgro.com\/product\/booster-10-acide-azelaique-30ml-paulas-choice\/#primaryimage","url":"https:\/\/prixgro.com\/wp-content\/uploads\/2024\/03\/paula-choice-1.png","contentUrl":"https:\/\/prixgro.com\/wp-content\/uploads\/2024\/03\/paula-choice-1.png","width":540,"height":540},{"@type":"BreadcrumbList","@id":"https:\/\/prixgro.com\/product\/booster-10-acide-azelaique-30ml-paulas-choice\/#breadcrumb","itemListElement":[{"@type":"ListItem","position":1,"name":"Accueil","item":"https:\/\/prixgro.com\/"},{"@type":"ListItem","position":2,"name":"Boutique en ligne","item":"https:\/\/prixgro.com\/shop\/"},{"@type":"ListItem","position":3,"name":"Booster 10% Acide Az\u00e9la\u00efque 30ml Paula\u2019s choice"}]},{"@type":"WebSite","@id":"https:\/\/prixgro.com\/#website","url":"https:\/\/prixgro.com\/","name":"Prixgro.com","description":"Para Pharmaceutique et Cosm\u00e9tique","publisher":{"@id":"https:\/\/prixgro.com\/#organization"},"potentialAction":[{"@type":"SearchAction","target":{"@type":"EntryPoint","urlTemplate":"https:\/\/prixgro.com\/?s={search_term_string}"},"query-input":{"@type":"PropertyValueSpecification","valueRequired":true,"valueName":"search_term_string"}}],"inLanguage":"ar"},{"@type":"Organization","@id":"https:\/\/prixgro.com\/#organization","name":"Prixgro","url":"https:\/\/prixgro.com\/","logo":{"@type":"ImageObject","inLanguage":"ar","@id":"https:\/\/prixgro.com\/#\/schema\/logo\/image\/","url":"https:\/\/prixgro.com\/wp-content\/uploads\/2024\/08\/cropped-Nouveau-projet-2.png","contentUrl":"https:\/\/prixgro.com\/wp-content\/uploads\/2024\/08\/cropped-Nouveau-projet-2.png","width":265,"height":62,"caption":"Prixgro"},"image":{"@id":"https:\/\/prixgro.com\/#\/schema\/logo\/image\/"},"sameAs":["https:\/\/www.facebook.com\/Pharmacima"]}]}},"_links":{"self":[{"href":"https:\/\/prixgro.com\/ar\/wp-json\/wp\/v2\/product\/142603","targetHints":{"allow":["GET"]}}],"collection":[{"href":"https:\/\/prixgro.com\/ar\/wp-json\/wp\/v2\/product"}],"about":[{"href":"https:\/\/prixgro.com\/ar\/wp-json\/wp\/v2\/types\/product"}],"replies":[{"embeddable":true,"href":"https:\/\/prixgro.com\/ar\/wp-json\/wp\/v2\/comments?post=142603"}],"wp:featuredmedia":[{"embeddable":true,"href":"https:\/\/prixgro.com\/ar\/wp-json\/wp\/v2\/media\/12446"}],"wp:attachment":[{"href":"https:\/\/prixgro.com\/ar\/wp-json\/wp\/v2\/media?parent=142603"}],"wp:term":[{"taxonomy":"product_cat","embeddable":true,"href":"https:\/\/prixgro.com\/ar\/wp-json\/wp\/v2\/product_cat?post=142603"},{"taxonomy":"product_tag","embeddable":true,"href":"https:\/\/prixgro.com\/ar\/wp-json\/wp\/v2\/product_tag?post=142603"},{"taxonomy":"berocket_brand","embeddable":true,"href":"https:\/\/prixgro.com\/ar\/wp-json\/wp\/v2\/berocket_brand?post=142603"}],"curies":[{"name":"wp","href":"https:\/\/api.w.org\/{rel}","templated":true}]}}