{"id":142614,"date":"2024-04-09T14:34:23","date_gmt":"2024-04-09T12:34:23","guid":{"rendered":"https:\/\/cloodmanager.net\/?post_type=product&#038;p=142614"},"modified":"2024-08-07T23:21:48","modified_gmt":"2024-08-07T21:21:48","slug":"highlighter-liquide-bellini-brunch-sheglam","status":"publish","type":"product","link":"https:\/\/prixgro.com\/ar\/product\/highlighter-liquide-bellini-brunch-sheglam\/","title":{"rendered":"Highlighter Liquide Bellini Brunch Sheglam"},"content":{"rendered":"<h2><strong>DESCRIPTION :<\/strong><\/h2>\n<p class=\"\">GLOW BABY GLOW ! Le surligneur liquide Glow Bloom vous fera briller comme les dieux gr\u00e2ce \u00e0 sa finition ros\u00e9e, modulable, longue tenue et l\u00e9g\u00e8re comme sa formule hydratante \u00e0 l&#8217;air.<\/p>\n<p><strong>Finition :<\/strong>\u00a0Shimmer, High-Brillance<br \/>\n<strong>Avantages :<\/strong>\u00a0Longue tenue, imperm\u00e9able, anti-taches, sans alcool, sans cruaut\u00e9 envers les animaux, v\u00e9g\u00e9talien, sans parfum, sans gluten, sans paraben, talc. Gratuit, Recyclage<br \/>\n<strong>Texture :<\/strong>\u00a0Liquide<br \/>\n<strong>Type :<\/strong>\u00a0Surligneur liquide<br \/>\n<strong>Cat\u00e9gories sensibles :<\/strong>\u00a0Contient du liquide<br \/>\n<strong>Couleur :<\/strong>\u00a0Bellini Brunch<\/p>\n<h2><strong>COMPOSITION :<\/strong><\/h2>\n<p>ISODOD\u00c9CANE, FLUORPHLOGOPITE SYNTH\u00c9TIQUE, OLIVATE D&#8217;\u00c9THYLHEXYL HYDROG\u00c9N\u00c9, MICA, DIMETHICONE, COPOLYM\u00c8RE D&#8217;\u00c9THYL\u00c8NE\/PROPYL\u00c8NE\/STYR\u00c8NE, SILYLATE DE DIM\u00c9THYLE DE SILICE, COPOLYM\u00c8RE DE BUTYL\u00c8NE\/\u00c9THYL\u00c8NE\/STYR\u00c8NE, TRIMETHYLSILOXYSILICATE, POLYMETHYLSILSESQUIOXANE, OLIVE HYDROG\u00c9N\u00c9E HUILE INSAPONIFIABLES, OXYDE D&#8217;\u00c9TAIN, HUILE DE GRAINES DE LIMNANTHES ALBA, SQUALANE, HUILE DE GRAINES DE RICINUS COMMUNIS, HYALURONATE DE SODIUM, BHT, HUILE DE RICIN HYDROG\u00c9N\u00c9E, DIOXYDE DE TITANE (CI 77891), OXYDES DE FER (CI 77491, CI 77492, CI 77499)<\/p>","protected":false},"excerpt":{"rendered":"<p><strong>Contenance : 5.2ml\u00a0<\/strong><\/p>","protected":false},"featured_media":12468,"comment_status":"open","ping_status":"closed","template":"","meta":[],"product_cat":[429,436],"product_tag":[],"berocket_brand":[747],"class_list":{"0":"post-142614","1":"product","2":"type-product","3":"status-publish","4":"has-post-thumbnail","6":"product_cat-maquillage","7":"product_cat-visage-maquillage","8":"berocket_brand-sheglam","10":"first","11":"outofstock","12":"shipping-taxable","13":"purchasable","14":"product-type-simple"},"yoast_head":"<!-- This site is optimized with the Yoast SEO plugin v24.8 - https:\/\/yoast.com\/wordpress\/plugins\/seo\/ -->\n<title>Highlighter Liquide Bellini Brunch Sheglam - Prixgro<\/title>\n<meta name=\"description\" content=\"GLOW BABY GLOW ! Le surligneur liquide Glow Bloom vous fera briller comme les dieux gr\u00e2ce \u00e0 sa finition ros\u00e9e, modulable, longue tenue et l\u00e9g\u00e8re\" \/>\n<meta name=\"robots\" content=\"index, follow, max-snippet:-1, max-image-preview:large, max-video-preview:-1\" \/>\n<link rel=\"canonical\" href=\"https:\/\/prixgro.com\/ar\/product\/highlighter-liquide-bellini-brunch-sheglam\/\" \/>\n<meta property=\"og:locale\" content=\"ar_AR\" \/>\n<meta property=\"og:type\" content=\"article\" \/>\n<meta property=\"og:title\" content=\"Highlighter Liquide Bellini Brunch Sheglam - Prixgro\" \/>\n<meta property=\"og:description\" content=\"GLOW BABY GLOW ! Le surligneur liquide Glow Bloom vous fera briller comme les dieux gr\u00e2ce \u00e0 sa finition ros\u00e9e, modulable, longue tenue et l\u00e9g\u00e8re\" \/>\n<meta property=\"og:url\" content=\"https:\/\/prixgro.com\/ar\/product\/highlighter-liquide-bellini-brunch-sheglam\/\" \/>\n<meta property=\"og:site_name\" content=\"Prixgro\" \/>\n<meta property=\"article:publisher\" content=\"https:\/\/www.facebook.com\/Pharmacima\" \/>\n<meta property=\"article:modified_time\" content=\"2024-08-07T21:21:48+00:00\" \/>\n<meta property=\"og:image\" content=\"https:\/\/prixgro.com\/wp-content\/uploads\/2024\/03\/sheglalm-.png\" \/>\n\t<meta property=\"og:image:width\" content=\"540\" \/>\n\t<meta property=\"og:image:height\" content=\"540\" \/>\n\t<meta property=\"og:image:type\" content=\"image\/png\" \/>\n<meta name=\"twitter:card\" content=\"summary_large_image\" \/>\n<meta name=\"twitter:label1\" content=\"\u0648\u0642\u062a \u0627\u0644\u0642\u0631\u0627\u0621\u0629 \u0627\u0644\u0645\u064f\u0642\u062f\u0651\u0631\" \/>\n\t<meta name=\"twitter:data1\" content=\"\u062f\u0642\u064a\u0642\u0629 \u0648\u0627\u062d\u062f\u0629\" \/>\n<script type=\"application\/ld+json\" class=\"yoast-schema-graph\">{\"@context\":\"https:\/\/schema.org\",\"@graph\":[{\"@type\":\"WebPage\",\"@id\":\"https:\/\/prixgro.com\/product\/highlighter-liquide-bellini-brunch-sheglam\/\",\"url\":\"https:\/\/prixgro.com\/product\/highlighter-liquide-bellini-brunch-sheglam\/\",\"name\":\"Highlighter Liquide Bellini Brunch Sheglam - Prixgro\",\"isPartOf\":{\"@id\":\"https:\/\/prixgro.com\/#website\"},\"primaryImageOfPage\":{\"@id\":\"https:\/\/prixgro.com\/product\/highlighter-liquide-bellini-brunch-sheglam\/#primaryimage\"},\"image\":{\"@id\":\"https:\/\/prixgro.com\/product\/highlighter-liquide-bellini-brunch-sheglam\/#primaryimage\"},\"thumbnailUrl\":\"https:\/\/prixgro.com\/wp-content\/uploads\/2024\/03\/sheglalm-.png\",\"datePublished\":\"2024-04-09T12:34:23+00:00\",\"dateModified\":\"2024-08-07T21:21:48+00:00\",\"description\":\"GLOW BABY GLOW ! Le surligneur liquide Glow Bloom vous fera briller comme les dieux gr\u00e2ce \u00e0 sa finition ros\u00e9e, modulable, longue tenue et l\u00e9g\u00e8re\",\"breadcrumb\":{\"@id\":\"https:\/\/prixgro.com\/product\/highlighter-liquide-bellini-brunch-sheglam\/#breadcrumb\"},\"inLanguage\":\"ar\",\"potentialAction\":[{\"@type\":\"ReadAction\",\"target\":[\"https:\/\/prixgro.com\/product\/highlighter-liquide-bellini-brunch-sheglam\/\"]}]},{\"@type\":\"ImageObject\",\"inLanguage\":\"ar\",\"@id\":\"https:\/\/prixgro.com\/product\/highlighter-liquide-bellini-brunch-sheglam\/#primaryimage\",\"url\":\"https:\/\/prixgro.com\/wp-content\/uploads\/2024\/03\/sheglalm-.png\",\"contentUrl\":\"https:\/\/prixgro.com\/wp-content\/uploads\/2024\/03\/sheglalm-.png\",\"width\":540,\"height\":540},{\"@type\":\"BreadcrumbList\",\"@id\":\"https:\/\/prixgro.com\/product\/highlighter-liquide-bellini-brunch-sheglam\/#breadcrumb\",\"itemListElement\":[{\"@type\":\"ListItem\",\"position\":1,\"name\":\"Accueil\",\"item\":\"https:\/\/prixgro.com\/\"},{\"@type\":\"ListItem\",\"position\":2,\"name\":\"Boutique en ligne\",\"item\":\"https:\/\/prixgro.com\/shop\/\"},{\"@type\":\"ListItem\",\"position\":3,\"name\":\"Highlighter Liquide Bellini Brunch Sheglam\"}]},{\"@type\":\"WebSite\",\"@id\":\"https:\/\/prixgro.com\/#website\",\"url\":\"https:\/\/prixgro.com\/\",\"name\":\"Prixgro.com\",\"description\":\"Para Pharmaceutique et Cosm\u00e9tique\",\"publisher\":{\"@id\":\"https:\/\/prixgro.com\/#organization\"},\"potentialAction\":[{\"@type\":\"SearchAction\",\"target\":{\"@type\":\"EntryPoint\",\"urlTemplate\":\"https:\/\/prixgro.com\/?s={search_term_string}\"},\"query-input\":{\"@type\":\"PropertyValueSpecification\",\"valueRequired\":true,\"valueName\":\"search_term_string\"}}],\"inLanguage\":\"ar\"},{\"@type\":\"Organization\",\"@id\":\"https:\/\/prixgro.com\/#organization\",\"name\":\"Prixgro\",\"url\":\"https:\/\/prixgro.com\/\",\"logo\":{\"@type\":\"ImageObject\",\"inLanguage\":\"ar\",\"@id\":\"https:\/\/prixgro.com\/#\/schema\/logo\/image\/\",\"url\":\"https:\/\/prixgro.com\/wp-content\/uploads\/2024\/08\/cropped-Nouveau-projet-2.png\",\"contentUrl\":\"https:\/\/prixgro.com\/wp-content\/uploads\/2024\/08\/cropped-Nouveau-projet-2.png\",\"width\":265,\"height\":62,\"caption\":\"Prixgro\"},\"image\":{\"@id\":\"https:\/\/prixgro.com\/#\/schema\/logo\/image\/\"},\"sameAs\":[\"https:\/\/www.facebook.com\/Pharmacima\"]}]}<\/script>\n<!-- \/ Yoast SEO plugin. -->","yoast_head_json":{"title":"Highlighter Liquide Bellini Brunch Sheglam - Prixgro","description":"GLOW BABY GLOW ! Le surligneur liquide Glow Bloom vous fera briller comme les dieux gr\u00e2ce \u00e0 sa finition ros\u00e9e, modulable, longue tenue et l\u00e9g\u00e8re","robots":{"index":"index","follow":"follow","max-snippet":"max-snippet:-1","max-image-preview":"max-image-preview:large","max-video-preview":"max-video-preview:-1"},"canonical":"https:\/\/prixgro.com\/ar\/product\/highlighter-liquide-bellini-brunch-sheglam\/","og_locale":"ar_AR","og_type":"article","og_title":"Highlighter Liquide Bellini Brunch Sheglam - Prixgro","og_description":"GLOW BABY GLOW ! Le surligneur liquide Glow Bloom vous fera briller comme les dieux gr\u00e2ce \u00e0 sa finition ros\u00e9e, modulable, longue tenue et l\u00e9g\u00e8re","og_url":"https:\/\/prixgro.com\/ar\/product\/highlighter-liquide-bellini-brunch-sheglam\/","og_site_name":"Prixgro","article_publisher":"https:\/\/www.facebook.com\/Pharmacima","article_modified_time":"2024-08-07T21:21:48+00:00","og_image":[{"width":540,"height":540,"url":"https:\/\/prixgro.com\/wp-content\/uploads\/2024\/03\/sheglalm-.png","type":"image\/png"}],"twitter_card":"summary_large_image","twitter_misc":{"\u0648\u0642\u062a \u0627\u0644\u0642\u0631\u0627\u0621\u0629 \u0627\u0644\u0645\u064f\u0642\u062f\u0651\u0631":"\u062f\u0642\u064a\u0642\u0629 \u0648\u0627\u062d\u062f\u0629"},"schema":{"@context":"https:\/\/schema.org","@graph":[{"@type":"WebPage","@id":"https:\/\/prixgro.com\/product\/highlighter-liquide-bellini-brunch-sheglam\/","url":"https:\/\/prixgro.com\/product\/highlighter-liquide-bellini-brunch-sheglam\/","name":"Highlighter Liquide Bellini Brunch Sheglam - Prixgro","isPartOf":{"@id":"https:\/\/prixgro.com\/#website"},"primaryImageOfPage":{"@id":"https:\/\/prixgro.com\/product\/highlighter-liquide-bellini-brunch-sheglam\/#primaryimage"},"image":{"@id":"https:\/\/prixgro.com\/product\/highlighter-liquide-bellini-brunch-sheglam\/#primaryimage"},"thumbnailUrl":"https:\/\/prixgro.com\/wp-content\/uploads\/2024\/03\/sheglalm-.png","datePublished":"2024-04-09T12:34:23+00:00","dateModified":"2024-08-07T21:21:48+00:00","description":"GLOW BABY GLOW ! Le surligneur liquide Glow Bloom vous fera briller comme les dieux gr\u00e2ce \u00e0 sa finition ros\u00e9e, modulable, longue tenue et l\u00e9g\u00e8re","breadcrumb":{"@id":"https:\/\/prixgro.com\/product\/highlighter-liquide-bellini-brunch-sheglam\/#breadcrumb"},"inLanguage":"ar","potentialAction":[{"@type":"ReadAction","target":["https:\/\/prixgro.com\/product\/highlighter-liquide-bellini-brunch-sheglam\/"]}]},{"@type":"ImageObject","inLanguage":"ar","@id":"https:\/\/prixgro.com\/product\/highlighter-liquide-bellini-brunch-sheglam\/#primaryimage","url":"https:\/\/prixgro.com\/wp-content\/uploads\/2024\/03\/sheglalm-.png","contentUrl":"https:\/\/prixgro.com\/wp-content\/uploads\/2024\/03\/sheglalm-.png","width":540,"height":540},{"@type":"BreadcrumbList","@id":"https:\/\/prixgro.com\/product\/highlighter-liquide-bellini-brunch-sheglam\/#breadcrumb","itemListElement":[{"@type":"ListItem","position":1,"name":"Accueil","item":"https:\/\/prixgro.com\/"},{"@type":"ListItem","position":2,"name":"Boutique en ligne","item":"https:\/\/prixgro.com\/shop\/"},{"@type":"ListItem","position":3,"name":"Highlighter Liquide Bellini Brunch Sheglam"}]},{"@type":"WebSite","@id":"https:\/\/prixgro.com\/#website","url":"https:\/\/prixgro.com\/","name":"Prixgro.com","description":"Para Pharmaceutique et Cosm\u00e9tique","publisher":{"@id":"https:\/\/prixgro.com\/#organization"},"potentialAction":[{"@type":"SearchAction","target":{"@type":"EntryPoint","urlTemplate":"https:\/\/prixgro.com\/?s={search_term_string}"},"query-input":{"@type":"PropertyValueSpecification","valueRequired":true,"valueName":"search_term_string"}}],"inLanguage":"ar"},{"@type":"Organization","@id":"https:\/\/prixgro.com\/#organization","name":"Prixgro","url":"https:\/\/prixgro.com\/","logo":{"@type":"ImageObject","inLanguage":"ar","@id":"https:\/\/prixgro.com\/#\/schema\/logo\/image\/","url":"https:\/\/prixgro.com\/wp-content\/uploads\/2024\/08\/cropped-Nouveau-projet-2.png","contentUrl":"https:\/\/prixgro.com\/wp-content\/uploads\/2024\/08\/cropped-Nouveau-projet-2.png","width":265,"height":62,"caption":"Prixgro"},"image":{"@id":"https:\/\/prixgro.com\/#\/schema\/logo\/image\/"},"sameAs":["https:\/\/www.facebook.com\/Pharmacima"]}]}},"_links":{"self":[{"href":"https:\/\/prixgro.com\/ar\/wp-json\/wp\/v2\/product\/142614","targetHints":{"allow":["GET"]}}],"collection":[{"href":"https:\/\/prixgro.com\/ar\/wp-json\/wp\/v2\/product"}],"about":[{"href":"https:\/\/prixgro.com\/ar\/wp-json\/wp\/v2\/types\/product"}],"replies":[{"embeddable":true,"href":"https:\/\/prixgro.com\/ar\/wp-json\/wp\/v2\/comments?post=142614"}],"wp:featuredmedia":[{"embeddable":true,"href":"https:\/\/prixgro.com\/ar\/wp-json\/wp\/v2\/media\/12468"}],"wp:attachment":[{"href":"https:\/\/prixgro.com\/ar\/wp-json\/wp\/v2\/media?parent=142614"}],"wp:term":[{"taxonomy":"product_cat","embeddable":true,"href":"https:\/\/prixgro.com\/ar\/wp-json\/wp\/v2\/product_cat?post=142614"},{"taxonomy":"product_tag","embeddable":true,"href":"https:\/\/prixgro.com\/ar\/wp-json\/wp\/v2\/product_tag?post=142614"},{"taxonomy":"berocket_brand","embeddable":true,"href":"https:\/\/prixgro.com\/ar\/wp-json\/wp\/v2\/berocket_brand?post=142614"}],"curies":[{"name":"wp","href":"https:\/\/api.w.org\/{rel}","templated":true}]}}