{"id":142617,"date":"2024-04-09T14:34:23","date_gmt":"2024-04-09T12:34:23","guid":{"rendered":"https:\/\/cloodmanager.net\/?post_type=product&#038;p=142617"},"modified":"2024-08-07T23:21:31","modified_gmt":"2024-08-07T21:21:31","slug":"duo-de-cils-33-pieces-sexy-starlet-sheglam","status":"publish","type":"product","link":"https:\/\/prixgro.com\/ar\/product\/duo-de-cils-33-pieces-sexy-starlet-sheglam\/","title":{"rendered":"Duo De Cils 33 pi\u00e8ces Sexy Starlet Sheglam"},"content":{"rendered":"<h2><strong>DESCRIPTION :<\/strong><\/h2>\n<p class=\"\">\u00a0Le glamour du vieux Hollywood rencontre l&#8217;innovation moderne avec cet ensemble de cils embl\u00e9matique, dot\u00e9 de touffes individuelles qui vous donnent plus de contr\u00f4le sur votre look id\u00e9al.<\/p>\n<p class=\"\">Inspirez-vous de la cow-girl glamour des vieux westerns, mais donnez-lui une nouvelle tournure gr\u00e2ce \u00e0 vos talents de maquillage uniques. Ils sont si faciles \u00e0 appliquer et \u00e0 enlever que vous aurez envie de les int\u00e9grer \u00e0 votre routine beaut\u00e9 quotidienne ! Heureusement qu&#8217;ils sont r\u00e9utilisables !<\/p>\n<p><strong>Mat\u00e9riau:<\/strong>\u00a0Fibre chimique<br \/>\n<strong>Type:<\/strong>\u00a0Cils \u00e0 bande compl\u00e8te<br \/>\n<strong>Sp\u00e9cification:<\/strong>\u00a0Cils \u00e0 paire unique<br \/>\n<strong>Couleur:<\/strong>\u00a0Glam Cowgirl<br \/>\n<strong>Type de tarif:<\/strong>\u00a0Faux cils<br \/>\n<strong>Autre mat\u00e9riau:<\/strong>\u00a0Aucun autre<\/p>","protected":false},"excerpt":{"rendered":"<p>DESCRIPTION : \u00a0Le glamour du vieux Hollywood rencontre l&#8217;innovation moderne avec cet ensemble de cils embl\u00e9matique, dot\u00e9 de touffes individuelles&#8230;<\/p>","protected":false},"featured_media":12474,"comment_status":"open","ping_status":"closed","template":"","meta":[],"product_cat":[430,429,433],"product_tag":[],"berocket_brand":[747],"class_list":{"0":"post-142617","1":"product","2":"type-product","3":"status-publish","4":"has-post-thumbnail","6":"product_cat-accessoires","7":"product_cat-maquillage","8":"product_cat-yeux-maquillage","9":"berocket_brand-sheglam","11":"first","12":"outofstock","13":"shipping-taxable","14":"purchasable","15":"product-type-simple"},"yoast_head":"<!-- This site is optimized with the Yoast SEO plugin v24.8 - https:\/\/yoast.com\/wordpress\/plugins\/seo\/ -->\n<title>Duo De Cils 33 pi\u00e8ces Sexy Starlet Sheglam - Prixgro<\/title>\n<meta name=\"description\" content=\"\u00a0Le glamour du vieux Hollywood rencontre l&#039;innovation moderne avec cet ensemble de cils embl\u00e9matique, dot\u00e9 de touffes individuelles qui vous donnent\" \/>\n<meta name=\"robots\" content=\"index, follow, max-snippet:-1, max-image-preview:large, max-video-preview:-1\" \/>\n<link rel=\"canonical\" href=\"https:\/\/prixgro.com\/ar\/product\/duo-de-cils-33-pieces-sexy-starlet-sheglam\/\" \/>\n<meta property=\"og:locale\" content=\"ar_AR\" \/>\n<meta property=\"og:type\" content=\"article\" \/>\n<meta property=\"og:title\" content=\"Duo De Cils 33 pi\u00e8ces Sexy Starlet Sheglam - Prixgro\" \/>\n<meta property=\"og:description\" content=\"\u00a0Le glamour du vieux Hollywood rencontre l&#039;innovation moderne avec cet ensemble de cils embl\u00e9matique, dot\u00e9 de touffes individuelles qui vous donnent\" \/>\n<meta property=\"og:url\" content=\"https:\/\/prixgro.com\/ar\/product\/duo-de-cils-33-pieces-sexy-starlet-sheglam\/\" \/>\n<meta property=\"og:site_name\" content=\"Prixgro\" \/>\n<meta property=\"article:publisher\" content=\"https:\/\/www.facebook.com\/Pharmacima\" \/>\n<meta property=\"article:modified_time\" content=\"2024-08-07T21:21:31+00:00\" \/>\n<meta property=\"og:image\" content=\"https:\/\/prixgro.com\/wp-content\/uploads\/2024\/03\/sheglam-24.png\" \/>\n\t<meta property=\"og:image:width\" content=\"540\" \/>\n\t<meta property=\"og:image:height\" content=\"540\" \/>\n\t<meta property=\"og:image:type\" content=\"image\/png\" \/>\n<meta name=\"twitter:card\" content=\"summary_large_image\" \/>\n<meta name=\"twitter:label1\" content=\"\u0648\u0642\u062a \u0627\u0644\u0642\u0631\u0627\u0621\u0629 \u0627\u0644\u0645\u064f\u0642\u062f\u0651\u0631\" \/>\n\t<meta name=\"twitter:data1\" content=\"\u062f\u0642\u064a\u0642\u0629 \u0648\u0627\u062d\u062f\u0629\" \/>\n<script type=\"application\/ld+json\" class=\"yoast-schema-graph\">{\"@context\":\"https:\/\/schema.org\",\"@graph\":[{\"@type\":\"WebPage\",\"@id\":\"https:\/\/prixgro.com\/product\/duo-de-cils-33-pieces-sexy-starlet-sheglam\/\",\"url\":\"https:\/\/prixgro.com\/product\/duo-de-cils-33-pieces-sexy-starlet-sheglam\/\",\"name\":\"Duo De Cils 33 pi\u00e8ces Sexy Starlet Sheglam - Prixgro\",\"isPartOf\":{\"@id\":\"https:\/\/prixgro.com\/#website\"},\"primaryImageOfPage\":{\"@id\":\"https:\/\/prixgro.com\/product\/duo-de-cils-33-pieces-sexy-starlet-sheglam\/#primaryimage\"},\"image\":{\"@id\":\"https:\/\/prixgro.com\/product\/duo-de-cils-33-pieces-sexy-starlet-sheglam\/#primaryimage\"},\"thumbnailUrl\":\"https:\/\/prixgro.com\/wp-content\/uploads\/2024\/03\/sheglam-24.png\",\"datePublished\":\"2024-04-09T12:34:23+00:00\",\"dateModified\":\"2024-08-07T21:21:31+00:00\",\"description\":\"\u00a0Le glamour du vieux Hollywood rencontre l'innovation moderne avec cet ensemble de cils embl\u00e9matique, dot\u00e9 de touffes individuelles qui vous donnent\",\"breadcrumb\":{\"@id\":\"https:\/\/prixgro.com\/product\/duo-de-cils-33-pieces-sexy-starlet-sheglam\/#breadcrumb\"},\"inLanguage\":\"ar\",\"potentialAction\":[{\"@type\":\"ReadAction\",\"target\":[\"https:\/\/prixgro.com\/product\/duo-de-cils-33-pieces-sexy-starlet-sheglam\/\"]}]},{\"@type\":\"ImageObject\",\"inLanguage\":\"ar\",\"@id\":\"https:\/\/prixgro.com\/product\/duo-de-cils-33-pieces-sexy-starlet-sheglam\/#primaryimage\",\"url\":\"https:\/\/prixgro.com\/wp-content\/uploads\/2024\/03\/sheglam-24.png\",\"contentUrl\":\"https:\/\/prixgro.com\/wp-content\/uploads\/2024\/03\/sheglam-24.png\",\"width\":540,\"height\":540},{\"@type\":\"BreadcrumbList\",\"@id\":\"https:\/\/prixgro.com\/product\/duo-de-cils-33-pieces-sexy-starlet-sheglam\/#breadcrumb\",\"itemListElement\":[{\"@type\":\"ListItem\",\"position\":1,\"name\":\"Accueil\",\"item\":\"https:\/\/prixgro.com\/\"},{\"@type\":\"ListItem\",\"position\":2,\"name\":\"Boutique en ligne\",\"item\":\"https:\/\/prixgro.com\/shop\/\"},{\"@type\":\"ListItem\",\"position\":3,\"name\":\"Duo De Cils 33 pi\u00e8ces Sexy Starlet Sheglam\"}]},{\"@type\":\"WebSite\",\"@id\":\"https:\/\/prixgro.com\/#website\",\"url\":\"https:\/\/prixgro.com\/\",\"name\":\"Prixgro.com\",\"description\":\"Para Pharmaceutique et Cosm\u00e9tique\",\"publisher\":{\"@id\":\"https:\/\/prixgro.com\/#organization\"},\"potentialAction\":[{\"@type\":\"SearchAction\",\"target\":{\"@type\":\"EntryPoint\",\"urlTemplate\":\"https:\/\/prixgro.com\/?s={search_term_string}\"},\"query-input\":{\"@type\":\"PropertyValueSpecification\",\"valueRequired\":true,\"valueName\":\"search_term_string\"}}],\"inLanguage\":\"ar\"},{\"@type\":\"Organization\",\"@id\":\"https:\/\/prixgro.com\/#organization\",\"name\":\"Prixgro\",\"url\":\"https:\/\/prixgro.com\/\",\"logo\":{\"@type\":\"ImageObject\",\"inLanguage\":\"ar\",\"@id\":\"https:\/\/prixgro.com\/#\/schema\/logo\/image\/\",\"url\":\"https:\/\/prixgro.com\/wp-content\/uploads\/2024\/08\/cropped-Nouveau-projet-2.png\",\"contentUrl\":\"https:\/\/prixgro.com\/wp-content\/uploads\/2024\/08\/cropped-Nouveau-projet-2.png\",\"width\":265,\"height\":62,\"caption\":\"Prixgro\"},\"image\":{\"@id\":\"https:\/\/prixgro.com\/#\/schema\/logo\/image\/\"},\"sameAs\":[\"https:\/\/www.facebook.com\/Pharmacima\"]}]}<\/script>\n<!-- \/ Yoast SEO plugin. -->","yoast_head_json":{"title":"Duo De Cils 33 pi\u00e8ces Sexy Starlet Sheglam - Prixgro","description":"\u00a0Le glamour du vieux Hollywood rencontre l'innovation moderne avec cet ensemble de cils embl\u00e9matique, dot\u00e9 de touffes individuelles qui vous donnent","robots":{"index":"index","follow":"follow","max-snippet":"max-snippet:-1","max-image-preview":"max-image-preview:large","max-video-preview":"max-video-preview:-1"},"canonical":"https:\/\/prixgro.com\/ar\/product\/duo-de-cils-33-pieces-sexy-starlet-sheglam\/","og_locale":"ar_AR","og_type":"article","og_title":"Duo De Cils 33 pi\u00e8ces Sexy Starlet Sheglam - Prixgro","og_description":"\u00a0Le glamour du vieux Hollywood rencontre l'innovation moderne avec cet ensemble de cils embl\u00e9matique, dot\u00e9 de touffes individuelles qui vous donnent","og_url":"https:\/\/prixgro.com\/ar\/product\/duo-de-cils-33-pieces-sexy-starlet-sheglam\/","og_site_name":"Prixgro","article_publisher":"https:\/\/www.facebook.com\/Pharmacima","article_modified_time":"2024-08-07T21:21:31+00:00","og_image":[{"width":540,"height":540,"url":"https:\/\/prixgro.com\/wp-content\/uploads\/2024\/03\/sheglam-24.png","type":"image\/png"}],"twitter_card":"summary_large_image","twitter_misc":{"\u0648\u0642\u062a \u0627\u0644\u0642\u0631\u0627\u0621\u0629 \u0627\u0644\u0645\u064f\u0642\u062f\u0651\u0631":"\u062f\u0642\u064a\u0642\u0629 \u0648\u0627\u062d\u062f\u0629"},"schema":{"@context":"https:\/\/schema.org","@graph":[{"@type":"WebPage","@id":"https:\/\/prixgro.com\/product\/duo-de-cils-33-pieces-sexy-starlet-sheglam\/","url":"https:\/\/prixgro.com\/product\/duo-de-cils-33-pieces-sexy-starlet-sheglam\/","name":"Duo De Cils 33 pi\u00e8ces Sexy Starlet Sheglam - Prixgro","isPartOf":{"@id":"https:\/\/prixgro.com\/#website"},"primaryImageOfPage":{"@id":"https:\/\/prixgro.com\/product\/duo-de-cils-33-pieces-sexy-starlet-sheglam\/#primaryimage"},"image":{"@id":"https:\/\/prixgro.com\/product\/duo-de-cils-33-pieces-sexy-starlet-sheglam\/#primaryimage"},"thumbnailUrl":"https:\/\/prixgro.com\/wp-content\/uploads\/2024\/03\/sheglam-24.png","datePublished":"2024-04-09T12:34:23+00:00","dateModified":"2024-08-07T21:21:31+00:00","description":"\u00a0Le glamour du vieux Hollywood rencontre l'innovation moderne avec cet ensemble de cils embl\u00e9matique, dot\u00e9 de touffes individuelles qui vous donnent","breadcrumb":{"@id":"https:\/\/prixgro.com\/product\/duo-de-cils-33-pieces-sexy-starlet-sheglam\/#breadcrumb"},"inLanguage":"ar","potentialAction":[{"@type":"ReadAction","target":["https:\/\/prixgro.com\/product\/duo-de-cils-33-pieces-sexy-starlet-sheglam\/"]}]},{"@type":"ImageObject","inLanguage":"ar","@id":"https:\/\/prixgro.com\/product\/duo-de-cils-33-pieces-sexy-starlet-sheglam\/#primaryimage","url":"https:\/\/prixgro.com\/wp-content\/uploads\/2024\/03\/sheglam-24.png","contentUrl":"https:\/\/prixgro.com\/wp-content\/uploads\/2024\/03\/sheglam-24.png","width":540,"height":540},{"@type":"BreadcrumbList","@id":"https:\/\/prixgro.com\/product\/duo-de-cils-33-pieces-sexy-starlet-sheglam\/#breadcrumb","itemListElement":[{"@type":"ListItem","position":1,"name":"Accueil","item":"https:\/\/prixgro.com\/"},{"@type":"ListItem","position":2,"name":"Boutique en ligne","item":"https:\/\/prixgro.com\/shop\/"},{"@type":"ListItem","position":3,"name":"Duo De Cils 33 pi\u00e8ces Sexy Starlet Sheglam"}]},{"@type":"WebSite","@id":"https:\/\/prixgro.com\/#website","url":"https:\/\/prixgro.com\/","name":"Prixgro.com","description":"Para Pharmaceutique et Cosm\u00e9tique","publisher":{"@id":"https:\/\/prixgro.com\/#organization"},"potentialAction":[{"@type":"SearchAction","target":{"@type":"EntryPoint","urlTemplate":"https:\/\/prixgro.com\/?s={search_term_string}"},"query-input":{"@type":"PropertyValueSpecification","valueRequired":true,"valueName":"search_term_string"}}],"inLanguage":"ar"},{"@type":"Organization","@id":"https:\/\/prixgro.com\/#organization","name":"Prixgro","url":"https:\/\/prixgro.com\/","logo":{"@type":"ImageObject","inLanguage":"ar","@id":"https:\/\/prixgro.com\/#\/schema\/logo\/image\/","url":"https:\/\/prixgro.com\/wp-content\/uploads\/2024\/08\/cropped-Nouveau-projet-2.png","contentUrl":"https:\/\/prixgro.com\/wp-content\/uploads\/2024\/08\/cropped-Nouveau-projet-2.png","width":265,"height":62,"caption":"Prixgro"},"image":{"@id":"https:\/\/prixgro.com\/#\/schema\/logo\/image\/"},"sameAs":["https:\/\/www.facebook.com\/Pharmacima"]}]}},"_links":{"self":[{"href":"https:\/\/prixgro.com\/ar\/wp-json\/wp\/v2\/product\/142617","targetHints":{"allow":["GET"]}}],"collection":[{"href":"https:\/\/prixgro.com\/ar\/wp-json\/wp\/v2\/product"}],"about":[{"href":"https:\/\/prixgro.com\/ar\/wp-json\/wp\/v2\/types\/product"}],"replies":[{"embeddable":true,"href":"https:\/\/prixgro.com\/ar\/wp-json\/wp\/v2\/comments?post=142617"}],"wp:featuredmedia":[{"embeddable":true,"href":"https:\/\/prixgro.com\/ar\/wp-json\/wp\/v2\/media\/12474"}],"wp:attachment":[{"href":"https:\/\/prixgro.com\/ar\/wp-json\/wp\/v2\/media?parent=142617"}],"wp:term":[{"taxonomy":"product_cat","embeddable":true,"href":"https:\/\/prixgro.com\/ar\/wp-json\/wp\/v2\/product_cat?post=142617"},{"taxonomy":"product_tag","embeddable":true,"href":"https:\/\/prixgro.com\/ar\/wp-json\/wp\/v2\/product_tag?post=142617"},{"taxonomy":"berocket_brand","embeddable":true,"href":"https:\/\/prixgro.com\/ar\/wp-json\/wp\/v2\/berocket_brand?post=142617"}],"curies":[{"name":"wp","href":"https:\/\/api.w.org\/{rel}","templated":true}]}}