{"id":142618,"date":"2024-04-09T14:34:23","date_gmt":"2024-04-09T12:34:23","guid":{"rendered":"https:\/\/cloodmanager.net\/?post_type=product&#038;p=142618"},"modified":"2024-08-11T17:58:52","modified_gmt":"2024-08-11T15:58:52","slug":"lifter-gloss-silk-004-maybelline-new-york","status":"publish","type":"product","link":"https:\/\/prixgro.com\/ar\/product\/lifter-gloss-silk-004-maybelline-new-york\/","title":{"rendered":"Lifter Gloss Silk 004 Maybelline new york"},"content":{"rendered":"<h2><strong>DESCRIPTION :<\/strong><\/h2>\n<p><strong>Le brillant \u00e0 l\u00e8vres Maybelline Lifter Gloss<\/strong>\u00a0qui procure une hydratation intense \u00e0 vos l\u00e8vres.<\/p>\n<p>Il a une texture non collante qui vous aidera \u00e0 obtenir une finition juteuse parfaite.<\/p>\n<p>Il comble, adoucit et lisse \u00e9galement les l\u00e8vres.<\/p>\n<p>Lifter gloss a \u00e9t\u00e9 formul\u00e9 avec de l\u2019acide hyaluronique pour une sensation de l\u00e8vres plus hydrat\u00e9e et confortable.<\/p>\n<p>Vous remarquerez m\u00eame le contour des l\u00e8vres le plus d\u00e9fini.<\/p>\n<h2><strong>CONSEIL D\u2019UTILISATION :<\/strong><\/h2>\n<p>Etape 1 : appliquez au centre de vos l\u00e8vres votre Lifter Gloss avec sa brosse XL et suivez le contour de vos l\u00e8vres<br \/>\nEtape 2 : Fa\u00eetes glisser l\u2019embout sur vos l\u00e8vres pour uniformiser<\/p>\n<h2><strong>COMPOSITION :<\/strong><\/h2>\n<p>Acid Triglyceride, Bis-Diglyceryl Polyacyladipate-2, Pentaerythrityl Tetraisostearate, Polybutene, Tridecyl Trimellitate, Diisostearyl Malate, Silica Dimethyl Silylate, Phenoxyethanol, Ethylhexyl Palmitate, Pentaerythrityl Tetra-Di-T-Butyl Hydroxyhydrocinnamate, Ethylhexylglycerin, Calcium Sodium Borosilicate, Sorbic Acid, Calcium Aluminum Borosilicate, Tocopheryl Acetate, Sodium Saccharin, Alumina, Synthetic Fluorphlogopite, Silica, Polybutylene Terephthalate, Trihydroxystearin, Cocos Nucifera Oil \/ Coconut Oil, Aluminum Hydroxide, Ethylene\/Va Copolymer, Acrylates Copolymer, Tin Oxide, Magnesium Silicate, Sodium Hyaluronate, Tocopherol, Glucomannan, Parfum<\/p>","protected":false},"excerpt":{"rendered":"<p><strong>Contenance : 5.4ml<\/strong><\/p>","protected":false},"featured_media":12476,"comment_status":"open","ping_status":"closed","template":"","meta":[],"product_cat":[432,429],"product_tag":[],"berocket_brand":[],"class_list":{"0":"post-142618","1":"product","2":"type-product","3":"status-publish","4":"has-post-thumbnail","6":"product_cat-levres-maquillage","7":"product_cat-maquillage","9":"first","10":"outofstock","11":"shipping-taxable","12":"purchasable","13":"product-type-simple"},"yoast_head":"<!-- This site is optimized with the Yoast SEO plugin v24.8 - https:\/\/yoast.com\/wordpress\/plugins\/seo\/ -->\n<title>Lifter Gloss Silk 004 Maybelline new york - Prixgro<\/title>\n<meta name=\"robots\" content=\"index, follow, max-snippet:-1, max-image-preview:large, max-video-preview:-1\" \/>\n<link rel=\"canonical\" href=\"https:\/\/prixgro.com\/ar\/product\/lifter-gloss-silk-004-maybelline-new-york\/\" \/>\n<meta property=\"og:locale\" content=\"ar_AR\" \/>\n<meta property=\"og:type\" content=\"article\" \/>\n<meta property=\"og:title\" content=\"Lifter Gloss Silk 004 Maybelline new york - Prixgro\" \/>\n<meta property=\"og:description\" content=\"Contenance : 5.4ml\" \/>\n<meta property=\"og:url\" content=\"https:\/\/prixgro.com\/ar\/product\/lifter-gloss-silk-004-maybelline-new-york\/\" \/>\n<meta property=\"og:site_name\" content=\"Prixgro\" \/>\n<meta property=\"article:publisher\" content=\"https:\/\/www.facebook.com\/Pharmacima\" \/>\n<meta property=\"article:modified_time\" content=\"2024-08-11T15:58:52+00:00\" \/>\n<meta property=\"og:image\" content=\"https:\/\/prixgro.com\/wp-content\/uploads\/2024\/03\/maybelline-1.png\" \/>\n\t<meta property=\"og:image:width\" content=\"540\" \/>\n\t<meta property=\"og:image:height\" content=\"540\" \/>\n\t<meta property=\"og:image:type\" content=\"image\/png\" \/>\n<meta name=\"twitter:card\" content=\"summary_large_image\" \/>\n<meta name=\"twitter:label1\" content=\"\u0648\u0642\u062a \u0627\u0644\u0642\u0631\u0627\u0621\u0629 \u0627\u0644\u0645\u064f\u0642\u062f\u0651\u0631\" \/>\n\t<meta name=\"twitter:data1\" content=\"\u062f\u0642\u064a\u0642\u0629 \u0648\u0627\u062d\u062f\u0629\" \/>\n<script type=\"application\/ld+json\" class=\"yoast-schema-graph\">{\"@context\":\"https:\/\/schema.org\",\"@graph\":[{\"@type\":\"WebPage\",\"@id\":\"https:\/\/prixgro.com\/product\/lifter-gloss-silk-004-maybelline-new-york\/\",\"url\":\"https:\/\/prixgro.com\/product\/lifter-gloss-silk-004-maybelline-new-york\/\",\"name\":\"Lifter Gloss Silk 004 Maybelline new york - Prixgro\",\"isPartOf\":{\"@id\":\"https:\/\/prixgro.com\/#website\"},\"primaryImageOfPage\":{\"@id\":\"https:\/\/prixgro.com\/product\/lifter-gloss-silk-004-maybelline-new-york\/#primaryimage\"},\"image\":{\"@id\":\"https:\/\/prixgro.com\/product\/lifter-gloss-silk-004-maybelline-new-york\/#primaryimage\"},\"thumbnailUrl\":\"https:\/\/prixgro.com\/wp-content\/uploads\/2024\/03\/maybelline-1.png\",\"datePublished\":\"2024-04-09T12:34:23+00:00\",\"dateModified\":\"2024-08-11T15:58:52+00:00\",\"breadcrumb\":{\"@id\":\"https:\/\/prixgro.com\/product\/lifter-gloss-silk-004-maybelline-new-york\/#breadcrumb\"},\"inLanguage\":\"ar\",\"potentialAction\":[{\"@type\":\"ReadAction\",\"target\":[\"https:\/\/prixgro.com\/product\/lifter-gloss-silk-004-maybelline-new-york\/\"]}]},{\"@type\":\"ImageObject\",\"inLanguage\":\"ar\",\"@id\":\"https:\/\/prixgro.com\/product\/lifter-gloss-silk-004-maybelline-new-york\/#primaryimage\",\"url\":\"https:\/\/prixgro.com\/wp-content\/uploads\/2024\/03\/maybelline-1.png\",\"contentUrl\":\"https:\/\/prixgro.com\/wp-content\/uploads\/2024\/03\/maybelline-1.png\",\"width\":540,\"height\":540},{\"@type\":\"BreadcrumbList\",\"@id\":\"https:\/\/prixgro.com\/product\/lifter-gloss-silk-004-maybelline-new-york\/#breadcrumb\",\"itemListElement\":[{\"@type\":\"ListItem\",\"position\":1,\"name\":\"Accueil\",\"item\":\"https:\/\/prixgro.com\/\"},{\"@type\":\"ListItem\",\"position\":2,\"name\":\"Boutique en ligne\",\"item\":\"https:\/\/prixgro.com\/shop\/\"},{\"@type\":\"ListItem\",\"position\":3,\"name\":\"Lifter Gloss Silk 004 Maybelline new york\"}]},{\"@type\":\"WebSite\",\"@id\":\"https:\/\/prixgro.com\/#website\",\"url\":\"https:\/\/prixgro.com\/\",\"name\":\"Prixgro.com\",\"description\":\"Para Pharmaceutique et Cosm\u00e9tique\",\"publisher\":{\"@id\":\"https:\/\/prixgro.com\/#organization\"},\"potentialAction\":[{\"@type\":\"SearchAction\",\"target\":{\"@type\":\"EntryPoint\",\"urlTemplate\":\"https:\/\/prixgro.com\/?s={search_term_string}\"},\"query-input\":{\"@type\":\"PropertyValueSpecification\",\"valueRequired\":true,\"valueName\":\"search_term_string\"}}],\"inLanguage\":\"ar\"},{\"@type\":\"Organization\",\"@id\":\"https:\/\/prixgro.com\/#organization\",\"name\":\"Prixgro\",\"url\":\"https:\/\/prixgro.com\/\",\"logo\":{\"@type\":\"ImageObject\",\"inLanguage\":\"ar\",\"@id\":\"https:\/\/prixgro.com\/#\/schema\/logo\/image\/\",\"url\":\"https:\/\/prixgro.com\/wp-content\/uploads\/2024\/08\/cropped-Nouveau-projet-2.png\",\"contentUrl\":\"https:\/\/prixgro.com\/wp-content\/uploads\/2024\/08\/cropped-Nouveau-projet-2.png\",\"width\":265,\"height\":62,\"caption\":\"Prixgro\"},\"image\":{\"@id\":\"https:\/\/prixgro.com\/#\/schema\/logo\/image\/\"},\"sameAs\":[\"https:\/\/www.facebook.com\/Pharmacima\"]}]}<\/script>\n<!-- \/ Yoast SEO plugin. -->","yoast_head_json":{"title":"Lifter Gloss Silk 004 Maybelline new york - Prixgro","robots":{"index":"index","follow":"follow","max-snippet":"max-snippet:-1","max-image-preview":"max-image-preview:large","max-video-preview":"max-video-preview:-1"},"canonical":"https:\/\/prixgro.com\/ar\/product\/lifter-gloss-silk-004-maybelline-new-york\/","og_locale":"ar_AR","og_type":"article","og_title":"Lifter Gloss Silk 004 Maybelline new york - Prixgro","og_description":"Contenance : 5.4ml","og_url":"https:\/\/prixgro.com\/ar\/product\/lifter-gloss-silk-004-maybelline-new-york\/","og_site_name":"Prixgro","article_publisher":"https:\/\/www.facebook.com\/Pharmacima","article_modified_time":"2024-08-11T15:58:52+00:00","og_image":[{"width":540,"height":540,"url":"https:\/\/prixgro.com\/wp-content\/uploads\/2024\/03\/maybelline-1.png","type":"image\/png"}],"twitter_card":"summary_large_image","twitter_misc":{"\u0648\u0642\u062a \u0627\u0644\u0642\u0631\u0627\u0621\u0629 \u0627\u0644\u0645\u064f\u0642\u062f\u0651\u0631":"\u062f\u0642\u064a\u0642\u0629 \u0648\u0627\u062d\u062f\u0629"},"schema":{"@context":"https:\/\/schema.org","@graph":[{"@type":"WebPage","@id":"https:\/\/prixgro.com\/product\/lifter-gloss-silk-004-maybelline-new-york\/","url":"https:\/\/prixgro.com\/product\/lifter-gloss-silk-004-maybelline-new-york\/","name":"Lifter Gloss Silk 004 Maybelline new york - Prixgro","isPartOf":{"@id":"https:\/\/prixgro.com\/#website"},"primaryImageOfPage":{"@id":"https:\/\/prixgro.com\/product\/lifter-gloss-silk-004-maybelline-new-york\/#primaryimage"},"image":{"@id":"https:\/\/prixgro.com\/product\/lifter-gloss-silk-004-maybelline-new-york\/#primaryimage"},"thumbnailUrl":"https:\/\/prixgro.com\/wp-content\/uploads\/2024\/03\/maybelline-1.png","datePublished":"2024-04-09T12:34:23+00:00","dateModified":"2024-08-11T15:58:52+00:00","breadcrumb":{"@id":"https:\/\/prixgro.com\/product\/lifter-gloss-silk-004-maybelline-new-york\/#breadcrumb"},"inLanguage":"ar","potentialAction":[{"@type":"ReadAction","target":["https:\/\/prixgro.com\/product\/lifter-gloss-silk-004-maybelline-new-york\/"]}]},{"@type":"ImageObject","inLanguage":"ar","@id":"https:\/\/prixgro.com\/product\/lifter-gloss-silk-004-maybelline-new-york\/#primaryimage","url":"https:\/\/prixgro.com\/wp-content\/uploads\/2024\/03\/maybelline-1.png","contentUrl":"https:\/\/prixgro.com\/wp-content\/uploads\/2024\/03\/maybelline-1.png","width":540,"height":540},{"@type":"BreadcrumbList","@id":"https:\/\/prixgro.com\/product\/lifter-gloss-silk-004-maybelline-new-york\/#breadcrumb","itemListElement":[{"@type":"ListItem","position":1,"name":"Accueil","item":"https:\/\/prixgro.com\/"},{"@type":"ListItem","position":2,"name":"Boutique en ligne","item":"https:\/\/prixgro.com\/shop\/"},{"@type":"ListItem","position":3,"name":"Lifter Gloss Silk 004 Maybelline new york"}]},{"@type":"WebSite","@id":"https:\/\/prixgro.com\/#website","url":"https:\/\/prixgro.com\/","name":"Prixgro.com","description":"Para Pharmaceutique et Cosm\u00e9tique","publisher":{"@id":"https:\/\/prixgro.com\/#organization"},"potentialAction":[{"@type":"SearchAction","target":{"@type":"EntryPoint","urlTemplate":"https:\/\/prixgro.com\/?s={search_term_string}"},"query-input":{"@type":"PropertyValueSpecification","valueRequired":true,"valueName":"search_term_string"}}],"inLanguage":"ar"},{"@type":"Organization","@id":"https:\/\/prixgro.com\/#organization","name":"Prixgro","url":"https:\/\/prixgro.com\/","logo":{"@type":"ImageObject","inLanguage":"ar","@id":"https:\/\/prixgro.com\/#\/schema\/logo\/image\/","url":"https:\/\/prixgro.com\/wp-content\/uploads\/2024\/08\/cropped-Nouveau-projet-2.png","contentUrl":"https:\/\/prixgro.com\/wp-content\/uploads\/2024\/08\/cropped-Nouveau-projet-2.png","width":265,"height":62,"caption":"Prixgro"},"image":{"@id":"https:\/\/prixgro.com\/#\/schema\/logo\/image\/"},"sameAs":["https:\/\/www.facebook.com\/Pharmacima"]}]}},"_links":{"self":[{"href":"https:\/\/prixgro.com\/ar\/wp-json\/wp\/v2\/product\/142618","targetHints":{"allow":["GET"]}}],"collection":[{"href":"https:\/\/prixgro.com\/ar\/wp-json\/wp\/v2\/product"}],"about":[{"href":"https:\/\/prixgro.com\/ar\/wp-json\/wp\/v2\/types\/product"}],"replies":[{"embeddable":true,"href":"https:\/\/prixgro.com\/ar\/wp-json\/wp\/v2\/comments?post=142618"}],"wp:featuredmedia":[{"embeddable":true,"href":"https:\/\/prixgro.com\/ar\/wp-json\/wp\/v2\/media\/12476"}],"wp:attachment":[{"href":"https:\/\/prixgro.com\/ar\/wp-json\/wp\/v2\/media?parent=142618"}],"wp:term":[{"taxonomy":"product_cat","embeddable":true,"href":"https:\/\/prixgro.com\/ar\/wp-json\/wp\/v2\/product_cat?post=142618"},{"taxonomy":"product_tag","embeddable":true,"href":"https:\/\/prixgro.com\/ar\/wp-json\/wp\/v2\/product_tag?post=142618"},{"taxonomy":"berocket_brand","embeddable":true,"href":"https:\/\/prixgro.com\/ar\/wp-json\/wp\/v2\/berocket_brand?post=142618"}],"curies":[{"name":"wp","href":"https:\/\/api.w.org\/{rel}","templated":true}]}}