{"id":142633,"date":"2024-04-09T14:34:24","date_gmt":"2024-04-09T12:34:24","guid":{"rendered":"https:\/\/cloodmanager.net\/?post_type=product&#038;p=142633"},"modified":"2024-08-07T23:16:15","modified_gmt":"2024-08-07T21:16:15","slug":"gel-douche-sans-bouteille-vanille-tonka-110g-unbottled","status":"publish","type":"product","link":"https:\/\/prixgro.com\/ar\/product\/gel-douche-sans-bouteille-vanille-tonka-110g-unbottled\/","title":{"rendered":"Gel Douche Sans Bouteille Vanille Tonka 110g Unbottled"},"content":{"rendered":"<h2><strong>DESCRIPTION :<\/strong><\/h2>\n<p>Un savon pH neutre qui nettoie la peau aussi d\u00e9licatement qu&#8217;un gel douche, sans l\u2019ass\u00e9cher. Sa formule saine se transforme en une mousse ultra cr\u00e9meuse\u00a0<strong>au d\u00e9licieux parfum naturel de vanille &amp; f\u00e8ve tonka,\u00a0<\/strong>si gourmand qu\u2019on en mangerait (presque).<\/p>\n<p><strong><em>Bienfaits :\u00a0<\/em><\/strong><\/p>\n<ol>\n<li>Nettoie\u00a0<strong>d\u00e9licatement sans ass\u00e9cher<\/strong>\u00a0(savon pH neutre)<\/li>\n<li><strong>Exfolie en douceur<\/strong> et \u00e9limine les cellules mortes<\/li>\n<li><strong>Mousse beaucoup<\/strong>\u00a0et onctueusement<\/li>\n<li>Laisse votre peau <strong>douce et d\u00e9licieusement parfum\u00e9e<\/strong><\/li>\n<li>Euh non, \u00e7a ne se mange pas<\/li>\n<\/ol>\n<p><strong>Ingr\u00e9dients naturels<\/strong><\/p>\n<p><strong>Beurre de cacao<\/strong>\u00a0nourrissant<br \/>\n<strong>Huile d\u2019amande douce<\/strong>\u00a0adoucissante<br \/>\n<strong>Graines de vanille<\/strong>\u00a0exfoliantes<br \/>\n<strong>Parfum gourmand\u00a0<\/strong>100% naturel (avec huiles essentielles)<br \/>\nSans huile de palme. Sans savon. Vegan.<\/p>\n<h2><strong>CONSEIL D&#8217;UTILISATION :<\/strong><\/h2>\n<p>Mouillez le produit et frottez-le directement sur votre corps pour le faire mousser et exfolier votre peau en douceur. Massez puis rincez.<\/p>\n<p>Pensez \u00e0 bien faire s\u00e9cher votre Gel Douche Sans Bouteille apr\u00e8s chaque utilisation pour qu\u2019il dure plus longtemps.<\/p>\n<h2><strong>COMPOSITION :<\/strong><\/h2>\n<p>Hydrogenated Vegetable Oil,\u00a0Sodium Cocoyl Isethionate,\u00a0Aqua,\u00a0Polyglyceryl-4 Laurate,\u00a0Glycerin,\u00a0Parfum (Fragrance),\u00a0Avena Sativa (Oat) Kernel Oil,\u00a0Prunus Amygdalus Dulcis (Sweet Almond) Oil,\u00a0Triticum Vulgare (Wheat) Bran,\u00a0Decyl Glucoside\u00a0,\u00a0Tetrasodium Glutamate Diacetate.<\/p>","protected":false},"excerpt":{"rendered":"<h3><strong><em>Vanille et F\u00e8ve de Tonka.<\/em><\/strong><\/h3>","protected":false},"featured_media":141284,"comment_status":"open","ping_status":"closed","template":"","meta":[],"product_cat":[64,17],"product_tag":[],"berocket_brand":[],"class_list":{"0":"post-142633","1":"product","2":"type-product","3":"status-publish","4":"has-post-thumbnail","6":"product_cat-corps","7":"product_cat-soin-et-bien-etre","9":"first","10":"outofstock","11":"shipping-taxable","12":"purchasable","13":"product-type-simple"},"yoast_head":"<!-- This site is optimized with the Yoast SEO plugin v24.8 - https:\/\/yoast.com\/wordpress\/plugins\/seo\/ -->\n<title>Gel Douche Sans Bouteille Vanille Tonka 110g Unbottled - Prixgro<\/title>\n<meta name=\"robots\" content=\"index, follow, max-snippet:-1, max-image-preview:large, max-video-preview:-1\" \/>\n<link rel=\"canonical\" href=\"https:\/\/prixgro.com\/ar\/product\/gel-douche-sans-bouteille-vanille-tonka-110g-unbottled\/\" \/>\n<meta property=\"og:locale\" content=\"ar_AR\" \/>\n<meta property=\"og:type\" content=\"article\" \/>\n<meta property=\"og:title\" content=\"Gel Douche Sans Bouteille Vanille Tonka 110g Unbottled - Prixgro\" \/>\n<meta property=\"og:description\" content=\"Vanille et F\u00e8ve de Tonka.\" \/>\n<meta property=\"og:url\" content=\"https:\/\/prixgro.com\/ar\/product\/gel-douche-sans-bouteille-vanille-tonka-110g-unbottled\/\" \/>\n<meta property=\"og:site_name\" content=\"Prixgro\" \/>\n<meta property=\"article:publisher\" content=\"https:\/\/www.facebook.com\/Pharmacima\" \/>\n<meta property=\"article:modified_time\" content=\"2024-08-07T21:16:15+00:00\" \/>\n<meta property=\"og:image\" content=\"https:\/\/prixgro.com\/wp-content\/uploads\/2024\/04\/unbottled-.png\" \/>\n\t<meta property=\"og:image:width\" content=\"540\" \/>\n\t<meta property=\"og:image:height\" content=\"540\" \/>\n\t<meta property=\"og:image:type\" content=\"image\/png\" \/>\n<meta name=\"twitter:card\" content=\"summary_large_image\" \/>\n<meta name=\"twitter:label1\" content=\"\u0648\u0642\u062a \u0627\u0644\u0642\u0631\u0627\u0621\u0629 \u0627\u0644\u0645\u064f\u0642\u062f\u0651\u0631\" \/>\n\t<meta name=\"twitter:data1\" content=\"\u062f\u0642\u064a\u0642\u0629 \u0648\u0627\u062d\u062f\u0629\" \/>\n<script type=\"application\/ld+json\" class=\"yoast-schema-graph\">{\"@context\":\"https:\/\/schema.org\",\"@graph\":[{\"@type\":\"WebPage\",\"@id\":\"https:\/\/prixgro.com\/product\/gel-douche-sans-bouteille-vanille-tonka-110g-unbottled\/\",\"url\":\"https:\/\/prixgro.com\/product\/gel-douche-sans-bouteille-vanille-tonka-110g-unbottled\/\",\"name\":\"Gel Douche Sans Bouteille Vanille Tonka 110g Unbottled - Prixgro\",\"isPartOf\":{\"@id\":\"https:\/\/prixgro.com\/#website\"},\"primaryImageOfPage\":{\"@id\":\"https:\/\/prixgro.com\/product\/gel-douche-sans-bouteille-vanille-tonka-110g-unbottled\/#primaryimage\"},\"image\":{\"@id\":\"https:\/\/prixgro.com\/product\/gel-douche-sans-bouteille-vanille-tonka-110g-unbottled\/#primaryimage\"},\"thumbnailUrl\":\"https:\/\/prixgro.com\/wp-content\/uploads\/2024\/04\/unbottled-.png\",\"datePublished\":\"2024-04-09T12:34:24+00:00\",\"dateModified\":\"2024-08-07T21:16:15+00:00\",\"breadcrumb\":{\"@id\":\"https:\/\/prixgro.com\/product\/gel-douche-sans-bouteille-vanille-tonka-110g-unbottled\/#breadcrumb\"},\"inLanguage\":\"ar\",\"potentialAction\":[{\"@type\":\"ReadAction\",\"target\":[\"https:\/\/prixgro.com\/product\/gel-douche-sans-bouteille-vanille-tonka-110g-unbottled\/\"]}]},{\"@type\":\"ImageObject\",\"inLanguage\":\"ar\",\"@id\":\"https:\/\/prixgro.com\/product\/gel-douche-sans-bouteille-vanille-tonka-110g-unbottled\/#primaryimage\",\"url\":\"https:\/\/prixgro.com\/wp-content\/uploads\/2024\/04\/unbottled-.png\",\"contentUrl\":\"https:\/\/prixgro.com\/wp-content\/uploads\/2024\/04\/unbottled-.png\",\"width\":540,\"height\":540},{\"@type\":\"BreadcrumbList\",\"@id\":\"https:\/\/prixgro.com\/product\/gel-douche-sans-bouteille-vanille-tonka-110g-unbottled\/#breadcrumb\",\"itemListElement\":[{\"@type\":\"ListItem\",\"position\":1,\"name\":\"Accueil\",\"item\":\"https:\/\/prixgro.com\/\"},{\"@type\":\"ListItem\",\"position\":2,\"name\":\"Boutique en ligne\",\"item\":\"https:\/\/prixgro.com\/shop\/\"},{\"@type\":\"ListItem\",\"position\":3,\"name\":\"Gel Douche Sans Bouteille Vanille Tonka 110g Unbottled\"}]},{\"@type\":\"WebSite\",\"@id\":\"https:\/\/prixgro.com\/#website\",\"url\":\"https:\/\/prixgro.com\/\",\"name\":\"Prixgro.com\",\"description\":\"Para Pharmaceutique et Cosm\u00e9tique\",\"publisher\":{\"@id\":\"https:\/\/prixgro.com\/#organization\"},\"potentialAction\":[{\"@type\":\"SearchAction\",\"target\":{\"@type\":\"EntryPoint\",\"urlTemplate\":\"https:\/\/prixgro.com\/?s={search_term_string}\"},\"query-input\":{\"@type\":\"PropertyValueSpecification\",\"valueRequired\":true,\"valueName\":\"search_term_string\"}}],\"inLanguage\":\"ar\"},{\"@type\":\"Organization\",\"@id\":\"https:\/\/prixgro.com\/#organization\",\"name\":\"Prixgro\",\"url\":\"https:\/\/prixgro.com\/\",\"logo\":{\"@type\":\"ImageObject\",\"inLanguage\":\"ar\",\"@id\":\"https:\/\/prixgro.com\/#\/schema\/logo\/image\/\",\"url\":\"https:\/\/prixgro.com\/wp-content\/uploads\/2024\/08\/cropped-Nouveau-projet-2.png\",\"contentUrl\":\"https:\/\/prixgro.com\/wp-content\/uploads\/2024\/08\/cropped-Nouveau-projet-2.png\",\"width\":265,\"height\":62,\"caption\":\"Prixgro\"},\"image\":{\"@id\":\"https:\/\/prixgro.com\/#\/schema\/logo\/image\/\"},\"sameAs\":[\"https:\/\/www.facebook.com\/Pharmacima\"]}]}<\/script>\n<!-- \/ Yoast SEO plugin. -->","yoast_head_json":{"title":"Gel Douche Sans Bouteille Vanille Tonka 110g Unbottled - Prixgro","robots":{"index":"index","follow":"follow","max-snippet":"max-snippet:-1","max-image-preview":"max-image-preview:large","max-video-preview":"max-video-preview:-1"},"canonical":"https:\/\/prixgro.com\/ar\/product\/gel-douche-sans-bouteille-vanille-tonka-110g-unbottled\/","og_locale":"ar_AR","og_type":"article","og_title":"Gel Douche Sans Bouteille Vanille Tonka 110g Unbottled - Prixgro","og_description":"Vanille et F\u00e8ve de Tonka.","og_url":"https:\/\/prixgro.com\/ar\/product\/gel-douche-sans-bouteille-vanille-tonka-110g-unbottled\/","og_site_name":"Prixgro","article_publisher":"https:\/\/www.facebook.com\/Pharmacima","article_modified_time":"2024-08-07T21:16:15+00:00","og_image":[{"width":540,"height":540,"url":"https:\/\/prixgro.com\/wp-content\/uploads\/2024\/04\/unbottled-.png","type":"image\/png"}],"twitter_card":"summary_large_image","twitter_misc":{"\u0648\u0642\u062a \u0627\u0644\u0642\u0631\u0627\u0621\u0629 \u0627\u0644\u0645\u064f\u0642\u062f\u0651\u0631":"\u062f\u0642\u064a\u0642\u0629 \u0648\u0627\u062d\u062f\u0629"},"schema":{"@context":"https:\/\/schema.org","@graph":[{"@type":"WebPage","@id":"https:\/\/prixgro.com\/product\/gel-douche-sans-bouteille-vanille-tonka-110g-unbottled\/","url":"https:\/\/prixgro.com\/product\/gel-douche-sans-bouteille-vanille-tonka-110g-unbottled\/","name":"Gel Douche Sans Bouteille Vanille Tonka 110g Unbottled - Prixgro","isPartOf":{"@id":"https:\/\/prixgro.com\/#website"},"primaryImageOfPage":{"@id":"https:\/\/prixgro.com\/product\/gel-douche-sans-bouteille-vanille-tonka-110g-unbottled\/#primaryimage"},"image":{"@id":"https:\/\/prixgro.com\/product\/gel-douche-sans-bouteille-vanille-tonka-110g-unbottled\/#primaryimage"},"thumbnailUrl":"https:\/\/prixgro.com\/wp-content\/uploads\/2024\/04\/unbottled-.png","datePublished":"2024-04-09T12:34:24+00:00","dateModified":"2024-08-07T21:16:15+00:00","breadcrumb":{"@id":"https:\/\/prixgro.com\/product\/gel-douche-sans-bouteille-vanille-tonka-110g-unbottled\/#breadcrumb"},"inLanguage":"ar","potentialAction":[{"@type":"ReadAction","target":["https:\/\/prixgro.com\/product\/gel-douche-sans-bouteille-vanille-tonka-110g-unbottled\/"]}]},{"@type":"ImageObject","inLanguage":"ar","@id":"https:\/\/prixgro.com\/product\/gel-douche-sans-bouteille-vanille-tonka-110g-unbottled\/#primaryimage","url":"https:\/\/prixgro.com\/wp-content\/uploads\/2024\/04\/unbottled-.png","contentUrl":"https:\/\/prixgro.com\/wp-content\/uploads\/2024\/04\/unbottled-.png","width":540,"height":540},{"@type":"BreadcrumbList","@id":"https:\/\/prixgro.com\/product\/gel-douche-sans-bouteille-vanille-tonka-110g-unbottled\/#breadcrumb","itemListElement":[{"@type":"ListItem","position":1,"name":"Accueil","item":"https:\/\/prixgro.com\/"},{"@type":"ListItem","position":2,"name":"Boutique en ligne","item":"https:\/\/prixgro.com\/shop\/"},{"@type":"ListItem","position":3,"name":"Gel Douche Sans Bouteille Vanille Tonka 110g Unbottled"}]},{"@type":"WebSite","@id":"https:\/\/prixgro.com\/#website","url":"https:\/\/prixgro.com\/","name":"Prixgro.com","description":"Para Pharmaceutique et Cosm\u00e9tique","publisher":{"@id":"https:\/\/prixgro.com\/#organization"},"potentialAction":[{"@type":"SearchAction","target":{"@type":"EntryPoint","urlTemplate":"https:\/\/prixgro.com\/?s={search_term_string}"},"query-input":{"@type":"PropertyValueSpecification","valueRequired":true,"valueName":"search_term_string"}}],"inLanguage":"ar"},{"@type":"Organization","@id":"https:\/\/prixgro.com\/#organization","name":"Prixgro","url":"https:\/\/prixgro.com\/","logo":{"@type":"ImageObject","inLanguage":"ar","@id":"https:\/\/prixgro.com\/#\/schema\/logo\/image\/","url":"https:\/\/prixgro.com\/wp-content\/uploads\/2024\/08\/cropped-Nouveau-projet-2.png","contentUrl":"https:\/\/prixgro.com\/wp-content\/uploads\/2024\/08\/cropped-Nouveau-projet-2.png","width":265,"height":62,"caption":"Prixgro"},"image":{"@id":"https:\/\/prixgro.com\/#\/schema\/logo\/image\/"},"sameAs":["https:\/\/www.facebook.com\/Pharmacima"]}]}},"_links":{"self":[{"href":"https:\/\/prixgro.com\/ar\/wp-json\/wp\/v2\/product\/142633","targetHints":{"allow":["GET"]}}],"collection":[{"href":"https:\/\/prixgro.com\/ar\/wp-json\/wp\/v2\/product"}],"about":[{"href":"https:\/\/prixgro.com\/ar\/wp-json\/wp\/v2\/types\/product"}],"replies":[{"embeddable":true,"href":"https:\/\/prixgro.com\/ar\/wp-json\/wp\/v2\/comments?post=142633"}],"wp:featuredmedia":[{"embeddable":true,"href":"https:\/\/prixgro.com\/ar\/wp-json\/wp\/v2\/media\/141284"}],"wp:attachment":[{"href":"https:\/\/prixgro.com\/ar\/wp-json\/wp\/v2\/media?parent=142633"}],"wp:term":[{"taxonomy":"product_cat","embeddable":true,"href":"https:\/\/prixgro.com\/ar\/wp-json\/wp\/v2\/product_cat?post=142633"},{"taxonomy":"product_tag","embeddable":true,"href":"https:\/\/prixgro.com\/ar\/wp-json\/wp\/v2\/product_tag?post=142633"},{"taxonomy":"berocket_brand","embeddable":true,"href":"https:\/\/prixgro.com\/ar\/wp-json\/wp\/v2\/berocket_brand?post=142633"}],"curies":[{"name":"wp","href":"https:\/\/api.w.org\/{rel}","templated":true}]}}