{"id":142638,"date":"2024-04-09T14:34:35","date_gmt":"2024-04-09T12:34:35","guid":{"rendered":"https:\/\/cloodmanager.net\/?post_type=product&#038;p=142638"},"modified":"2024-10-17T14:50:53","modified_gmt":"2024-10-17T12:50:53","slug":"masque-visage-detox-12ml-nocibe","status":"publish","type":"product","link":"https:\/\/prixgro.com\/ar\/product\/masque-visage-detox-12ml-nocibe\/","title":{"rendered":"Masque Visage Detox 12ml Nocibe"},"content":{"rendered":"<h2><strong>DESCRIPTION :<\/strong><\/h2>\n<p><strong>12 ml &#8211; Monodose<\/strong><\/p>\n<p>D\u00e9clin\u00e9 dans un format capsule parfaitement nomade, le Masque D\u00e9tox Visage contribue \u00e0 d\u00e9toxifier et purifier la peau, o\u00f9 que vous soyez.<\/p>\n<p>D\u00e9couvrez le Masque D\u00e9tox Visage qui d\u00e9toxifie la peau. Enrichie au charbon, sa texture argile purifie la peau et absorbe les toxines dues \u00e0 la pollution. Le grain de peau est plus clair, affin\u00e9. La peau para\u00eet plus saine. Son format capsule nomade vous permet de l&#8217;emmener partout o\u00f9 vous allez pour chouchouter votre peau quand vous le voulez.<\/p>\n<div class=\"prdct__details-benefits\">\n<h3 class=\"prdct__details-title\"><strong>B\u00e9n\u00e9fice produit<\/strong><\/h3>\n<p>R\u00e9sultats visibles imm\u00e9diatement. D\u00e9toxifie la peau. Format nomade. Tout type de peau.<\/p>\n<h2><strong>CONSEIL D&#8217;UTILISATION :<\/strong><\/h2>\n<div class=\"prdct__content go-back\">\n<div id=\"prdct-details\" class=\"prdct__details\">\n<div class=\"prdct__details-wrap\">\n<div id=\"conseils\" class=\"prdct__details-content\">\n<p>Appliquez une fine couche sur l&#8217;ensemble du visage et insistez sur la zone-T, en \u00e9vitant le contour des yeux. Laissez poser 5 minutes et rincez \u00e0 l&#8217;eau ti\u00e8de.<\/p>\n<\/div>\n<\/div>\n<\/div>\n<\/div>\n<h2><strong>COMPOSITION :<\/strong><\/h2>\n<div class=\"prdct__content go-back\">\n<div id=\"prdct-details\" class=\"prdct__details\">\n<div class=\"prdct__details-wrap\">\n<div id=\"ingredients\" class=\"prdct__details-content\">\n<p>Aqua, Kaolin, Zea Mays Starch, Propylene Glycol, Cetearyl Alcohol, Bentonite, Glycerin, Centaurea Cyanus Flower Water, Ceteareth-33, Hydroxyacetophenone, Benzyl Alcohol, Parfum, Xanthan Gum, Charcoal Powder, Caprylic\/capric Triglyceride, Zinc Gluconate, Cocamidopropyl Betaine, Tocopheryl Acetate, Citric Acid, Scutellaria Baicalensis Root Extract, Sodium Hydroxide, Sodium Benzoate, Potassium Sorbate.<\/p>\n<\/div>\n<\/div>\n<\/div>\n<\/div>\n<\/div>","protected":false},"excerpt":{"rendered":"<p>DESCRIPTION : 12 ml &#8211; Monodose D\u00e9clin\u00e9 dans un format capsule parfaitement nomade, le Masque D\u00e9tox Visage contribue \u00e0 d\u00e9toxifier&#8230;<\/p>","protected":false},"featured_media":141301,"comment_status":"open","ping_status":"closed","template":"","meta":[],"product_cat":[17,36],"product_tag":[],"berocket_brand":[722],"class_list":{"0":"post-142638","1":"product","2":"type-product","3":"status-publish","4":"has-post-thumbnail","6":"product_cat-soin-et-bien-etre","7":"product_cat-visage-soin-et-bien-etre","8":"berocket_brand-nocibe","10":"first","11":"instock","12":"shipping-taxable","13":"purchasable","14":"product-type-simple"},"yoast_head":"<!-- This site is optimized with the Yoast SEO plugin v24.8 - https:\/\/yoast.com\/wordpress\/plugins\/seo\/ -->\n<title>Masque Visage Detox 12ml Nocibe - Prixgro<\/title>\n<meta name=\"description\" content=\"D\u00e9couvrez le Masque D\u00e9tox Visage qui d\u00e9toxifie la peau. Enrichie au charbon, sa texture argile purifie la peau et absorbe les toxines dues \u00e0 la pollution.\" \/>\n<meta name=\"robots\" content=\"index, follow, max-snippet:-1, max-image-preview:large, max-video-preview:-1\" \/>\n<link rel=\"canonical\" href=\"https:\/\/prixgro.com\/ar\/product\/masque-visage-detox-12ml-nocibe\/\" \/>\n<meta property=\"og:locale\" content=\"ar_AR\" \/>\n<meta property=\"og:type\" content=\"article\" \/>\n<meta property=\"og:title\" content=\"Masque Visage Detox 12ml Nocibe - Prixgro\" \/>\n<meta property=\"og:description\" content=\"D\u00e9couvrez le Masque D\u00e9tox Visage qui d\u00e9toxifie la peau. Enrichie au charbon, sa texture argile purifie la peau et absorbe les toxines dues \u00e0 la pollution.\" \/>\n<meta property=\"og:url\" content=\"https:\/\/prixgro.com\/ar\/product\/masque-visage-detox-12ml-nocibe\/\" \/>\n<meta property=\"og:site_name\" content=\"Prixgro\" \/>\n<meta property=\"article:publisher\" content=\"https:\/\/www.facebook.com\/Pharmacima\" \/>\n<meta property=\"article:modified_time\" content=\"2024-10-17T12:50:53+00:00\" \/>\n<meta property=\"og:image\" content=\"https:\/\/prixgro.com\/wp-content\/uploads\/2024\/04\/nocibe-2.png\" \/>\n\t<meta property=\"og:image:width\" content=\"540\" \/>\n\t<meta property=\"og:image:height\" content=\"540\" \/>\n\t<meta property=\"og:image:type\" content=\"image\/png\" \/>\n<meta name=\"twitter:card\" content=\"summary_large_image\" \/>\n<meta name=\"twitter:label1\" content=\"\u0648\u0642\u062a \u0627\u0644\u0642\u0631\u0627\u0621\u0629 \u0627\u0644\u0645\u064f\u0642\u062f\u0651\u0631\" \/>\n\t<meta name=\"twitter:data1\" content=\"\u062f\u0642\u064a\u0642\u062a\u0627\u0646\" \/>\n<script type=\"application\/ld+json\" class=\"yoast-schema-graph\">{\"@context\":\"https:\/\/schema.org\",\"@graph\":[{\"@type\":\"WebPage\",\"@id\":\"https:\/\/prixgro.com\/product\/masque-visage-detox-12ml-nocibe\/\",\"url\":\"https:\/\/prixgro.com\/product\/masque-visage-detox-12ml-nocibe\/\",\"name\":\"Masque Visage Detox 12ml Nocibe - Prixgro\",\"isPartOf\":{\"@id\":\"https:\/\/prixgro.com\/#website\"},\"primaryImageOfPage\":{\"@id\":\"https:\/\/prixgro.com\/product\/masque-visage-detox-12ml-nocibe\/#primaryimage\"},\"image\":{\"@id\":\"https:\/\/prixgro.com\/product\/masque-visage-detox-12ml-nocibe\/#primaryimage\"},\"thumbnailUrl\":\"https:\/\/prixgro.com\/wp-content\/uploads\/2024\/04\/nocibe-2.png\",\"datePublished\":\"2024-04-09T12:34:35+00:00\",\"dateModified\":\"2024-10-17T12:50:53+00:00\",\"description\":\"D\u00e9couvrez le Masque D\u00e9tox Visage qui d\u00e9toxifie la peau. Enrichie au charbon, sa texture argile purifie la peau et absorbe les toxines dues \u00e0 la pollution.\",\"breadcrumb\":{\"@id\":\"https:\/\/prixgro.com\/product\/masque-visage-detox-12ml-nocibe\/#breadcrumb\"},\"inLanguage\":\"ar\",\"potentialAction\":[{\"@type\":\"ReadAction\",\"target\":[\"https:\/\/prixgro.com\/product\/masque-visage-detox-12ml-nocibe\/\"]}]},{\"@type\":\"ImageObject\",\"inLanguage\":\"ar\",\"@id\":\"https:\/\/prixgro.com\/product\/masque-visage-detox-12ml-nocibe\/#primaryimage\",\"url\":\"https:\/\/prixgro.com\/wp-content\/uploads\/2024\/04\/nocibe-2.png\",\"contentUrl\":\"https:\/\/prixgro.com\/wp-content\/uploads\/2024\/04\/nocibe-2.png\",\"width\":540,\"height\":540},{\"@type\":\"BreadcrumbList\",\"@id\":\"https:\/\/prixgro.com\/product\/masque-visage-detox-12ml-nocibe\/#breadcrumb\",\"itemListElement\":[{\"@type\":\"ListItem\",\"position\":1,\"name\":\"Accueil\",\"item\":\"https:\/\/prixgro.com\/\"},{\"@type\":\"ListItem\",\"position\":2,\"name\":\"Boutique en ligne\",\"item\":\"https:\/\/prixgro.com\/shop\/\"},{\"@type\":\"ListItem\",\"position\":3,\"name\":\"Masque Visage Detox 12ml Nocibe\"}]},{\"@type\":\"WebSite\",\"@id\":\"https:\/\/prixgro.com\/#website\",\"url\":\"https:\/\/prixgro.com\/\",\"name\":\"Prixgro.com\",\"description\":\"Para Pharmaceutique et Cosm\u00e9tique\",\"publisher\":{\"@id\":\"https:\/\/prixgro.com\/#organization\"},\"potentialAction\":[{\"@type\":\"SearchAction\",\"target\":{\"@type\":\"EntryPoint\",\"urlTemplate\":\"https:\/\/prixgro.com\/?s={search_term_string}\"},\"query-input\":{\"@type\":\"PropertyValueSpecification\",\"valueRequired\":true,\"valueName\":\"search_term_string\"}}],\"inLanguage\":\"ar\"},{\"@type\":\"Organization\",\"@id\":\"https:\/\/prixgro.com\/#organization\",\"name\":\"Prixgro\",\"url\":\"https:\/\/prixgro.com\/\",\"logo\":{\"@type\":\"ImageObject\",\"inLanguage\":\"ar\",\"@id\":\"https:\/\/prixgro.com\/#\/schema\/logo\/image\/\",\"url\":\"https:\/\/prixgro.com\/wp-content\/uploads\/2024\/08\/cropped-Nouveau-projet-2.png\",\"contentUrl\":\"https:\/\/prixgro.com\/wp-content\/uploads\/2024\/08\/cropped-Nouveau-projet-2.png\",\"width\":265,\"height\":62,\"caption\":\"Prixgro\"},\"image\":{\"@id\":\"https:\/\/prixgro.com\/#\/schema\/logo\/image\/\"},\"sameAs\":[\"https:\/\/www.facebook.com\/Pharmacima\"]}]}<\/script>\n<!-- \/ Yoast SEO plugin. -->","yoast_head_json":{"title":"Masque Visage Detox 12ml Nocibe - Prixgro","description":"D\u00e9couvrez le Masque D\u00e9tox Visage qui d\u00e9toxifie la peau. Enrichie au charbon, sa texture argile purifie la peau et absorbe les toxines dues \u00e0 la pollution.","robots":{"index":"index","follow":"follow","max-snippet":"max-snippet:-1","max-image-preview":"max-image-preview:large","max-video-preview":"max-video-preview:-1"},"canonical":"https:\/\/prixgro.com\/ar\/product\/masque-visage-detox-12ml-nocibe\/","og_locale":"ar_AR","og_type":"article","og_title":"Masque Visage Detox 12ml Nocibe - Prixgro","og_description":"D\u00e9couvrez le Masque D\u00e9tox Visage qui d\u00e9toxifie la peau. Enrichie au charbon, sa texture argile purifie la peau et absorbe les toxines dues \u00e0 la pollution.","og_url":"https:\/\/prixgro.com\/ar\/product\/masque-visage-detox-12ml-nocibe\/","og_site_name":"Prixgro","article_publisher":"https:\/\/www.facebook.com\/Pharmacima","article_modified_time":"2024-10-17T12:50:53+00:00","og_image":[{"width":540,"height":540,"url":"https:\/\/prixgro.com\/wp-content\/uploads\/2024\/04\/nocibe-2.png","type":"image\/png"}],"twitter_card":"summary_large_image","twitter_misc":{"\u0648\u0642\u062a \u0627\u0644\u0642\u0631\u0627\u0621\u0629 \u0627\u0644\u0645\u064f\u0642\u062f\u0651\u0631":"\u062f\u0642\u064a\u0642\u062a\u0627\u0646"},"schema":{"@context":"https:\/\/schema.org","@graph":[{"@type":"WebPage","@id":"https:\/\/prixgro.com\/product\/masque-visage-detox-12ml-nocibe\/","url":"https:\/\/prixgro.com\/product\/masque-visage-detox-12ml-nocibe\/","name":"Masque Visage Detox 12ml Nocibe - Prixgro","isPartOf":{"@id":"https:\/\/prixgro.com\/#website"},"primaryImageOfPage":{"@id":"https:\/\/prixgro.com\/product\/masque-visage-detox-12ml-nocibe\/#primaryimage"},"image":{"@id":"https:\/\/prixgro.com\/product\/masque-visage-detox-12ml-nocibe\/#primaryimage"},"thumbnailUrl":"https:\/\/prixgro.com\/wp-content\/uploads\/2024\/04\/nocibe-2.png","datePublished":"2024-04-09T12:34:35+00:00","dateModified":"2024-10-17T12:50:53+00:00","description":"D\u00e9couvrez le Masque D\u00e9tox Visage qui d\u00e9toxifie la peau. Enrichie au charbon, sa texture argile purifie la peau et absorbe les toxines dues \u00e0 la pollution.","breadcrumb":{"@id":"https:\/\/prixgro.com\/product\/masque-visage-detox-12ml-nocibe\/#breadcrumb"},"inLanguage":"ar","potentialAction":[{"@type":"ReadAction","target":["https:\/\/prixgro.com\/product\/masque-visage-detox-12ml-nocibe\/"]}]},{"@type":"ImageObject","inLanguage":"ar","@id":"https:\/\/prixgro.com\/product\/masque-visage-detox-12ml-nocibe\/#primaryimage","url":"https:\/\/prixgro.com\/wp-content\/uploads\/2024\/04\/nocibe-2.png","contentUrl":"https:\/\/prixgro.com\/wp-content\/uploads\/2024\/04\/nocibe-2.png","width":540,"height":540},{"@type":"BreadcrumbList","@id":"https:\/\/prixgro.com\/product\/masque-visage-detox-12ml-nocibe\/#breadcrumb","itemListElement":[{"@type":"ListItem","position":1,"name":"Accueil","item":"https:\/\/prixgro.com\/"},{"@type":"ListItem","position":2,"name":"Boutique en ligne","item":"https:\/\/prixgro.com\/shop\/"},{"@type":"ListItem","position":3,"name":"Masque Visage Detox 12ml Nocibe"}]},{"@type":"WebSite","@id":"https:\/\/prixgro.com\/#website","url":"https:\/\/prixgro.com\/","name":"Prixgro.com","description":"Para Pharmaceutique et Cosm\u00e9tique","publisher":{"@id":"https:\/\/prixgro.com\/#organization"},"potentialAction":[{"@type":"SearchAction","target":{"@type":"EntryPoint","urlTemplate":"https:\/\/prixgro.com\/?s={search_term_string}"},"query-input":{"@type":"PropertyValueSpecification","valueRequired":true,"valueName":"search_term_string"}}],"inLanguage":"ar"},{"@type":"Organization","@id":"https:\/\/prixgro.com\/#organization","name":"Prixgro","url":"https:\/\/prixgro.com\/","logo":{"@type":"ImageObject","inLanguage":"ar","@id":"https:\/\/prixgro.com\/#\/schema\/logo\/image\/","url":"https:\/\/prixgro.com\/wp-content\/uploads\/2024\/08\/cropped-Nouveau-projet-2.png","contentUrl":"https:\/\/prixgro.com\/wp-content\/uploads\/2024\/08\/cropped-Nouveau-projet-2.png","width":265,"height":62,"caption":"Prixgro"},"image":{"@id":"https:\/\/prixgro.com\/#\/schema\/logo\/image\/"},"sameAs":["https:\/\/www.facebook.com\/Pharmacima"]}]}},"_links":{"self":[{"href":"https:\/\/prixgro.com\/ar\/wp-json\/wp\/v2\/product\/142638","targetHints":{"allow":["GET"]}}],"collection":[{"href":"https:\/\/prixgro.com\/ar\/wp-json\/wp\/v2\/product"}],"about":[{"href":"https:\/\/prixgro.com\/ar\/wp-json\/wp\/v2\/types\/product"}],"replies":[{"embeddable":true,"href":"https:\/\/prixgro.com\/ar\/wp-json\/wp\/v2\/comments?post=142638"}],"wp:featuredmedia":[{"embeddable":true,"href":"https:\/\/prixgro.com\/ar\/wp-json\/wp\/v2\/media\/141301"}],"wp:attachment":[{"href":"https:\/\/prixgro.com\/ar\/wp-json\/wp\/v2\/media?parent=142638"}],"wp:term":[{"taxonomy":"product_cat","embeddable":true,"href":"https:\/\/prixgro.com\/ar\/wp-json\/wp\/v2\/product_cat?post=142638"},{"taxonomy":"product_tag","embeddable":true,"href":"https:\/\/prixgro.com\/ar\/wp-json\/wp\/v2\/product_tag?post=142638"},{"taxonomy":"berocket_brand","embeddable":true,"href":"https:\/\/prixgro.com\/ar\/wp-json\/wp\/v2\/berocket_brand?post=142638"}],"curies":[{"name":"wp","href":"https:\/\/api.w.org\/{rel}","templated":true}]}}