{"id":142639,"date":"2024-04-09T14:34:35","date_gmt":"2024-04-09T12:34:35","guid":{"rendered":"https:\/\/cloodmanager.net\/?post_type=product&#038;p=142639"},"modified":"2024-04-12T18:36:19","modified_gmt":"2024-04-12T16:36:19","slug":"rouge-a-levres-mat-charming-escape-04-dainty-mauve-kiko","status":"publish","type":"product","link":"https:\/\/prixgro.com\/ar\/product\/rouge-a-levres-mat-charming-escape-04-dainty-mauve-kiko\/","title":{"rendered":"Rouge \u00e0 l\u00e8vres mat Charming Escape 04 Dainty Mauve Kiko"},"content":{"rendered":"<h2><strong>DESCRIPTION :<\/strong><\/h2>\n<p>Rouge \u00e0 l\u00e8vres riche et nourrissant. La texture onctueuse et enveloppante laisse les l\u00e8vres merveilleusement douces et incroyablement douces pendant longtemps.\u00a0Le rouge \u00e0 l\u00e8vres glisse facilement et la couleur se r\u00e9v\u00e8le imm\u00e9diatement.<\/p>\n<div id=\"productDescription_feature_div\" class=\"celwidget flavor-3399\" data-feature-name=\"productDescription\" data-csa-c-type=\"widget\" data-csa-c-content-id=\"productDescription\" data-csa-c-slot-id=\"productDescription_feature_div\" data-csa-c-asin=\"\" data-csa-c-is-in-initial-active-row=\"false\" data-csa-c-id=\"yyzdjn-5eku1g-kcgbsn-k27tne\" data-cel-widget=\"productDescription_feature_div\">\n<div id=\"productDescription_feature_div\" class=\"a-row feature\" data-feature-name=\"productDescription\" data-template-name=\"productDescription\" data-cel-widget=\"productDescription_feature_div\">\n<div id=\"productDescription\" class=\"a-section a-spacing-small\">\n<p>&#8211; sa formule l\u00e9g\u00e8re et pigment\u00e9e est enrichie en huile d&#8217;olive d&#8217;origine italienne<\/p>\n<p>&#8211; il a une texture sans transfert onctueuse et parfum\u00e9e \u00e0 la fleur d&#8217;oranger<\/p>\n<p>-extr\u00eamement doux et confortable sur les l\u00e8vres, il est opaque d\u00e8s le premier passage<\/p>\n<p>-le pastel est embl\u00e9matique, agr\u00e9ment\u00e9 d&#8217;un \u00e9l\u00e9gant motif floral en relief<\/p>\n<p>&#8211; il s&#8217;\u00e9tale tr\u00e8s facilement.<\/p>\n<\/div>\n<\/div>\n<\/div>\n<h2 id=\"productDetailsWithModules_feature_div\" class=\"celwidget\" data-feature-name=\"productDetailsWithModules_feature_V2\" data-csa-c-type=\"widget\" data-csa-c-content-id=\"productDetailsWithModules_feature_V2\" data-csa-c-slot-id=\"productDetailsWithModules_feature_div\" data-csa-c-is-in-initial-active-row=\"false\" data-csa-c-id=\"bvwbcl-e4wr40-nb8oev-x6i09o\" data-cel-widget=\"productDetailsWithModules_feature_div\"><strong>CONSEIL D&#8217;UTILISATION :<\/strong><\/h2>\n<div class=\"ProductInfo__Tab Tab\" data-scrollable=\"true\" data-component=\"Tabs\" data-boilerplate-active=\"true\">\n<div class=\"Tab__Body Tab__Body--Classic\">\n<div id=\"tabinfo-2\" class=\"Tab__Body__Content fade active\" data-tab-panel=\"true\" aria-hidden=\"false\">\n<div class=\"Tab__Body__Content__Text\">Appliquez le rouge \u00e0 l\u00e8vres directement sur les l\u00e8vres, en commen\u00e7ant par le centre et en allant vers les coins de la bouche.<\/div>\n<\/div>\n<\/div>\n<\/div>\n<div class=\"ProductInfo__Images\"><picture class=\"ProductInfo__Images__Item\" data-type=\"image\"><source class=\"js-lightweight-src\" srcset=\"\/\/images.kikocosmetics.com\/mediaObject\/2019\/prod\/pdp-tris\/1-20\/SmartFusionLipstick_1\/webp-resolutions\/res-400x400\/SmartFusionLipstick_1.webp\" type=\"image\/webp\" data-srcset=\"\/\/images.kikocosmetics.com\/mediaObject\/2019\/prod\/pdp-tris\/1-20\/SmartFusionLipstick_1\/webp-resolutions\/res-400x400\/SmartFusionLipstick_1.webp\" \/><source class=\"js-src\" srcset=\"\/\/images.kikocosmetics.com\/mediaObject\/2019\/prod\/pdp-tris\/1-20\/SmartFusionLipstick_1\/original\/SmartFusionLipstick_1.jpg\" type=\"image\/jpeg\" data-srcset=\"\/\/images.kikocosmetics.com\/mediaObject\/2019\/prod\/pdp-tris\/1-20\/SmartFusionLipstick_1\/original\/SmartFusionLipstick_1.jpg\" \/><\/picture><\/div>\n<h2><strong>COMPOSITION :<\/strong><\/h2>\n<p>DIMETHICONE, SYNTHETIC WAX, OCTYLDODECANOL, MICA, ETHYLENE\/PROPYLENE COPOLYMER, PARFUM (FRAGRANCE), LAUROYL LYSINE POLYHYDROXYSTERIC ACID, PRUNUS AVIUM SEED OIL (PRUNUS AVIUM (SWEET CHERRY) SEED OIL OLEA EUROPEA FRUIT OIL (OLEA EUROPAEA (OLIVE) FRUIT OIL). LINUM USITATISSIMUM SEED OIL (LINUM USITATISSIMUM (LINSEED) SEED OIL), PRUNUS AMYGDALUS DULGIS DIE PRUNUS AMYGDABUS DULCIS (SWEET ALMOND) OIL), DISTEARDIMONIUM HECTORITE, SILICA, BORAGO OFFICINALIS SEEDS OIL TOCOPHEROL +\/- (MAY CONTAIN: CI 77891 (TITANIUM DIOXIDE), CI 8 &#8220;025272 979412 77491- CI 77492- CI 77499 (IRON OXIDES), CI 42090 (BLUE 1 LAKE), CI 15850 (RED 7 LAKE),CI 15985 YELLOW 6 MAKI 2x CI 45410 (RED 28 LAKE).<\/p>","protected":false},"excerpt":{"rendered":"<p><strong>Contenance : 03g<\/strong><\/p>","protected":false},"featured_media":141302,"comment_status":"open","ping_status":"closed","template":"","meta":[],"product_cat":[432,429],"product_tag":[],"berocket_brand":[703],"class_list":{"0":"post-142639","1":"product","2":"type-product","3":"status-publish","4":"has-post-thumbnail","6":"product_cat-levres-maquillage","7":"product_cat-maquillage","8":"berocket_brand-kiko","10":"first","11":"outofstock","12":"shipping-taxable","13":"purchasable","14":"product-type-simple"},"yoast_head":"<!-- This site is optimized with the Yoast SEO plugin v24.8 - https:\/\/yoast.com\/wordpress\/plugins\/seo\/ -->\n<title>Rouge \u00e0 l\u00e8vres mat Charming Escape 04 Dainty Mauve Kiko - Prixgro<\/title>\n<meta name=\"description\" content=\"Rouge \u00e0 l\u00e8vres riche et nourrissant. La texture onctueuse et enveloppante laisse les l\u00e8vres merveilleusement douces et incroyablement douces\" \/>\n<meta name=\"robots\" content=\"index, follow, max-snippet:-1, max-image-preview:large, max-video-preview:-1\" \/>\n<link rel=\"canonical\" href=\"https:\/\/prixgro.com\/ar\/product\/rouge-a-levres-mat-charming-escape-04-dainty-mauve-kiko\/\" \/>\n<meta property=\"og:locale\" content=\"ar_AR\" \/>\n<meta property=\"og:type\" content=\"article\" \/>\n<meta property=\"og:title\" content=\"Rouge \u00e0 l\u00e8vres mat Charming Escape 04 Dainty Mauve Kiko - Prixgro\" \/>\n<meta property=\"og:description\" content=\"Rouge \u00e0 l\u00e8vres riche et nourrissant. La texture onctueuse et enveloppante laisse les l\u00e8vres merveilleusement douces et incroyablement douces\" \/>\n<meta property=\"og:url\" content=\"https:\/\/prixgro.com\/ar\/product\/rouge-a-levres-mat-charming-escape-04-dainty-mauve-kiko\/\" \/>\n<meta property=\"og:site_name\" content=\"Prixgro\" \/>\n<meta property=\"article:publisher\" content=\"https:\/\/www.facebook.com\/Pharmacima\" \/>\n<meta property=\"article:modified_time\" content=\"2024-04-12T16:36:19+00:00\" \/>\n<meta property=\"og:image\" content=\"https:\/\/prixgro.com\/wp-content\/uploads\/2024\/04\/kiko-6.png\" \/>\n\t<meta property=\"og:image:width\" content=\"540\" \/>\n\t<meta property=\"og:image:height\" content=\"540\" \/>\n\t<meta property=\"og:image:type\" content=\"image\/png\" \/>\n<meta name=\"twitter:card\" content=\"summary_large_image\" \/>\n<meta name=\"twitter:label1\" content=\"\u0648\u0642\u062a \u0627\u0644\u0642\u0631\u0627\u0621\u0629 \u0627\u0644\u0645\u064f\u0642\u062f\u0651\u0631\" \/>\n\t<meta name=\"twitter:data1\" content=\"\u062f\u0642\u064a\u0642\u062a\u0627\u0646\" \/>\n<script type=\"application\/ld+json\" class=\"yoast-schema-graph\">{\"@context\":\"https:\/\/schema.org\",\"@graph\":[{\"@type\":\"WebPage\",\"@id\":\"https:\/\/prixgro.com\/product\/rouge-a-levres-mat-charming-escape-04-dainty-mauve-kiko\/\",\"url\":\"https:\/\/prixgro.com\/product\/rouge-a-levres-mat-charming-escape-04-dainty-mauve-kiko\/\",\"name\":\"Rouge \u00e0 l\u00e8vres mat Charming Escape 04 Dainty Mauve Kiko - Prixgro\",\"isPartOf\":{\"@id\":\"https:\/\/prixgro.com\/#website\"},\"primaryImageOfPage\":{\"@id\":\"https:\/\/prixgro.com\/product\/rouge-a-levres-mat-charming-escape-04-dainty-mauve-kiko\/#primaryimage\"},\"image\":{\"@id\":\"https:\/\/prixgro.com\/product\/rouge-a-levres-mat-charming-escape-04-dainty-mauve-kiko\/#primaryimage\"},\"thumbnailUrl\":\"https:\/\/prixgro.com\/wp-content\/uploads\/2024\/04\/kiko-6.png\",\"datePublished\":\"2024-04-09T12:34:35+00:00\",\"dateModified\":\"2024-04-12T16:36:19+00:00\",\"description\":\"Rouge \u00e0 l\u00e8vres riche et nourrissant. La texture onctueuse et enveloppante laisse les l\u00e8vres merveilleusement douces et incroyablement douces\",\"breadcrumb\":{\"@id\":\"https:\/\/prixgro.com\/product\/rouge-a-levres-mat-charming-escape-04-dainty-mauve-kiko\/#breadcrumb\"},\"inLanguage\":\"ar\",\"potentialAction\":[{\"@type\":\"ReadAction\",\"target\":[\"https:\/\/prixgro.com\/product\/rouge-a-levres-mat-charming-escape-04-dainty-mauve-kiko\/\"]}]},{\"@type\":\"ImageObject\",\"inLanguage\":\"ar\",\"@id\":\"https:\/\/prixgro.com\/product\/rouge-a-levres-mat-charming-escape-04-dainty-mauve-kiko\/#primaryimage\",\"url\":\"https:\/\/prixgro.com\/wp-content\/uploads\/2024\/04\/kiko-6.png\",\"contentUrl\":\"https:\/\/prixgro.com\/wp-content\/uploads\/2024\/04\/kiko-6.png\",\"width\":540,\"height\":540},{\"@type\":\"BreadcrumbList\",\"@id\":\"https:\/\/prixgro.com\/product\/rouge-a-levres-mat-charming-escape-04-dainty-mauve-kiko\/#breadcrumb\",\"itemListElement\":[{\"@type\":\"ListItem\",\"position\":1,\"name\":\"Accueil\",\"item\":\"https:\/\/prixgro.com\/\"},{\"@type\":\"ListItem\",\"position\":2,\"name\":\"Boutique en ligne\",\"item\":\"https:\/\/prixgro.com\/shop\/\"},{\"@type\":\"ListItem\",\"position\":3,\"name\":\"Rouge \u00e0 l\u00e8vres mat Charming Escape 04 Dainty Mauve Kiko\"}]},{\"@type\":\"WebSite\",\"@id\":\"https:\/\/prixgro.com\/#website\",\"url\":\"https:\/\/prixgro.com\/\",\"name\":\"Prixgro.com\",\"description\":\"Para Pharmaceutique et Cosm\u00e9tique\",\"publisher\":{\"@id\":\"https:\/\/prixgro.com\/#organization\"},\"potentialAction\":[{\"@type\":\"SearchAction\",\"target\":{\"@type\":\"EntryPoint\",\"urlTemplate\":\"https:\/\/prixgro.com\/?s={search_term_string}\"},\"query-input\":{\"@type\":\"PropertyValueSpecification\",\"valueRequired\":true,\"valueName\":\"search_term_string\"}}],\"inLanguage\":\"ar\"},{\"@type\":\"Organization\",\"@id\":\"https:\/\/prixgro.com\/#organization\",\"name\":\"Prixgro\",\"url\":\"https:\/\/prixgro.com\/\",\"logo\":{\"@type\":\"ImageObject\",\"inLanguage\":\"ar\",\"@id\":\"https:\/\/prixgro.com\/#\/schema\/logo\/image\/\",\"url\":\"https:\/\/prixgro.com\/wp-content\/uploads\/2024\/08\/cropped-Nouveau-projet-2.png\",\"contentUrl\":\"https:\/\/prixgro.com\/wp-content\/uploads\/2024\/08\/cropped-Nouveau-projet-2.png\",\"width\":265,\"height\":62,\"caption\":\"Prixgro\"},\"image\":{\"@id\":\"https:\/\/prixgro.com\/#\/schema\/logo\/image\/\"},\"sameAs\":[\"https:\/\/www.facebook.com\/Pharmacima\"]}]}<\/script>\n<!-- \/ Yoast SEO plugin. -->","yoast_head_json":{"title":"Rouge \u00e0 l\u00e8vres mat Charming Escape 04 Dainty Mauve Kiko - Prixgro","description":"Rouge \u00e0 l\u00e8vres riche et nourrissant. La texture onctueuse et enveloppante laisse les l\u00e8vres merveilleusement douces et incroyablement douces","robots":{"index":"index","follow":"follow","max-snippet":"max-snippet:-1","max-image-preview":"max-image-preview:large","max-video-preview":"max-video-preview:-1"},"canonical":"https:\/\/prixgro.com\/ar\/product\/rouge-a-levres-mat-charming-escape-04-dainty-mauve-kiko\/","og_locale":"ar_AR","og_type":"article","og_title":"Rouge \u00e0 l\u00e8vres mat Charming Escape 04 Dainty Mauve Kiko - Prixgro","og_description":"Rouge \u00e0 l\u00e8vres riche et nourrissant. La texture onctueuse et enveloppante laisse les l\u00e8vres merveilleusement douces et incroyablement douces","og_url":"https:\/\/prixgro.com\/ar\/product\/rouge-a-levres-mat-charming-escape-04-dainty-mauve-kiko\/","og_site_name":"Prixgro","article_publisher":"https:\/\/www.facebook.com\/Pharmacima","article_modified_time":"2024-04-12T16:36:19+00:00","og_image":[{"width":540,"height":540,"url":"https:\/\/prixgro.com\/wp-content\/uploads\/2024\/04\/kiko-6.png","type":"image\/png"}],"twitter_card":"summary_large_image","twitter_misc":{"\u0648\u0642\u062a \u0627\u0644\u0642\u0631\u0627\u0621\u0629 \u0627\u0644\u0645\u064f\u0642\u062f\u0651\u0631":"\u062f\u0642\u064a\u0642\u062a\u0627\u0646"},"schema":{"@context":"https:\/\/schema.org","@graph":[{"@type":"WebPage","@id":"https:\/\/prixgro.com\/product\/rouge-a-levres-mat-charming-escape-04-dainty-mauve-kiko\/","url":"https:\/\/prixgro.com\/product\/rouge-a-levres-mat-charming-escape-04-dainty-mauve-kiko\/","name":"Rouge \u00e0 l\u00e8vres mat Charming Escape 04 Dainty Mauve Kiko - Prixgro","isPartOf":{"@id":"https:\/\/prixgro.com\/#website"},"primaryImageOfPage":{"@id":"https:\/\/prixgro.com\/product\/rouge-a-levres-mat-charming-escape-04-dainty-mauve-kiko\/#primaryimage"},"image":{"@id":"https:\/\/prixgro.com\/product\/rouge-a-levres-mat-charming-escape-04-dainty-mauve-kiko\/#primaryimage"},"thumbnailUrl":"https:\/\/prixgro.com\/wp-content\/uploads\/2024\/04\/kiko-6.png","datePublished":"2024-04-09T12:34:35+00:00","dateModified":"2024-04-12T16:36:19+00:00","description":"Rouge \u00e0 l\u00e8vres riche et nourrissant. La texture onctueuse et enveloppante laisse les l\u00e8vres merveilleusement douces et incroyablement douces","breadcrumb":{"@id":"https:\/\/prixgro.com\/product\/rouge-a-levres-mat-charming-escape-04-dainty-mauve-kiko\/#breadcrumb"},"inLanguage":"ar","potentialAction":[{"@type":"ReadAction","target":["https:\/\/prixgro.com\/product\/rouge-a-levres-mat-charming-escape-04-dainty-mauve-kiko\/"]}]},{"@type":"ImageObject","inLanguage":"ar","@id":"https:\/\/prixgro.com\/product\/rouge-a-levres-mat-charming-escape-04-dainty-mauve-kiko\/#primaryimage","url":"https:\/\/prixgro.com\/wp-content\/uploads\/2024\/04\/kiko-6.png","contentUrl":"https:\/\/prixgro.com\/wp-content\/uploads\/2024\/04\/kiko-6.png","width":540,"height":540},{"@type":"BreadcrumbList","@id":"https:\/\/prixgro.com\/product\/rouge-a-levres-mat-charming-escape-04-dainty-mauve-kiko\/#breadcrumb","itemListElement":[{"@type":"ListItem","position":1,"name":"Accueil","item":"https:\/\/prixgro.com\/"},{"@type":"ListItem","position":2,"name":"Boutique en ligne","item":"https:\/\/prixgro.com\/shop\/"},{"@type":"ListItem","position":3,"name":"Rouge \u00e0 l\u00e8vres mat Charming Escape 04 Dainty Mauve Kiko"}]},{"@type":"WebSite","@id":"https:\/\/prixgro.com\/#website","url":"https:\/\/prixgro.com\/","name":"Prixgro.com","description":"Para Pharmaceutique et Cosm\u00e9tique","publisher":{"@id":"https:\/\/prixgro.com\/#organization"},"potentialAction":[{"@type":"SearchAction","target":{"@type":"EntryPoint","urlTemplate":"https:\/\/prixgro.com\/?s={search_term_string}"},"query-input":{"@type":"PropertyValueSpecification","valueRequired":true,"valueName":"search_term_string"}}],"inLanguage":"ar"},{"@type":"Organization","@id":"https:\/\/prixgro.com\/#organization","name":"Prixgro","url":"https:\/\/prixgro.com\/","logo":{"@type":"ImageObject","inLanguage":"ar","@id":"https:\/\/prixgro.com\/#\/schema\/logo\/image\/","url":"https:\/\/prixgro.com\/wp-content\/uploads\/2024\/08\/cropped-Nouveau-projet-2.png","contentUrl":"https:\/\/prixgro.com\/wp-content\/uploads\/2024\/08\/cropped-Nouveau-projet-2.png","width":265,"height":62,"caption":"Prixgro"},"image":{"@id":"https:\/\/prixgro.com\/#\/schema\/logo\/image\/"},"sameAs":["https:\/\/www.facebook.com\/Pharmacima"]}]}},"_links":{"self":[{"href":"https:\/\/prixgro.com\/ar\/wp-json\/wp\/v2\/product\/142639","targetHints":{"allow":["GET"]}}],"collection":[{"href":"https:\/\/prixgro.com\/ar\/wp-json\/wp\/v2\/product"}],"about":[{"href":"https:\/\/prixgro.com\/ar\/wp-json\/wp\/v2\/types\/product"}],"replies":[{"embeddable":true,"href":"https:\/\/prixgro.com\/ar\/wp-json\/wp\/v2\/comments?post=142639"}],"wp:featuredmedia":[{"embeddable":true,"href":"https:\/\/prixgro.com\/ar\/wp-json\/wp\/v2\/media\/141302"}],"wp:attachment":[{"href":"https:\/\/prixgro.com\/ar\/wp-json\/wp\/v2\/media?parent=142639"}],"wp:term":[{"taxonomy":"product_cat","embeddable":true,"href":"https:\/\/prixgro.com\/ar\/wp-json\/wp\/v2\/product_cat?post=142639"},{"taxonomy":"product_tag","embeddable":true,"href":"https:\/\/prixgro.com\/ar\/wp-json\/wp\/v2\/product_tag?post=142639"},{"taxonomy":"berocket_brand","embeddable":true,"href":"https:\/\/prixgro.com\/ar\/wp-json\/wp\/v2\/berocket_brand?post=142639"}],"curies":[{"name":"wp","href":"https:\/\/api.w.org\/{rel}","templated":true}]}}