{"id":142869,"date":"2024-08-26T17:06:03","date_gmt":"2024-08-26T15:06:03","guid":{"rendered":"https:\/\/prixgro.com\/?post_type=product&#038;p=142869"},"modified":"2024-09-20T00:37:14","modified_gmt":"2024-09-19T22:37:14","slug":"primer-mascara-lash-love-primer-nocibe","status":"publish","type":"product","link":"https:\/\/prixgro.com\/ar\/product\/primer-mascara-lash-love-primer-nocibe\/","title":{"rendered":"Primer Mascara Lash Love Primer Nocibe"},"content":{"rendered":"<h2><strong>DESCRIPTION<\/strong>\u00a0:<\/h2>\n<p><strong>Blanc<\/strong><\/p>\n<p>Prenez soin de vos cils !<\/p>\n<p>Compl\u00e9tez votre routine mascara en utilisant notre nouveau soin pour les cils : le LASH LOVE PRIMER ; le nouvel atout beaut\u00e9 qui donne instantan\u00e9ment du volume aux cils avant m\u00eame d\u2019appliquer un mascara.<\/p>\n<p>Ce mascara primer vous donnera +31% de longueur et +14% de volume par rapport \u00e0 l\u2019utilisation du mascara seul. Il prolonge \u00e9galement la tenue de votre mascara. * R\u00e9sultats obtenus par le score d\u2019un \u00e9valuateur form\u00e9.<br \/>\nLa formule cr\u00e9meuse et confortable est enrichie de puissants ingr\u00e9dients actifs de soin pour renforcer, prot\u00e9ger et nourrir vos cils. Riche en cires naturelles et en huile d\u2019argent, elle hydratera vos cils tout en les multipliant, vous donnant un regard intense. Le puissant s\u00e9rum d\u2019ingr\u00e9dients actifs de la formule soul\u00e8vera et redensifiera vos cils avec une nutrition in\u00e9gal\u00e9e !<\/p>\n<div class=\"prdct__details-benefits\">\n<h3 class=\"prdct__details-title\"><strong>B\u00e9n\u00e9fice produit<\/strong><\/h3>\n<p>Des cils instantan\u00e9ment plus fournis et plus volumineux<br \/>\nStimule la croissance des cils<br \/>\nIngr\u00e9dients clean et naturels<br \/>\nIngr\u00e9dients actifs<\/p>\n<h2><strong>CONSEIL D\u2019UTILISATION :<\/strong><\/h2>\n<p>Appliquez le LASH LOVE PRIMER directement sur les cils nus, en les enrobant de la racine \u00e0 la pointe pour booster le volume et la longueur des cils.<br \/>\nAppliquez votre mascara pr\u00e9f\u00e9r\u00e9 par-dessus le LASH LOVE PRIMER pendant que celui-ci est encore humide.<\/p>\n<h2><strong>COMPOSITION :<\/strong><\/h2>\n<div class=\"prdct__content go-back\">\n<div id=\"prdct-details\" class=\"prdct__details\">\n<div class=\"prdct__details-wrap\">\n<div id=\"ingredients\" class=\"prdct__details-content\">\n<p>WATER (AQUA), MYRICA CERIFERA (BAYBERRY) FRUIT WAX, SYNTHETIC FLUORPHLOGOPITE, GLYCERYL STEARATE, POTASSIUM CETYL PHOSPHATE, ACACIA SENEGAL GUM [ACACIA SENEGAL], COPERNICIA CERIFERA (CARNAUBA) WAX [CERA CARNAUBA], AVENA SATIVA (OAT) BRAN [AVENA SATIVA BRAN], BUTYLENE GLYCOL, DIMER DILINOLEYL DIMER DILINOLEATE, MORINGA OIL\/HYDROGENATED MORINGA OIL ESTERS, ARGANIA SPINOSA KERNEL OIL, CETYL ALCOHOL, CAPRYLYL GLYCOL, ETHYLENE BRASSYLATE, PHENETHYL ALCOHOL, PROPYLENE GLYCOL, SODIUM BENZOATE, ETHYLHEXYLGLYCERIN, TOCOPHEROL, ASCORBYL PALMITATE, CAMELLIA SINENSIS LEAF EXTRACT [CAMELIA SINENSIS EXTRACT], PENTYLENE GLYCOL, SODIUM HYDROXIDE, ROSA CENTIFOLIA FLOWER WAX, ROSA DAMASCENA FLOWER WAX, MALVA SYLVESTRIS (MALLOW) FLOWER\/LEAF\/STEM EXTRACT, PLANKTON EXTRACT, POTASSIUM SORBATE, TITANIUM DIOXIDE CI 77891<\/p>\n<\/div>\n<\/div>\n<\/div>\n<\/div>\n<\/div>","protected":false},"excerpt":{"rendered":"<p><strong>Contenance : 8ml<\/strong><\/p>","protected":false},"featured_media":142870,"comment_status":"open","ping_status":"closed","template":"","meta":[],"product_cat":[432,429],"product_tag":[],"berocket_brand":[722],"class_list":{"0":"post-142869","1":"product","2":"type-product","3":"status-publish","4":"has-post-thumbnail","6":"product_cat-levres-maquillage","7":"product_cat-maquillage","8":"berocket_brand-nocibe","10":"first","11":"instock","12":"shipping-taxable","13":"purchasable","14":"product-type-simple"},"yoast_head":"<!-- This site is optimized with the Yoast SEO plugin v24.8 - https:\/\/yoast.com\/wordpress\/plugins\/seo\/ -->\n<title>Primer Mascara Lash Love Primer Nocibe - Prixgro<\/title>\n<meta name=\"description\" content=\"Compl\u00e9tez votre routine mascara en utilisant notre nouveau soin pour les cils : le LASH LOVE PRIMER ; le nouvel atout beaut\u00e9 qui donne instantan\u00e9ment du...\" \/>\n<meta name=\"robots\" content=\"index, follow, max-snippet:-1, max-image-preview:large, max-video-preview:-1\" \/>\n<link rel=\"canonical\" href=\"https:\/\/prixgro.com\/ar\/product\/primer-mascara-lash-love-primer-nocibe\/\" \/>\n<meta property=\"og:locale\" content=\"ar_AR\" \/>\n<meta property=\"og:type\" content=\"article\" \/>\n<meta property=\"og:title\" content=\"Primer Mascara Lash Love Primer Nocibe - Prixgro\" \/>\n<meta property=\"og:description\" content=\"Compl\u00e9tez votre routine mascara en utilisant notre nouveau soin pour les cils : le LASH LOVE PRIMER ; le nouvel atout beaut\u00e9 qui donne instantan\u00e9ment du...\" \/>\n<meta property=\"og:url\" content=\"https:\/\/prixgro.com\/ar\/product\/primer-mascara-lash-love-primer-nocibe\/\" \/>\n<meta property=\"og:site_name\" content=\"Prixgro\" \/>\n<meta property=\"article:publisher\" content=\"https:\/\/www.facebook.com\/Pharmacima\" \/>\n<meta property=\"article:modified_time\" content=\"2024-09-19T22:37:14+00:00\" \/>\n<meta property=\"og:image\" content=\"https:\/\/prixgro.com\/wp-content\/uploads\/2024\/08\/primer-.png\" \/>\n\t<meta property=\"og:image:width\" content=\"540\" \/>\n\t<meta property=\"og:image:height\" content=\"540\" \/>\n\t<meta property=\"og:image:type\" content=\"image\/png\" \/>\n<meta name=\"twitter:card\" content=\"summary_large_image\" \/>\n<meta name=\"twitter:label1\" content=\"\u0648\u0642\u062a \u0627\u0644\u0642\u0631\u0627\u0621\u0629 \u0627\u0644\u0645\u064f\u0642\u062f\u0651\u0631\" \/>\n\t<meta name=\"twitter:data1\" content=\"\u062f\u0642\u064a\u0642\u062a\u0627\u0646\" \/>\n<script type=\"application\/ld+json\" class=\"yoast-schema-graph\">{\"@context\":\"https:\/\/schema.org\",\"@graph\":[{\"@type\":\"WebPage\",\"@id\":\"https:\/\/prixgro.com\/product\/primer-mascara-lash-love-primer-nocibe\/\",\"url\":\"https:\/\/prixgro.com\/product\/primer-mascara-lash-love-primer-nocibe\/\",\"name\":\"Primer Mascara Lash Love Primer Nocibe - Prixgro\",\"isPartOf\":{\"@id\":\"https:\/\/prixgro.com\/#website\"},\"primaryImageOfPage\":{\"@id\":\"https:\/\/prixgro.com\/product\/primer-mascara-lash-love-primer-nocibe\/#primaryimage\"},\"image\":{\"@id\":\"https:\/\/prixgro.com\/product\/primer-mascara-lash-love-primer-nocibe\/#primaryimage\"},\"thumbnailUrl\":\"https:\/\/prixgro.com\/wp-content\/uploads\/2024\/08\/primer-.png\",\"datePublished\":\"2024-08-26T15:06:03+00:00\",\"dateModified\":\"2024-09-19T22:37:14+00:00\",\"description\":\"Compl\u00e9tez votre routine mascara en utilisant notre nouveau soin pour les cils : le LASH LOVE PRIMER ; le nouvel atout beaut\u00e9 qui donne instantan\u00e9ment du...\",\"breadcrumb\":{\"@id\":\"https:\/\/prixgro.com\/product\/primer-mascara-lash-love-primer-nocibe\/#breadcrumb\"},\"inLanguage\":\"ar\",\"potentialAction\":[{\"@type\":\"ReadAction\",\"target\":[\"https:\/\/prixgro.com\/product\/primer-mascara-lash-love-primer-nocibe\/\"]}]},{\"@type\":\"ImageObject\",\"inLanguage\":\"ar\",\"@id\":\"https:\/\/prixgro.com\/product\/primer-mascara-lash-love-primer-nocibe\/#primaryimage\",\"url\":\"https:\/\/prixgro.com\/wp-content\/uploads\/2024\/08\/primer-.png\",\"contentUrl\":\"https:\/\/prixgro.com\/wp-content\/uploads\/2024\/08\/primer-.png\",\"width\":540,\"height\":540},{\"@type\":\"BreadcrumbList\",\"@id\":\"https:\/\/prixgro.com\/product\/primer-mascara-lash-love-primer-nocibe\/#breadcrumb\",\"itemListElement\":[{\"@type\":\"ListItem\",\"position\":1,\"name\":\"Accueil\",\"item\":\"https:\/\/prixgro.com\/\"},{\"@type\":\"ListItem\",\"position\":2,\"name\":\"Boutique en ligne\",\"item\":\"https:\/\/prixgro.com\/shop\/\"},{\"@type\":\"ListItem\",\"position\":3,\"name\":\"Primer Mascara Lash Love Primer Nocibe\"}]},{\"@type\":\"WebSite\",\"@id\":\"https:\/\/prixgro.com\/#website\",\"url\":\"https:\/\/prixgro.com\/\",\"name\":\"Prixgro.com\",\"description\":\"Para Pharmaceutique et Cosm\u00e9tique\",\"publisher\":{\"@id\":\"https:\/\/prixgro.com\/#organization\"},\"potentialAction\":[{\"@type\":\"SearchAction\",\"target\":{\"@type\":\"EntryPoint\",\"urlTemplate\":\"https:\/\/prixgro.com\/?s={search_term_string}\"},\"query-input\":{\"@type\":\"PropertyValueSpecification\",\"valueRequired\":true,\"valueName\":\"search_term_string\"}}],\"inLanguage\":\"ar\"},{\"@type\":\"Organization\",\"@id\":\"https:\/\/prixgro.com\/#organization\",\"name\":\"Prixgro\",\"url\":\"https:\/\/prixgro.com\/\",\"logo\":{\"@type\":\"ImageObject\",\"inLanguage\":\"ar\",\"@id\":\"https:\/\/prixgro.com\/#\/schema\/logo\/image\/\",\"url\":\"https:\/\/prixgro.com\/wp-content\/uploads\/2024\/08\/cropped-Nouveau-projet-2.png\",\"contentUrl\":\"https:\/\/prixgro.com\/wp-content\/uploads\/2024\/08\/cropped-Nouveau-projet-2.png\",\"width\":265,\"height\":62,\"caption\":\"Prixgro\"},\"image\":{\"@id\":\"https:\/\/prixgro.com\/#\/schema\/logo\/image\/\"},\"sameAs\":[\"https:\/\/www.facebook.com\/Pharmacima\"]}]}<\/script>\n<!-- \/ Yoast SEO plugin. -->","yoast_head_json":{"title":"Primer Mascara Lash Love Primer Nocibe - Prixgro","description":"Compl\u00e9tez votre routine mascara en utilisant notre nouveau soin pour les cils : le LASH LOVE PRIMER ; le nouvel atout beaut\u00e9 qui donne instantan\u00e9ment du...","robots":{"index":"index","follow":"follow","max-snippet":"max-snippet:-1","max-image-preview":"max-image-preview:large","max-video-preview":"max-video-preview:-1"},"canonical":"https:\/\/prixgro.com\/ar\/product\/primer-mascara-lash-love-primer-nocibe\/","og_locale":"ar_AR","og_type":"article","og_title":"Primer Mascara Lash Love Primer Nocibe - Prixgro","og_description":"Compl\u00e9tez votre routine mascara en utilisant notre nouveau soin pour les cils : le LASH LOVE PRIMER ; le nouvel atout beaut\u00e9 qui donne instantan\u00e9ment du...","og_url":"https:\/\/prixgro.com\/ar\/product\/primer-mascara-lash-love-primer-nocibe\/","og_site_name":"Prixgro","article_publisher":"https:\/\/www.facebook.com\/Pharmacima","article_modified_time":"2024-09-19T22:37:14+00:00","og_image":[{"width":540,"height":540,"url":"https:\/\/prixgro.com\/wp-content\/uploads\/2024\/08\/primer-.png","type":"image\/png"}],"twitter_card":"summary_large_image","twitter_misc":{"\u0648\u0642\u062a \u0627\u0644\u0642\u0631\u0627\u0621\u0629 \u0627\u0644\u0645\u064f\u0642\u062f\u0651\u0631":"\u062f\u0642\u064a\u0642\u062a\u0627\u0646"},"schema":{"@context":"https:\/\/schema.org","@graph":[{"@type":"WebPage","@id":"https:\/\/prixgro.com\/product\/primer-mascara-lash-love-primer-nocibe\/","url":"https:\/\/prixgro.com\/product\/primer-mascara-lash-love-primer-nocibe\/","name":"Primer Mascara Lash Love Primer Nocibe - Prixgro","isPartOf":{"@id":"https:\/\/prixgro.com\/#website"},"primaryImageOfPage":{"@id":"https:\/\/prixgro.com\/product\/primer-mascara-lash-love-primer-nocibe\/#primaryimage"},"image":{"@id":"https:\/\/prixgro.com\/product\/primer-mascara-lash-love-primer-nocibe\/#primaryimage"},"thumbnailUrl":"https:\/\/prixgro.com\/wp-content\/uploads\/2024\/08\/primer-.png","datePublished":"2024-08-26T15:06:03+00:00","dateModified":"2024-09-19T22:37:14+00:00","description":"Compl\u00e9tez votre routine mascara en utilisant notre nouveau soin pour les cils : le LASH LOVE PRIMER ; le nouvel atout beaut\u00e9 qui donne instantan\u00e9ment du...","breadcrumb":{"@id":"https:\/\/prixgro.com\/product\/primer-mascara-lash-love-primer-nocibe\/#breadcrumb"},"inLanguage":"ar","potentialAction":[{"@type":"ReadAction","target":["https:\/\/prixgro.com\/product\/primer-mascara-lash-love-primer-nocibe\/"]}]},{"@type":"ImageObject","inLanguage":"ar","@id":"https:\/\/prixgro.com\/product\/primer-mascara-lash-love-primer-nocibe\/#primaryimage","url":"https:\/\/prixgro.com\/wp-content\/uploads\/2024\/08\/primer-.png","contentUrl":"https:\/\/prixgro.com\/wp-content\/uploads\/2024\/08\/primer-.png","width":540,"height":540},{"@type":"BreadcrumbList","@id":"https:\/\/prixgro.com\/product\/primer-mascara-lash-love-primer-nocibe\/#breadcrumb","itemListElement":[{"@type":"ListItem","position":1,"name":"Accueil","item":"https:\/\/prixgro.com\/"},{"@type":"ListItem","position":2,"name":"Boutique en ligne","item":"https:\/\/prixgro.com\/shop\/"},{"@type":"ListItem","position":3,"name":"Primer Mascara Lash Love Primer Nocibe"}]},{"@type":"WebSite","@id":"https:\/\/prixgro.com\/#website","url":"https:\/\/prixgro.com\/","name":"Prixgro.com","description":"Para Pharmaceutique et Cosm\u00e9tique","publisher":{"@id":"https:\/\/prixgro.com\/#organization"},"potentialAction":[{"@type":"SearchAction","target":{"@type":"EntryPoint","urlTemplate":"https:\/\/prixgro.com\/?s={search_term_string}"},"query-input":{"@type":"PropertyValueSpecification","valueRequired":true,"valueName":"search_term_string"}}],"inLanguage":"ar"},{"@type":"Organization","@id":"https:\/\/prixgro.com\/#organization","name":"Prixgro","url":"https:\/\/prixgro.com\/","logo":{"@type":"ImageObject","inLanguage":"ar","@id":"https:\/\/prixgro.com\/#\/schema\/logo\/image\/","url":"https:\/\/prixgro.com\/wp-content\/uploads\/2024\/08\/cropped-Nouveau-projet-2.png","contentUrl":"https:\/\/prixgro.com\/wp-content\/uploads\/2024\/08\/cropped-Nouveau-projet-2.png","width":265,"height":62,"caption":"Prixgro"},"image":{"@id":"https:\/\/prixgro.com\/#\/schema\/logo\/image\/"},"sameAs":["https:\/\/www.facebook.com\/Pharmacima"]}]}},"_links":{"self":[{"href":"https:\/\/prixgro.com\/ar\/wp-json\/wp\/v2\/product\/142869","targetHints":{"allow":["GET"]}}],"collection":[{"href":"https:\/\/prixgro.com\/ar\/wp-json\/wp\/v2\/product"}],"about":[{"href":"https:\/\/prixgro.com\/ar\/wp-json\/wp\/v2\/types\/product"}],"replies":[{"embeddable":true,"href":"https:\/\/prixgro.com\/ar\/wp-json\/wp\/v2\/comments?post=142869"}],"wp:featuredmedia":[{"embeddable":true,"href":"https:\/\/prixgro.com\/ar\/wp-json\/wp\/v2\/media\/142870"}],"wp:attachment":[{"href":"https:\/\/prixgro.com\/ar\/wp-json\/wp\/v2\/media?parent=142869"}],"wp:term":[{"taxonomy":"product_cat","embeddable":true,"href":"https:\/\/prixgro.com\/ar\/wp-json\/wp\/v2\/product_cat?post=142869"},{"taxonomy":"product_tag","embeddable":true,"href":"https:\/\/prixgro.com\/ar\/wp-json\/wp\/v2\/product_tag?post=142869"},{"taxonomy":"berocket_brand","embeddable":true,"href":"https:\/\/prixgro.com\/ar\/wp-json\/wp\/v2\/berocket_brand?post=142869"}],"curies":[{"name":"wp","href":"https:\/\/api.w.org\/{rel}","templated":true}]}}